{"id":19679,"date":"2024-12-11T16:54:58","date_gmt":"2024-12-11T14:54:58","guid":{"rendered":"https:\/\/www.urbanspot.si\/?post_type=product&#038;p=19679"},"modified":"2026-03-19T16:03:18","modified_gmt":"2026-03-19T14:03:18","slug":"urbie-tech-set-zastitnih-folija-za-ekran-za-samsung-galaxy-s24-ultra","status":"publish","type":"product","link":"https:\/\/www.urbanspot.si\/hr\/produkt\/set-zascitnih-stekel-urbie-tech-samsung-galaxy-s24-ultra\/","title":{"rendered":"Urbie Tech set za\u0161titnih stakala za Samsung Galaxy S24 Ultra"},"content":{"rendered":"<p><strong>\u00a0 \u00a0Urbie Tech Set<\/strong>, posebno dizajniran, nudi va\u0161em pametnom telefonu svu potrebnu za\u0161titu koja nije uklju\u010dena u paket:<\/p>\n<ul>\n<li>Visokokvalitetno za\u0161titno staklo<\/li>\n<li>2.5D obrada rubova nanostrukturiranog stakla<\/li>\n<li>Jednostavna instalacija.<\/li>\n<li>Tijekom ugradnje ne stvaraju se mjehuri\u0107i ispod stakla.<\/li>\n<li>Tvrdo\u0107a: 9H<\/li>\n<li>Debljina stakla: 0,9 mm<\/li>\n<li>Staklo prekriva cijeli ekran<\/li>\n<li>Premaz protiv masno\u0107e \u2013 manje otisaka prstiju i drugih mrlja<\/li>\n<li>Dimenzije: 158x73mm<\/li>\n<li>Paket uklju\u010duje: 1x za\u0161titno staklo 1x krpa za \u010di\u0161\u0107enje od mikrovlakana 1x alkoholna maramica za prethodno \u010di\u0161\u0107enje<\/li>\n<\/ul>\n<p>Za\u0161titno staklo za kameru<\/p>\n<ul>\n<li>Tvrdo\u0107a: 9H<\/li>\n<li>Visokokvalitetno kaljeno za\u0161titno staklo<\/li>\n<li>Jednostavna instalacija<\/li>\n<li><\/li>\n<\/ul>\n<p>Set sadr\u017ei:<\/p>\n<ul>\n<li>2x Tech Protect za\u0161titna folija za ekran<\/li>\n<li>1x Tech Protect za\u0161titno staklo za kameru<\/li>\n<li>1x set za ugradnju stakla<\/li>\n<\/ul>","protected":false},"excerpt":{"rendered":"<p>Set za\u0161titnog stakla za Samsung Galaxy S24 Ultra, set dodatne opreme za za\u0161titu va\u0161eg telefona. Set sadr\u017ei 2x za\u0161titno staklo za ekran i 1x za\u0161titno staklo za kameru.<\/p>","protected":false},"featured_media":19680,"comment_status":"open","ping_status":"closed","template":"","meta":[],"product_brand":[],"product_cat":[493,91,88,89,559,561],"product_tag":[],"class_list":{"0":"post-19679","1":"product","2":"type-product","3":"status-publish","4":"has-post-thumbnail","6":"product_cat-galaxy-s24-ultra","7":"product_cat-razprodaja","8":"product_cat-samsung","9":"product_cat-samsung-s-serija","10":"product_cat-zascitna-stekla","11":"product_cat-zascitna-stekla-za-kamero","12":"pa_primerno-za-model-samsung-galaxy-s24-ultra","14":"first","15":"instock","16":"sale","17":"taxable","18":"shipping-taxable","19":"purchasable","20":"product-type-simple"},"yoast_head":"<!-- This site is optimized with the Yoast SEO plugin v27.4 - https:\/\/yoast.com\/product\/yoast-seo-wordpress\/ -->\n<title>Set za\u0161\u010ditnih stekel Urbie Tech, Samsung Galaxy S24 Ultra -<\/title>\n<meta name=\"robots\" content=\"index, follow, max-snippet:-1, max-image-preview:large, max-video-preview:-1\" \/>\n<link rel=\"canonical\" href=\"https:\/\/www.urbanspot.si\/hr\/proizvod-2\/urbie-tech-set-zastitnih-folija-za-ekran-za-samsung-galaxy-s24-ultra\/\" \/>\n<meta property=\"og:locale\" content=\"hr_HR\" \/>\n<meta property=\"og:type\" content=\"article\" \/>\n<meta property=\"og:title\" content=\"Set za\u0161\u010ditnih stekel Urbie Tech, Samsung Galaxy S24 Ultra -\" \/>\n<meta property=\"og:description\" content=\"Set za\u0161\u010ditnih stekel za Samsung Galaxy S24 Ultra, komplet dodatne opreme za za\u0161\u010dito va\u0161ega telefona. Set vsebuje 2x za\u0161\u010ditno steklo za zaslon in 1x za\u0161\u010ditno steklo za kamero.\" \/>\n<meta property=\"og:url\" content=\"https:\/\/www.urbanspot.si\/hr\/proizvod-2\/urbie-tech-set-zastitnih-folija-za-ekran-za-samsung-galaxy-s24-ultra\/\" \/>\n<meta property=\"article:publisher\" content=\"https:\/\/www.facebook.com\/urbanspot.si\" \/>\n<meta property=\"article:modified_time\" content=\"2026-03-19T14:03:18+00:00\" \/>\n<meta property=\"og:image\" content=\"https:\/\/www.urbanspot.si\/wp-content\/uploads\/steklo-s24-ultra-komplet.jpg\" \/>\n\t<meta property=\"og:image:width\" content=\"631\" \/>\n\t<meta property=\"og:image:height\" content=\"920\" \/>\n\t<meta property=\"og:image:type\" content=\"image\/jpeg\" \/>\n<meta name=\"twitter:card\" content=\"summary_large_image\" \/>\n<meta name=\"twitter:label1\" content=\"Procijenjeno vrijeme \u010ditanja\" \/>\n\t<meta name=\"twitter:data1\" content=\"1 minuta\" \/>\n<script type=\"application\/ld+json\" class=\"yoast-schema-graph\">{\"@context\":\"https:\\\/\\\/schema.org\",\"@graph\":[{\"@type\":\"WebPage\",\"@id\":\"https:\\\/\\\/www.urbanspot.si\\\/produkt\\\/set-zascitnih-stekel-urbie-tech-samsung-galaxy-s24-ultra\\\/\",\"url\":\"https:\\\/\\\/www.urbanspot.si\\\/produkt\\\/set-zascitnih-stekel-urbie-tech-samsung-galaxy-s24-ultra\\\/\",\"name\":\"Set za\u0161\u010ditnih stekel Urbie Tech, Samsung Galaxy S24 Ultra -\",\"isPartOf\":{\"@id\":\"https:\\\/\\\/www.urbanspot.si\\\/#website\"},\"primaryImageOfPage\":{\"@id\":\"https:\\\/\\\/www.urbanspot.si\\\/produkt\\\/set-zascitnih-stekel-urbie-tech-samsung-galaxy-s24-ultra\\\/#primaryimage\"},\"image\":{\"@id\":\"https:\\\/\\\/www.urbanspot.si\\\/produkt\\\/set-zascitnih-stekel-urbie-tech-samsung-galaxy-s24-ultra\\\/#primaryimage\"},\"thumbnailUrl\":\"https:\\\/\\\/www.urbanspot.si\\\/wp-content\\\/uploads\\\/steklo-s24-ultra-komplet.jpg\",\"datePublished\":\"2024-12-11T14:54:58+00:00\",\"dateModified\":\"2026-03-19T14:03:18+00:00\",\"breadcrumb\":{\"@id\":\"https:\\\/\\\/www.urbanspot.si\\\/produkt\\\/set-zascitnih-stekel-urbie-tech-samsung-galaxy-s24-ultra\\\/#breadcrumb\"},\"inLanguage\":\"hr\",\"potentialAction\":[{\"@type\":\"ReadAction\",\"target\":[\"https:\\\/\\\/www.urbanspot.si\\\/produkt\\\/set-zascitnih-stekel-urbie-tech-samsung-galaxy-s24-ultra\\\/\"]}]},{\"@type\":\"ImageObject\",\"inLanguage\":\"hr\",\"@id\":\"https:\\\/\\\/www.urbanspot.si\\\/produkt\\\/set-zascitnih-stekel-urbie-tech-samsung-galaxy-s24-ultra\\\/#primaryimage\",\"url\":\"https:\\\/\\\/www.urbanspot.si\\\/wp-content\\\/uploads\\\/steklo-s24-ultra-komplet.jpg\",\"contentUrl\":\"https:\\\/\\\/www.urbanspot.si\\\/wp-content\\\/uploads\\\/steklo-s24-ultra-komplet.jpg\",\"width\":631,\"height\":920},{\"@type\":\"BreadcrumbList\",\"@id\":\"https:\\\/\\\/www.urbanspot.si\\\/produkt\\\/set-zascitnih-stekel-urbie-tech-samsung-galaxy-s24-ultra\\\/#breadcrumb\",\"itemListElement\":[{\"@type\":\"ListItem\",\"position\":1,\"name\":\"Home\",\"item\":\"https:\\\/\\\/www.urbanspot.si\\\/\"},{\"@type\":\"ListItem\",\"position\":2,\"name\":\"Shop\",\"item\":\"https:\\\/\\\/www.urbanspot.si\\\/shop\\\/\"},{\"@type\":\"ListItem\",\"position\":3,\"name\":\"Set za\u0161\u010ditnih stekel Urbie Tech, Samsung Galaxy S24 Ultra\"}]},{\"@type\":\"WebSite\",\"@id\":\"https:\\\/\\\/www.urbanspot.si\\\/#website\",\"url\":\"https:\\\/\\\/www.urbanspot.si\\\/\",\"name\":\"UrbanSpot\",\"description\":\"\",\"publisher\":{\"@id\":\"https:\\\/\\\/www.urbanspot.si\\\/#organization\"},\"potentialAction\":[{\"@type\":\"SearchAction\",\"target\":{\"@type\":\"EntryPoint\",\"urlTemplate\":\"https:\\\/\\\/www.urbanspot.si\\\/?s={search_term_string}\"},\"query-input\":{\"@type\":\"PropertyValueSpecification\",\"valueRequired\":true,\"valueName\":\"search_term_string\"}}],\"inLanguage\":\"hr\"},{\"@type\":\"Organization\",\"@id\":\"https:\\\/\\\/www.urbanspot.si\\\/#organization\",\"name\":\"UrbanSpot\",\"url\":\"https:\\\/\\\/www.urbanspot.si\\\/\",\"logo\":{\"@type\":\"ImageObject\",\"inLanguage\":\"hr\",\"@id\":\"https:\\\/\\\/www.urbanspot.si\\\/#\\\/schema\\\/logo\\\/image\\\/\",\"url\":\"https:\\\/\\\/www.urbanspot.si\\\/wp-content\\\/uploads\\\/urbanspot-logo.svg\",\"contentUrl\":\"https:\\\/\\\/www.urbanspot.si\\\/wp-content\\\/uploads\\\/urbanspot-logo.svg\",\"width\":185,\"height\":40,\"caption\":\"UrbanSpot\"},\"image\":{\"@id\":\"https:\\\/\\\/www.urbanspot.si\\\/#\\\/schema\\\/logo\\\/image\\\/\"},\"sameAs\":[\"https:\\\/\\\/www.facebook.com\\\/urbanspot.si\"]}]}<\/script>\n<!-- \/ Yoast SEO plugin. -->","yoast_head_json":{"title":"Set za\u0161\u010ditnih stekel Urbie Tech, Samsung Galaxy S24 Ultra -","robots":{"index":"index","follow":"follow","max-snippet":"max-snippet:-1","max-image-preview":"max-image-preview:large","max-video-preview":"max-video-preview:-1"},"canonical":"https:\/\/www.urbanspot.si\/hr\/proizvod-2\/urbie-tech-set-zastitnih-folija-za-ekran-za-samsung-galaxy-s24-ultra\/","og_locale":"hr_HR","og_type":"article","og_title":"Set za\u0161\u010ditnih stekel Urbie Tech, Samsung Galaxy S24 Ultra -","og_description":"Set za\u0161\u010ditnih stekel za Samsung Galaxy S24 Ultra, komplet dodatne opreme za za\u0161\u010dito va\u0161ega telefona. Set vsebuje 2x za\u0161\u010ditno steklo za zaslon in 1x za\u0161\u010ditno steklo za kamero.","og_url":"https:\/\/www.urbanspot.si\/hr\/proizvod-2\/urbie-tech-set-zastitnih-folija-za-ekran-za-samsung-galaxy-s24-ultra\/","article_publisher":"https:\/\/www.facebook.com\/urbanspot.si","article_modified_time":"2026-03-19T14:03:18+00:00","og_image":[{"width":631,"height":920,"url":"https:\/\/www.urbanspot.si\/wp-content\/uploads\/steklo-s24-ultra-komplet.jpg","type":"image\/jpeg"}],"twitter_card":"summary_large_image","twitter_misc":{"Procijenjeno vrijeme \u010ditanja":"1 minuta"},"schema":{"@context":"https:\/\/schema.org","@graph":[{"@type":"WebPage","@id":"https:\/\/www.urbanspot.si\/produkt\/set-zascitnih-stekel-urbie-tech-samsung-galaxy-s24-ultra\/","url":"https:\/\/www.urbanspot.si\/produkt\/set-zascitnih-stekel-urbie-tech-samsung-galaxy-s24-ultra\/","name":"Set za\u0161\u010ditnih stekel Urbie Tech, Samsung Galaxy S24 Ultra -","isPartOf":{"@id":"https:\/\/www.urbanspot.si\/#website"},"primaryImageOfPage":{"@id":"https:\/\/www.urbanspot.si\/produkt\/set-zascitnih-stekel-urbie-tech-samsung-galaxy-s24-ultra\/#primaryimage"},"image":{"@id":"https:\/\/www.urbanspot.si\/produkt\/set-zascitnih-stekel-urbie-tech-samsung-galaxy-s24-ultra\/#primaryimage"},"thumbnailUrl":"https:\/\/www.urbanspot.si\/wp-content\/uploads\/steklo-s24-ultra-komplet.jpg","datePublished":"2024-12-11T14:54:58+00:00","dateModified":"2026-03-19T14:03:18+00:00","breadcrumb":{"@id":"https:\/\/www.urbanspot.si\/produkt\/set-zascitnih-stekel-urbie-tech-samsung-galaxy-s24-ultra\/#breadcrumb"},"inLanguage":"hr","potentialAction":[{"@type":"ReadAction","target":["https:\/\/www.urbanspot.si\/produkt\/set-zascitnih-stekel-urbie-tech-samsung-galaxy-s24-ultra\/"]}]},{"@type":"ImageObject","inLanguage":"hr","@id":"https:\/\/www.urbanspot.si\/produkt\/set-zascitnih-stekel-urbie-tech-samsung-galaxy-s24-ultra\/#primaryimage","url":"https:\/\/www.urbanspot.si\/wp-content\/uploads\/steklo-s24-ultra-komplet.jpg","contentUrl":"https:\/\/www.urbanspot.si\/wp-content\/uploads\/steklo-s24-ultra-komplet.jpg","width":631,"height":920},{"@type":"BreadcrumbList","@id":"https:\/\/www.urbanspot.si\/produkt\/set-zascitnih-stekel-urbie-tech-samsung-galaxy-s24-ultra\/#breadcrumb","itemListElement":[{"@type":"ListItem","position":1,"name":"Home","item":"https:\/\/www.urbanspot.si\/"},{"@type":"ListItem","position":2,"name":"Shop","item":"https:\/\/www.urbanspot.si\/shop\/"},{"@type":"ListItem","position":3,"name":"Set za\u0161\u010ditnih stekel Urbie Tech, Samsung Galaxy S24 Ultra"}]},{"@type":"WebSite","@id":"https:\/\/www.urbanspot.si\/#website","url":"https:\/\/www.urbanspot.si\/","name":"UrbanSpot","description":"","publisher":{"@id":"https:\/\/www.urbanspot.si\/#organization"},"potentialAction":[{"@type":"SearchAction","target":{"@type":"EntryPoint","urlTemplate":"https:\/\/www.urbanspot.si\/?s={search_term_string}"},"query-input":{"@type":"PropertyValueSpecification","valueRequired":true,"valueName":"search_term_string"}}],"inLanguage":"hr"},{"@type":"Organization","@id":"https:\/\/www.urbanspot.si\/#organization","name":"UrbanSpot","url":"https:\/\/www.urbanspot.si\/","logo":{"@type":"ImageObject","inLanguage":"hr","@id":"https:\/\/www.urbanspot.si\/#\/schema\/logo\/image\/","url":"https:\/\/www.urbanspot.si\/wp-content\/uploads\/urbanspot-logo.svg","contentUrl":"https:\/\/www.urbanspot.si\/wp-content\/uploads\/urbanspot-logo.svg","width":185,"height":40,"caption":"UrbanSpot"},"image":{"@id":"https:\/\/www.urbanspot.si\/#\/schema\/logo\/image\/"},"sameAs":["https:\/\/www.facebook.com\/urbanspot.si"]}]}},"_links":{"self":[{"href":"https:\/\/www.urbanspot.si\/hr\/wp-json\/wp\/v2\/product\/19679","targetHints":{"allow":["GET"]}}],"collection":[{"href":"https:\/\/www.urbanspot.si\/hr\/wp-json\/wp\/v2\/product"}],"about":[{"href":"https:\/\/www.urbanspot.si\/hr\/wp-json\/wp\/v2\/types\/product"}],"replies":[{"embeddable":true,"href":"https:\/\/www.urbanspot.si\/hr\/wp-json\/wp\/v2\/comments?post=19679"}],"version-history":[{"count":1,"href":"https:\/\/www.urbanspot.si\/hr\/wp-json\/wp\/v2\/product\/19679\/revisions"}],"predecessor-version":[{"id":19681,"href":"https:\/\/www.urbanspot.si\/hr\/wp-json\/wp\/v2\/product\/19679\/revisions\/19681"}],"wp:featuredmedia":[{"embeddable":true,"href":"https:\/\/www.urbanspot.si\/hr\/wp-json\/wp\/v2\/media\/19680"}],"wp:attachment":[{"href":"https:\/\/www.urbanspot.si\/hr\/wp-json\/wp\/v2\/media?parent=19679"}],"wp:term":[{"taxonomy":"product_brand","embeddable":true,"href":"https:\/\/www.urbanspot.si\/hr\/wp-json\/wp\/v2\/product_brand?post=19679"},{"taxonomy":"product_cat","embeddable":true,"href":"https:\/\/www.urbanspot.si\/hr\/wp-json\/wp\/v2\/product_cat?post=19679"},{"taxonomy":"product_tag","embeddable":true,"href":"https:\/\/www.urbanspot.si\/hr\/wp-json\/wp\/v2\/product_tag?post=19679"}],"curies":[{"name":"radni list","href":"https:\/\/api.w.org\/{rel}","templated":true}]}}