{"id":19775,"date":"2025-01-03T13:31:31","date_gmt":"2025-01-03T11:31:31","guid":{"rendered":"https:\/\/www.urbanspot.si\/?post_type=product&#038;p=19775"},"modified":"2026-03-18T15:51:27","modified_gmt":"2026-03-18T13:51:27","slug":"pogodi-4g-poklopac-za-laptopove-do-16-inca","status":"publish","type":"product","link":"https:\/\/www.urbanspot.si\/hr\/produkt\/guess-triangle-4g-ovitek-za-prenosnike-do-16\/","title":{"rendered":"Guess Triangle 4G navlaka za laptop, do 16&quot;\u201d"},"content":{"rendered":"<p>Va\u0161e prijenosno ra\u010dunalo bit \u0107e u potpunosti za\u0161ti\u0107eno od povr\u0161inskih o\u0161te\u0107enja, prljav\u0161tine, ogrebotina i manjih padova.<\/p>\n<p>Zna\u010dajke:<\/p>\n<ul>\n<li>Materijal: Visokokvalitetna eko ko\u017ea<\/li>\n<li>Vrsta: Torba za tablet i laptop<\/li>\n<li>Boja: Crna sa zlatnim logotipom<\/li>\n<li>Dimenzije: 29 x 41 x 2,5 cm<\/li>\n<li>Broj ladica: 2<\/li>\n<li>Pogodno za: laptope i tablete do 16&quot;<\/li>\n<li>Magnetsko zatvaranje<\/li>\n<li>Jedinstveni dizajn<\/li>\n<\/ul>","protected":false},"excerpt":{"rendered":"<p>Elegantna navlaka za prijenosna ra\u010dunala\/tablete dizajnirana za modele od 16 in\u010da. Precizan dizajn i elegantan izgled za\u0161titni su znakovi Guess proizvoda. Torbica je izra\u0111ena od visokokvalitetne ekoko\u017ee i nudi sigurno zatvaranje. Futrola ima iznimno tanak dizajn koji ne zauzima nepotrebni prostor. Udobno stane u va\u0161 ruksak ili torbu. Tako\u0111er je pogodna za modele MacBook Air i MacBook Pro.<\/p>","protected":false},"featured_media":19776,"comment_status":"open","ping_status":"closed","template":"","meta":[],"product_brand":[],"product_cat":[551,91,140],"product_tag":[],"class_list":{"0":"post-19775","1":"product","2":"type-product","3":"status-publish","4":"has-post-thumbnail","6":"product_cat-ovitek-za-prenosnike","7":"product_cat-razprodaja","8":"product_cat-torbe","10":"first","11":"outofstock","12":"sale","13":"taxable","14":"shipping-taxable","15":"purchasable","16":"product-type-simple"},"yoast_head":"<!-- This site is optimized with the Yoast SEO plugin v27.4 - https:\/\/yoast.com\/product\/yoast-seo-wordpress\/ -->\n<title>Guess Triangle 4G ovitek za prenosnike, do 16&#039;&#039; -<\/title>\n<meta name=\"robots\" content=\"index, follow, max-snippet:-1, max-image-preview:large, max-video-preview:-1\" \/>\n<link rel=\"canonical\" href=\"https:\/\/www.urbanspot.si\/hr\/proizvod-2\/pogodi-4g-poklopac-za-laptopove-do-16-inca\/\" \/>\n<meta property=\"og:locale\" content=\"hr_HR\" \/>\n<meta property=\"og:type\" content=\"article\" \/>\n<meta property=\"og:title\" content=\"Guess Triangle 4G ovitek za prenosnike, do 16&#039;&#039; -\" \/>\n<meta property=\"og:description\" content=\"Eleganten ovitek za prenosnik, zasnovan za 16 -pal\u010dni prenosnik \/ tabli\u010dni ra\u010dunalnik. Natan\u010den dizajn in eleganten videz sta prednost izdelkov Guess. Torba je narejena iz visoko kakovostnega eko usnja in nudi varno\u00a0 zapiranje. Ohi\u0161je odlikuje izjemna tanj\u0161a oblika, katera ne zavzame odve\u010dnega prostora. Etui se udobno prilega va\u0161emu nahrbtniku ali torbi. Primerno tudi za model : MacBook Air in MacBook Pro.\" \/>\n<meta property=\"og:url\" content=\"https:\/\/www.urbanspot.si\/hr\/proizvod-2\/pogodi-4g-poklopac-za-laptopove-do-16-inca\/\" \/>\n<meta property=\"article:publisher\" content=\"https:\/\/www.facebook.com\/urbanspot.si\" \/>\n<meta property=\"article:modified_time\" content=\"2026-03-18T13:51:27+00:00\" \/>\n<meta property=\"og:image\" content=\"https:\/\/www.urbanspot.si\/wp-content\/uploads\/Guess-Triangle-4G-c.webp\" \/>\n\t<meta property=\"og:image:width\" content=\"600\" \/>\n\t<meta property=\"og:image:height\" content=\"600\" \/>\n\t<meta property=\"og:image:type\" content=\"image\/webp\" \/>\n<meta name=\"twitter:card\" content=\"summary_large_image\" \/>\n<meta name=\"twitter:label1\" content=\"Procijenjeno vrijeme \u010ditanja\" \/>\n\t<meta name=\"twitter:data1\" content=\"1 minuta\" \/>\n<script type=\"application\/ld+json\" class=\"yoast-schema-graph\">{\"@context\":\"https:\\\/\\\/schema.org\",\"@graph\":[{\"@type\":\"WebPage\",\"@id\":\"https:\\\/\\\/www.urbanspot.si\\\/produkt\\\/guess-triangle-4g-ovitek-za-prenosnike-do-16\\\/\",\"url\":\"https:\\\/\\\/www.urbanspot.si\\\/produkt\\\/guess-triangle-4g-ovitek-za-prenosnike-do-16\\\/\",\"name\":\"Guess Triangle 4G ovitek za prenosnike, do 16'' -\",\"isPartOf\":{\"@id\":\"https:\\\/\\\/www.urbanspot.si\\\/#website\"},\"primaryImageOfPage\":{\"@id\":\"https:\\\/\\\/www.urbanspot.si\\\/produkt\\\/guess-triangle-4g-ovitek-za-prenosnike-do-16\\\/#primaryimage\"},\"image\":{\"@id\":\"https:\\\/\\\/www.urbanspot.si\\\/produkt\\\/guess-triangle-4g-ovitek-za-prenosnike-do-16\\\/#primaryimage\"},\"thumbnailUrl\":\"https:\\\/\\\/www.urbanspot.si\\\/wp-content\\\/uploads\\\/Guess-Triangle-4G-c.webp\",\"datePublished\":\"2025-01-03T11:31:31+00:00\",\"dateModified\":\"2026-03-18T13:51:27+00:00\",\"breadcrumb\":{\"@id\":\"https:\\\/\\\/www.urbanspot.si\\\/produkt\\\/guess-triangle-4g-ovitek-za-prenosnike-do-16\\\/#breadcrumb\"},\"inLanguage\":\"hr\",\"potentialAction\":[{\"@type\":\"ReadAction\",\"target\":[\"https:\\\/\\\/www.urbanspot.si\\\/produkt\\\/guess-triangle-4g-ovitek-za-prenosnike-do-16\\\/\"]}]},{\"@type\":\"ImageObject\",\"inLanguage\":\"hr\",\"@id\":\"https:\\\/\\\/www.urbanspot.si\\\/produkt\\\/guess-triangle-4g-ovitek-za-prenosnike-do-16\\\/#primaryimage\",\"url\":\"https:\\\/\\\/www.urbanspot.si\\\/wp-content\\\/uploads\\\/Guess-Triangle-4G-c.webp\",\"contentUrl\":\"https:\\\/\\\/www.urbanspot.si\\\/wp-content\\\/uploads\\\/Guess-Triangle-4G-c.webp\",\"width\":600,\"height\":600},{\"@type\":\"BreadcrumbList\",\"@id\":\"https:\\\/\\\/www.urbanspot.si\\\/produkt\\\/guess-triangle-4g-ovitek-za-prenosnike-do-16\\\/#breadcrumb\",\"itemListElement\":[{\"@type\":\"ListItem\",\"position\":1,\"name\":\"Home\",\"item\":\"https:\\\/\\\/www.urbanspot.si\\\/\"},{\"@type\":\"ListItem\",\"position\":2,\"name\":\"Shop\",\"item\":\"https:\\\/\\\/www.urbanspot.si\\\/shop\\\/\"},{\"@type\":\"ListItem\",\"position\":3,\"name\":\"Guess Triangle 4G ovitek za prenosnike, do 16&#8221;\"}]},{\"@type\":\"WebSite\",\"@id\":\"https:\\\/\\\/www.urbanspot.si\\\/#website\",\"url\":\"https:\\\/\\\/www.urbanspot.si\\\/\",\"name\":\"UrbanSpot\",\"description\":\"\",\"publisher\":{\"@id\":\"https:\\\/\\\/www.urbanspot.si\\\/#organization\"},\"potentialAction\":[{\"@type\":\"SearchAction\",\"target\":{\"@type\":\"EntryPoint\",\"urlTemplate\":\"https:\\\/\\\/www.urbanspot.si\\\/?s={search_term_string}\"},\"query-input\":{\"@type\":\"PropertyValueSpecification\",\"valueRequired\":true,\"valueName\":\"search_term_string\"}}],\"inLanguage\":\"hr\"},{\"@type\":\"Organization\",\"@id\":\"https:\\\/\\\/www.urbanspot.si\\\/#organization\",\"name\":\"UrbanSpot\",\"url\":\"https:\\\/\\\/www.urbanspot.si\\\/\",\"logo\":{\"@type\":\"ImageObject\",\"inLanguage\":\"hr\",\"@id\":\"https:\\\/\\\/www.urbanspot.si\\\/#\\\/schema\\\/logo\\\/image\\\/\",\"url\":\"https:\\\/\\\/www.urbanspot.si\\\/wp-content\\\/uploads\\\/urbanspot-logo.svg\",\"contentUrl\":\"https:\\\/\\\/www.urbanspot.si\\\/wp-content\\\/uploads\\\/urbanspot-logo.svg\",\"width\":185,\"height\":40,\"caption\":\"UrbanSpot\"},\"image\":{\"@id\":\"https:\\\/\\\/www.urbanspot.si\\\/#\\\/schema\\\/logo\\\/image\\\/\"},\"sameAs\":[\"https:\\\/\\\/www.facebook.com\\\/urbanspot.si\"]}]}<\/script>\n<!-- \/ Yoast SEO plugin. -->","yoast_head_json":{"title":"Guess Triangle 4G navlaka za laptop, do 16'' -","robots":{"index":"index","follow":"follow","max-snippet":"max-snippet:-1","max-image-preview":"max-image-preview:large","max-video-preview":"max-video-preview:-1"},"canonical":"https:\/\/www.urbanspot.si\/hr\/proizvod-2\/pogodi-4g-poklopac-za-laptopove-do-16-inca\/","og_locale":"hr_HR","og_type":"article","og_title":"Guess Triangle 4G ovitek za prenosnike, do 16'' -","og_description":"Eleganten ovitek za prenosnik, zasnovan za 16 -pal\u010dni prenosnik \/ tabli\u010dni ra\u010dunalnik. Natan\u010den dizajn in eleganten videz sta prednost izdelkov Guess. Torba je narejena iz visoko kakovostnega eko usnja in nudi varno\u00a0 zapiranje. Ohi\u0161je odlikuje izjemna tanj\u0161a oblika, katera ne zavzame odve\u010dnega prostora. Etui se udobno prilega va\u0161emu nahrbtniku ali torbi. Primerno tudi za model : MacBook Air in MacBook Pro.","og_url":"https:\/\/www.urbanspot.si\/hr\/proizvod-2\/pogodi-4g-poklopac-za-laptopove-do-16-inca\/","article_publisher":"https:\/\/www.facebook.com\/urbanspot.si","article_modified_time":"2026-03-18T13:51:27+00:00","og_image":[{"width":600,"height":600,"url":"https:\/\/www.urbanspot.si\/wp-content\/uploads\/Guess-Triangle-4G-c.webp","type":"image\/webp"}],"twitter_card":"summary_large_image","twitter_misc":{"Procijenjeno vrijeme \u010ditanja":"1 minuta"},"schema":{"@context":"https:\/\/schema.org","@graph":[{"@type":"WebPage","@id":"https:\/\/www.urbanspot.si\/produkt\/guess-triangle-4g-ovitek-za-prenosnike-do-16\/","url":"https:\/\/www.urbanspot.si\/produkt\/guess-triangle-4g-ovitek-za-prenosnike-do-16\/","name":"Guess Triangle 4G navlaka za laptop, do 16'' -","isPartOf":{"@id":"https:\/\/www.urbanspot.si\/#website"},"primaryImageOfPage":{"@id":"https:\/\/www.urbanspot.si\/produkt\/guess-triangle-4g-ovitek-za-prenosnike-do-16\/#primaryimage"},"image":{"@id":"https:\/\/www.urbanspot.si\/produkt\/guess-triangle-4g-ovitek-za-prenosnike-do-16\/#primaryimage"},"thumbnailUrl":"https:\/\/www.urbanspot.si\/wp-content\/uploads\/Guess-Triangle-4G-c.webp","datePublished":"2025-01-03T11:31:31+00:00","dateModified":"2026-03-18T13:51:27+00:00","breadcrumb":{"@id":"https:\/\/www.urbanspot.si\/produkt\/guess-triangle-4g-ovitek-za-prenosnike-do-16\/#breadcrumb"},"inLanguage":"hr","potentialAction":[{"@type":"ReadAction","target":["https:\/\/www.urbanspot.si\/produkt\/guess-triangle-4g-ovitek-za-prenosnike-do-16\/"]}]},{"@type":"ImageObject","inLanguage":"hr","@id":"https:\/\/www.urbanspot.si\/produkt\/guess-triangle-4g-ovitek-za-prenosnike-do-16\/#primaryimage","url":"https:\/\/www.urbanspot.si\/wp-content\/uploads\/Guess-Triangle-4G-c.webp","contentUrl":"https:\/\/www.urbanspot.si\/wp-content\/uploads\/Guess-Triangle-4G-c.webp","width":600,"height":600},{"@type":"BreadcrumbList","@id":"https:\/\/www.urbanspot.si\/produkt\/guess-triangle-4g-ovitek-za-prenosnike-do-16\/#breadcrumb","itemListElement":[{"@type":"ListItem","position":1,"name":"Home","item":"https:\/\/www.urbanspot.si\/"},{"@type":"ListItem","position":2,"name":"Shop","item":"https:\/\/www.urbanspot.si\/shop\/"},{"@type":"ListItem","position":3,"name":"Guess Triangle 4G ovitek za prenosnike, do 16&#8221;"}]},{"@type":"WebSite","@id":"https:\/\/www.urbanspot.si\/#website","url":"https:\/\/www.urbanspot.si\/","name":"UrbanSpot","description":"","publisher":{"@id":"https:\/\/www.urbanspot.si\/#organization"},"potentialAction":[{"@type":"SearchAction","target":{"@type":"EntryPoint","urlTemplate":"https:\/\/www.urbanspot.si\/?s={search_term_string}"},"query-input":{"@type":"PropertyValueSpecification","valueRequired":true,"valueName":"search_term_string"}}],"inLanguage":"hr"},{"@type":"Organization","@id":"https:\/\/www.urbanspot.si\/#organization","name":"UrbanSpot","url":"https:\/\/www.urbanspot.si\/","logo":{"@type":"ImageObject","inLanguage":"hr","@id":"https:\/\/www.urbanspot.si\/#\/schema\/logo\/image\/","url":"https:\/\/www.urbanspot.si\/wp-content\/uploads\/urbanspot-logo.svg","contentUrl":"https:\/\/www.urbanspot.si\/wp-content\/uploads\/urbanspot-logo.svg","width":185,"height":40,"caption":"UrbanSpot"},"image":{"@id":"https:\/\/www.urbanspot.si\/#\/schema\/logo\/image\/"},"sameAs":["https:\/\/www.facebook.com\/urbanspot.si"]}]}},"_links":{"self":[{"href":"https:\/\/www.urbanspot.si\/hr\/wp-json\/wp\/v2\/product\/19775","targetHints":{"allow":["GET"]}}],"collection":[{"href":"https:\/\/www.urbanspot.si\/hr\/wp-json\/wp\/v2\/product"}],"about":[{"href":"https:\/\/www.urbanspot.si\/hr\/wp-json\/wp\/v2\/types\/product"}],"replies":[{"embeddable":true,"href":"https:\/\/www.urbanspot.si\/hr\/wp-json\/wp\/v2\/comments?post=19775"}],"version-history":[{"count":2,"href":"https:\/\/www.urbanspot.si\/hr\/wp-json\/wp\/v2\/product\/19775\/revisions"}],"predecessor-version":[{"id":27370,"href":"https:\/\/www.urbanspot.si\/hr\/wp-json\/wp\/v2\/product\/19775\/revisions\/27370"}],"wp:featuredmedia":[{"embeddable":true,"href":"https:\/\/www.urbanspot.si\/hr\/wp-json\/wp\/v2\/media\/19776"}],"wp:attachment":[{"href":"https:\/\/www.urbanspot.si\/hr\/wp-json\/wp\/v2\/media?parent=19775"}],"wp:term":[{"taxonomy":"product_brand","embeddable":true,"href":"https:\/\/www.urbanspot.si\/hr\/wp-json\/wp\/v2\/product_brand?post=19775"},{"taxonomy":"product_cat","embeddable":true,"href":"https:\/\/www.urbanspot.si\/hr\/wp-json\/wp\/v2\/product_cat?post=19775"},{"taxonomy":"product_tag","embeddable":true,"href":"https:\/\/www.urbanspot.si\/hr\/wp-json\/wp\/v2\/product_tag?post=19775"}],"curies":[{"name":"radni list","href":"https:\/\/api.w.org\/{rel}","templated":true}]}}