{"id":19876,"date":"2025-01-11T12:03:22","date_gmt":"2025-01-11T10:03:22","guid":{"rendered":"https:\/\/www.urbanspot.si\/?post_type=product&#038;p=19876"},"modified":"2026-03-18T15:51:23","modified_gmt":"2026-03-18T13:51:23","slug":"samsung-hisni-hitri-polnilec-25w-usb-c-gan-bel","status":"publish","type":"product","link":"https:\/\/www.urbanspot.si\/hr\/produkt\/samsung-hisni-hitri-polnilec-25w-usb-c-gan-bel\/","title":{"rendered":"Samsung brzi ku\u0107ni punja\u010d, 25W, USB-C GaN, bijeli"},"content":{"rendered":"<p>USB-C GaN punja\u010d 25W je mre\u017eni punja\u010d koji nudi cjelovito rje\u0161enje za punjenje svih Samsung ure\u0111aja kompatibilnih s USB-C tehnologijom punjenja od 25W maksimalnom brzinom i potpunom sigurno\u0161\u0107u. USB-C punja\u010d puni Samsung Galaxy S20 i novije modele u trajanju od 20 sati.<\/p>\n<p>Vrsta punja\u010da:<\/p>\n<ul>\n<li>Super brzo punjenje (SFC) je Samsungova metoda punjenja temeljena na Power Delivery 3.0 tehnologiji.<\/li>\n<li>SFC je podr\u017ean za Galaxy Notes (Note10 i noviji), Galaxy S seriju (S10 5G i noviji) i ostale ure\u0111aje koji podr\u017eavaju SFC<\/li>\n<\/ul>\n<div class=\"flix-std-clmn-lg-10 flix-std-clmn-lg-push-1\">\n<div class=\"flix-std-content flix-std-center\">\n<ul>\n<li class=\"flix-p3-desc flix-d-p feature_modular_map_desc\">Postaju sve manji i manji.<\/li>\n<li class=\"flix-p3-desc flix-d-p feature_modular_map_desc\">Dostupan u crnoj i bijeloj boji, va\u0161 adapter za napajanje sada je tanji i prikladniji za putovanja od svog prethodnika, zahvaljuju\u0107i GaN tehnologiji.<\/li>\n<li>Nije uvijek na punoj snazi. Napajanje smanjuje snagu u stanju pripravnosti s 20 mW na 5 mW, pove\u0107avaju\u0107i va\u0161u u\u0161tedu do 75%. Tako\u0111er je izra\u0111eno od mje\u0161avine materijala koji vode ra\u010duna o planetu, \u010dine\u0107i nas osvije\u0161tenima na vi\u0161e na\u010dina.<\/li>\n<li>\u00a0Za\u0161titite se od prekomjerne struje, kratkih spojeva i visoke temperature, niskog curenja i jo\u0161 mnogo toga<\/li>\n<\/ul>\n<\/div>\n<\/div>\n<ul>\n<li>Snaga punjenja: 25 W<\/li>\n<li>Kompatibilnost: Samsung pametni telefoni i tableti<\/li>\n<\/ul>","protected":false},"excerpt":{"rendered":"<p>Novi adapter za napajanje napaja va\u0161u radnu stanicu super brzim punjenjem do 25 W za ure\u0111aje kompatibilne s USB Type-C kabelima.<\/p>","protected":false},"featured_media":19883,"comment_status":"open","ping_status":"closed","template":"","meta":[],"product_brand":[],"product_cat":[104,249,91,88,89],"product_tag":[],"class_list":{"0":"post-19876","1":"product","2":"type-product","3":"status-publish","4":"has-post-thumbnail","6":"product_cat-dodatna-oprema","7":"product_cat-kabli-in-polnilci","8":"product_cat-razprodaja","9":"product_cat-samsung","10":"product_cat-samsung-s-serija","12":"first","13":"onbackorder","14":"sale","15":"taxable","16":"shipping-taxable","17":"purchasable","18":"product-type-simple"},"yoast_head":"<!-- This site is optimized with the Yoast SEO plugin v27.4 - https:\/\/yoast.com\/product\/yoast-seo-wordpress\/ -->\n<title>Samsung hi\u0161ni hitri polnilec, 25W, USB-C GaN, bel -<\/title>\n<meta name=\"robots\" content=\"index, follow, max-snippet:-1, max-image-preview:large, max-video-preview:-1\" \/>\n<link rel=\"canonical\" href=\"https:\/\/www.urbanspot.si\/hr\/proizvod-2\/samsung-hisni-hitri-polnilec-25w-usb-c-gan-bel\/\" \/>\n<meta property=\"og:locale\" content=\"hr_HR\" \/>\n<meta property=\"og:type\" content=\"article\" \/>\n<meta property=\"og:title\" content=\"Samsung hi\u0161ni hitri polnilec, 25W, USB-C GaN, bel -\" \/>\n<meta property=\"og:description\" content=\"Novi napajalni adapter okrepi va\u0161o delovno postajo z do 25 W super hitrim polnjenjem za naprave, zdru\u017eljive s kabli USB Tipa C.\" \/>\n<meta property=\"og:url\" content=\"https:\/\/www.urbanspot.si\/hr\/proizvod-2\/samsung-hisni-hitri-polnilec-25w-usb-c-gan-bel\/\" \/>\n<meta property=\"article:publisher\" content=\"https:\/\/www.facebook.com\/urbanspot.si\" \/>\n<meta property=\"article:modified_time\" content=\"2026-03-18T13:51:23+00:00\" \/>\n<meta property=\"og:image\" content=\"https:\/\/www.urbanspot.si\/wp-content\/uploads\/gan-bel-25w3.webp\" \/>\n\t<meta property=\"og:image:width\" content=\"1300\" \/>\n\t<meta property=\"og:image:height\" content=\"1300\" \/>\n\t<meta property=\"og:image:type\" content=\"image\/webp\" \/>\n<meta name=\"twitter:card\" content=\"summary_large_image\" \/>\n<meta name=\"twitter:label1\" content=\"Procijenjeno vrijeme \u010ditanja\" \/>\n\t<meta name=\"twitter:data1\" content=\"2 minute\" \/>\n<script type=\"application\/ld+json\" class=\"yoast-schema-graph\">{\"@context\":\"https:\\\/\\\/schema.org\",\"@graph\":[{\"@type\":\"WebPage\",\"@id\":\"https:\\\/\\\/www.urbanspot.si\\\/produkt\\\/samsung-hisni-hitri-polnilec-25w-usb-c-gan-bel\\\/\",\"url\":\"https:\\\/\\\/www.urbanspot.si\\\/produkt\\\/samsung-hisni-hitri-polnilec-25w-usb-c-gan-bel\\\/\",\"name\":\"Samsung hi\u0161ni hitri polnilec, 25W, USB-C GaN, bel -\",\"isPartOf\":{\"@id\":\"https:\\\/\\\/www.urbanspot.si\\\/#website\"},\"primaryImageOfPage\":{\"@id\":\"https:\\\/\\\/www.urbanspot.si\\\/produkt\\\/samsung-hisni-hitri-polnilec-25w-usb-c-gan-bel\\\/#primaryimage\"},\"image\":{\"@id\":\"https:\\\/\\\/www.urbanspot.si\\\/produkt\\\/samsung-hisni-hitri-polnilec-25w-usb-c-gan-bel\\\/#primaryimage\"},\"thumbnailUrl\":\"https:\\\/\\\/www.urbanspot.si\\\/wp-content\\\/uploads\\\/gan-bel-25w3.webp\",\"datePublished\":\"2025-01-11T10:03:22+00:00\",\"dateModified\":\"2026-03-18T13:51:23+00:00\",\"breadcrumb\":{\"@id\":\"https:\\\/\\\/www.urbanspot.si\\\/produkt\\\/samsung-hisni-hitri-polnilec-25w-usb-c-gan-bel\\\/#breadcrumb\"},\"inLanguage\":\"hr\",\"potentialAction\":[{\"@type\":\"ReadAction\",\"target\":[\"https:\\\/\\\/www.urbanspot.si\\\/produkt\\\/samsung-hisni-hitri-polnilec-25w-usb-c-gan-bel\\\/\"]}]},{\"@type\":\"ImageObject\",\"inLanguage\":\"hr\",\"@id\":\"https:\\\/\\\/www.urbanspot.si\\\/produkt\\\/samsung-hisni-hitri-polnilec-25w-usb-c-gan-bel\\\/#primaryimage\",\"url\":\"https:\\\/\\\/www.urbanspot.si\\\/wp-content\\\/uploads\\\/gan-bel-25w3.webp\",\"contentUrl\":\"https:\\\/\\\/www.urbanspot.si\\\/wp-content\\\/uploads\\\/gan-bel-25w3.webp\",\"width\":1300,\"height\":1300},{\"@type\":\"BreadcrumbList\",\"@id\":\"https:\\\/\\\/www.urbanspot.si\\\/produkt\\\/samsung-hisni-hitri-polnilec-25w-usb-c-gan-bel\\\/#breadcrumb\",\"itemListElement\":[{\"@type\":\"ListItem\",\"position\":1,\"name\":\"Home\",\"item\":\"https:\\\/\\\/www.urbanspot.si\\\/\"},{\"@type\":\"ListItem\",\"position\":2,\"name\":\"Shop\",\"item\":\"https:\\\/\\\/www.urbanspot.si\\\/shop\\\/\"},{\"@type\":\"ListItem\",\"position\":3,\"name\":\"Samsung hi\u0161ni hitri polnilec, 25W, USB-C GaN, bel\"}]},{\"@type\":\"WebSite\",\"@id\":\"https:\\\/\\\/www.urbanspot.si\\\/#website\",\"url\":\"https:\\\/\\\/www.urbanspot.si\\\/\",\"name\":\"UrbanSpot\",\"description\":\"\",\"publisher\":{\"@id\":\"https:\\\/\\\/www.urbanspot.si\\\/#organization\"},\"potentialAction\":[{\"@type\":\"SearchAction\",\"target\":{\"@type\":\"EntryPoint\",\"urlTemplate\":\"https:\\\/\\\/www.urbanspot.si\\\/?s={search_term_string}\"},\"query-input\":{\"@type\":\"PropertyValueSpecification\",\"valueRequired\":true,\"valueName\":\"search_term_string\"}}],\"inLanguage\":\"hr\"},{\"@type\":\"Organization\",\"@id\":\"https:\\\/\\\/www.urbanspot.si\\\/#organization\",\"name\":\"UrbanSpot\",\"url\":\"https:\\\/\\\/www.urbanspot.si\\\/\",\"logo\":{\"@type\":\"ImageObject\",\"inLanguage\":\"hr\",\"@id\":\"https:\\\/\\\/www.urbanspot.si\\\/#\\\/schema\\\/logo\\\/image\\\/\",\"url\":\"https:\\\/\\\/www.urbanspot.si\\\/wp-content\\\/uploads\\\/urbanspot-logo.svg\",\"contentUrl\":\"https:\\\/\\\/www.urbanspot.si\\\/wp-content\\\/uploads\\\/urbanspot-logo.svg\",\"width\":185,\"height\":40,\"caption\":\"UrbanSpot\"},\"image\":{\"@id\":\"https:\\\/\\\/www.urbanspot.si\\\/#\\\/schema\\\/logo\\\/image\\\/\"},\"sameAs\":[\"https:\\\/\\\/www.facebook.com\\\/urbanspot.si\"]}]}<\/script>\n<!-- \/ Yoast SEO plugin. -->","yoast_head_json":{"title":"Samsung hi\u0161ni hitri polnilec, 25W, USB-C GaN, bel -","robots":{"index":"index","follow":"follow","max-snippet":"max-snippet:-1","max-image-preview":"max-image-preview:large","max-video-preview":"max-video-preview:-1"},"canonical":"https:\/\/www.urbanspot.si\/hr\/proizvod-2\/samsung-hisni-hitri-polnilec-25w-usb-c-gan-bel\/","og_locale":"hr_HR","og_type":"article","og_title":"Samsung hi\u0161ni hitri polnilec, 25W, USB-C GaN, bel -","og_description":"Novi napajalni adapter okrepi va\u0161o delovno postajo z do 25 W super hitrim polnjenjem za naprave, zdru\u017eljive s kabli USB Tipa C.","og_url":"https:\/\/www.urbanspot.si\/hr\/proizvod-2\/samsung-hisni-hitri-polnilec-25w-usb-c-gan-bel\/","article_publisher":"https:\/\/www.facebook.com\/urbanspot.si","article_modified_time":"2026-03-18T13:51:23+00:00","og_image":[{"width":1300,"height":1300,"url":"https:\/\/www.urbanspot.si\/wp-content\/uploads\/gan-bel-25w3.webp","type":"image\/webp"}],"twitter_card":"summary_large_image","twitter_misc":{"Procijenjeno vrijeme \u010ditanja":"2 minute"},"schema":{"@context":"https:\/\/schema.org","@graph":[{"@type":"WebPage","@id":"https:\/\/www.urbanspot.si\/produkt\/samsung-hisni-hitri-polnilec-25w-usb-c-gan-bel\/","url":"https:\/\/www.urbanspot.si\/produkt\/samsung-hisni-hitri-polnilec-25w-usb-c-gan-bel\/","name":"Samsung hi\u0161ni hitri polnilec, 25W, USB-C GaN, bel -","isPartOf":{"@id":"https:\/\/www.urbanspot.si\/#website"},"primaryImageOfPage":{"@id":"https:\/\/www.urbanspot.si\/produkt\/samsung-hisni-hitri-polnilec-25w-usb-c-gan-bel\/#primaryimage"},"image":{"@id":"https:\/\/www.urbanspot.si\/produkt\/samsung-hisni-hitri-polnilec-25w-usb-c-gan-bel\/#primaryimage"},"thumbnailUrl":"https:\/\/www.urbanspot.si\/wp-content\/uploads\/gan-bel-25w3.webp","datePublished":"2025-01-11T10:03:22+00:00","dateModified":"2026-03-18T13:51:23+00:00","breadcrumb":{"@id":"https:\/\/www.urbanspot.si\/produkt\/samsung-hisni-hitri-polnilec-25w-usb-c-gan-bel\/#breadcrumb"},"inLanguage":"hr","potentialAction":[{"@type":"ReadAction","target":["https:\/\/www.urbanspot.si\/produkt\/samsung-hisni-hitri-polnilec-25w-usb-c-gan-bel\/"]}]},{"@type":"ImageObject","inLanguage":"hr","@id":"https:\/\/www.urbanspot.si\/produkt\/samsung-hisni-hitri-polnilec-25w-usb-c-gan-bel\/#primaryimage","url":"https:\/\/www.urbanspot.si\/wp-content\/uploads\/gan-bel-25w3.webp","contentUrl":"https:\/\/www.urbanspot.si\/wp-content\/uploads\/gan-bel-25w3.webp","width":1300,"height":1300},{"@type":"BreadcrumbList","@id":"https:\/\/www.urbanspot.si\/produkt\/samsung-hisni-hitri-polnilec-25w-usb-c-gan-bel\/#breadcrumb","itemListElement":[{"@type":"ListItem","position":1,"name":"Home","item":"https:\/\/www.urbanspot.si\/"},{"@type":"ListItem","position":2,"name":"Shop","item":"https:\/\/www.urbanspot.si\/shop\/"},{"@type":"ListItem","position":3,"name":"Samsung hi\u0161ni hitri polnilec, 25W, USB-C GaN, bel"}]},{"@type":"WebSite","@id":"https:\/\/www.urbanspot.si\/#website","url":"https:\/\/www.urbanspot.si\/","name":"UrbanSpot","description":"","publisher":{"@id":"https:\/\/www.urbanspot.si\/#organization"},"potentialAction":[{"@type":"SearchAction","target":{"@type":"EntryPoint","urlTemplate":"https:\/\/www.urbanspot.si\/?s={search_term_string}"},"query-input":{"@type":"PropertyValueSpecification","valueRequired":true,"valueName":"search_term_string"}}],"inLanguage":"hr"},{"@type":"Organization","@id":"https:\/\/www.urbanspot.si\/#organization","name":"UrbanSpot","url":"https:\/\/www.urbanspot.si\/","logo":{"@type":"ImageObject","inLanguage":"hr","@id":"https:\/\/www.urbanspot.si\/#\/schema\/logo\/image\/","url":"https:\/\/www.urbanspot.si\/wp-content\/uploads\/urbanspot-logo.svg","contentUrl":"https:\/\/www.urbanspot.si\/wp-content\/uploads\/urbanspot-logo.svg","width":185,"height":40,"caption":"UrbanSpot"},"image":{"@id":"https:\/\/www.urbanspot.si\/#\/schema\/logo\/image\/"},"sameAs":["https:\/\/www.facebook.com\/urbanspot.si"]}]}},"_links":{"self":[{"href":"https:\/\/www.urbanspot.si\/hr\/wp-json\/wp\/v2\/product\/19876","targetHints":{"allow":["GET"]}}],"collection":[{"href":"https:\/\/www.urbanspot.si\/hr\/wp-json\/wp\/v2\/product"}],"about":[{"href":"https:\/\/www.urbanspot.si\/hr\/wp-json\/wp\/v2\/types\/product"}],"replies":[{"embeddable":true,"href":"https:\/\/www.urbanspot.si\/hr\/wp-json\/wp\/v2\/comments?post=19876"}],"version-history":[{"count":1,"href":"https:\/\/www.urbanspot.si\/hr\/wp-json\/wp\/v2\/product\/19876\/revisions"}],"predecessor-version":[{"id":19881,"href":"https:\/\/www.urbanspot.si\/hr\/wp-json\/wp\/v2\/product\/19876\/revisions\/19881"}],"wp:featuredmedia":[{"embeddable":true,"href":"https:\/\/www.urbanspot.si\/hr\/wp-json\/wp\/v2\/media\/19883"}],"wp:attachment":[{"href":"https:\/\/www.urbanspot.si\/hr\/wp-json\/wp\/v2\/media?parent=19876"}],"wp:term":[{"taxonomy":"product_brand","embeddable":true,"href":"https:\/\/www.urbanspot.si\/hr\/wp-json\/wp\/v2\/product_brand?post=19876"},{"taxonomy":"product_cat","embeddable":true,"href":"https:\/\/www.urbanspot.si\/hr\/wp-json\/wp\/v2\/product_cat?post=19876"},{"taxonomy":"product_tag","embeddable":true,"href":"https:\/\/www.urbanspot.si\/hr\/wp-json\/wp\/v2\/product_tag?post=19876"}],"curies":[{"name":"radni list","href":"https:\/\/api.w.org\/{rel}","templated":true}]}}