{"id":20298,"date":"2025-02-22T12:02:35","date_gmt":"2025-02-22T10:02:35","guid":{"rendered":"https:\/\/www.urbanspot.si\/?post_type=product&#038;p=20298"},"modified":"2026-03-18T15:51:12","modified_gmt":"2026-03-18T13:51:12","slug":"samsung-gan-25w-punjac-s-kabelom-crne-boje","status":"publish","type":"product","link":"https:\/\/www.urbanspot.si\/hr\/produkt\/samsung-komplet-polnilec-gan-25w-z-kablom-crn\/","title":{"rendered":"Samsung GAN 25W punja\u010d s kabelom, crni"},"content":{"rendered":"<p>Samsung punja\u010d je savr\u0161en partner za va\u0161 mobilni ure\u0111aj. Pomo\u0107u prilo\u017eenog kabela mo\u017eete puniti \u0161irok raspon mobilnih ure\u0111aja, poput telefona ili tableta. Opremljen je tehnologijom brzog punjenja i pru\u017ea maksimalnu snagu od 25 W.<\/p>\n<ul>\n<li><strong>USB Type-C izlaz: <\/strong>3,3-5,9 V \/ 3 A; 3,3-11 V \/ 2,25 A<\/li>\n<li><strong>Kabel uklju\u010den<\/strong> USB tip-C 1 m<\/li>\n<li><strong>Izlazna snaga kabela:<\/strong> 5V \/ 3A<\/li>\n<li><strong>Napajanje:<\/strong> Izmjeni\u010dna struja 100-240 V<\/li>\n<li><strong>Vlast: <\/strong>25 W maks.<\/li>\n<li><strong>Jamstvo:<\/strong> 12 mjeseci<\/li>\n<li><strong>Originalno pakiranje<\/strong><\/li>\n<li><strong>Marka:\u00a0<\/strong>Samsung<\/li>\n<\/ul>","protected":false},"excerpt":{"rendered":"<p>Samsung 25W adapter za napajanje je kompletan adapter za punjenje svih Samsung ure\u0111aja kompatibilnih s 25W Super Fast Charge tehnologijom s USB-C priklju\u010dkom pri maksimalnoj brzini i potpunoj sigurnosti.<\/p>","protected":false},"featured_media":20299,"comment_status":"open","ping_status":"closed","template":"","meta":[],"product_brand":[],"product_cat":[104,249,91,88,89],"product_tag":[],"class_list":{"0":"post-20298","1":"product","2":"type-product","3":"status-publish","4":"has-post-thumbnail","6":"product_cat-dodatna-oprema","7":"product_cat-kabli-in-polnilci","8":"product_cat-razprodaja","9":"product_cat-samsung","10":"product_cat-samsung-s-serija","11":"pa_primerno-za-model-galaxy-s25","12":"pa_primerno-za-model-samsung-galaxy-s25-ultra","13":"pa_primerno-za-model-samsung-galaxy-s25","15":"first","16":"outofstock","17":"sale","18":"taxable","19":"shipping-taxable","20":"purchasable","21":"product-type-simple"},"yoast_head":"<!-- This site is optimized with the Yoast SEO plugin v27.2 - https:\/\/yoast.com\/product\/yoast-seo-wordpress\/ -->\n<title>Samsung komplet polnilec GAN 25W, z kablom, \u010drn -<\/title>\n<meta name=\"robots\" content=\"index, follow, max-snippet:-1, max-image-preview:large, max-video-preview:-1\" \/>\n<link rel=\"canonical\" href=\"https:\/\/www.urbanspot.si\/hr\/proizvod-2\/samsung-gan-25w-punjac-s-kabelom-crne-boje\/\" \/>\n<meta property=\"og:locale\" content=\"hr_HR\" \/>\n<meta property=\"og:type\" content=\"article\" \/>\n<meta property=\"og:title\" content=\"Samsung komplet polnilec GAN 25W, z kablom, \u010drn -\" \/>\n<meta property=\"og:description\" content=\"Samsung komplet polnilec z kablom, 25W je popoln omre\u017eni polnilnik za polnjenje vseh Samsungovih naprav, zdru\u017eljivih s 25W Super Fast Charge tehnologijo, s priklju\u010dkom USB-C pri najve\u010dji hitrosti in v popolni varnosti.\" \/>\n<meta property=\"og:url\" content=\"https:\/\/www.urbanspot.si\/hr\/proizvod-2\/samsung-gan-25w-punjac-s-kabelom-crne-boje\/\" \/>\n<meta property=\"article:publisher\" content=\"https:\/\/www.facebook.com\/urbanspot.si\" \/>\n<meta property=\"article:modified_time\" content=\"2026-03-18T13:51:12+00:00\" \/>\n<meta property=\"og:image\" content=\"https:\/\/www.urbanspot.si\/wp-content\/uploads\/25W-SAMSUNG.png\" \/>\n\t<meta property=\"og:image:width\" content=\"795\" \/>\n\t<meta property=\"og:image:height\" content=\"775\" \/>\n\t<meta property=\"og:image:type\" content=\"image\/png\" \/>\n<meta name=\"twitter:card\" content=\"summary_large_image\" \/>\n<meta name=\"twitter:label1\" content=\"Procijenjeno vrijeme \u010ditanja\" \/>\n\t<meta name=\"twitter:data1\" content=\"1 minuta\" \/>\n<script type=\"application\/ld+json\" class=\"yoast-schema-graph\">{\"@context\":\"https:\/\/schema.org\",\"@graph\":[{\"@type\":\"WebPage\",\"@id\":\"https:\/\/www.urbanspot.si\/produkt\/samsung-komplet-polnilec-gan-25w-z-kablom-crn\/\",\"url\":\"https:\/\/www.urbanspot.si\/produkt\/samsung-komplet-polnilec-gan-25w-z-kablom-crn\/\",\"name\":\"Samsung komplet polnilec GAN 25W, z kablom, \u010drn -\",\"isPartOf\":{\"@id\":\"https:\/\/www.urbanspot.si\/#website\"},\"primaryImageOfPage\":{\"@id\":\"https:\/\/www.urbanspot.si\/produkt\/samsung-komplet-polnilec-gan-25w-z-kablom-crn\/#primaryimage\"},\"image\":{\"@id\":\"https:\/\/www.urbanspot.si\/produkt\/samsung-komplet-polnilec-gan-25w-z-kablom-crn\/#primaryimage\"},\"thumbnailUrl\":\"https:\/\/www.urbanspot.si\/wp-content\/uploads\/25W-SAMSUNG.png\",\"datePublished\":\"2025-02-22T10:02:35+00:00\",\"dateModified\":\"2026-03-18T13:51:12+00:00\",\"breadcrumb\":{\"@id\":\"https:\/\/www.urbanspot.si\/produkt\/samsung-komplet-polnilec-gan-25w-z-kablom-crn\/#breadcrumb\"},\"inLanguage\":\"hr\",\"potentialAction\":[{\"@type\":\"ReadAction\",\"target\":[\"https:\/\/www.urbanspot.si\/produkt\/samsung-komplet-polnilec-gan-25w-z-kablom-crn\/\"]}]},{\"@type\":\"ImageObject\",\"inLanguage\":\"hr\",\"@id\":\"https:\/\/www.urbanspot.si\/produkt\/samsung-komplet-polnilec-gan-25w-z-kablom-crn\/#primaryimage\",\"url\":\"https:\/\/www.urbanspot.si\/wp-content\/uploads\/25W-SAMSUNG.png\",\"contentUrl\":\"https:\/\/www.urbanspot.si\/wp-content\/uploads\/25W-SAMSUNG.png\",\"width\":795,\"height\":775},{\"@type\":\"BreadcrumbList\",\"@id\":\"https:\/\/www.urbanspot.si\/produkt\/samsung-komplet-polnilec-gan-25w-z-kablom-crn\/#breadcrumb\",\"itemListElement\":[{\"@type\":\"ListItem\",\"position\":1,\"name\":\"Home\",\"item\":\"https:\/\/www.urbanspot.si\/\"},{\"@type\":\"ListItem\",\"position\":2,\"name\":\"Shop\",\"item\":\"https:\/\/www.urbanspot.si\/shop\/\"},{\"@type\":\"ListItem\",\"position\":3,\"name\":\"Samsung komplet polnilec GAN 25W, z kablom, \u010drn\"}]},{\"@type\":\"WebSite\",\"@id\":\"https:\/\/www.urbanspot.si\/#website\",\"url\":\"https:\/\/www.urbanspot.si\/\",\"name\":\"UrbanSpot\",\"description\":\"\",\"publisher\":{\"@id\":\"https:\/\/www.urbanspot.si\/#organization\"},\"potentialAction\":[{\"@type\":\"SearchAction\",\"target\":{\"@type\":\"EntryPoint\",\"urlTemplate\":\"https:\/\/www.urbanspot.si\/?s={search_term_string}\"},\"query-input\":{\"@type\":\"PropertyValueSpecification\",\"valueRequired\":true,\"valueName\":\"search_term_string\"}}],\"inLanguage\":\"hr\"},{\"@type\":\"Organization\",\"@id\":\"https:\/\/www.urbanspot.si\/#organization\",\"name\":\"UrbanSpot\",\"url\":\"https:\/\/www.urbanspot.si\/\",\"logo\":{\"@type\":\"ImageObject\",\"inLanguage\":\"hr\",\"@id\":\"https:\/\/www.urbanspot.si\/#\/schema\/logo\/image\/\",\"url\":\"https:\/\/www.urbanspot.si\/wp-content\/uploads\/urbanspot-logo.svg\",\"contentUrl\":\"https:\/\/www.urbanspot.si\/wp-content\/uploads\/urbanspot-logo.svg\",\"width\":185,\"height\":40,\"caption\":\"UrbanSpot\"},\"image\":{\"@id\":\"https:\/\/www.urbanspot.si\/#\/schema\/logo\/image\/\"},\"sameAs\":[\"https:\/\/www.facebook.com\/urbanspot.si\"]}]}<\/script>\n<!-- \/ Yoast SEO plugin. -->","yoast_head_json":{"title":"Samsung komplet polnilec GAN 25W, z kablom, \u010drn -","robots":{"index":"index","follow":"follow","max-snippet":"max-snippet:-1","max-image-preview":"max-image-preview:large","max-video-preview":"max-video-preview:-1"},"canonical":"https:\/\/www.urbanspot.si\/hr\/proizvod-2\/samsung-gan-25w-punjac-s-kabelom-crne-boje\/","og_locale":"hr_HR","og_type":"article","og_title":"Samsung komplet polnilec GAN 25W, z kablom, \u010drn -","og_description":"Samsung komplet polnilec z kablom, 25W je popoln omre\u017eni polnilnik za polnjenje vseh Samsungovih naprav, zdru\u017eljivih s 25W Super Fast Charge tehnologijo, s priklju\u010dkom USB-C pri najve\u010dji hitrosti in v popolni varnosti.","og_url":"https:\/\/www.urbanspot.si\/hr\/proizvod-2\/samsung-gan-25w-punjac-s-kabelom-crne-boje\/","article_publisher":"https:\/\/www.facebook.com\/urbanspot.si","article_modified_time":"2026-03-18T13:51:12+00:00","og_image":[{"width":795,"height":775,"url":"https:\/\/www.urbanspot.si\/wp-content\/uploads\/25W-SAMSUNG.png","type":"image\/png"}],"twitter_card":"summary_large_image","twitter_misc":{"Procijenjeno vrijeme \u010ditanja":"1 minuta"},"schema":{"@context":"https:\/\/schema.org","@graph":[{"@type":"WebPage","@id":"https:\/\/www.urbanspot.si\/produkt\/samsung-komplet-polnilec-gan-25w-z-kablom-crn\/","url":"https:\/\/www.urbanspot.si\/produkt\/samsung-komplet-polnilec-gan-25w-z-kablom-crn\/","name":"Samsung komplet polnilec GAN 25W, z kablom, \u010drn -","isPartOf":{"@id":"https:\/\/www.urbanspot.si\/#website"},"primaryImageOfPage":{"@id":"https:\/\/www.urbanspot.si\/produkt\/samsung-komplet-polnilec-gan-25w-z-kablom-crn\/#primaryimage"},"image":{"@id":"https:\/\/www.urbanspot.si\/produkt\/samsung-komplet-polnilec-gan-25w-z-kablom-crn\/#primaryimage"},"thumbnailUrl":"https:\/\/www.urbanspot.si\/wp-content\/uploads\/25W-SAMSUNG.png","datePublished":"2025-02-22T10:02:35+00:00","dateModified":"2026-03-18T13:51:12+00:00","breadcrumb":{"@id":"https:\/\/www.urbanspot.si\/produkt\/samsung-komplet-polnilec-gan-25w-z-kablom-crn\/#breadcrumb"},"inLanguage":"hr","potentialAction":[{"@type":"ReadAction","target":["https:\/\/www.urbanspot.si\/produkt\/samsung-komplet-polnilec-gan-25w-z-kablom-crn\/"]}]},{"@type":"ImageObject","inLanguage":"hr","@id":"https:\/\/www.urbanspot.si\/produkt\/samsung-komplet-polnilec-gan-25w-z-kablom-crn\/#primaryimage","url":"https:\/\/www.urbanspot.si\/wp-content\/uploads\/25W-SAMSUNG.png","contentUrl":"https:\/\/www.urbanspot.si\/wp-content\/uploads\/25W-SAMSUNG.png","width":795,"height":775},{"@type":"BreadcrumbList","@id":"https:\/\/www.urbanspot.si\/produkt\/samsung-komplet-polnilec-gan-25w-z-kablom-crn\/#breadcrumb","itemListElement":[{"@type":"ListItem","position":1,"name":"Home","item":"https:\/\/www.urbanspot.si\/"},{"@type":"ListItem","position":2,"name":"Shop","item":"https:\/\/www.urbanspot.si\/shop\/"},{"@type":"ListItem","position":3,"name":"Samsung komplet polnilec GAN 25W, z kablom, \u010drn"}]},{"@type":"WebSite","@id":"https:\/\/www.urbanspot.si\/#website","url":"https:\/\/www.urbanspot.si\/","name":"UrbanSpot","description":"","publisher":{"@id":"https:\/\/www.urbanspot.si\/#organization"},"potentialAction":[{"@type":"SearchAction","target":{"@type":"EntryPoint","urlTemplate":"https:\/\/www.urbanspot.si\/?s={search_term_string}"},"query-input":{"@type":"PropertyValueSpecification","valueRequired":true,"valueName":"search_term_string"}}],"inLanguage":"hr"},{"@type":"Organization","@id":"https:\/\/www.urbanspot.si\/#organization","name":"UrbanSpot","url":"https:\/\/www.urbanspot.si\/","logo":{"@type":"ImageObject","inLanguage":"hr","@id":"https:\/\/www.urbanspot.si\/#\/schema\/logo\/image\/","url":"https:\/\/www.urbanspot.si\/wp-content\/uploads\/urbanspot-logo.svg","contentUrl":"https:\/\/www.urbanspot.si\/wp-content\/uploads\/urbanspot-logo.svg","width":185,"height":40,"caption":"UrbanSpot"},"image":{"@id":"https:\/\/www.urbanspot.si\/#\/schema\/logo\/image\/"},"sameAs":["https:\/\/www.facebook.com\/urbanspot.si"]}]}},"_links":{"self":[{"href":"https:\/\/www.urbanspot.si\/hr\/wp-json\/wp\/v2\/product\/20298","targetHints":{"allow":["GET"]}}],"collection":[{"href":"https:\/\/www.urbanspot.si\/hr\/wp-json\/wp\/v2\/product"}],"about":[{"href":"https:\/\/www.urbanspot.si\/hr\/wp-json\/wp\/v2\/types\/product"}],"replies":[{"embeddable":true,"href":"https:\/\/www.urbanspot.si\/hr\/wp-json\/wp\/v2\/comments?post=20298"}],"version-history":[{"count":1,"href":"https:\/\/www.urbanspot.si\/hr\/wp-json\/wp\/v2\/product\/20298\/revisions"}],"predecessor-version":[{"id":20300,"href":"https:\/\/www.urbanspot.si\/hr\/wp-json\/wp\/v2\/product\/20298\/revisions\/20300"}],"wp:featuredmedia":[{"embeddable":true,"href":"https:\/\/www.urbanspot.si\/hr\/wp-json\/wp\/v2\/media\/20299"}],"wp:attachment":[{"href":"https:\/\/www.urbanspot.si\/hr\/wp-json\/wp\/v2\/media?parent=20298"}],"wp:term":[{"taxonomy":"product_brand","embeddable":true,"href":"https:\/\/www.urbanspot.si\/hr\/wp-json\/wp\/v2\/product_brand?post=20298"},{"taxonomy":"product_cat","embeddable":true,"href":"https:\/\/www.urbanspot.si\/hr\/wp-json\/wp\/v2\/product_cat?post=20298"},{"taxonomy":"product_tag","embeddable":true,"href":"https:\/\/www.urbanspot.si\/hr\/wp-json\/wp\/v2\/product_tag?post=20298"}],"curies":[{"name":"radni list","href":"https:\/\/api.w.org\/{rel}","templated":true}]}}