{"id":20531,"date":"2025-04-02T09:30:27","date_gmt":"2025-04-02T07:30:27","guid":{"rendered":"https:\/\/www.urbanspot.si\/?post_type=product&#038;p=20531"},"modified":"2026-03-18T15:51:07","modified_gmt":"2026-03-18T13:51:07","slug":"usb-kljuc-goodram16gb-3-2-gen-1","status":"publish","type":"product","link":"https:\/\/www.urbanspot.si\/hr\/produkt\/usb-kljuc-goodram16gb-3-2-gen-1\/","title":{"rendered":"GOODRAM USB stick, 16 GB, 3.2 GEN 1"},"content":{"rendered":"<p>Goodram UME3 USB flash pogon, 16 GB, USB 3.2, Moderni USB flash pogon s posebnim dizajnom - poklopac se mo\u017ee postaviti na stra\u017enju stranu ku\u0107i\u0161ta tijekom kori\u0161tenja flash pogona kako ga ne biste izgubili. Flash pogon ima kapacitet od 16 GB. Svojim visokokvalitetnim komponentama nudi brzinu \u010ditanja do 60 MB\/s i brzinu pisanja do 20 MB\/s. Na flash pogonu postoji prakti\u010dna rupa koja vam omogu\u0107uje da ga pri\u010dvrstite na privjesak za klju\u010deve i nikada ga ne izgubite.<\/p>","protected":false},"excerpt":{"rendered":"<p>USB klju\u010dek s kapaciteto 16 GB ima hitrost branja do 60 MB\/s in hitrost zapisa do 20 MB\/s, prakti\u010dno luknjo za obe\u0161anje na klju\u010de. Na voljo v srebrni barvi.<\/p>","protected":false},"featured_media":20534,"comment_status":"open","ping_status":"closed","template":"","meta":[],"product_brand":[],"product_cat":[104,91,393],"product_tag":[],"class_list":{"0":"post-20531","1":"product","2":"type-product","3":"status-publish","4":"has-post-thumbnail","6":"product_cat-dodatna-oprema","7":"product_cat-razprodaja","8":"product_cat-usb-kljucki-in-spominske-kartice","10":"first","11":"outofstock","12":"sale","13":"taxable","14":"shipping-taxable","15":"purchasable","16":"product-type-simple"},"yoast_head":"<!-- This site is optimized with the Yoast SEO plugin v27.4 - https:\/\/yoast.com\/product\/yoast-seo-wordpress\/ -->\n<title>USB klju\u010d GOODRAM,16GB, 3.2 GEN 1 -<\/title>\n<meta name=\"robots\" content=\"index, follow, max-snippet:-1, max-image-preview:large, max-video-preview:-1\" \/>\n<link rel=\"canonical\" href=\"https:\/\/www.urbanspot.si\/hr\/proizvod-2\/usb-kljuc-goodram16gb-3-2-gen-1\/\" \/>\n<meta property=\"og:locale\" content=\"hr_HR\" \/>\n<meta property=\"og:type\" content=\"article\" \/>\n<meta property=\"og:title\" content=\"USB klju\u010d GOODRAM,16GB, 3.2 GEN 1 -\" \/>\n<meta property=\"og:description\" content=\"USB klju\u010dek s kapaciteto 16 GB ima hitrost branja do 60 MB\/s in hitrost zapisa do 20 MB\/s, prakti\u010dno luknjo za obe\u0161anje na klju\u010de. Na voljo v srebrni barvi.\" \/>\n<meta property=\"og:url\" content=\"https:\/\/www.urbanspot.si\/hr\/proizvod-2\/usb-kljuc-goodram16gb-3-2-gen-1\/\" \/>\n<meta property=\"article:publisher\" content=\"https:\/\/www.facebook.com\/urbanspot.si\" \/>\n<meta property=\"article:modified_time\" content=\"2026-03-18T13:51:07+00:00\" \/>\n<meta property=\"og:image\" content=\"https:\/\/www.urbanspot.si\/wp-content\/uploads\/goodram-16gb.jpg\" \/>\n\t<meta property=\"og:image:width\" content=\"1067\" \/>\n\t<meta property=\"og:image:height\" content=\"1067\" \/>\n\t<meta property=\"og:image:type\" content=\"image\/jpeg\" \/>\n<meta name=\"twitter:card\" content=\"summary_large_image\" \/>\n<meta name=\"twitter:label1\" content=\"Procijenjeno vrijeme \u010ditanja\" \/>\n\t<meta name=\"twitter:data1\" content=\"1 minuta\" \/>\n<script type=\"application\/ld+json\" class=\"yoast-schema-graph\">{\"@context\":\"https:\\\/\\\/schema.org\",\"@graph\":[{\"@type\":\"WebPage\",\"@id\":\"https:\\\/\\\/www.urbanspot.si\\\/produkt\\\/usb-kljuc-goodram16gb-3-2-gen-1\\\/\",\"url\":\"https:\\\/\\\/www.urbanspot.si\\\/produkt\\\/usb-kljuc-goodram16gb-3-2-gen-1\\\/\",\"name\":\"USB klju\u010d GOODRAM,16GB, 3.2 GEN 1 -\",\"isPartOf\":{\"@id\":\"https:\\\/\\\/www.urbanspot.si\\\/#website\"},\"primaryImageOfPage\":{\"@id\":\"https:\\\/\\\/www.urbanspot.si\\\/produkt\\\/usb-kljuc-goodram16gb-3-2-gen-1\\\/#primaryimage\"},\"image\":{\"@id\":\"https:\\\/\\\/www.urbanspot.si\\\/produkt\\\/usb-kljuc-goodram16gb-3-2-gen-1\\\/#primaryimage\"},\"thumbnailUrl\":\"https:\\\/\\\/www.urbanspot.si\\\/wp-content\\\/uploads\\\/goodram-16gb.jpg\",\"datePublished\":\"2025-04-02T07:30:27+00:00\",\"dateModified\":\"2026-03-18T13:51:07+00:00\",\"breadcrumb\":{\"@id\":\"https:\\\/\\\/www.urbanspot.si\\\/produkt\\\/usb-kljuc-goodram16gb-3-2-gen-1\\\/#breadcrumb\"},\"inLanguage\":\"hr\",\"potentialAction\":[{\"@type\":\"ReadAction\",\"target\":[\"https:\\\/\\\/www.urbanspot.si\\\/produkt\\\/usb-kljuc-goodram16gb-3-2-gen-1\\\/\"]}]},{\"@type\":\"ImageObject\",\"inLanguage\":\"hr\",\"@id\":\"https:\\\/\\\/www.urbanspot.si\\\/produkt\\\/usb-kljuc-goodram16gb-3-2-gen-1\\\/#primaryimage\",\"url\":\"https:\\\/\\\/www.urbanspot.si\\\/wp-content\\\/uploads\\\/goodram-16gb.jpg\",\"contentUrl\":\"https:\\\/\\\/www.urbanspot.si\\\/wp-content\\\/uploads\\\/goodram-16gb.jpg\",\"width\":1067,\"height\":1067},{\"@type\":\"BreadcrumbList\",\"@id\":\"https:\\\/\\\/www.urbanspot.si\\\/produkt\\\/usb-kljuc-goodram16gb-3-2-gen-1\\\/#breadcrumb\",\"itemListElement\":[{\"@type\":\"ListItem\",\"position\":1,\"name\":\"Home\",\"item\":\"https:\\\/\\\/www.urbanspot.si\\\/\"},{\"@type\":\"ListItem\",\"position\":2,\"name\":\"Shop\",\"item\":\"https:\\\/\\\/www.urbanspot.si\\\/shop\\\/\"},{\"@type\":\"ListItem\",\"position\":3,\"name\":\"USB klju\u010d GOODRAM,16GB, 3.2 GEN 1\"}]},{\"@type\":\"WebSite\",\"@id\":\"https:\\\/\\\/www.urbanspot.si\\\/#website\",\"url\":\"https:\\\/\\\/www.urbanspot.si\\\/\",\"name\":\"UrbanSpot\",\"description\":\"\",\"publisher\":{\"@id\":\"https:\\\/\\\/www.urbanspot.si\\\/#organization\"},\"potentialAction\":[{\"@type\":\"SearchAction\",\"target\":{\"@type\":\"EntryPoint\",\"urlTemplate\":\"https:\\\/\\\/www.urbanspot.si\\\/?s={search_term_string}\"},\"query-input\":{\"@type\":\"PropertyValueSpecification\",\"valueRequired\":true,\"valueName\":\"search_term_string\"}}],\"inLanguage\":\"hr\"},{\"@type\":\"Organization\",\"@id\":\"https:\\\/\\\/www.urbanspot.si\\\/#organization\",\"name\":\"UrbanSpot\",\"url\":\"https:\\\/\\\/www.urbanspot.si\\\/\",\"logo\":{\"@type\":\"ImageObject\",\"inLanguage\":\"hr\",\"@id\":\"https:\\\/\\\/www.urbanspot.si\\\/#\\\/schema\\\/logo\\\/image\\\/\",\"url\":\"https:\\\/\\\/www.urbanspot.si\\\/wp-content\\\/uploads\\\/urbanspot-logo.svg\",\"contentUrl\":\"https:\\\/\\\/www.urbanspot.si\\\/wp-content\\\/uploads\\\/urbanspot-logo.svg\",\"width\":185,\"height\":40,\"caption\":\"UrbanSpot\"},\"image\":{\"@id\":\"https:\\\/\\\/www.urbanspot.si\\\/#\\\/schema\\\/logo\\\/image\\\/\"},\"sameAs\":[\"https:\\\/\\\/www.facebook.com\\\/urbanspot.si\"]}]}<\/script>\n<!-- \/ Yoast SEO plugin. -->","yoast_head_json":{"title":"USB klju\u010d GOODRAM,16GB, 3.2 GEN 1 -","robots":{"index":"index","follow":"follow","max-snippet":"max-snippet:-1","max-image-preview":"max-image-preview:large","max-video-preview":"max-video-preview:-1"},"canonical":"https:\/\/www.urbanspot.si\/hr\/proizvod-2\/usb-kljuc-goodram16gb-3-2-gen-1\/","og_locale":"hr_HR","og_type":"article","og_title":"USB klju\u010d GOODRAM,16GB, 3.2 GEN 1 -","og_description":"USB klju\u010dek s kapaciteto 16 GB ima hitrost branja do 60 MB\/s in hitrost zapisa do 20 MB\/s, prakti\u010dno luknjo za obe\u0161anje na klju\u010de. Na voljo v srebrni barvi.","og_url":"https:\/\/www.urbanspot.si\/hr\/proizvod-2\/usb-kljuc-goodram16gb-3-2-gen-1\/","article_publisher":"https:\/\/www.facebook.com\/urbanspot.si","article_modified_time":"2026-03-18T13:51:07+00:00","og_image":[{"width":1067,"height":1067,"url":"https:\/\/www.urbanspot.si\/wp-content\/uploads\/goodram-16gb.jpg","type":"image\/jpeg"}],"twitter_card":"summary_large_image","twitter_misc":{"Procijenjeno vrijeme \u010ditanja":"1 minuta"},"schema":{"@context":"https:\/\/schema.org","@graph":[{"@type":"WebPage","@id":"https:\/\/www.urbanspot.si\/produkt\/usb-kljuc-goodram16gb-3-2-gen-1\/","url":"https:\/\/www.urbanspot.si\/produkt\/usb-kljuc-goodram16gb-3-2-gen-1\/","name":"USB klju\u010d GOODRAM,16GB, 3.2 GEN 1 -","isPartOf":{"@id":"https:\/\/www.urbanspot.si\/#website"},"primaryImageOfPage":{"@id":"https:\/\/www.urbanspot.si\/produkt\/usb-kljuc-goodram16gb-3-2-gen-1\/#primaryimage"},"image":{"@id":"https:\/\/www.urbanspot.si\/produkt\/usb-kljuc-goodram16gb-3-2-gen-1\/#primaryimage"},"thumbnailUrl":"https:\/\/www.urbanspot.si\/wp-content\/uploads\/goodram-16gb.jpg","datePublished":"2025-04-02T07:30:27+00:00","dateModified":"2026-03-18T13:51:07+00:00","breadcrumb":{"@id":"https:\/\/www.urbanspot.si\/produkt\/usb-kljuc-goodram16gb-3-2-gen-1\/#breadcrumb"},"inLanguage":"hr","potentialAction":[{"@type":"ReadAction","target":["https:\/\/www.urbanspot.si\/produkt\/usb-kljuc-goodram16gb-3-2-gen-1\/"]}]},{"@type":"ImageObject","inLanguage":"hr","@id":"https:\/\/www.urbanspot.si\/produkt\/usb-kljuc-goodram16gb-3-2-gen-1\/#primaryimage","url":"https:\/\/www.urbanspot.si\/wp-content\/uploads\/goodram-16gb.jpg","contentUrl":"https:\/\/www.urbanspot.si\/wp-content\/uploads\/goodram-16gb.jpg","width":1067,"height":1067},{"@type":"BreadcrumbList","@id":"https:\/\/www.urbanspot.si\/produkt\/usb-kljuc-goodram16gb-3-2-gen-1\/#breadcrumb","itemListElement":[{"@type":"ListItem","position":1,"name":"Home","item":"https:\/\/www.urbanspot.si\/"},{"@type":"ListItem","position":2,"name":"Shop","item":"https:\/\/www.urbanspot.si\/shop\/"},{"@type":"ListItem","position":3,"name":"USB klju\u010d GOODRAM,16GB, 3.2 GEN 1"}]},{"@type":"WebSite","@id":"https:\/\/www.urbanspot.si\/#website","url":"https:\/\/www.urbanspot.si\/","name":"UrbanSpot","description":"","publisher":{"@id":"https:\/\/www.urbanspot.si\/#organization"},"potentialAction":[{"@type":"SearchAction","target":{"@type":"EntryPoint","urlTemplate":"https:\/\/www.urbanspot.si\/?s={search_term_string}"},"query-input":{"@type":"PropertyValueSpecification","valueRequired":true,"valueName":"search_term_string"}}],"inLanguage":"hr"},{"@type":"Organization","@id":"https:\/\/www.urbanspot.si\/#organization","name":"UrbanSpot","url":"https:\/\/www.urbanspot.si\/","logo":{"@type":"ImageObject","inLanguage":"hr","@id":"https:\/\/www.urbanspot.si\/#\/schema\/logo\/image\/","url":"https:\/\/www.urbanspot.si\/wp-content\/uploads\/urbanspot-logo.svg","contentUrl":"https:\/\/www.urbanspot.si\/wp-content\/uploads\/urbanspot-logo.svg","width":185,"height":40,"caption":"UrbanSpot"},"image":{"@id":"https:\/\/www.urbanspot.si\/#\/schema\/logo\/image\/"},"sameAs":["https:\/\/www.facebook.com\/urbanspot.si"]}]}},"_links":{"self":[{"href":"https:\/\/www.urbanspot.si\/hr\/wp-json\/wp\/v2\/product\/20531","targetHints":{"allow":["GET"]}}],"collection":[{"href":"https:\/\/www.urbanspot.si\/hr\/wp-json\/wp\/v2\/product"}],"about":[{"href":"https:\/\/www.urbanspot.si\/hr\/wp-json\/wp\/v2\/types\/product"}],"replies":[{"embeddable":true,"href":"https:\/\/www.urbanspot.si\/hr\/wp-json\/wp\/v2\/comments?post=20531"}],"version-history":[{"count":2,"href":"https:\/\/www.urbanspot.si\/hr\/wp-json\/wp\/v2\/product\/20531\/revisions"}],"predecessor-version":[{"id":20537,"href":"https:\/\/www.urbanspot.si\/hr\/wp-json\/wp\/v2\/product\/20531\/revisions\/20537"}],"wp:featuredmedia":[{"embeddable":true,"href":"https:\/\/www.urbanspot.si\/hr\/wp-json\/wp\/v2\/media\/20534"}],"wp:attachment":[{"href":"https:\/\/www.urbanspot.si\/hr\/wp-json\/wp\/v2\/media?parent=20531"}],"wp:term":[{"taxonomy":"product_brand","embeddable":true,"href":"https:\/\/www.urbanspot.si\/hr\/wp-json\/wp\/v2\/product_brand?post=20531"},{"taxonomy":"product_cat","embeddable":true,"href":"https:\/\/www.urbanspot.si\/hr\/wp-json\/wp\/v2\/product_cat?post=20531"},{"taxonomy":"product_tag","embeddable":true,"href":"https:\/\/www.urbanspot.si\/hr\/wp-json\/wp\/v2\/product_tag?post=20531"}],"curies":[{"name":"radni list","href":"https:\/\/api.w.org\/{rel}","templated":true}]}}