{"id":20795,"date":"2025-05-16T16:28:45","date_gmt":"2025-05-16T14:28:45","guid":{"rendered":"https:\/\/www.urbanspot.si\/?post_type=product&#038;p=20795"},"modified":"2026-03-18T15:51:01","modified_gmt":"2026-03-18T13:51:01","slug":"20795","status":"publish","type":"product","link":"https:\/\/www.urbanspot.si\/hr\/produkt\/20795\/","title":{"rendered":"Spigen Ultra Hybrid MagSafe za\u0161titna futrola za iPhone 16 Pro Max"},"content":{"rendered":"<p>Spigen Ultra Hybrid maska izra\u0111ena je od visokokvalitetnih materijala koji \u0161tite va\u0161 telefon od svakodnevne prljav\u0161tine, ogrebotina i udaraca.<\/p>\n<p>Zna\u010dajke:<\/p>\n<ul>\n<li>Potpuno funkcionalno<\/li>\n<li>Savr\u0161eno pristaje telefonu<\/li>\n<li>Tanka i d\u017eepna torbica<\/li>\n<li>Omogu\u0107uje be\u017ei\u010dno punjenje<\/li>\n<li>Izra\u0111en od visokokvalitetnog TPU materijala<\/li>\n<li>Omogu\u0107uje kori\u0161tenje magnetskog dr\u017ea\u010da za automobil<\/li>\n<li>Ku\u0107i\u0161te je izra\u0111eno od visokokvalitetnog polikarbonata.<\/li>\n<li>Jednostavna instalacija<\/li>\n<li>Moderan i minimalisti\u010dki dizajn<\/li>\n<\/ul>\n<pre id=\"tw-target-text\" class=\"tw-data-text tw-text-large XcVN5d tw-ta\" dir=\"ltr\" data-placeholder=\"Translation\"><\/pre>","protected":false},"excerpt":{"rendered":"<p>Izuzetno tanka maska za telefon. U\u010dinkovito i pouzdano \u0161titi va\u0161 ure\u0111aj od o\u0161te\u0107enja i ogrebotina te pobolj\u0161ava prianjanje. Zahvaljuju\u0107i tankom dizajnu i laganoj konstrukciji, zadr\u017eava prirodni izgled va\u0161eg telefona. Svi Spigen proizvodi testirani su na otpornost na habanje i precizno pristajanje kako bi se osigurao visokokvalitetan futrol.<\/p>","protected":false},"featured_media":20785,"comment_status":"open","ping_status":"closed","template":"","meta":[],"product_brand":[],"product_cat":[119,92,623,624,560,91],"product_tag":[],"class_list":{"0":"post-20795","1":"product","2":"type-product","3":"status-publish","4":"has-post-thumbnail","6":"product_cat-apple-ovitki-stekla","7":"product_cat-apple","8":"product_cat-apple-iphone-16-serija","9":"product_cat-iphone-16-pro-max","10":"product_cat-ovitki-za-telefone","11":"product_cat-razprodaja","12":"pa_primerno-za-model-iphone-16-pro-max","14":"first","15":"outofstock","16":"sale","17":"taxable","18":"shipping-taxable","19":"purchasable","20":"product-type-simple"},"yoast_head":"<!-- This site is optimized with the Yoast SEO plugin v27.2 - https:\/\/yoast.com\/product\/yoast-seo-wordpress\/ -->\n<title>Spigen za\u0161\u010ditni ovitek Ultra Hybrid MagSafe , Iphone 16 Pro Max -<\/title>\n<meta name=\"robots\" content=\"index, follow, max-snippet:-1, max-image-preview:large, max-video-preview:-1\" \/>\n<link rel=\"canonical\" href=\"https:\/\/www.urbanspot.si\/hr\/proizvod-2\/20795\/\" \/>\n<meta property=\"og:locale\" content=\"hr_HR\" \/>\n<meta property=\"og:type\" content=\"article\" \/>\n<meta property=\"og:title\" content=\"Spigen za\u0161\u010ditni ovitek Ultra Hybrid MagSafe , Iphone 16 Pro Max -\" \/>\n<meta property=\"og:description\" content=\"Izjemno tanek ovitek za telefon. U\u010dinkovito in zanesljivo va\u0161o napravo \u0161\u010diti pred po\u0161kodbami in praskami, izbolj\u0161a njen oprijem v roki. Zahvaljujo\u010d tanki obliki in lahkemu ohi\u0161ju pa poskrbi za naraven videz telefona. Vsi izdelki Spigen so preizku\u0161eni glede odpornosti proti obrabi in natan\u010dnega prileganja za zagotavljanje visokokakovostnega ovitka.\" \/>\n<meta property=\"og:url\" content=\"https:\/\/www.urbanspot.si\/hr\/proizvod-2\/20795\/\" \/>\n<meta property=\"article:publisher\" content=\"https:\/\/www.facebook.com\/urbanspot.si\" \/>\n<meta property=\"article:modified_time\" content=\"2026-03-18T13:51:01+00:00\" \/>\n<meta property=\"og:image\" content=\"https:\/\/www.urbanspot.si\/wp-content\/uploads\/Spigen-Ultra-Hybrid-Case-2.webp\" \/>\n\t<meta property=\"og:image:width\" content=\"1000\" \/>\n\t<meta property=\"og:image:height\" content=\"1000\" \/>\n\t<meta property=\"og:image:type\" content=\"image\/webp\" \/>\n<meta name=\"twitter:card\" content=\"summary_large_image\" \/>\n<meta name=\"twitter:label1\" content=\"Procijenjeno vrijeme \u010ditanja\" \/>\n\t<meta name=\"twitter:data1\" content=\"1 minuta\" \/>\n<script type=\"application\/ld+json\" class=\"yoast-schema-graph\">{\"@context\":\"https:\/\/schema.org\",\"@graph\":[{\"@type\":\"WebPage\",\"@id\":\"https:\/\/www.urbanspot.si\/produkt\/20795\/\",\"url\":\"https:\/\/www.urbanspot.si\/produkt\/20795\/\",\"name\":\"Spigen za\u0161\u010ditni ovitek Ultra Hybrid MagSafe , Iphone 16 Pro Max -\",\"isPartOf\":{\"@id\":\"https:\/\/www.urbanspot.si\/#website\"},\"primaryImageOfPage\":{\"@id\":\"https:\/\/www.urbanspot.si\/produkt\/20795\/#primaryimage\"},\"image\":{\"@id\":\"https:\/\/www.urbanspot.si\/produkt\/20795\/#primaryimage\"},\"thumbnailUrl\":\"https:\/\/www.urbanspot.si\/wp-content\/uploads\/Spigen-Ultra-Hybrid-Case-2.webp\",\"datePublished\":\"2025-05-16T14:28:45+00:00\",\"dateModified\":\"2026-03-18T13:51:01+00:00\",\"breadcrumb\":{\"@id\":\"https:\/\/www.urbanspot.si\/produkt\/20795\/#breadcrumb\"},\"inLanguage\":\"hr\",\"potentialAction\":[{\"@type\":\"ReadAction\",\"target\":[\"https:\/\/www.urbanspot.si\/produkt\/20795\/\"]}]},{\"@type\":\"ImageObject\",\"inLanguage\":\"hr\",\"@id\":\"https:\/\/www.urbanspot.si\/produkt\/20795\/#primaryimage\",\"url\":\"https:\/\/www.urbanspot.si\/wp-content\/uploads\/Spigen-Ultra-Hybrid-Case-2.webp\",\"contentUrl\":\"https:\/\/www.urbanspot.si\/wp-content\/uploads\/Spigen-Ultra-Hybrid-Case-2.webp\",\"width\":1000,\"height\":1000},{\"@type\":\"BreadcrumbList\",\"@id\":\"https:\/\/www.urbanspot.si\/produkt\/20795\/#breadcrumb\",\"itemListElement\":[{\"@type\":\"ListItem\",\"position\":1,\"name\":\"Home\",\"item\":\"https:\/\/www.urbanspot.si\/\"},{\"@type\":\"ListItem\",\"position\":2,\"name\":\"Shop\",\"item\":\"https:\/\/www.urbanspot.si\/shop\/\"},{\"@type\":\"ListItem\",\"position\":3,\"name\":\"Spigen za\u0161\u010ditni ovitek Ultra Hybrid MagSafe , Iphone 16 Pro Max\"}]},{\"@type\":\"WebSite\",\"@id\":\"https:\/\/www.urbanspot.si\/#website\",\"url\":\"https:\/\/www.urbanspot.si\/\",\"name\":\"UrbanSpot\",\"description\":\"\",\"publisher\":{\"@id\":\"https:\/\/www.urbanspot.si\/#organization\"},\"potentialAction\":[{\"@type\":\"SearchAction\",\"target\":{\"@type\":\"EntryPoint\",\"urlTemplate\":\"https:\/\/www.urbanspot.si\/?s={search_term_string}\"},\"query-input\":{\"@type\":\"PropertyValueSpecification\",\"valueRequired\":true,\"valueName\":\"search_term_string\"}}],\"inLanguage\":\"hr\"},{\"@type\":\"Organization\",\"@id\":\"https:\/\/www.urbanspot.si\/#organization\",\"name\":\"UrbanSpot\",\"url\":\"https:\/\/www.urbanspot.si\/\",\"logo\":{\"@type\":\"ImageObject\",\"inLanguage\":\"hr\",\"@id\":\"https:\/\/www.urbanspot.si\/#\/schema\/logo\/image\/\",\"url\":\"https:\/\/www.urbanspot.si\/wp-content\/uploads\/urbanspot-logo.svg\",\"contentUrl\":\"https:\/\/www.urbanspot.si\/wp-content\/uploads\/urbanspot-logo.svg\",\"width\":185,\"height\":40,\"caption\":\"UrbanSpot\"},\"image\":{\"@id\":\"https:\/\/www.urbanspot.si\/#\/schema\/logo\/image\/\"},\"sameAs\":[\"https:\/\/www.facebook.com\/urbanspot.si\"]}]}<\/script>\n<!-- \/ Yoast SEO plugin. -->","yoast_head_json":{"title":"Spigen za\u0161\u010ditni ovitek Ultra Hybrid MagSafe , Iphone 16 Pro Max -","robots":{"index":"index","follow":"follow","max-snippet":"max-snippet:-1","max-image-preview":"max-image-preview:large","max-video-preview":"max-video-preview:-1"},"canonical":"https:\/\/www.urbanspot.si\/hr\/proizvod-2\/20795\/","og_locale":"hr_HR","og_type":"article","og_title":"Spigen za\u0161\u010ditni ovitek Ultra Hybrid MagSafe , Iphone 16 Pro Max -","og_description":"Izjemno tanek ovitek za telefon. U\u010dinkovito in zanesljivo va\u0161o napravo \u0161\u010diti pred po\u0161kodbami in praskami, izbolj\u0161a njen oprijem v roki. Zahvaljujo\u010d tanki obliki in lahkemu ohi\u0161ju pa poskrbi za naraven videz telefona. Vsi izdelki Spigen so preizku\u0161eni glede odpornosti proti obrabi in natan\u010dnega prileganja za zagotavljanje visokokakovostnega ovitka.","og_url":"https:\/\/www.urbanspot.si\/hr\/proizvod-2\/20795\/","article_publisher":"https:\/\/www.facebook.com\/urbanspot.si","article_modified_time":"2026-03-18T13:51:01+00:00","og_image":[{"width":1000,"height":1000,"url":"https:\/\/www.urbanspot.si\/wp-content\/uploads\/Spigen-Ultra-Hybrid-Case-2.webp","type":"image\/webp"}],"twitter_card":"summary_large_image","twitter_misc":{"Procijenjeno vrijeme \u010ditanja":"1 minuta"},"schema":{"@context":"https:\/\/schema.org","@graph":[{"@type":"WebPage","@id":"https:\/\/www.urbanspot.si\/produkt\/20795\/","url":"https:\/\/www.urbanspot.si\/produkt\/20795\/","name":"Spigen za\u0161\u010ditni ovitek Ultra Hybrid MagSafe , Iphone 16 Pro Max -","isPartOf":{"@id":"https:\/\/www.urbanspot.si\/#website"},"primaryImageOfPage":{"@id":"https:\/\/www.urbanspot.si\/produkt\/20795\/#primaryimage"},"image":{"@id":"https:\/\/www.urbanspot.si\/produkt\/20795\/#primaryimage"},"thumbnailUrl":"https:\/\/www.urbanspot.si\/wp-content\/uploads\/Spigen-Ultra-Hybrid-Case-2.webp","datePublished":"2025-05-16T14:28:45+00:00","dateModified":"2026-03-18T13:51:01+00:00","breadcrumb":{"@id":"https:\/\/www.urbanspot.si\/produkt\/20795\/#breadcrumb"},"inLanguage":"hr","potentialAction":[{"@type":"ReadAction","target":["https:\/\/www.urbanspot.si\/produkt\/20795\/"]}]},{"@type":"ImageObject","inLanguage":"hr","@id":"https:\/\/www.urbanspot.si\/produkt\/20795\/#primaryimage","url":"https:\/\/www.urbanspot.si\/wp-content\/uploads\/Spigen-Ultra-Hybrid-Case-2.webp","contentUrl":"https:\/\/www.urbanspot.si\/wp-content\/uploads\/Spigen-Ultra-Hybrid-Case-2.webp","width":1000,"height":1000},{"@type":"BreadcrumbList","@id":"https:\/\/www.urbanspot.si\/produkt\/20795\/#breadcrumb","itemListElement":[{"@type":"ListItem","position":1,"name":"Home","item":"https:\/\/www.urbanspot.si\/"},{"@type":"ListItem","position":2,"name":"Shop","item":"https:\/\/www.urbanspot.si\/shop\/"},{"@type":"ListItem","position":3,"name":"Spigen za\u0161\u010ditni ovitek Ultra Hybrid MagSafe , Iphone 16 Pro Max"}]},{"@type":"WebSite","@id":"https:\/\/www.urbanspot.si\/#website","url":"https:\/\/www.urbanspot.si\/","name":"UrbanSpot","description":"","publisher":{"@id":"https:\/\/www.urbanspot.si\/#organization"},"potentialAction":[{"@type":"SearchAction","target":{"@type":"EntryPoint","urlTemplate":"https:\/\/www.urbanspot.si\/?s={search_term_string}"},"query-input":{"@type":"PropertyValueSpecification","valueRequired":true,"valueName":"search_term_string"}}],"inLanguage":"hr"},{"@type":"Organization","@id":"https:\/\/www.urbanspot.si\/#organization","name":"UrbanSpot","url":"https:\/\/www.urbanspot.si\/","logo":{"@type":"ImageObject","inLanguage":"hr","@id":"https:\/\/www.urbanspot.si\/#\/schema\/logo\/image\/","url":"https:\/\/www.urbanspot.si\/wp-content\/uploads\/urbanspot-logo.svg","contentUrl":"https:\/\/www.urbanspot.si\/wp-content\/uploads\/urbanspot-logo.svg","width":185,"height":40,"caption":"UrbanSpot"},"image":{"@id":"https:\/\/www.urbanspot.si\/#\/schema\/logo\/image\/"},"sameAs":["https:\/\/www.facebook.com\/urbanspot.si"]}]}},"_links":{"self":[{"href":"https:\/\/www.urbanspot.si\/hr\/wp-json\/wp\/v2\/product\/20795","targetHints":{"allow":["GET"]}}],"collection":[{"href":"https:\/\/www.urbanspot.si\/hr\/wp-json\/wp\/v2\/product"}],"about":[{"href":"https:\/\/www.urbanspot.si\/hr\/wp-json\/wp\/v2\/types\/product"}],"replies":[{"embeddable":true,"href":"https:\/\/www.urbanspot.si\/hr\/wp-json\/wp\/v2\/comments?post=20795"}],"version-history":[{"count":3,"href":"https:\/\/www.urbanspot.si\/hr\/wp-json\/wp\/v2\/product\/20795\/revisions"}],"predecessor-version":[{"id":21272,"href":"https:\/\/www.urbanspot.si\/hr\/wp-json\/wp\/v2\/product\/20795\/revisions\/21272"}],"wp:featuredmedia":[{"embeddable":true,"href":"https:\/\/www.urbanspot.si\/hr\/wp-json\/wp\/v2\/media\/20785"}],"wp:attachment":[{"href":"https:\/\/www.urbanspot.si\/hr\/wp-json\/wp\/v2\/media?parent=20795"}],"wp:term":[{"taxonomy":"product_brand","embeddable":true,"href":"https:\/\/www.urbanspot.si\/hr\/wp-json\/wp\/v2\/product_brand?post=20795"},{"taxonomy":"product_cat","embeddable":true,"href":"https:\/\/www.urbanspot.si\/hr\/wp-json\/wp\/v2\/product_cat?post=20795"},{"taxonomy":"product_tag","embeddable":true,"href":"https:\/\/www.urbanspot.si\/hr\/wp-json\/wp\/v2\/product_tag?post=20795"}],"curies":[{"name":"radni list","href":"https:\/\/api.w.org\/{rel}","templated":true}]}}