{"id":20798,"date":"2025-05-16T16:42:23","date_gmt":"2025-05-16T14:42:23","guid":{"rendered":"https:\/\/www.urbanspot.si\/?post_type=product&#038;p=20798"},"modified":"2026-03-19T16:03:09","modified_gmt":"2026-03-19T14:03:09","slug":"remen-za-djecji-sat-z1-crni-najlon","status":"publish","type":"product","link":"https:\/\/www.urbanspot.si\/hr\/produkt\/pascek-za-otrosko-uro-z1-crn-najlon\/","title":{"rendered":"Remen za dje\u010dji sat Z1, crni, najlon"},"content":{"rendered":"<ul>\n<li id=\"tw-target-text\" class=\"tw-data-text tw-text-large tw-ta\" dir=\"ltr\" data-placeholder=\"Prevod\" data-ved=\"2ahUKEwiYjYCBxqqPAxVfFRAIHb9iEXwQ3ewLegQICRAW\" aria-label=\"Prevedeni tekst: O ovom proizvodu Visokokvalitetni najlon: Izra\u0111en od visokokvalitetnog najlonskog materijala, remen nudi izvrsnu izdr\u017eljivost i udobnost, osiguravaju\u0107i dugotrajnu potporu i udobno no\u0161enje. Lagan i udoban: Izra\u0111en od laganog materijala, remen je mekan i udoban, a te\u017einu pri no\u0161enju gotovo da ne\u0107ete osjetiti, tako da se ne\u0107ete osje\u0107ati nelagodno pri duljem no\u0161enju. Brza instalacija: Najlonski remen ima prakti\u010dan dizajn instalacije koji vam omogu\u0107uje brzu i jednostavnu promjenu remena bez alata, \u0161tede\u0107i vam vrijeme i trud. Jednostavno pode\u0161avanje: Remen je dizajniran da odgovara razli\u010ditim zape\u0161\u0107ima. Tako mo\u017eete lako prona\u0107i savr\u0161enu duljinu no\u0161enja i u\u017eivati u individualnoj udobnosti. Izvrsna prozra\u010dnost: Najlonski materijal ima izvrsnu prozra\u010dnost, \u0161to u\u010dinkovito sprje\u010dava znojenje i nelagodu na zape\u0161\u0107u, tako da ostajete suhi i udobni \u010dak i tijekom sporta ili po vru\u0107em vremenu.\"><span class=\"Y2IQFc\" lang=\"sl\">Izra\u0111en od visokokvalitetnog najlonskog materijala, remen nudi izvrsnu izdr\u017eljivost i udobnost, osiguravaju\u0107i dugotrajnu potporu i udobno no\u0161enje. <\/span><\/li>\n<li class=\"tw-data-text tw-text-large tw-ta\" dir=\"ltr\" data-placeholder=\"Prevod\" data-ved=\"2ahUKEwiYjYCBxqqPAxVfFRAIHb9iEXwQ3ewLegQICRAW\" aria-label=\"Prevedeni tekst: O ovom proizvodu Visokokvalitetni najlon: Izra\u0111en od visokokvalitetnog najlonskog materijala, remen nudi izvrsnu izdr\u017eljivost i udobnost, osiguravaju\u0107i dugotrajnu potporu i udobno no\u0161enje. Lagan i udoban: Izra\u0111en od laganog materijala, remen je mekan i udoban, a te\u017einu pri no\u0161enju gotovo da ne\u0107ete osjetiti, tako da se ne\u0107ete osje\u0107ati nelagodno pri duljem no\u0161enju. Brza instalacija: Najlonski remen ima prakti\u010dan dizajn instalacije koji vam omogu\u0107uje brzu i jednostavnu promjenu remena bez alata, \u0161tede\u0107i vam vrijeme i trud. Jednostavno pode\u0161avanje: Remen je dizajniran da odgovara razli\u010ditim zape\u0161\u0107ima. Tako mo\u017eete lako prona\u0107i savr\u0161enu duljinu no\u0161enja i u\u017eivati u individualnoj udobnosti. Izvrsna prozra\u010dnost: Najlonski materijal ima izvrsnu prozra\u010dnost, \u0161to u\u010dinkovito sprje\u010dava znojenje i nelagodu na zape\u0161\u0107u, tako da ostajete suhi i udobni \u010dak i tijekom sporta ili po vru\u0107em vremenu.\"><span class=\"Y2IQFc\" lang=\"sl\">Lagan i udoban: Izra\u0111en od laganog materijala, remen je mekan i udoban, a te\u017einu tijekom no\u0161enja gotovo da ne osje\u0107ate, tako da se ne\u0107ete osje\u0107ati nelagodno ako ga nosite dulje vrijeme. <\/span><\/li>\n<li class=\"tw-data-text tw-text-large tw-ta\" dir=\"ltr\" data-placeholder=\"Prevod\" data-ved=\"2ahUKEwiYjYCBxqqPAxVfFRAIHb9iEXwQ3ewLegQICRAW\" aria-label=\"Prevedeni tekst: O ovom proizvodu Visokokvalitetni najlon: Izra\u0111en od visokokvalitetnog najlonskog materijala, remen nudi izvrsnu izdr\u017eljivost i udobnost, osiguravaju\u0107i dugotrajnu potporu i udobno no\u0161enje. Lagan i udoban: Izra\u0111en od laganog materijala, remen je mekan i udoban, a te\u017einu pri no\u0161enju gotovo da ne\u0107ete osjetiti, tako da se ne\u0107ete osje\u0107ati nelagodno pri duljem no\u0161enju. Brza instalacija: Najlonski remen ima prakti\u010dan dizajn instalacije koji vam omogu\u0107uje brzu i jednostavnu promjenu remena bez alata, \u0161tede\u0107i vam vrijeme i trud. Jednostavno pode\u0161avanje: Remen je dizajniran da odgovara razli\u010ditim zape\u0161\u0107ima. Tako mo\u017eete lako prona\u0107i savr\u0161enu duljinu no\u0161enja i u\u017eivati u individualnoj udobnosti. Izvrsna prozra\u010dnost: Najlonski materijal ima izvrsnu prozra\u010dnost, \u0161to u\u010dinkovito sprje\u010dava znojenje i nelagodu na zape\u0161\u0107u, tako da ostajete suhi i udobni \u010dak i tijekom sporta ili po vru\u0107em vremenu.\"><span class=\"Y2IQFc\" lang=\"sl\">Brza instalacija: Najlonska traka ima prakti\u010dan dizajn instalacije koji vam omogu\u0107uje brzu i jednostavnu promjenu trake bez alata, \u0161tede\u0107i vam vrijeme i trud. <\/span><\/li>\n<li class=\"tw-data-text tw-text-large tw-ta\" dir=\"ltr\" data-placeholder=\"Prevod\" data-ved=\"2ahUKEwiYjYCBxqqPAxVfFRAIHb9iEXwQ3ewLegQICRAW\" aria-label=\"Prevedeni tekst: O ovom proizvodu Visokokvalitetni najlon: Izra\u0111en od visokokvalitetnog najlonskog materijala, remen nudi izvrsnu izdr\u017eljivost i udobnost, osiguravaju\u0107i dugotrajnu potporu i udobno no\u0161enje. Lagan i udoban: Izra\u0111en od laganog materijala, remen je mekan i udoban, a te\u017einu pri no\u0161enju gotovo da ne\u0107ete osjetiti, tako da se ne\u0107ete osje\u0107ati nelagodno pri duljem no\u0161enju. Brza instalacija: Najlonski remen ima prakti\u010dan dizajn instalacije koji vam omogu\u0107uje brzu i jednostavnu promjenu remena bez alata, \u0161tede\u0107i vam vrijeme i trud. Jednostavno pode\u0161avanje: Remen je dizajniran da odgovara razli\u010ditim zape\u0161\u0107ima. Tako mo\u017eete lako prona\u0107i savr\u0161enu duljinu no\u0161enja i u\u017eivati u individualnoj udobnosti. Izvrsna prozra\u010dnost: Najlonski materijal ima izvrsnu prozra\u010dnost, \u0161to u\u010dinkovito sprje\u010dava znojenje i nelagodu na zape\u0161\u0107u, tako da ostajete suhi i udobni \u010dak i tijekom sporta ili po vru\u0107em vremenu.\"><span class=\"Y2IQFc\" lang=\"sl\">Jednostavno pode\u0161avanje: Remen je dizajniran da odgovara raznim zape\u0161\u0107ima. Tako mo\u017eete lako prona\u0107i savr\u0161enu duljinu no\u0161enja i u\u017eivati u individualnoj udobnosti. <\/span><\/li>\n<li class=\"tw-data-text tw-text-large tw-ta\" dir=\"ltr\" data-placeholder=\"Prevod\" data-ved=\"2ahUKEwiYjYCBxqqPAxVfFRAIHb9iEXwQ3ewLegQICRAW\" aria-label=\"Prevedeni tekst: O ovom proizvodu Visokokvalitetni najlon: Izra\u0111en od visokokvalitetnog najlonskog materijala, remen nudi izvrsnu izdr\u017eljivost i udobnost, osiguravaju\u0107i dugotrajnu potporu i udobno no\u0161enje. Lagan i udoban: Izra\u0111en od laganog materijala, remen je mekan i udoban, a te\u017einu pri no\u0161enju gotovo da ne\u0107ete osjetiti, tako da se ne\u0107ete osje\u0107ati nelagodno pri duljem no\u0161enju. Brza instalacija: Najlonski remen ima prakti\u010dan dizajn instalacije koji vam omogu\u0107uje brzu i jednostavnu promjenu remena bez alata, \u0161tede\u0107i vam vrijeme i trud. Jednostavno pode\u0161avanje: Remen je dizajniran da odgovara razli\u010ditim zape\u0161\u0107ima. Tako mo\u017eete lako prona\u0107i savr\u0161enu duljinu no\u0161enja i u\u017eivati u individualnoj udobnosti. Izvrsna prozra\u010dnost: Najlonski materijal ima izvrsnu prozra\u010dnost, \u0161to u\u010dinkovito sprje\u010dava znojenje i nelagodu na zape\u0161\u0107u, tako da ostajete suhi i udobni \u010dak i tijekom sporta ili po vru\u0107em vremenu.\"><span class=\"Y2IQFc\" lang=\"sl\">Izvrsna prozra\u010dnost: Najlonski materijal ima izvrsnu prozra\u010dnost, \u0161to u\u010dinkovito sprje\u010dava znojenje i nelagodu na zape\u0161\u0107u, odr\u017eavaju\u0107i vas suhima i udobnima \u010dak i tijekom sporta ili po vru\u0107em vremenu.<\/span><span class=\"Y2IQFc\" lang=\"sl\"> vrijeme<\/span><\/li>\n<\/ul>","protected":false},"excerpt":{"rendered":"<p><span class=\"Y2IQFc\" lang=\"sl\">Remen za dje\u010dji sat Imoo Z1 izra\u0111en je od visokokvalitetnog najlonskog materijala, remen nudi izvrsnu izdr\u017eljivost i udobnost, osiguravaju\u0107i dugotrajnu potporu i udobno no\u0161enje.<\/span><\/p>","protected":false},"featured_media":20802,"comment_status":"open","ping_status":"closed","template":"","meta":[],"product_brand":[],"product_cat":[109,552,91],"product_tag":[],"class_list":{"0":"post-20798","1":"product","2":"type-product","3":"status-publish","4":"has-post-thumbnail","6":"product_cat-otroska-ura-imoo","7":"product_cat-pametne-ure-in-zapestnice","8":"product_cat-razprodaja","10":"first","11":"instock","12":"sale","13":"taxable","14":"shipping-taxable","15":"purchasable","16":"product-type-simple"},"yoast_head":"<!-- This site is optimized with the Yoast SEO plugin v27.2 - https:\/\/yoast.com\/product\/yoast-seo-wordpress\/ -->\n<title>Pa\u0161\u010dek za otro\u0161ko uro Z1, \u010drn, najlon -<\/title>\n<meta name=\"robots\" content=\"index, follow, max-snippet:-1, max-image-preview:large, max-video-preview:-1\" \/>\n<link rel=\"canonical\" href=\"https:\/\/www.urbanspot.si\/hr\/proizvod-2\/remen-za-djecji-sat-z1-crni-najlon\/\" \/>\n<meta property=\"og:locale\" content=\"hr_HR\" \/>\n<meta property=\"og:type\" content=\"article\" \/>\n<meta property=\"og:title\" content=\"Pa\u0161\u010dek za otro\u0161ko uro Z1, \u010drn, najlon -\" \/>\n<meta property=\"og:description\" content=\"Pa\u0161\u010dek za otro\u0161ko uro Imoo Z1 izdelan iz visokokakovostnega najlonskega materiala, trak ponuja odli\u010dno vzdr\u017eljivost in udobje ter zagotavlja dolgotrajno oporo in udobno no\u0161enje.\" \/>\n<meta property=\"og:url\" content=\"https:\/\/www.urbanspot.si\/hr\/proizvod-2\/remen-za-djecji-sat-z1-crni-najlon\/\" \/>\n<meta property=\"article:publisher\" content=\"https:\/\/www.facebook.com\/urbanspot.si\" \/>\n<meta property=\"article:modified_time\" content=\"2026-03-19T14:03:09+00:00\" \/>\n<meta property=\"og:image\" content=\"https:\/\/www.urbanspot.si\/wp-content\/uploads\/z1-strap-1.jpg\" \/>\n\t<meta property=\"og:image:width\" content=\"679\" \/>\n\t<meta property=\"og:image:height\" content=\"776\" \/>\n\t<meta property=\"og:image:type\" content=\"image\/jpeg\" \/>\n<meta name=\"twitter:card\" content=\"summary_large_image\" \/>\n<meta name=\"twitter:label1\" content=\"Procijenjeno vrijeme \u010ditanja\" \/>\n\t<meta name=\"twitter:data1\" content=\"1 minuta\" \/>\n<script type=\"application\/ld+json\" class=\"yoast-schema-graph\">{\"@context\":\"https:\/\/schema.org\",\"@graph\":[{\"@type\":\"WebPage\",\"@id\":\"https:\/\/www.urbanspot.si\/produkt\/pascek-za-otrosko-uro-z1-crn-najlon\/\",\"url\":\"https:\/\/www.urbanspot.si\/produkt\/pascek-za-otrosko-uro-z1-crn-najlon\/\",\"name\":\"Pa\u0161\u010dek za otro\u0161ko uro Z1, \u010drn, najlon -\",\"isPartOf\":{\"@id\":\"https:\/\/www.urbanspot.si\/#website\"},\"primaryImageOfPage\":{\"@id\":\"https:\/\/www.urbanspot.si\/produkt\/pascek-za-otrosko-uro-z1-crn-najlon\/#primaryimage\"},\"image\":{\"@id\":\"https:\/\/www.urbanspot.si\/produkt\/pascek-za-otrosko-uro-z1-crn-najlon\/#primaryimage\"},\"thumbnailUrl\":\"https:\/\/www.urbanspot.si\/wp-content\/uploads\/z1-strap-1.jpg\",\"datePublished\":\"2025-05-16T14:42:23+00:00\",\"dateModified\":\"2026-03-19T14:03:09+00:00\",\"breadcrumb\":{\"@id\":\"https:\/\/www.urbanspot.si\/produkt\/pascek-za-otrosko-uro-z1-crn-najlon\/#breadcrumb\"},\"inLanguage\":\"hr\",\"potentialAction\":[{\"@type\":\"ReadAction\",\"target\":[\"https:\/\/www.urbanspot.si\/produkt\/pascek-za-otrosko-uro-z1-crn-najlon\/\"]}]},{\"@type\":\"ImageObject\",\"inLanguage\":\"hr\",\"@id\":\"https:\/\/www.urbanspot.si\/produkt\/pascek-za-otrosko-uro-z1-crn-najlon\/#primaryimage\",\"url\":\"https:\/\/www.urbanspot.si\/wp-content\/uploads\/z1-strap-1.jpg\",\"contentUrl\":\"https:\/\/www.urbanspot.si\/wp-content\/uploads\/z1-strap-1.jpg\",\"width\":679,\"height\":776},{\"@type\":\"BreadcrumbList\",\"@id\":\"https:\/\/www.urbanspot.si\/produkt\/pascek-za-otrosko-uro-z1-crn-najlon\/#breadcrumb\",\"itemListElement\":[{\"@type\":\"ListItem\",\"position\":1,\"name\":\"Home\",\"item\":\"https:\/\/www.urbanspot.si\/\"},{\"@type\":\"ListItem\",\"position\":2,\"name\":\"Shop\",\"item\":\"https:\/\/www.urbanspot.si\/shop\/\"},{\"@type\":\"ListItem\",\"position\":3,\"name\":\"Pa\u0161\u010dek za otro\u0161ko uro Z1, \u010drn, najlon\"}]},{\"@type\":\"WebSite\",\"@id\":\"https:\/\/www.urbanspot.si\/#website\",\"url\":\"https:\/\/www.urbanspot.si\/\",\"name\":\"UrbanSpot\",\"description\":\"\",\"publisher\":{\"@id\":\"https:\/\/www.urbanspot.si\/#organization\"},\"potentialAction\":[{\"@type\":\"SearchAction\",\"target\":{\"@type\":\"EntryPoint\",\"urlTemplate\":\"https:\/\/www.urbanspot.si\/?s={search_term_string}\"},\"query-input\":{\"@type\":\"PropertyValueSpecification\",\"valueRequired\":true,\"valueName\":\"search_term_string\"}}],\"inLanguage\":\"hr\"},{\"@type\":\"Organization\",\"@id\":\"https:\/\/www.urbanspot.si\/#organization\",\"name\":\"UrbanSpot\",\"url\":\"https:\/\/www.urbanspot.si\/\",\"logo\":{\"@type\":\"ImageObject\",\"inLanguage\":\"hr\",\"@id\":\"https:\/\/www.urbanspot.si\/#\/schema\/logo\/image\/\",\"url\":\"https:\/\/www.urbanspot.si\/wp-content\/uploads\/urbanspot-logo.svg\",\"contentUrl\":\"https:\/\/www.urbanspot.si\/wp-content\/uploads\/urbanspot-logo.svg\",\"width\":185,\"height\":40,\"caption\":\"UrbanSpot\"},\"image\":{\"@id\":\"https:\/\/www.urbanspot.si\/#\/schema\/logo\/image\/\"},\"sameAs\":[\"https:\/\/www.facebook.com\/urbanspot.si\"]}]}<\/script>\n<!-- \/ Yoast SEO plugin. -->","yoast_head_json":{"title":"Remen za dje\u010dji sat Z1, crni, najlon -","robots":{"index":"index","follow":"follow","max-snippet":"max-snippet:-1","max-image-preview":"max-image-preview:large","max-video-preview":"max-video-preview:-1"},"canonical":"https:\/\/www.urbanspot.si\/hr\/proizvod-2\/remen-za-djecji-sat-z1-crni-najlon\/","og_locale":"hr_HR","og_type":"article","og_title":"Pa\u0161\u010dek za otro\u0161ko uro Z1, \u010drn, najlon -","og_description":"Pa\u0161\u010dek za otro\u0161ko uro Imoo Z1 izdelan iz visokokakovostnega najlonskega materiala, trak ponuja odli\u010dno vzdr\u017eljivost in udobje ter zagotavlja dolgotrajno oporo in udobno no\u0161enje.","og_url":"https:\/\/www.urbanspot.si\/hr\/proizvod-2\/remen-za-djecji-sat-z1-crni-najlon\/","article_publisher":"https:\/\/www.facebook.com\/urbanspot.si","article_modified_time":"2026-03-19T14:03:09+00:00","og_image":[{"width":679,"height":776,"url":"https:\/\/www.urbanspot.si\/wp-content\/uploads\/z1-strap-1.jpg","type":"image\/jpeg"}],"twitter_card":"summary_large_image","twitter_misc":{"Procijenjeno vrijeme \u010ditanja":"1 minuta"},"schema":{"@context":"https:\/\/schema.org","@graph":[{"@type":"WebPage","@id":"https:\/\/www.urbanspot.si\/produkt\/pascek-za-otrosko-uro-z1-crn-najlon\/","url":"https:\/\/www.urbanspot.si\/produkt\/pascek-za-otrosko-uro-z1-crn-najlon\/","name":"Remen za dje\u010dji sat Z1, crni, najlon -","isPartOf":{"@id":"https:\/\/www.urbanspot.si\/#website"},"primaryImageOfPage":{"@id":"https:\/\/www.urbanspot.si\/produkt\/pascek-za-otrosko-uro-z1-crn-najlon\/#primaryimage"},"image":{"@id":"https:\/\/www.urbanspot.si\/produkt\/pascek-za-otrosko-uro-z1-crn-najlon\/#primaryimage"},"thumbnailUrl":"https:\/\/www.urbanspot.si\/wp-content\/uploads\/z1-strap-1.jpg","datePublished":"2025-05-16T14:42:23+00:00","dateModified":"2026-03-19T14:03:09+00:00","breadcrumb":{"@id":"https:\/\/www.urbanspot.si\/produkt\/pascek-za-otrosko-uro-z1-crn-najlon\/#breadcrumb"},"inLanguage":"hr","potentialAction":[{"@type":"ReadAction","target":["https:\/\/www.urbanspot.si\/produkt\/pascek-za-otrosko-uro-z1-crn-najlon\/"]}]},{"@type":"ImageObject","inLanguage":"hr","@id":"https:\/\/www.urbanspot.si\/produkt\/pascek-za-otrosko-uro-z1-crn-najlon\/#primaryimage","url":"https:\/\/www.urbanspot.si\/wp-content\/uploads\/z1-strap-1.jpg","contentUrl":"https:\/\/www.urbanspot.si\/wp-content\/uploads\/z1-strap-1.jpg","width":679,"height":776},{"@type":"BreadcrumbList","@id":"https:\/\/www.urbanspot.si\/produkt\/pascek-za-otrosko-uro-z1-crn-najlon\/#breadcrumb","itemListElement":[{"@type":"ListItem","position":1,"name":"Home","item":"https:\/\/www.urbanspot.si\/"},{"@type":"ListItem","position":2,"name":"Shop","item":"https:\/\/www.urbanspot.si\/shop\/"},{"@type":"ListItem","position":3,"name":"Pa\u0161\u010dek za otro\u0161ko uro Z1, \u010drn, najlon"}]},{"@type":"WebSite","@id":"https:\/\/www.urbanspot.si\/#website","url":"https:\/\/www.urbanspot.si\/","name":"UrbanSpot","description":"","publisher":{"@id":"https:\/\/www.urbanspot.si\/#organization"},"potentialAction":[{"@type":"SearchAction","target":{"@type":"EntryPoint","urlTemplate":"https:\/\/www.urbanspot.si\/?s={search_term_string}"},"query-input":{"@type":"PropertyValueSpecification","valueRequired":true,"valueName":"search_term_string"}}],"inLanguage":"hr"},{"@type":"Organization","@id":"https:\/\/www.urbanspot.si\/#organization","name":"UrbanSpot","url":"https:\/\/www.urbanspot.si\/","logo":{"@type":"ImageObject","inLanguage":"hr","@id":"https:\/\/www.urbanspot.si\/#\/schema\/logo\/image\/","url":"https:\/\/www.urbanspot.si\/wp-content\/uploads\/urbanspot-logo.svg","contentUrl":"https:\/\/www.urbanspot.si\/wp-content\/uploads\/urbanspot-logo.svg","width":185,"height":40,"caption":"UrbanSpot"},"image":{"@id":"https:\/\/www.urbanspot.si\/#\/schema\/logo\/image\/"},"sameAs":["https:\/\/www.facebook.com\/urbanspot.si"]}]}},"_links":{"self":[{"href":"https:\/\/www.urbanspot.si\/hr\/wp-json\/wp\/v2\/product\/20798","targetHints":{"allow":["GET"]}}],"collection":[{"href":"https:\/\/www.urbanspot.si\/hr\/wp-json\/wp\/v2\/product"}],"about":[{"href":"https:\/\/www.urbanspot.si\/hr\/wp-json\/wp\/v2\/types\/product"}],"replies":[{"embeddable":true,"href":"https:\/\/www.urbanspot.si\/hr\/wp-json\/wp\/v2\/comments?post=20798"}],"version-history":[{"count":4,"href":"https:\/\/www.urbanspot.si\/hr\/wp-json\/wp\/v2\/product\/20798\/revisions"}],"predecessor-version":[{"id":27495,"href":"https:\/\/www.urbanspot.si\/hr\/wp-json\/wp\/v2\/product\/20798\/revisions\/27495"}],"wp:featuredmedia":[{"embeddable":true,"href":"https:\/\/www.urbanspot.si\/hr\/wp-json\/wp\/v2\/media\/20802"}],"wp:attachment":[{"href":"https:\/\/www.urbanspot.si\/hr\/wp-json\/wp\/v2\/media?parent=20798"}],"wp:term":[{"taxonomy":"product_brand","embeddable":true,"href":"https:\/\/www.urbanspot.si\/hr\/wp-json\/wp\/v2\/product_brand?post=20798"},{"taxonomy":"product_cat","embeddable":true,"href":"https:\/\/www.urbanspot.si\/hr\/wp-json\/wp\/v2\/product_cat?post=20798"},{"taxonomy":"product_tag","embeddable":true,"href":"https:\/\/www.urbanspot.si\/hr\/wp-json\/wp\/v2\/product_tag?post=20798"}],"curies":[{"name":"radni list","href":"https:\/\/api.w.org\/{rel}","templated":true}]}}