{"id":20836,"date":"2025-05-20T14:53:47","date_gmt":"2025-05-20T12:53:47","guid":{"rendered":"https:\/\/www.urbanspot.si\/?post_type=product&#038;p=20836"},"modified":"2026-03-19T16:03:08","modified_gmt":"2026-03-19T14:03:08","slug":"huawei-gt2-46mm-remen-za-sat-roze-boje","status":"publish","type":"product","link":"https:\/\/www.urbanspot.si\/hr\/produkt\/pascek-za-uro-huawei-gt2-46mm-roza\/","title":{"rendered":"Remen za sat Huawei GT2 46 mm, roze boje"},"content":{"rendered":"<ul>\n<li>Podesiva dimenzija<\/li>\n<li>Savr\u0161eno pristajanje<\/li>\n<li>Silikonski materijal<\/li>\n<li>Veli\u010dina: 46 mm<\/li>\n<\/ul>","protected":false},"excerpt":{"rendered":"<p>Moro remen za Huawei Watch GT2, narukvica sa silikonskim remenom. \u0160arena narukvica za Huawei Watch GT2 u ugodnoj ru\u017ei\u010dastoj boji.<\/p>","protected":false},"featured_media":20840,"comment_status":"open","ping_status":"closed","template":"","meta":[],"product_brand":[],"product_cat":[186,481,482],"product_tag":[],"class_list":{"0":"post-20836","1":"product","2":"type-product","3":"status-publish","4":"has-post-thumbnail","6":"product_cat-huawei","7":"product_cat-huawei-pametne-ure","8":"product_cat-watch-gt2-46mm","9":"pa_primerno-za-model-huawei-watch-gt-2","11":"first","12":"instock","13":"sale","14":"taxable","15":"shipping-taxable","16":"purchasable","17":"product-type-simple"},"yoast_head":"<!-- This site is optimized with the Yoast SEO plugin v27.2 - https:\/\/yoast.com\/product\/yoast-seo-wordpress\/ -->\n<title>Pa\u0161\u010dek za uro Huawei GT2 46mm, roza -<\/title>\n<meta name=\"robots\" content=\"index, follow, max-snippet:-1, max-image-preview:large, max-video-preview:-1\" \/>\n<link rel=\"canonical\" href=\"https:\/\/www.urbanspot.si\/hr\/proizvod-2\/huawei-gt2-46mm-remen-za-sat-roze-boje\/\" \/>\n<meta property=\"og:locale\" content=\"hr_HR\" \/>\n<meta property=\"og:type\" content=\"article\" \/>\n<meta property=\"og:title\" content=\"Pa\u0161\u010dek za uro Huawei GT2 46mm, roza -\" \/>\n<meta property=\"og:description\" content=\"Pa\u0161\u010dek Moro za Huawei Watch GT2, zapestnica s silikonskim pa\u0161\u010dkom. Barvita zapestnica za Huawei Watch GT2\u00a0 v prijetni roza barvi.\" \/>\n<meta property=\"og:url\" content=\"https:\/\/www.urbanspot.si\/hr\/proizvod-2\/huawei-gt2-46mm-remen-za-sat-roze-boje\/\" \/>\n<meta property=\"article:publisher\" content=\"https:\/\/www.facebook.com\/urbanspot.si\" \/>\n<meta property=\"article:modified_time\" content=\"2026-03-19T14:03:08+00:00\" \/>\n<meta property=\"og:image\" content=\"https:\/\/www.urbanspot.si\/wp-content\/uploads\/gt2-strap-pink.webp11.webp\" \/>\n\t<meta property=\"og:image:width\" content=\"800\" \/>\n\t<meta property=\"og:image:height\" content=\"800\" \/>\n\t<meta property=\"og:image:type\" content=\"image\/webp\" \/>\n<meta name=\"twitter:card\" content=\"summary_large_image\" \/>\n<meta name=\"twitter:label1\" content=\"Procijenjeno vrijeme \u010ditanja\" \/>\n\t<meta name=\"twitter:data1\" content=\"1 minuta\" \/>\n<script type=\"application\/ld+json\" class=\"yoast-schema-graph\">{\"@context\":\"https:\/\/schema.org\",\"@graph\":[{\"@type\":\"WebPage\",\"@id\":\"https:\/\/www.urbanspot.si\/produkt\/pascek-za-uro-huawei-gt2-46mm-roza\/\",\"url\":\"https:\/\/www.urbanspot.si\/produkt\/pascek-za-uro-huawei-gt2-46mm-roza\/\",\"name\":\"Pa\u0161\u010dek za uro Huawei GT2 46mm, roza -\",\"isPartOf\":{\"@id\":\"https:\/\/www.urbanspot.si\/#website\"},\"primaryImageOfPage\":{\"@id\":\"https:\/\/www.urbanspot.si\/produkt\/pascek-za-uro-huawei-gt2-46mm-roza\/#primaryimage\"},\"image\":{\"@id\":\"https:\/\/www.urbanspot.si\/produkt\/pascek-za-uro-huawei-gt2-46mm-roza\/#primaryimage\"},\"thumbnailUrl\":\"https:\/\/www.urbanspot.si\/wp-content\/uploads\/gt2-strap-pink.webp11.webp\",\"datePublished\":\"2025-05-20T12:53:47+00:00\",\"dateModified\":\"2026-03-19T14:03:08+00:00\",\"breadcrumb\":{\"@id\":\"https:\/\/www.urbanspot.si\/produkt\/pascek-za-uro-huawei-gt2-46mm-roza\/#breadcrumb\"},\"inLanguage\":\"hr\",\"potentialAction\":[{\"@type\":\"ReadAction\",\"target\":[\"https:\/\/www.urbanspot.si\/produkt\/pascek-za-uro-huawei-gt2-46mm-roza\/\"]}]},{\"@type\":\"ImageObject\",\"inLanguage\":\"hr\",\"@id\":\"https:\/\/www.urbanspot.si\/produkt\/pascek-za-uro-huawei-gt2-46mm-roza\/#primaryimage\",\"url\":\"https:\/\/www.urbanspot.si\/wp-content\/uploads\/gt2-strap-pink.webp11.webp\",\"contentUrl\":\"https:\/\/www.urbanspot.si\/wp-content\/uploads\/gt2-strap-pink.webp11.webp\",\"width\":800,\"height\":800},{\"@type\":\"BreadcrumbList\",\"@id\":\"https:\/\/www.urbanspot.si\/produkt\/pascek-za-uro-huawei-gt2-46mm-roza\/#breadcrumb\",\"itemListElement\":[{\"@type\":\"ListItem\",\"position\":1,\"name\":\"Home\",\"item\":\"https:\/\/www.urbanspot.si\/\"},{\"@type\":\"ListItem\",\"position\":2,\"name\":\"Shop\",\"item\":\"https:\/\/www.urbanspot.si\/shop\/\"},{\"@type\":\"ListItem\",\"position\":3,\"name\":\"Pa\u0161\u010dek za uro Huawei GT2 46mm, roza\"}]},{\"@type\":\"WebSite\",\"@id\":\"https:\/\/www.urbanspot.si\/#website\",\"url\":\"https:\/\/www.urbanspot.si\/\",\"name\":\"UrbanSpot\",\"description\":\"\",\"publisher\":{\"@id\":\"https:\/\/www.urbanspot.si\/#organization\"},\"potentialAction\":[{\"@type\":\"SearchAction\",\"target\":{\"@type\":\"EntryPoint\",\"urlTemplate\":\"https:\/\/www.urbanspot.si\/?s={search_term_string}\"},\"query-input\":{\"@type\":\"PropertyValueSpecification\",\"valueRequired\":true,\"valueName\":\"search_term_string\"}}],\"inLanguage\":\"hr\"},{\"@type\":\"Organization\",\"@id\":\"https:\/\/www.urbanspot.si\/#organization\",\"name\":\"UrbanSpot\",\"url\":\"https:\/\/www.urbanspot.si\/\",\"logo\":{\"@type\":\"ImageObject\",\"inLanguage\":\"hr\",\"@id\":\"https:\/\/www.urbanspot.si\/#\/schema\/logo\/image\/\",\"url\":\"https:\/\/www.urbanspot.si\/wp-content\/uploads\/urbanspot-logo.svg\",\"contentUrl\":\"https:\/\/www.urbanspot.si\/wp-content\/uploads\/urbanspot-logo.svg\",\"width\":185,\"height\":40,\"caption\":\"UrbanSpot\"},\"image\":{\"@id\":\"https:\/\/www.urbanspot.si\/#\/schema\/logo\/image\/\"},\"sameAs\":[\"https:\/\/www.facebook.com\/urbanspot.si\"]}]}<\/script>\n<!-- \/ Yoast SEO plugin. -->","yoast_head_json":{"title":"Narukvica za sat Huawei GT2 46 mm, ru\u017ei\u010dasta -","robots":{"index":"index","follow":"follow","max-snippet":"max-snippet:-1","max-image-preview":"max-image-preview:large","max-video-preview":"max-video-preview:-1"},"canonical":"https:\/\/www.urbanspot.si\/hr\/proizvod-2\/huawei-gt2-46mm-remen-za-sat-roze-boje\/","og_locale":"hr_HR","og_type":"article","og_title":"Pa\u0161\u010dek za uro Huawei GT2 46mm, roza -","og_description":"Pa\u0161\u010dek Moro za Huawei Watch GT2, zapestnica s silikonskim pa\u0161\u010dkom. Barvita zapestnica za Huawei Watch GT2\u00a0 v prijetni roza barvi.","og_url":"https:\/\/www.urbanspot.si\/hr\/proizvod-2\/huawei-gt2-46mm-remen-za-sat-roze-boje\/","article_publisher":"https:\/\/www.facebook.com\/urbanspot.si","article_modified_time":"2026-03-19T14:03:08+00:00","og_image":[{"width":800,"height":800,"url":"https:\/\/www.urbanspot.si\/wp-content\/uploads\/gt2-strap-pink.webp11.webp","type":"image\/webp"}],"twitter_card":"summary_large_image","twitter_misc":{"Procijenjeno vrijeme \u010ditanja":"1 minuta"},"schema":{"@context":"https:\/\/schema.org","@graph":[{"@type":"WebPage","@id":"https:\/\/www.urbanspot.si\/produkt\/pascek-za-uro-huawei-gt2-46mm-roza\/","url":"https:\/\/www.urbanspot.si\/produkt\/pascek-za-uro-huawei-gt2-46mm-roza\/","name":"Narukvica za sat Huawei GT2 46 mm, ru\u017ei\u010dasta -","isPartOf":{"@id":"https:\/\/www.urbanspot.si\/#website"},"primaryImageOfPage":{"@id":"https:\/\/www.urbanspot.si\/produkt\/pascek-za-uro-huawei-gt2-46mm-roza\/#primaryimage"},"image":{"@id":"https:\/\/www.urbanspot.si\/produkt\/pascek-za-uro-huawei-gt2-46mm-roza\/#primaryimage"},"thumbnailUrl":"https:\/\/www.urbanspot.si\/wp-content\/uploads\/gt2-strap-pink.webp11.webp","datePublished":"2025-05-20T12:53:47+00:00","dateModified":"2026-03-19T14:03:08+00:00","breadcrumb":{"@id":"https:\/\/www.urbanspot.si\/produkt\/pascek-za-uro-huawei-gt2-46mm-roza\/#breadcrumb"},"inLanguage":"hr","potentialAction":[{"@type":"ReadAction","target":["https:\/\/www.urbanspot.si\/produkt\/pascek-za-uro-huawei-gt2-46mm-roza\/"]}]},{"@type":"ImageObject","inLanguage":"hr","@id":"https:\/\/www.urbanspot.si\/produkt\/pascek-za-uro-huawei-gt2-46mm-roza\/#primaryimage","url":"https:\/\/www.urbanspot.si\/wp-content\/uploads\/gt2-strap-pink.webp11.webp","contentUrl":"https:\/\/www.urbanspot.si\/wp-content\/uploads\/gt2-strap-pink.webp11.webp","width":800,"height":800},{"@type":"BreadcrumbList","@id":"https:\/\/www.urbanspot.si\/produkt\/pascek-za-uro-huawei-gt2-46mm-roza\/#breadcrumb","itemListElement":[{"@type":"ListItem","position":1,"name":"Home","item":"https:\/\/www.urbanspot.si\/"},{"@type":"ListItem","position":2,"name":"Shop","item":"https:\/\/www.urbanspot.si\/shop\/"},{"@type":"ListItem","position":3,"name":"Pa\u0161\u010dek za uro Huawei GT2 46mm, roza"}]},{"@type":"WebSite","@id":"https:\/\/www.urbanspot.si\/#website","url":"https:\/\/www.urbanspot.si\/","name":"UrbanSpot","description":"","publisher":{"@id":"https:\/\/www.urbanspot.si\/#organization"},"potentialAction":[{"@type":"SearchAction","target":{"@type":"EntryPoint","urlTemplate":"https:\/\/www.urbanspot.si\/?s={search_term_string}"},"query-input":{"@type":"PropertyValueSpecification","valueRequired":true,"valueName":"search_term_string"}}],"inLanguage":"hr"},{"@type":"Organization","@id":"https:\/\/www.urbanspot.si\/#organization","name":"UrbanSpot","url":"https:\/\/www.urbanspot.si\/","logo":{"@type":"ImageObject","inLanguage":"hr","@id":"https:\/\/www.urbanspot.si\/#\/schema\/logo\/image\/","url":"https:\/\/www.urbanspot.si\/wp-content\/uploads\/urbanspot-logo.svg","contentUrl":"https:\/\/www.urbanspot.si\/wp-content\/uploads\/urbanspot-logo.svg","width":185,"height":40,"caption":"UrbanSpot"},"image":{"@id":"https:\/\/www.urbanspot.si\/#\/schema\/logo\/image\/"},"sameAs":["https:\/\/www.facebook.com\/urbanspot.si"]}]}},"_links":{"self":[{"href":"https:\/\/www.urbanspot.si\/hr\/wp-json\/wp\/v2\/product\/20836","targetHints":{"allow":["GET"]}}],"collection":[{"href":"https:\/\/www.urbanspot.si\/hr\/wp-json\/wp\/v2\/product"}],"about":[{"href":"https:\/\/www.urbanspot.si\/hr\/wp-json\/wp\/v2\/types\/product"}],"replies":[{"embeddable":true,"href":"https:\/\/www.urbanspot.si\/hr\/wp-json\/wp\/v2\/comments?post=20836"}],"version-history":[{"count":2,"href":"https:\/\/www.urbanspot.si\/hr\/wp-json\/wp\/v2\/product\/20836\/revisions"}],"predecessor-version":[{"id":20852,"href":"https:\/\/www.urbanspot.si\/hr\/wp-json\/wp\/v2\/product\/20836\/revisions\/20852"}],"wp:featuredmedia":[{"embeddable":true,"href":"https:\/\/www.urbanspot.si\/hr\/wp-json\/wp\/v2\/media\/20840"}],"wp:attachment":[{"href":"https:\/\/www.urbanspot.si\/hr\/wp-json\/wp\/v2\/media?parent=20836"}],"wp:term":[{"taxonomy":"product_brand","embeddable":true,"href":"https:\/\/www.urbanspot.si\/hr\/wp-json\/wp\/v2\/product_brand?post=20836"},{"taxonomy":"product_cat","embeddable":true,"href":"https:\/\/www.urbanspot.si\/hr\/wp-json\/wp\/v2\/product_cat?post=20836"},{"taxonomy":"product_tag","embeddable":true,"href":"https:\/\/www.urbanspot.si\/hr\/wp-json\/wp\/v2\/product_tag?post=20836"}],"curies":[{"name":"radni list","href":"https:\/\/api.w.org\/{rel}","templated":true}]}}