{"id":20842,"date":"2025-05-20T15:15:18","date_gmt":"2025-05-20T13:15:18","guid":{"rendered":"https:\/\/www.urbanspot.si\/?post_type=product&#038;p=20842"},"modified":"2026-03-19T16:03:08","modified_gmt":"2026-03-19T14:03:08","slug":"narukvica-za-huawei-gt2-pro-sarena","status":"publish","type":"product","link":"https:\/\/www.urbanspot.si\/hr\/produkt\/pascek-za-uro-huawei-gt2-pro-pisan\/","title":{"rendered":"Remen za sat Huawei GT2 Pro, \u0161areni"},"content":{"rendered":"<ul>\n<li>Podesiva dimenzija<\/li>\n<li>Savr\u0161eno pristajanje<\/li>\n<li>Silikonski materijal<\/li>\n<li>Duljina remena: 22 mm<\/li>\n<\/ul>","protected":false},"excerpt":{"rendered":"<p>\u0160arena narukvica za Huawei Watch GT2 Pro u originalnom kamufla\u017enom uzorku. Postavljanje novog remena je jednostavno, pa ga od sada mo\u017eete mijenjati to\u010dno kako \u017eelite.<\/p>","protected":false},"featured_media":20843,"comment_status":"open","ping_status":"closed","template":"","meta":[],"product_brand":[],"product_cat":[186,481,91,675],"product_tag":[],"class_list":{"0":"post-20842","1":"product","2":"type-product","3":"status-publish","4":"has-post-thumbnail","6":"product_cat-huawei","7":"product_cat-huawei-pametne-ure","8":"product_cat-razprodaja","9":"product_cat-watch-gt2-pro","10":"pa_primerno-za-model-huawei-watch-gt-2-pro","12":"first","13":"instock","14":"sale","15":"taxable","16":"shipping-taxable","17":"purchasable","18":"product-type-simple"},"yoast_head":"<!-- This site is optimized with the Yoast SEO plugin v27.2 - https:\/\/yoast.com\/product\/yoast-seo-wordpress\/ -->\n<title>Pa\u0161\u010dek za uro Huawei GT2 Pro, pisan -<\/title>\n<meta name=\"robots\" content=\"index, follow, max-snippet:-1, max-image-preview:large, max-video-preview:-1\" \/>\n<link rel=\"canonical\" href=\"https:\/\/www.urbanspot.si\/hr\/proizvod-2\/narukvica-za-huawei-gt2-pro-sarena\/\" \/>\n<meta property=\"og:locale\" content=\"hr_HR\" \/>\n<meta property=\"og:type\" content=\"article\" \/>\n<meta property=\"og:title\" content=\"Pa\u0161\u010dek za uro Huawei GT2 Pro, pisan -\" \/>\n<meta property=\"og:description\" content=\"Barvita zapestnica za Huawei Watch GT2 Pro v\u00a0originalnem kamufla\u017enem vzorcu. Namestitev novega traku brez te\u017eav pomeni, da lahko od zdaj naprej svojega spremenite to\u010dno tako, kot \u017eelite.\" \/>\n<meta property=\"og:url\" content=\"https:\/\/www.urbanspot.si\/hr\/proizvod-2\/narukvica-za-huawei-gt2-pro-sarena\/\" \/>\n<meta property=\"article:publisher\" content=\"https:\/\/www.facebook.com\/urbanspot.si\" \/>\n<meta property=\"article:modified_time\" content=\"2026-03-19T14:03:08+00:00\" \/>\n<meta property=\"og:image\" content=\"https:\/\/www.urbanspot.si\/wp-content\/uploads\/38030767gt2-pro-pisan.jpg\" \/>\n\t<meta property=\"og:image:width\" content=\"1067\" \/>\n\t<meta property=\"og:image:height\" content=\"800\" \/>\n\t<meta property=\"og:image:type\" content=\"image\/jpeg\" \/>\n<meta name=\"twitter:card\" content=\"summary_large_image\" \/>\n<meta name=\"twitter:label1\" content=\"Procijenjeno vrijeme \u010ditanja\" \/>\n\t<meta name=\"twitter:data1\" content=\"1 minuta\" \/>\n<script type=\"application\/ld+json\" class=\"yoast-schema-graph\">{\"@context\":\"https:\/\/schema.org\",\"@graph\":[{\"@type\":\"WebPage\",\"@id\":\"https:\/\/www.urbanspot.si\/produkt\/pascek-za-uro-huawei-gt2-pro-pisan\/\",\"url\":\"https:\/\/www.urbanspot.si\/produkt\/pascek-za-uro-huawei-gt2-pro-pisan\/\",\"name\":\"Pa\u0161\u010dek za uro Huawei GT2 Pro, pisan -\",\"isPartOf\":{\"@id\":\"https:\/\/www.urbanspot.si\/#website\"},\"primaryImageOfPage\":{\"@id\":\"https:\/\/www.urbanspot.si\/produkt\/pascek-za-uro-huawei-gt2-pro-pisan\/#primaryimage\"},\"image\":{\"@id\":\"https:\/\/www.urbanspot.si\/produkt\/pascek-za-uro-huawei-gt2-pro-pisan\/#primaryimage\"},\"thumbnailUrl\":\"https:\/\/www.urbanspot.si\/wp-content\/uploads\/38030767gt2-pro-pisan.jpg\",\"datePublished\":\"2025-05-20T13:15:18+00:00\",\"dateModified\":\"2026-03-19T14:03:08+00:00\",\"breadcrumb\":{\"@id\":\"https:\/\/www.urbanspot.si\/produkt\/pascek-za-uro-huawei-gt2-pro-pisan\/#breadcrumb\"},\"inLanguage\":\"hr\",\"potentialAction\":[{\"@type\":\"ReadAction\",\"target\":[\"https:\/\/www.urbanspot.si\/produkt\/pascek-za-uro-huawei-gt2-pro-pisan\/\"]}]},{\"@type\":\"ImageObject\",\"inLanguage\":\"hr\",\"@id\":\"https:\/\/www.urbanspot.si\/produkt\/pascek-za-uro-huawei-gt2-pro-pisan\/#primaryimage\",\"url\":\"https:\/\/www.urbanspot.si\/wp-content\/uploads\/38030767gt2-pro-pisan.jpg\",\"contentUrl\":\"https:\/\/www.urbanspot.si\/wp-content\/uploads\/38030767gt2-pro-pisan.jpg\",\"width\":1067,\"height\":800},{\"@type\":\"BreadcrumbList\",\"@id\":\"https:\/\/www.urbanspot.si\/produkt\/pascek-za-uro-huawei-gt2-pro-pisan\/#breadcrumb\",\"itemListElement\":[{\"@type\":\"ListItem\",\"position\":1,\"name\":\"Home\",\"item\":\"https:\/\/www.urbanspot.si\/\"},{\"@type\":\"ListItem\",\"position\":2,\"name\":\"Shop\",\"item\":\"https:\/\/www.urbanspot.si\/shop\/\"},{\"@type\":\"ListItem\",\"position\":3,\"name\":\"Pa\u0161\u010dek za uro Huawei GT2 Pro, pisan\"}]},{\"@type\":\"WebSite\",\"@id\":\"https:\/\/www.urbanspot.si\/#website\",\"url\":\"https:\/\/www.urbanspot.si\/\",\"name\":\"UrbanSpot\",\"description\":\"\",\"publisher\":{\"@id\":\"https:\/\/www.urbanspot.si\/#organization\"},\"potentialAction\":[{\"@type\":\"SearchAction\",\"target\":{\"@type\":\"EntryPoint\",\"urlTemplate\":\"https:\/\/www.urbanspot.si\/?s={search_term_string}\"},\"query-input\":{\"@type\":\"PropertyValueSpecification\",\"valueRequired\":true,\"valueName\":\"search_term_string\"}}],\"inLanguage\":\"hr\"},{\"@type\":\"Organization\",\"@id\":\"https:\/\/www.urbanspot.si\/#organization\",\"name\":\"UrbanSpot\",\"url\":\"https:\/\/www.urbanspot.si\/\",\"logo\":{\"@type\":\"ImageObject\",\"inLanguage\":\"hr\",\"@id\":\"https:\/\/www.urbanspot.si\/#\/schema\/logo\/image\/\",\"url\":\"https:\/\/www.urbanspot.si\/wp-content\/uploads\/urbanspot-logo.svg\",\"contentUrl\":\"https:\/\/www.urbanspot.si\/wp-content\/uploads\/urbanspot-logo.svg\",\"width\":185,\"height\":40,\"caption\":\"UrbanSpot\"},\"image\":{\"@id\":\"https:\/\/www.urbanspot.si\/#\/schema\/logo\/image\/\"},\"sameAs\":[\"https:\/\/www.facebook.com\/urbanspot.si\"]}]}<\/script>\n<!-- \/ Yoast SEO plugin. -->","yoast_head_json":{"title":"Remen za sat Huawei GT2 Pro, \u0161areni -","robots":{"index":"index","follow":"follow","max-snippet":"max-snippet:-1","max-image-preview":"max-image-preview:large","max-video-preview":"max-video-preview:-1"},"canonical":"https:\/\/www.urbanspot.si\/hr\/proizvod-2\/narukvica-za-huawei-gt2-pro-sarena\/","og_locale":"hr_HR","og_type":"article","og_title":"Pa\u0161\u010dek za uro Huawei GT2 Pro, pisan -","og_description":"Barvita zapestnica za Huawei Watch GT2 Pro v\u00a0originalnem kamufla\u017enem vzorcu. Namestitev novega traku brez te\u017eav pomeni, da lahko od zdaj naprej svojega spremenite to\u010dno tako, kot \u017eelite.","og_url":"https:\/\/www.urbanspot.si\/hr\/proizvod-2\/narukvica-za-huawei-gt2-pro-sarena\/","article_publisher":"https:\/\/www.facebook.com\/urbanspot.si","article_modified_time":"2026-03-19T14:03:08+00:00","og_image":[{"width":1067,"height":800,"url":"https:\/\/www.urbanspot.si\/wp-content\/uploads\/38030767gt2-pro-pisan.jpg","type":"image\/jpeg"}],"twitter_card":"summary_large_image","twitter_misc":{"Procijenjeno vrijeme \u010ditanja":"1 minuta"},"schema":{"@context":"https:\/\/schema.org","@graph":[{"@type":"WebPage","@id":"https:\/\/www.urbanspot.si\/produkt\/pascek-za-uro-huawei-gt2-pro-pisan\/","url":"https:\/\/www.urbanspot.si\/produkt\/pascek-za-uro-huawei-gt2-pro-pisan\/","name":"Remen za sat Huawei GT2 Pro, \u0161areni -","isPartOf":{"@id":"https:\/\/www.urbanspot.si\/#website"},"primaryImageOfPage":{"@id":"https:\/\/www.urbanspot.si\/produkt\/pascek-za-uro-huawei-gt2-pro-pisan\/#primaryimage"},"image":{"@id":"https:\/\/www.urbanspot.si\/produkt\/pascek-za-uro-huawei-gt2-pro-pisan\/#primaryimage"},"thumbnailUrl":"https:\/\/www.urbanspot.si\/wp-content\/uploads\/38030767gt2-pro-pisan.jpg","datePublished":"2025-05-20T13:15:18+00:00","dateModified":"2026-03-19T14:03:08+00:00","breadcrumb":{"@id":"https:\/\/www.urbanspot.si\/produkt\/pascek-za-uro-huawei-gt2-pro-pisan\/#breadcrumb"},"inLanguage":"hr","potentialAction":[{"@type":"ReadAction","target":["https:\/\/www.urbanspot.si\/produkt\/pascek-za-uro-huawei-gt2-pro-pisan\/"]}]},{"@type":"ImageObject","inLanguage":"hr","@id":"https:\/\/www.urbanspot.si\/produkt\/pascek-za-uro-huawei-gt2-pro-pisan\/#primaryimage","url":"https:\/\/www.urbanspot.si\/wp-content\/uploads\/38030767gt2-pro-pisan.jpg","contentUrl":"https:\/\/www.urbanspot.si\/wp-content\/uploads\/38030767gt2-pro-pisan.jpg","width":1067,"height":800},{"@type":"BreadcrumbList","@id":"https:\/\/www.urbanspot.si\/produkt\/pascek-za-uro-huawei-gt2-pro-pisan\/#breadcrumb","itemListElement":[{"@type":"ListItem","position":1,"name":"Home","item":"https:\/\/www.urbanspot.si\/"},{"@type":"ListItem","position":2,"name":"Shop","item":"https:\/\/www.urbanspot.si\/shop\/"},{"@type":"ListItem","position":3,"name":"Pa\u0161\u010dek za uro Huawei GT2 Pro, pisan"}]},{"@type":"WebSite","@id":"https:\/\/www.urbanspot.si\/#website","url":"https:\/\/www.urbanspot.si\/","name":"UrbanSpot","description":"","publisher":{"@id":"https:\/\/www.urbanspot.si\/#organization"},"potentialAction":[{"@type":"SearchAction","target":{"@type":"EntryPoint","urlTemplate":"https:\/\/www.urbanspot.si\/?s={search_term_string}"},"query-input":{"@type":"PropertyValueSpecification","valueRequired":true,"valueName":"search_term_string"}}],"inLanguage":"hr"},{"@type":"Organization","@id":"https:\/\/www.urbanspot.si\/#organization","name":"UrbanSpot","url":"https:\/\/www.urbanspot.si\/","logo":{"@type":"ImageObject","inLanguage":"hr","@id":"https:\/\/www.urbanspot.si\/#\/schema\/logo\/image\/","url":"https:\/\/www.urbanspot.si\/wp-content\/uploads\/urbanspot-logo.svg","contentUrl":"https:\/\/www.urbanspot.si\/wp-content\/uploads\/urbanspot-logo.svg","width":185,"height":40,"caption":"UrbanSpot"},"image":{"@id":"https:\/\/www.urbanspot.si\/#\/schema\/logo\/image\/"},"sameAs":["https:\/\/www.facebook.com\/urbanspot.si"]}]}},"_links":{"self":[{"href":"https:\/\/www.urbanspot.si\/hr\/wp-json\/wp\/v2\/product\/20842","targetHints":{"allow":["GET"]}}],"collection":[{"href":"https:\/\/www.urbanspot.si\/hr\/wp-json\/wp\/v2\/product"}],"about":[{"href":"https:\/\/www.urbanspot.si\/hr\/wp-json\/wp\/v2\/types\/product"}],"replies":[{"embeddable":true,"href":"https:\/\/www.urbanspot.si\/hr\/wp-json\/wp\/v2\/comments?post=20842"}],"version-history":[{"count":3,"href":"https:\/\/www.urbanspot.si\/hr\/wp-json\/wp\/v2\/product\/20842\/revisions"}],"predecessor-version":[{"id":20847,"href":"https:\/\/www.urbanspot.si\/hr\/wp-json\/wp\/v2\/product\/20842\/revisions\/20847"}],"wp:featuredmedia":[{"embeddable":true,"href":"https:\/\/www.urbanspot.si\/hr\/wp-json\/wp\/v2\/media\/20843"}],"wp:attachment":[{"href":"https:\/\/www.urbanspot.si\/hr\/wp-json\/wp\/v2\/media?parent=20842"}],"wp:term":[{"taxonomy":"product_brand","embeddable":true,"href":"https:\/\/www.urbanspot.si\/hr\/wp-json\/wp\/v2\/product_brand?post=20842"},{"taxonomy":"product_cat","embeddable":true,"href":"https:\/\/www.urbanspot.si\/hr\/wp-json\/wp\/v2\/product_cat?post=20842"},{"taxonomy":"product_tag","embeddable":true,"href":"https:\/\/www.urbanspot.si\/hr\/wp-json\/wp\/v2\/product_tag?post=20842"}],"curies":[{"name":"radni list","href":"https:\/\/api.w.org\/{rel}","templated":true}]}}