{"id":20884,"date":"2025-05-22T10:55:16","date_gmt":"2025-05-22T08:55:16","guid":{"rendered":"https:\/\/www.urbanspot.si\/?post_type=product&#038;p=20884"},"modified":"2026-03-19T16:03:07","modified_gmt":"2026-03-19T14:03:07","slug":"baseus-15w-bezicna-stanica-za-punjenje","status":"publish","type":"product","link":"https:\/\/www.urbanspot.si\/hr\/produkt\/brezzicna-polnilna-postaja-baseus-15w\/","title":{"rendered":"Baseus be\u017ei\u010dna stanica za punjenje, 15W"},"content":{"rendered":"<p>Punjiva baterija u sofisticiranom, izdr\u017eljivom ku\u0107i\u0161tu osigurat \u0107e da nikada ne\u0107ete ostati bez prazne baterije na svom Apple telefonu.<\/p>\n<p><strong>Tehni\u010dke zna\u010dajke:<\/strong><\/p>\n<ul>\n<li>Jamstvo: 12 mjeseci<\/li>\n<li>MagSafe se be\u017ei\u010dno puni snagom do 15 W<\/li>\n<li>Be\u017ei\u010dno Qi punjenje zahtijeva da va\u0161 pametni telefon podr\u017eava be\u017ei\u010dno punjenje<\/li>\n<li>Za brzo be\u017ei\u010dno punjenje morate koristiti adapter koji podr\u017eava punjenje od 25 W (nije uklju\u010den)<\/li>\n<li>Ulazna snaga: DC 5V=2A; 9V=2A; 12V=2A max. (preporu\u010dujemo kori\u0161tenje PD adaptera snage 18W ili vi\u0161e)<\/li>\n<li>Izlazna snaga: 15 W maks.<\/li>\n<li>Boja: bijela<\/li>\n<\/ul>","protected":false},"excerpt":{"rendered":"<p>Ovaj lagani i prakti\u010dni Baseus be\u017ei\u010dni punja\u010d isti\u010de se svojim izvanrednim performansama.\u00a0<span class=\"Y2IQFc\" lang=\"sl\">Be\u017ei\u010dno punjenje s MagSafe Baseus Light magnetskim be\u017ei\u010dnim punja\u010dem puni va\u0161 iPhone magnetskim pri\u010dvr\u0161\u0107ivanjem na stra\u017enju stranu va\u0161eg telefona ili futrole. Punjenje osiguravaju sna\u017eni magneti koji centriraju zavojnice jedna nasuprot drugoj, osiguravaju\u0107i \u010dvrst stisak va\u0161eg iPhonea. MagSafe punjenje je znatno u\u010dinkovitije i br\u017ee puni va\u0161 ure\u0111aj.<\/span><\/p>","protected":false},"featured_media":20885,"comment_status":"open","ping_status":"closed","template":"","meta":[],"product_brand":[],"product_cat":[104,249,105],"product_tag":[],"class_list":{"0":"post-20884","1":"product","2":"type-product","3":"status-publish","4":"has-post-thumbnail","6":"product_cat-dodatna-oprema","7":"product_cat-kabli-in-polnilci","8":"product_cat-nosilci-in-drzala","10":"first","11":"instock","12":"sale","13":"taxable","14":"shipping-taxable","15":"purchasable","16":"product-type-simple"},"yoast_head":"<!-- This site is optimized with the Yoast SEO plugin v27.4 - https:\/\/yoast.com\/product\/yoast-seo-wordpress\/ -->\n<title>Brez\u017ei\u010dna polnilna postaja Baseus, 15W -<\/title>\n<meta name=\"robots\" content=\"index, follow, max-snippet:-1, max-image-preview:large, max-video-preview:-1\" \/>\n<link rel=\"canonical\" href=\"https:\/\/www.urbanspot.si\/hr\/proizvod-2\/baseus-15w-bezicna-stanica-za-punjenje\/\" \/>\n<meta property=\"og:locale\" content=\"hr_HR\" \/>\n<meta property=\"og:type\" content=\"article\" \/>\n<meta property=\"og:title\" content=\"Brez\u017ei\u010dna polnilna postaja Baseus, 15W -\" \/>\n<meta property=\"og:description\" content=\"Ta lahek in udoben brez\u017ei\u010dni polnilnik Baseus izstopa zaradi svoje izjemne zmogljivosti.\u00a0Brez\u017ei\u010dno polnjenje z magnetnim brez\u017ei\u010dnim polnilnikom MagSafe Baseus Light polni va\u0161 iPhone tako, da se magnetno pritrdi na zadnji del telefona ali etuija. Polnjenje zagotavljajo mo\u010dni magneti, ki centrirajo tuljave eno proti drugi in tako zagotovijo mo\u010dno oprijem iPhona. Polnjenje MagSafe je veliko bolj u\u010dinkovito in hitreje napolni pripomo\u010dek.\" \/>\n<meta property=\"og:url\" content=\"https:\/\/www.urbanspot.si\/hr\/proizvod-2\/baseus-15w-bezicna-stanica-za-punjenje\/\" \/>\n<meta property=\"article:publisher\" content=\"https:\/\/www.facebook.com\/urbanspot.si\" \/>\n<meta property=\"article:modified_time\" content=\"2026-03-19T14:03:07+00:00\" \/>\n<meta property=\"og:image\" content=\"https:\/\/www.urbanspot.si\/wp-content\/uploads\/baseus-bel-15w.webp\" \/>\n\t<meta property=\"og:image:width\" content=\"800\" \/>\n\t<meta property=\"og:image:height\" content=\"800\" \/>\n\t<meta property=\"og:image:type\" content=\"image\/webp\" \/>\n<meta name=\"twitter:card\" content=\"summary_large_image\" \/>\n<meta name=\"twitter:label1\" content=\"Procijenjeno vrijeme \u010ditanja\" \/>\n\t<meta name=\"twitter:data1\" content=\"1 minuta\" \/>\n<script type=\"application\/ld+json\" class=\"yoast-schema-graph\">{\"@context\":\"https:\\\/\\\/schema.org\",\"@graph\":[{\"@type\":\"WebPage\",\"@id\":\"https:\\\/\\\/www.urbanspot.si\\\/produkt\\\/brezzicna-polnilna-postaja-baseus-15w\\\/\",\"url\":\"https:\\\/\\\/www.urbanspot.si\\\/produkt\\\/brezzicna-polnilna-postaja-baseus-15w\\\/\",\"name\":\"Brez\u017ei\u010dna polnilna postaja Baseus, 15W -\",\"isPartOf\":{\"@id\":\"https:\\\/\\\/www.urbanspot.si\\\/#website\"},\"primaryImageOfPage\":{\"@id\":\"https:\\\/\\\/www.urbanspot.si\\\/produkt\\\/brezzicna-polnilna-postaja-baseus-15w\\\/#primaryimage\"},\"image\":{\"@id\":\"https:\\\/\\\/www.urbanspot.si\\\/produkt\\\/brezzicna-polnilna-postaja-baseus-15w\\\/#primaryimage\"},\"thumbnailUrl\":\"https:\\\/\\\/www.urbanspot.si\\\/wp-content\\\/uploads\\\/baseus-bel-15w.webp\",\"datePublished\":\"2025-05-22T08:55:16+00:00\",\"dateModified\":\"2026-03-19T14:03:07+00:00\",\"breadcrumb\":{\"@id\":\"https:\\\/\\\/www.urbanspot.si\\\/produkt\\\/brezzicna-polnilna-postaja-baseus-15w\\\/#breadcrumb\"},\"inLanguage\":\"hr\",\"potentialAction\":[{\"@type\":\"ReadAction\",\"target\":[\"https:\\\/\\\/www.urbanspot.si\\\/produkt\\\/brezzicna-polnilna-postaja-baseus-15w\\\/\"]}]},{\"@type\":\"ImageObject\",\"inLanguage\":\"hr\",\"@id\":\"https:\\\/\\\/www.urbanspot.si\\\/produkt\\\/brezzicna-polnilna-postaja-baseus-15w\\\/#primaryimage\",\"url\":\"https:\\\/\\\/www.urbanspot.si\\\/wp-content\\\/uploads\\\/baseus-bel-15w.webp\",\"contentUrl\":\"https:\\\/\\\/www.urbanspot.si\\\/wp-content\\\/uploads\\\/baseus-bel-15w.webp\",\"width\":800,\"height\":800},{\"@type\":\"BreadcrumbList\",\"@id\":\"https:\\\/\\\/www.urbanspot.si\\\/produkt\\\/brezzicna-polnilna-postaja-baseus-15w\\\/#breadcrumb\",\"itemListElement\":[{\"@type\":\"ListItem\",\"position\":1,\"name\":\"Home\",\"item\":\"https:\\\/\\\/www.urbanspot.si\\\/\"},{\"@type\":\"ListItem\",\"position\":2,\"name\":\"Shop\",\"item\":\"https:\\\/\\\/www.urbanspot.si\\\/shop\\\/\"},{\"@type\":\"ListItem\",\"position\":3,\"name\":\"Brez\u017ei\u010dna polnilna postaja Baseus, 15W\"}]},{\"@type\":\"WebSite\",\"@id\":\"https:\\\/\\\/www.urbanspot.si\\\/#website\",\"url\":\"https:\\\/\\\/www.urbanspot.si\\\/\",\"name\":\"UrbanSpot\",\"description\":\"\",\"publisher\":{\"@id\":\"https:\\\/\\\/www.urbanspot.si\\\/#organization\"},\"potentialAction\":[{\"@type\":\"SearchAction\",\"target\":{\"@type\":\"EntryPoint\",\"urlTemplate\":\"https:\\\/\\\/www.urbanspot.si\\\/?s={search_term_string}\"},\"query-input\":{\"@type\":\"PropertyValueSpecification\",\"valueRequired\":true,\"valueName\":\"search_term_string\"}}],\"inLanguage\":\"hr\"},{\"@type\":\"Organization\",\"@id\":\"https:\\\/\\\/www.urbanspot.si\\\/#organization\",\"name\":\"UrbanSpot\",\"url\":\"https:\\\/\\\/www.urbanspot.si\\\/\",\"logo\":{\"@type\":\"ImageObject\",\"inLanguage\":\"hr\",\"@id\":\"https:\\\/\\\/www.urbanspot.si\\\/#\\\/schema\\\/logo\\\/image\\\/\",\"url\":\"https:\\\/\\\/www.urbanspot.si\\\/wp-content\\\/uploads\\\/urbanspot-logo.svg\",\"contentUrl\":\"https:\\\/\\\/www.urbanspot.si\\\/wp-content\\\/uploads\\\/urbanspot-logo.svg\",\"width\":185,\"height\":40,\"caption\":\"UrbanSpot\"},\"image\":{\"@id\":\"https:\\\/\\\/www.urbanspot.si\\\/#\\\/schema\\\/logo\\\/image\\\/\"},\"sameAs\":[\"https:\\\/\\\/www.facebook.com\\\/urbanspot.si\"]}]}<\/script>\n<!-- \/ Yoast SEO plugin. -->","yoast_head_json":{"title":"Baseus be\u017ei\u010dna stanica za punjenje, 15 W -","robots":{"index":"index","follow":"follow","max-snippet":"max-snippet:-1","max-image-preview":"max-image-preview:large","max-video-preview":"max-video-preview:-1"},"canonical":"https:\/\/www.urbanspot.si\/hr\/proizvod-2\/baseus-15w-bezicna-stanica-za-punjenje\/","og_locale":"hr_HR","og_type":"article","og_title":"Brez\u017ei\u010dna polnilna postaja Baseus, 15W -","og_description":"Ta lahek in udoben brez\u017ei\u010dni polnilnik Baseus izstopa zaradi svoje izjemne zmogljivosti.\u00a0Brez\u017ei\u010dno polnjenje z magnetnim brez\u017ei\u010dnim polnilnikom MagSafe Baseus Light polni va\u0161 iPhone tako, da se magnetno pritrdi na zadnji del telefona ali etuija. Polnjenje zagotavljajo mo\u010dni magneti, ki centrirajo tuljave eno proti drugi in tako zagotovijo mo\u010dno oprijem iPhona. Polnjenje MagSafe je veliko bolj u\u010dinkovito in hitreje napolni pripomo\u010dek.","og_url":"https:\/\/www.urbanspot.si\/hr\/proizvod-2\/baseus-15w-bezicna-stanica-za-punjenje\/","article_publisher":"https:\/\/www.facebook.com\/urbanspot.si","article_modified_time":"2026-03-19T14:03:07+00:00","og_image":[{"width":800,"height":800,"url":"https:\/\/www.urbanspot.si\/wp-content\/uploads\/baseus-bel-15w.webp","type":"image\/webp"}],"twitter_card":"summary_large_image","twitter_misc":{"Procijenjeno vrijeme \u010ditanja":"1 minuta"},"schema":{"@context":"https:\/\/schema.org","@graph":[{"@type":"WebPage","@id":"https:\/\/www.urbanspot.si\/produkt\/brezzicna-polnilna-postaja-baseus-15w\/","url":"https:\/\/www.urbanspot.si\/produkt\/brezzicna-polnilna-postaja-baseus-15w\/","name":"Baseus be\u017ei\u010dna stanica za punjenje, 15 W -","isPartOf":{"@id":"https:\/\/www.urbanspot.si\/#website"},"primaryImageOfPage":{"@id":"https:\/\/www.urbanspot.si\/produkt\/brezzicna-polnilna-postaja-baseus-15w\/#primaryimage"},"image":{"@id":"https:\/\/www.urbanspot.si\/produkt\/brezzicna-polnilna-postaja-baseus-15w\/#primaryimage"},"thumbnailUrl":"https:\/\/www.urbanspot.si\/wp-content\/uploads\/baseus-bel-15w.webp","datePublished":"2025-05-22T08:55:16+00:00","dateModified":"2026-03-19T14:03:07+00:00","breadcrumb":{"@id":"https:\/\/www.urbanspot.si\/produkt\/brezzicna-polnilna-postaja-baseus-15w\/#breadcrumb"},"inLanguage":"hr","potentialAction":[{"@type":"ReadAction","target":["https:\/\/www.urbanspot.si\/produkt\/brezzicna-polnilna-postaja-baseus-15w\/"]}]},{"@type":"ImageObject","inLanguage":"hr","@id":"https:\/\/www.urbanspot.si\/produkt\/brezzicna-polnilna-postaja-baseus-15w\/#primaryimage","url":"https:\/\/www.urbanspot.si\/wp-content\/uploads\/baseus-bel-15w.webp","contentUrl":"https:\/\/www.urbanspot.si\/wp-content\/uploads\/baseus-bel-15w.webp","width":800,"height":800},{"@type":"BreadcrumbList","@id":"https:\/\/www.urbanspot.si\/produkt\/brezzicna-polnilna-postaja-baseus-15w\/#breadcrumb","itemListElement":[{"@type":"ListItem","position":1,"name":"Home","item":"https:\/\/www.urbanspot.si\/"},{"@type":"ListItem","position":2,"name":"Shop","item":"https:\/\/www.urbanspot.si\/shop\/"},{"@type":"ListItem","position":3,"name":"Brez\u017ei\u010dna polnilna postaja Baseus, 15W"}]},{"@type":"WebSite","@id":"https:\/\/www.urbanspot.si\/#website","url":"https:\/\/www.urbanspot.si\/","name":"UrbanSpot","description":"","publisher":{"@id":"https:\/\/www.urbanspot.si\/#organization"},"potentialAction":[{"@type":"SearchAction","target":{"@type":"EntryPoint","urlTemplate":"https:\/\/www.urbanspot.si\/?s={search_term_string}"},"query-input":{"@type":"PropertyValueSpecification","valueRequired":true,"valueName":"search_term_string"}}],"inLanguage":"hr"},{"@type":"Organization","@id":"https:\/\/www.urbanspot.si\/#organization","name":"UrbanSpot","url":"https:\/\/www.urbanspot.si\/","logo":{"@type":"ImageObject","inLanguage":"hr","@id":"https:\/\/www.urbanspot.si\/#\/schema\/logo\/image\/","url":"https:\/\/www.urbanspot.si\/wp-content\/uploads\/urbanspot-logo.svg","contentUrl":"https:\/\/www.urbanspot.si\/wp-content\/uploads\/urbanspot-logo.svg","width":185,"height":40,"caption":"UrbanSpot"},"image":{"@id":"https:\/\/www.urbanspot.si\/#\/schema\/logo\/image\/"},"sameAs":["https:\/\/www.facebook.com\/urbanspot.si"]}]}},"_links":{"self":[{"href":"https:\/\/www.urbanspot.si\/hr\/wp-json\/wp\/v2\/product\/20884","targetHints":{"allow":["GET"]}}],"collection":[{"href":"https:\/\/www.urbanspot.si\/hr\/wp-json\/wp\/v2\/product"}],"about":[{"href":"https:\/\/www.urbanspot.si\/hr\/wp-json\/wp\/v2\/types\/product"}],"replies":[{"embeddable":true,"href":"https:\/\/www.urbanspot.si\/hr\/wp-json\/wp\/v2\/comments?post=20884"}],"version-history":[{"count":1,"href":"https:\/\/www.urbanspot.si\/hr\/wp-json\/wp\/v2\/product\/20884\/revisions"}],"predecessor-version":[{"id":20894,"href":"https:\/\/www.urbanspot.si\/hr\/wp-json\/wp\/v2\/product\/20884\/revisions\/20894"}],"wp:featuredmedia":[{"embeddable":true,"href":"https:\/\/www.urbanspot.si\/hr\/wp-json\/wp\/v2\/media\/20885"}],"wp:attachment":[{"href":"https:\/\/www.urbanspot.si\/hr\/wp-json\/wp\/v2\/media?parent=20884"}],"wp:term":[{"taxonomy":"product_brand","embeddable":true,"href":"https:\/\/www.urbanspot.si\/hr\/wp-json\/wp\/v2\/product_brand?post=20884"},{"taxonomy":"product_cat","embeddable":true,"href":"https:\/\/www.urbanspot.si\/hr\/wp-json\/wp\/v2\/product_cat?post=20884"},{"taxonomy":"product_tag","embeddable":true,"href":"https:\/\/www.urbanspot.si\/hr\/wp-json\/wp\/v2\/product_tag?post=20884"}],"curies":[{"name":"radni list","href":"https:\/\/api.w.org\/{rel}","templated":true}]}}