{"id":20929,"date":"2025-05-22T14:26:02","date_gmt":"2025-05-22T12:26:02","guid":{"rendered":"https:\/\/www.urbanspot.si\/?post_type=product&#038;p=20929"},"modified":"2026-03-18T15:50:58","modified_gmt":"2026-03-18T13:50:58","slug":"urbie-premium-zastitno-staklo-za-honor-400-lite","status":"publish","type":"product","link":"https:\/\/www.urbanspot.si\/hr\/produkt\/zascitno-steklo-urbie-premium-honor-400-lite\/","title":{"rendered":"Urbie Premium za\u0161titno staklo, Honor 400 Lite"},"content":{"rendered":"<p>Za\u0161titno staklo izra\u0111eno je od kemijski obra\u0111enog stakla, \u0161to pru\u017ea izvrsnu prozirnost, vidljivost, visoku osjetljivost i ugodan osje\u0107aj dodira.<\/p>\n<p>Svojstva stakla:<\/p>\n<ul>\n<li>Visokokvalitetno kaljeno staklo<\/li>\n<li>Debljina stakla: 0,33 mm<\/li>\n<li>Tvrdo\u0107a povr\u0161ine: 9H<\/li>\n<li>Jednostavna instalacija.<\/li>\n<li>Tijekom ugradnje ne stvaraju se mjehuri\u0107i ispod stakla.<\/li>\n<li>Sloj protiv lomljenja \u2013 (silikonski premaz)<\/li>\n<li>Staklo prekriva cijeli ekran<\/li>\n<li>Premaz protiv masno\u0107e \u2013 manje otisaka prstiju i drugih mrlja<\/li>\n<li>Napredno silikonsko ljepilo<\/li>\n<li>Paket uklju\u010duje: 1x za\u0161titno staklo 1x krpa za \u010di\u0161\u0107enje od mikrovlakana 1x alkoholna maramica za prethodno \u010di\u0161\u0107enje<\/li>\n<\/ul>\n<p>Upozorenje: Prilikom kori\u0161tenja zakrivljenog za\u0161titnog stakla, prilikom istovremene upotrebe preklopnih futrola i nekih gumenih ukrasnih za\u0161titnika, mo\u017ee se dogoditi da futrola ili gumeni za\u0161titnik po\u010dnu pomicati staklo, a ljepilo za staklo se olabavi na rubovima.<\/p>","protected":false},"excerpt":{"rendered":"<p>Ovaj za\u0161titni film s potpunim pokrivanjem za Honor 400 Lite pru\u017eit \u0107e va\u0161em telefonu izvrsnu za\u0161titu od prljav\u0161tine, ogrebotina i udaraca.<\/p>","protected":false},"featured_media":20930,"comment_status":"open","ping_status":"closed","template":"","meta":[],"product_brand":[],"product_cat":[374,677,511,560,91],"product_tag":[],"class_list":{"0":"post-20929","1":"product","2":"type-product","3":"status-publish","4":"has-post-thumbnail","6":"product_cat-honor","7":"product_cat-honor-400-lite","8":"product_cat-ostale-honor-serije","9":"product_cat-ovitki-za-telefone","10":"product_cat-razprodaja","11":"pa_primerno-za-model-honor-400-lite","13":"first","14":"outofstock","15":"sale","16":"taxable","17":"shipping-taxable","18":"purchasable","19":"product-type-simple"},"yoast_head":"<!-- This site is optimized with the Yoast SEO plugin v27.2 - https:\/\/yoast.com\/product\/yoast-seo-wordpress\/ -->\n<title>Za\u0161\u010ditno steklo Urbie Premium, Honor 400 Lite -<\/title>\n<meta name=\"robots\" content=\"index, follow, max-snippet:-1, max-image-preview:large, max-video-preview:-1\" \/>\n<link rel=\"canonical\" href=\"https:\/\/www.urbanspot.si\/hr\/proizvod-2\/urbie-premium-zastitno-staklo-za-honor-400-lite\/\" \/>\n<meta property=\"og:locale\" content=\"hr_HR\" \/>\n<meta property=\"og:type\" content=\"article\" \/>\n<meta property=\"og:title\" content=\"Za\u0161\u010ditno steklo Urbie Premium, Honor 400 Lite -\" \/>\n<meta property=\"og:description\" content=\"Celotno za\u0161\u010ditno steklo za Honor 400 Lite bo va\u0161emu telefonu nudil odli\u010dno za\u0161\u010dito pred umazanijo, praskami in udarci.\" \/>\n<meta property=\"og:url\" content=\"https:\/\/www.urbanspot.si\/hr\/proizvod-2\/urbie-premium-zastitno-staklo-za-honor-400-lite\/\" \/>\n<meta property=\"article:publisher\" content=\"https:\/\/www.facebook.com\/urbanspot.si\" \/>\n<meta property=\"article:modified_time\" content=\"2026-03-18T13:50:58+00:00\" \/>\n<meta property=\"og:image\" content=\"https:\/\/www.urbanspot.si\/wp-content\/uploads\/steklo-400-lite.png\" \/>\n\t<meta property=\"og:image:width\" content=\"1080\" \/>\n\t<meta property=\"og:image:height\" content=\"1080\" \/>\n\t<meta property=\"og:image:type\" content=\"image\/png\" \/>\n<meta name=\"twitter:card\" content=\"summary_large_image\" \/>\n<meta name=\"twitter:label1\" content=\"Procijenjeno vrijeme \u010ditanja\" \/>\n\t<meta name=\"twitter:data1\" content=\"1 minuta\" \/>\n<script type=\"application\/ld+json\" class=\"yoast-schema-graph\">{\"@context\":\"https:\/\/schema.org\",\"@graph\":[{\"@type\":\"WebPage\",\"@id\":\"https:\/\/www.urbanspot.si\/produkt\/zascitno-steklo-urbie-premium-honor-400-lite\/\",\"url\":\"https:\/\/www.urbanspot.si\/produkt\/zascitno-steklo-urbie-premium-honor-400-lite\/\",\"name\":\"Za\u0161\u010ditno steklo Urbie Premium, Honor 400 Lite -\",\"isPartOf\":{\"@id\":\"https:\/\/www.urbanspot.si\/#website\"},\"primaryImageOfPage\":{\"@id\":\"https:\/\/www.urbanspot.si\/produkt\/zascitno-steklo-urbie-premium-honor-400-lite\/#primaryimage\"},\"image\":{\"@id\":\"https:\/\/www.urbanspot.si\/produkt\/zascitno-steklo-urbie-premium-honor-400-lite\/#primaryimage\"},\"thumbnailUrl\":\"https:\/\/www.urbanspot.si\/wp-content\/uploads\/steklo-400-lite.png\",\"datePublished\":\"2025-05-22T12:26:02+00:00\",\"dateModified\":\"2026-03-18T13:50:58+00:00\",\"breadcrumb\":{\"@id\":\"https:\/\/www.urbanspot.si\/produkt\/zascitno-steklo-urbie-premium-honor-400-lite\/#breadcrumb\"},\"inLanguage\":\"hr\",\"potentialAction\":[{\"@type\":\"ReadAction\",\"target\":[\"https:\/\/www.urbanspot.si\/produkt\/zascitno-steklo-urbie-premium-honor-400-lite\/\"]}]},{\"@type\":\"ImageObject\",\"inLanguage\":\"hr\",\"@id\":\"https:\/\/www.urbanspot.si\/produkt\/zascitno-steklo-urbie-premium-honor-400-lite\/#primaryimage\",\"url\":\"https:\/\/www.urbanspot.si\/wp-content\/uploads\/steklo-400-lite.png\",\"contentUrl\":\"https:\/\/www.urbanspot.si\/wp-content\/uploads\/steklo-400-lite.png\",\"width\":1080,\"height\":1080},{\"@type\":\"BreadcrumbList\",\"@id\":\"https:\/\/www.urbanspot.si\/produkt\/zascitno-steklo-urbie-premium-honor-400-lite\/#breadcrumb\",\"itemListElement\":[{\"@type\":\"ListItem\",\"position\":1,\"name\":\"Home\",\"item\":\"https:\/\/www.urbanspot.si\/\"},{\"@type\":\"ListItem\",\"position\":2,\"name\":\"Shop\",\"item\":\"https:\/\/www.urbanspot.si\/shop\/\"},{\"@type\":\"ListItem\",\"position\":3,\"name\":\"Za\u0161\u010ditno steklo Urbie Premium, Honor 400 Lite\"}]},{\"@type\":\"WebSite\",\"@id\":\"https:\/\/www.urbanspot.si\/#website\",\"url\":\"https:\/\/www.urbanspot.si\/\",\"name\":\"UrbanSpot\",\"description\":\"\",\"publisher\":{\"@id\":\"https:\/\/www.urbanspot.si\/#organization\"},\"potentialAction\":[{\"@type\":\"SearchAction\",\"target\":{\"@type\":\"EntryPoint\",\"urlTemplate\":\"https:\/\/www.urbanspot.si\/?s={search_term_string}\"},\"query-input\":{\"@type\":\"PropertyValueSpecification\",\"valueRequired\":true,\"valueName\":\"search_term_string\"}}],\"inLanguage\":\"hr\"},{\"@type\":\"Organization\",\"@id\":\"https:\/\/www.urbanspot.si\/#organization\",\"name\":\"UrbanSpot\",\"url\":\"https:\/\/www.urbanspot.si\/\",\"logo\":{\"@type\":\"ImageObject\",\"inLanguage\":\"hr\",\"@id\":\"https:\/\/www.urbanspot.si\/#\/schema\/logo\/image\/\",\"url\":\"https:\/\/www.urbanspot.si\/wp-content\/uploads\/urbanspot-logo.svg\",\"contentUrl\":\"https:\/\/www.urbanspot.si\/wp-content\/uploads\/urbanspot-logo.svg\",\"width\":185,\"height\":40,\"caption\":\"UrbanSpot\"},\"image\":{\"@id\":\"https:\/\/www.urbanspot.si\/#\/schema\/logo\/image\/\"},\"sameAs\":[\"https:\/\/www.facebook.com\/urbanspot.si\"]}]}<\/script>\n<!-- \/ Yoast SEO plugin. -->","yoast_head_json":{"title":"Urbie premium za\u0161titna folija, Honor 400 Lite -","robots":{"index":"index","follow":"follow","max-snippet":"max-snippet:-1","max-image-preview":"max-image-preview:large","max-video-preview":"max-video-preview:-1"},"canonical":"https:\/\/www.urbanspot.si\/hr\/proizvod-2\/urbie-premium-zastitno-staklo-za-honor-400-lite\/","og_locale":"hr_HR","og_type":"article","og_title":"Za\u0161\u010ditno steklo Urbie Premium, Honor 400 Lite -","og_description":"Celotno za\u0161\u010ditno steklo za Honor 400 Lite bo va\u0161emu telefonu nudil odli\u010dno za\u0161\u010dito pred umazanijo, praskami in udarci.","og_url":"https:\/\/www.urbanspot.si\/hr\/proizvod-2\/urbie-premium-zastitno-staklo-za-honor-400-lite\/","article_publisher":"https:\/\/www.facebook.com\/urbanspot.si","article_modified_time":"2026-03-18T13:50:58+00:00","og_image":[{"width":1080,"height":1080,"url":"https:\/\/www.urbanspot.si\/wp-content\/uploads\/steklo-400-lite.png","type":"image\/png"}],"twitter_card":"summary_large_image","twitter_misc":{"Procijenjeno vrijeme \u010ditanja":"1 minuta"},"schema":{"@context":"https:\/\/schema.org","@graph":[{"@type":"WebPage","@id":"https:\/\/www.urbanspot.si\/produkt\/zascitno-steklo-urbie-premium-honor-400-lite\/","url":"https:\/\/www.urbanspot.si\/produkt\/zascitno-steklo-urbie-premium-honor-400-lite\/","name":"Urbie premium za\u0161titna folija, Honor 400 Lite -","isPartOf":{"@id":"https:\/\/www.urbanspot.si\/#website"},"primaryImageOfPage":{"@id":"https:\/\/www.urbanspot.si\/produkt\/zascitno-steklo-urbie-premium-honor-400-lite\/#primaryimage"},"image":{"@id":"https:\/\/www.urbanspot.si\/produkt\/zascitno-steklo-urbie-premium-honor-400-lite\/#primaryimage"},"thumbnailUrl":"https:\/\/www.urbanspot.si\/wp-content\/uploads\/steklo-400-lite.png","datePublished":"2025-05-22T12:26:02+00:00","dateModified":"2026-03-18T13:50:58+00:00","breadcrumb":{"@id":"https:\/\/www.urbanspot.si\/produkt\/zascitno-steklo-urbie-premium-honor-400-lite\/#breadcrumb"},"inLanguage":"hr","potentialAction":[{"@type":"ReadAction","target":["https:\/\/www.urbanspot.si\/produkt\/zascitno-steklo-urbie-premium-honor-400-lite\/"]}]},{"@type":"ImageObject","inLanguage":"hr","@id":"https:\/\/www.urbanspot.si\/produkt\/zascitno-steklo-urbie-premium-honor-400-lite\/#primaryimage","url":"https:\/\/www.urbanspot.si\/wp-content\/uploads\/steklo-400-lite.png","contentUrl":"https:\/\/www.urbanspot.si\/wp-content\/uploads\/steklo-400-lite.png","width":1080,"height":1080},{"@type":"BreadcrumbList","@id":"https:\/\/www.urbanspot.si\/produkt\/zascitno-steklo-urbie-premium-honor-400-lite\/#breadcrumb","itemListElement":[{"@type":"ListItem","position":1,"name":"Home","item":"https:\/\/www.urbanspot.si\/"},{"@type":"ListItem","position":2,"name":"Shop","item":"https:\/\/www.urbanspot.si\/shop\/"},{"@type":"ListItem","position":3,"name":"Za\u0161\u010ditno steklo Urbie Premium, Honor 400 Lite"}]},{"@type":"WebSite","@id":"https:\/\/www.urbanspot.si\/#website","url":"https:\/\/www.urbanspot.si\/","name":"UrbanSpot","description":"","publisher":{"@id":"https:\/\/www.urbanspot.si\/#organization"},"potentialAction":[{"@type":"SearchAction","target":{"@type":"EntryPoint","urlTemplate":"https:\/\/www.urbanspot.si\/?s={search_term_string}"},"query-input":{"@type":"PropertyValueSpecification","valueRequired":true,"valueName":"search_term_string"}}],"inLanguage":"hr"},{"@type":"Organization","@id":"https:\/\/www.urbanspot.si\/#organization","name":"UrbanSpot","url":"https:\/\/www.urbanspot.si\/","logo":{"@type":"ImageObject","inLanguage":"hr","@id":"https:\/\/www.urbanspot.si\/#\/schema\/logo\/image\/","url":"https:\/\/www.urbanspot.si\/wp-content\/uploads\/urbanspot-logo.svg","contentUrl":"https:\/\/www.urbanspot.si\/wp-content\/uploads\/urbanspot-logo.svg","width":185,"height":40,"caption":"UrbanSpot"},"image":{"@id":"https:\/\/www.urbanspot.si\/#\/schema\/logo\/image\/"},"sameAs":["https:\/\/www.facebook.com\/urbanspot.si"]}]}},"_links":{"self":[{"href":"https:\/\/www.urbanspot.si\/hr\/wp-json\/wp\/v2\/product\/20929","targetHints":{"allow":["GET"]}}],"collection":[{"href":"https:\/\/www.urbanspot.si\/hr\/wp-json\/wp\/v2\/product"}],"about":[{"href":"https:\/\/www.urbanspot.si\/hr\/wp-json\/wp\/v2\/types\/product"}],"replies":[{"embeddable":true,"href":"https:\/\/www.urbanspot.si\/hr\/wp-json\/wp\/v2\/comments?post=20929"}],"version-history":[{"count":1,"href":"https:\/\/www.urbanspot.si\/hr\/wp-json\/wp\/v2\/product\/20929\/revisions"}],"predecessor-version":[{"id":20931,"href":"https:\/\/www.urbanspot.si\/hr\/wp-json\/wp\/v2\/product\/20929\/revisions\/20931"}],"wp:featuredmedia":[{"embeddable":true,"href":"https:\/\/www.urbanspot.si\/hr\/wp-json\/wp\/v2\/media\/20930"}],"wp:attachment":[{"href":"https:\/\/www.urbanspot.si\/hr\/wp-json\/wp\/v2\/media?parent=20929"}],"wp:term":[{"taxonomy":"product_brand","embeddable":true,"href":"https:\/\/www.urbanspot.si\/hr\/wp-json\/wp\/v2\/product_brand?post=20929"},{"taxonomy":"product_cat","embeddable":true,"href":"https:\/\/www.urbanspot.si\/hr\/wp-json\/wp\/v2\/product_cat?post=20929"},{"taxonomy":"product_tag","embeddable":true,"href":"https:\/\/www.urbanspot.si\/hr\/wp-json\/wp\/v2\/product_tag?post=20929"}],"curies":[{"name":"radni list","href":"https:\/\/api.w.org\/{rel}","templated":true}]}}