{"id":20965,"date":"2025-05-28T16:42:05","date_gmt":"2025-05-28T14:42:05","guid":{"rendered":"https:\/\/www.urbanspot.si\/?post_type=product&#038;p=20965"},"modified":"2026-04-15T10:07:57","modified_gmt":"2026-04-15T08:07:57","slug":"zascitna-folija-za-otrosko-uro-imoo-z7-matt","status":"publish","type":"product","link":"https:\/\/www.urbanspot.si\/hr\/produkt\/zascitna-folija-za-otrosko-uro-imoo-z7-matt\/","title":{"rendered":"Za\u0161titna folija za dje\u010dji sat IMOO Z7, mat"},"content":{"rendered":"<p>Za\u0161\u010ditna folija za otro\u0161ko uro IMOO Z7 bo ekran va\u0161e naprave za\u0161\u010ditila pred praskami in zmanj\u0161ala ble\u0161\u010danje ekrana. Poleg za\u0161\u010dite, je lastnost folije, da odbija prah.<\/p>\n<p>Folija se lako postavlja i uklanja te ima dug vijek trajanja.<\/p>\n<p>Paket vsebuje 2 kosa za\u0161\u010ditni foliji.<\/p>","protected":false},"excerpt":{"rendered":"<p>Za\u0161\u010ditna folija za otro\u0161ko uro IMOO Z7 bo ekran va\u0161e naprave za\u0161\u010ditila pred praskami in zmanj\u0161ala ble\u0161\u010danje ekrana. Poleg za\u0161\u010dite, je lastnost folije, da odbija prah.<\/p>","protected":false},"featured_media":20969,"comment_status":"open","ping_status":"closed","template":"","meta":[],"product_brand":[],"product_cat":[109,552],"product_tag":[],"class_list":{"0":"post-20965","1":"product","2":"type-product","3":"status-publish","4":"has-post-thumbnail","6":"product_cat-otroska-ura-imoo","7":"product_cat-pametne-ure-in-zapestnice","9":"first","10":"onbackorder","11":"sale","12":"taxable","13":"shipping-taxable","14":"purchasable","15":"product-type-simple"},"yoast_head":"<!-- This site is optimized with the Yoast SEO plugin v27.4 - https:\/\/yoast.com\/product\/yoast-seo-wordpress\/ -->\n<title>Za\u0161\u010ditna folija za otro\u0161ko uro IMOO Z7, matt -<\/title>\n<meta name=\"robots\" content=\"index, follow, max-snippet:-1, max-image-preview:large, max-video-preview:-1\" \/>\n<link rel=\"canonical\" href=\"https:\/\/www.urbanspot.si\/hr\/proizvod-2\/zascitna-folija-za-otrosko-uro-imoo-z7-matt\/\" \/>\n<meta property=\"og:locale\" content=\"hr_HR\" \/>\n<meta property=\"og:type\" content=\"article\" \/>\n<meta property=\"og:title\" content=\"Za\u0161\u010ditna folija za otro\u0161ko uro IMOO Z7, matt -\" \/>\n<meta property=\"og:description\" content=\"Za\u0161\u010ditna folija za otro\u0161ko uro IMOO Z7 bo ekran va\u0161e naprave za\u0161\u010ditila pred praskami in zmanj\u0161ala ble\u0161\u010danje ekrana. Poleg za\u0161\u010dite, je lastnost folije, da odbija prah.\" \/>\n<meta property=\"og:url\" content=\"https:\/\/www.urbanspot.si\/hr\/proizvod-2\/zascitna-folija-za-otrosko-uro-imoo-z7-matt\/\" \/>\n<meta property=\"article:publisher\" content=\"https:\/\/www.facebook.com\/urbanspot.si\" \/>\n<meta property=\"article:modified_time\" content=\"2026-04-15T08:07:57+00:00\" \/>\n<meta property=\"og:image\" content=\"https:\/\/www.urbanspot.si\/wp-content\/uploads\/folija-z7.jpg\" \/>\n\t<meta property=\"og:image:width\" content=\"997\" \/>\n\t<meta property=\"og:image:height\" content=\"747\" \/>\n\t<meta property=\"og:image:type\" content=\"image\/jpeg\" \/>\n<meta name=\"twitter:card\" content=\"summary_large_image\" \/>\n<meta name=\"twitter:label1\" content=\"Procijenjeno vrijeme \u010ditanja\" \/>\n\t<meta name=\"twitter:data1\" content=\"1 minuta\" \/>\n<script type=\"application\/ld+json\" class=\"yoast-schema-graph\">{\"@context\":\"https:\\\/\\\/schema.org\",\"@graph\":[{\"@type\":\"WebPage\",\"@id\":\"https:\\\/\\\/www.urbanspot.si\\\/produkt\\\/zascitna-folija-za-otrosko-uro-imoo-z7-matt\\\/\",\"url\":\"https:\\\/\\\/www.urbanspot.si\\\/produkt\\\/zascitna-folija-za-otrosko-uro-imoo-z7-matt\\\/\",\"name\":\"Za\u0161\u010ditna folija za otro\u0161ko uro IMOO Z7, matt -\",\"isPartOf\":{\"@id\":\"https:\\\/\\\/www.urbanspot.si\\\/#website\"},\"primaryImageOfPage\":{\"@id\":\"https:\\\/\\\/www.urbanspot.si\\\/produkt\\\/zascitna-folija-za-otrosko-uro-imoo-z7-matt\\\/#primaryimage\"},\"image\":{\"@id\":\"https:\\\/\\\/www.urbanspot.si\\\/produkt\\\/zascitna-folija-za-otrosko-uro-imoo-z7-matt\\\/#primaryimage\"},\"thumbnailUrl\":\"https:\\\/\\\/www.urbanspot.si\\\/wp-content\\\/uploads\\\/folija-z7.jpg\",\"datePublished\":\"2025-05-28T14:42:05+00:00\",\"dateModified\":\"2026-04-15T08:07:57+00:00\",\"breadcrumb\":{\"@id\":\"https:\\\/\\\/www.urbanspot.si\\\/produkt\\\/zascitna-folija-za-otrosko-uro-imoo-z7-matt\\\/#breadcrumb\"},\"inLanguage\":\"hr\",\"potentialAction\":[{\"@type\":\"ReadAction\",\"target\":[\"https:\\\/\\\/www.urbanspot.si\\\/produkt\\\/zascitna-folija-za-otrosko-uro-imoo-z7-matt\\\/\"]}]},{\"@type\":\"ImageObject\",\"inLanguage\":\"hr\",\"@id\":\"https:\\\/\\\/www.urbanspot.si\\\/produkt\\\/zascitna-folija-za-otrosko-uro-imoo-z7-matt\\\/#primaryimage\",\"url\":\"https:\\\/\\\/www.urbanspot.si\\\/wp-content\\\/uploads\\\/folija-z7.jpg\",\"contentUrl\":\"https:\\\/\\\/www.urbanspot.si\\\/wp-content\\\/uploads\\\/folija-z7.jpg\",\"width\":997,\"height\":747},{\"@type\":\"BreadcrumbList\",\"@id\":\"https:\\\/\\\/www.urbanspot.si\\\/produkt\\\/zascitna-folija-za-otrosko-uro-imoo-z7-matt\\\/#breadcrumb\",\"itemListElement\":[{\"@type\":\"ListItem\",\"position\":1,\"name\":\"Home\",\"item\":\"https:\\\/\\\/www.urbanspot.si\\\/\"},{\"@type\":\"ListItem\",\"position\":2,\"name\":\"Shop\",\"item\":\"https:\\\/\\\/www.urbanspot.si\\\/shop\\\/\"},{\"@type\":\"ListItem\",\"position\":3,\"name\":\"Za\u0161\u010ditna folija za otro\u0161ko uro IMOO Z7, matt\"}]},{\"@type\":\"WebSite\",\"@id\":\"https:\\\/\\\/www.urbanspot.si\\\/#website\",\"url\":\"https:\\\/\\\/www.urbanspot.si\\\/\",\"name\":\"UrbanSpot\",\"description\":\"\",\"publisher\":{\"@id\":\"https:\\\/\\\/www.urbanspot.si\\\/#organization\"},\"potentialAction\":[{\"@type\":\"SearchAction\",\"target\":{\"@type\":\"EntryPoint\",\"urlTemplate\":\"https:\\\/\\\/www.urbanspot.si\\\/?s={search_term_string}\"},\"query-input\":{\"@type\":\"PropertyValueSpecification\",\"valueRequired\":true,\"valueName\":\"search_term_string\"}}],\"inLanguage\":\"hr\"},{\"@type\":\"Organization\",\"@id\":\"https:\\\/\\\/www.urbanspot.si\\\/#organization\",\"name\":\"UrbanSpot\",\"url\":\"https:\\\/\\\/www.urbanspot.si\\\/\",\"logo\":{\"@type\":\"ImageObject\",\"inLanguage\":\"hr\",\"@id\":\"https:\\\/\\\/www.urbanspot.si\\\/#\\\/schema\\\/logo\\\/image\\\/\",\"url\":\"https:\\\/\\\/www.urbanspot.si\\\/wp-content\\\/uploads\\\/urbanspot-logo.svg\",\"contentUrl\":\"https:\\\/\\\/www.urbanspot.si\\\/wp-content\\\/uploads\\\/urbanspot-logo.svg\",\"width\":185,\"height\":40,\"caption\":\"UrbanSpot\"},\"image\":{\"@id\":\"https:\\\/\\\/www.urbanspot.si\\\/#\\\/schema\\\/logo\\\/image\\\/\"},\"sameAs\":[\"https:\\\/\\\/www.facebook.com\\\/urbanspot.si\"]}]}<\/script>\n<!-- \/ Yoast SEO plugin. -->","yoast_head_json":{"title":"Za\u0161\u010ditna folija za otro\u0161ko uro IMOO Z7, matt -","robots":{"index":"index","follow":"follow","max-snippet":"max-snippet:-1","max-image-preview":"max-image-preview:large","max-video-preview":"max-video-preview:-1"},"canonical":"https:\/\/www.urbanspot.si\/hr\/proizvod-2\/zascitna-folija-za-otrosko-uro-imoo-z7-matt\/","og_locale":"hr_HR","og_type":"article","og_title":"Za\u0161\u010ditna folija za otro\u0161ko uro IMOO Z7, matt -","og_description":"Za\u0161\u010ditna folija za otro\u0161ko uro IMOO Z7 bo ekran va\u0161e naprave za\u0161\u010ditila pred praskami in zmanj\u0161ala ble\u0161\u010danje ekrana. Poleg za\u0161\u010dite, je lastnost folije, da odbija prah.","og_url":"https:\/\/www.urbanspot.si\/hr\/proizvod-2\/zascitna-folija-za-otrosko-uro-imoo-z7-matt\/","article_publisher":"https:\/\/www.facebook.com\/urbanspot.si","article_modified_time":"2026-04-15T08:07:57+00:00","og_image":[{"width":997,"height":747,"url":"https:\/\/www.urbanspot.si\/wp-content\/uploads\/folija-z7.jpg","type":"image\/jpeg"}],"twitter_card":"summary_large_image","twitter_misc":{"Procijenjeno vrijeme \u010ditanja":"1 minuta"},"schema":{"@context":"https:\/\/schema.org","@graph":[{"@type":"WebPage","@id":"https:\/\/www.urbanspot.si\/produkt\/zascitna-folija-za-otrosko-uro-imoo-z7-matt\/","url":"https:\/\/www.urbanspot.si\/produkt\/zascitna-folija-za-otrosko-uro-imoo-z7-matt\/","name":"Za\u0161\u010ditna folija za otro\u0161ko uro IMOO Z7, matt -","isPartOf":{"@id":"https:\/\/www.urbanspot.si\/#website"},"primaryImageOfPage":{"@id":"https:\/\/www.urbanspot.si\/produkt\/zascitna-folija-za-otrosko-uro-imoo-z7-matt\/#primaryimage"},"image":{"@id":"https:\/\/www.urbanspot.si\/produkt\/zascitna-folija-za-otrosko-uro-imoo-z7-matt\/#primaryimage"},"thumbnailUrl":"https:\/\/www.urbanspot.si\/wp-content\/uploads\/folija-z7.jpg","datePublished":"2025-05-28T14:42:05+00:00","dateModified":"2026-04-15T08:07:57+00:00","breadcrumb":{"@id":"https:\/\/www.urbanspot.si\/produkt\/zascitna-folija-za-otrosko-uro-imoo-z7-matt\/#breadcrumb"},"inLanguage":"hr","potentialAction":[{"@type":"ReadAction","target":["https:\/\/www.urbanspot.si\/produkt\/zascitna-folija-za-otrosko-uro-imoo-z7-matt\/"]}]},{"@type":"ImageObject","inLanguage":"hr","@id":"https:\/\/www.urbanspot.si\/produkt\/zascitna-folija-za-otrosko-uro-imoo-z7-matt\/#primaryimage","url":"https:\/\/www.urbanspot.si\/wp-content\/uploads\/folija-z7.jpg","contentUrl":"https:\/\/www.urbanspot.si\/wp-content\/uploads\/folija-z7.jpg","width":997,"height":747},{"@type":"BreadcrumbList","@id":"https:\/\/www.urbanspot.si\/produkt\/zascitna-folija-za-otrosko-uro-imoo-z7-matt\/#breadcrumb","itemListElement":[{"@type":"ListItem","position":1,"name":"Home","item":"https:\/\/www.urbanspot.si\/"},{"@type":"ListItem","position":2,"name":"Shop","item":"https:\/\/www.urbanspot.si\/shop\/"},{"@type":"ListItem","position":3,"name":"Za\u0161\u010ditna folija za otro\u0161ko uro IMOO Z7, matt"}]},{"@type":"WebSite","@id":"https:\/\/www.urbanspot.si\/#website","url":"https:\/\/www.urbanspot.si\/","name":"UrbanSpot","description":"","publisher":{"@id":"https:\/\/www.urbanspot.si\/#organization"},"potentialAction":[{"@type":"SearchAction","target":{"@type":"EntryPoint","urlTemplate":"https:\/\/www.urbanspot.si\/?s={search_term_string}"},"query-input":{"@type":"PropertyValueSpecification","valueRequired":true,"valueName":"search_term_string"}}],"inLanguage":"hr"},{"@type":"Organization","@id":"https:\/\/www.urbanspot.si\/#organization","name":"UrbanSpot","url":"https:\/\/www.urbanspot.si\/","logo":{"@type":"ImageObject","inLanguage":"hr","@id":"https:\/\/www.urbanspot.si\/#\/schema\/logo\/image\/","url":"https:\/\/www.urbanspot.si\/wp-content\/uploads\/urbanspot-logo.svg","contentUrl":"https:\/\/www.urbanspot.si\/wp-content\/uploads\/urbanspot-logo.svg","width":185,"height":40,"caption":"UrbanSpot"},"image":{"@id":"https:\/\/www.urbanspot.si\/#\/schema\/logo\/image\/"},"sameAs":["https:\/\/www.facebook.com\/urbanspot.si"]}]}},"_links":{"self":[{"href":"https:\/\/www.urbanspot.si\/hr\/wp-json\/wp\/v2\/product\/20965","targetHints":{"allow":["GET"]}}],"collection":[{"href":"https:\/\/www.urbanspot.si\/hr\/wp-json\/wp\/v2\/product"}],"about":[{"href":"https:\/\/www.urbanspot.si\/hr\/wp-json\/wp\/v2\/types\/product"}],"replies":[{"embeddable":true,"href":"https:\/\/www.urbanspot.si\/hr\/wp-json\/wp\/v2\/comments?post=20965"}],"version-history":[{"count":3,"href":"https:\/\/www.urbanspot.si\/hr\/wp-json\/wp\/v2\/product\/20965\/revisions"}],"predecessor-version":[{"id":20970,"href":"https:\/\/www.urbanspot.si\/hr\/wp-json\/wp\/v2\/product\/20965\/revisions\/20970"}],"wp:featuredmedia":[{"embeddable":true,"href":"https:\/\/www.urbanspot.si\/hr\/wp-json\/wp\/v2\/media\/20969"}],"wp:attachment":[{"href":"https:\/\/www.urbanspot.si\/hr\/wp-json\/wp\/v2\/media?parent=20965"}],"wp:term":[{"taxonomy":"product_brand","embeddable":true,"href":"https:\/\/www.urbanspot.si\/hr\/wp-json\/wp\/v2\/product_brand?post=20965"},{"taxonomy":"product_cat","embeddable":true,"href":"https:\/\/www.urbanspot.si\/hr\/wp-json\/wp\/v2\/product_cat?post=20965"},{"taxonomy":"product_tag","embeddable":true,"href":"https:\/\/www.urbanspot.si\/hr\/wp-json\/wp\/v2\/product_tag?post=20965"}],"curies":[{"name":"radni list","href":"https:\/\/api.w.org\/{rel}","templated":true}]}}