{"id":20976,"date":"2025-05-29T11:45:21","date_gmt":"2025-05-29T09:45:21","guid":{"rendered":"https:\/\/www.urbanspot.si\/?post_type=product&#038;p=20976"},"modified":"2026-03-18T15:50:54","modified_gmt":"2026-03-18T13:50:54","slug":"xiaomi-redmi-buds-3-lite-bezicne-slusalice-crne-boje","status":"publish","type":"product","link":"https:\/\/www.urbanspot.si\/hr\/produkt\/xiaomi-redmi-buds-3-lite-brezzicne-slusalke-crne\/","title":{"rendered":"Xiaomi Redmi Buds 3 Lite, be\u017ei\u010dne slu\u0161alice, crne boje"},"content":{"rendered":"<p><strong>Tehni\u010dke zna\u010dajke:<\/strong><\/p>\n<ul>\n<li>Vrsta slu\u0161alica: Be\u017ei\u010dne slu\u0161alice<\/li>\n<li>Kompatibilnost ure\u0111aja: Android, iOS<\/li>\n<li>Upravljanje dodirom: DA, upravljanje pozivima\/glazbom\/na\u010dinom rada, dvostruki dodir, dr\u017eanje ili kori\u0161tenje neke od drugih dodirnih operacija za prebacivanje izme\u0111u na\u010dina rada - jednostavno, prakti\u010dno i u\u010dinkovito<\/li>\n<li>Tehnologija: Bluetooth 5.2 tehnologija<\/li>\n<li>Ugra\u0111eni mikrofon: s funkcijom poni\u0161tavanja buke<\/li>\n<li>Vrijeme reprodukcije (s jednim punjenjem): do 5 sati<\/li>\n<li>Vrijeme reprodukcije (s punja\u010dem): do 18 sati<\/li>\n<li>Ergonomski dizajn<\/li>\n<li>Priklju\u010dak za punjenje: Tip C<\/li>\n<li>Boja: crna<\/li>\n<\/ul>","protected":false},"excerpt":{"rendered":"<p>Xiaomi Redmi Buds 3 Lite su lagane i moderne crne Bluetooth slu\u0161alice koje pru\u017eaju vrhunsku kvalitetu zvuka i tehnologiju poni\u0161tavanja buke za jasne telefonske razgovore.<\/p>","protected":false},"featured_media":20984,"comment_status":"open","ping_status":"closed","template":"","meta":[],"product_brand":[],"product_cat":[104,91,306],"product_tag":[],"class_list":{"0":"post-20976","1":"product","2":"type-product","3":"status-publish","4":"has-post-thumbnail","6":"product_cat-dodatna-oprema","7":"product_cat-razprodaja","8":"product_cat-slusalke","10":"first","11":"outofstock","12":"taxable","13":"shipping-taxable","14":"purchasable","15":"product-type-simple"},"yoast_head":"<!-- This site is optimized with the Yoast SEO plugin v27.4 - https:\/\/yoast.com\/product\/yoast-seo-wordpress\/ -->\n<title>Xiaomi Redmi Buds 3 Lite, brez\u017ei\u010dne slu\u0161alke, \u010drne -<\/title>\n<meta name=\"robots\" content=\"index, follow, max-snippet:-1, max-image-preview:large, max-video-preview:-1\" \/>\n<link rel=\"canonical\" href=\"https:\/\/www.urbanspot.si\/hr\/proizvod-2\/xiaomi-redmi-buds-3-lite-bezicne-slusalice-crne-boje\/\" \/>\n<meta property=\"og:locale\" content=\"hr_HR\" \/>\n<meta property=\"og:type\" content=\"article\" \/>\n<meta property=\"og:title\" content=\"Xiaomi Redmi Buds 3 Lite, brez\u017ei\u010dne slu\u0161alke, \u010drne -\" \/>\n<meta property=\"og:description\" content=\"Xiaomi Redmi Buds 3 Lite so lahke in moderne bluetooth slu\u0161ualke \u010drne barve, ki zagotavljajo vrhunsko zvo\u010dno kakovost in tehnologijo Noise Cancellation za jasne telefonske pogovore.\" \/>\n<meta property=\"og:url\" content=\"https:\/\/www.urbanspot.si\/hr\/proizvod-2\/xiaomi-redmi-buds-3-lite-bezicne-slusalice-crne-boje\/\" \/>\n<meta property=\"article:publisher\" content=\"https:\/\/www.facebook.com\/urbanspot.si\" \/>\n<meta property=\"article:modified_time\" content=\"2026-03-18T13:50:54+00:00\" \/>\n<meta property=\"og:image\" content=\"https:\/\/www.urbanspot.si\/wp-content\/uploads\/buds234.png\" \/>\n\t<meta property=\"og:image:width\" content=\"1000\" \/>\n\t<meta property=\"og:image:height\" content=\"1000\" \/>\n\t<meta property=\"og:image:type\" content=\"image\/png\" \/>\n<meta name=\"twitter:card\" content=\"summary_large_image\" \/>\n<meta name=\"twitter:label1\" content=\"Procijenjeno vrijeme \u010ditanja\" \/>\n\t<meta name=\"twitter:data1\" content=\"1 minuta\" \/>\n<script type=\"application\/ld+json\" class=\"yoast-schema-graph\">{\"@context\":\"https:\\\/\\\/schema.org\",\"@graph\":[{\"@type\":\"WebPage\",\"@id\":\"https:\\\/\\\/www.urbanspot.si\\\/produkt\\\/xiaomi-redmi-buds-3-lite-brezzicne-slusalke-crne\\\/\",\"url\":\"https:\\\/\\\/www.urbanspot.si\\\/produkt\\\/xiaomi-redmi-buds-3-lite-brezzicne-slusalke-crne\\\/\",\"name\":\"Xiaomi Redmi Buds 3 Lite, brez\u017ei\u010dne slu\u0161alke, \u010drne -\",\"isPartOf\":{\"@id\":\"https:\\\/\\\/www.urbanspot.si\\\/#website\"},\"primaryImageOfPage\":{\"@id\":\"https:\\\/\\\/www.urbanspot.si\\\/produkt\\\/xiaomi-redmi-buds-3-lite-brezzicne-slusalke-crne\\\/#primaryimage\"},\"image\":{\"@id\":\"https:\\\/\\\/www.urbanspot.si\\\/produkt\\\/xiaomi-redmi-buds-3-lite-brezzicne-slusalke-crne\\\/#primaryimage\"},\"thumbnailUrl\":\"https:\\\/\\\/www.urbanspot.si\\\/wp-content\\\/uploads\\\/buds234.png\",\"datePublished\":\"2025-05-29T09:45:21+00:00\",\"dateModified\":\"2026-03-18T13:50:54+00:00\",\"breadcrumb\":{\"@id\":\"https:\\\/\\\/www.urbanspot.si\\\/produkt\\\/xiaomi-redmi-buds-3-lite-brezzicne-slusalke-crne\\\/#breadcrumb\"},\"inLanguage\":\"hr\",\"potentialAction\":[{\"@type\":\"ReadAction\",\"target\":[\"https:\\\/\\\/www.urbanspot.si\\\/produkt\\\/xiaomi-redmi-buds-3-lite-brezzicne-slusalke-crne\\\/\"]}]},{\"@type\":\"ImageObject\",\"inLanguage\":\"hr\",\"@id\":\"https:\\\/\\\/www.urbanspot.si\\\/produkt\\\/xiaomi-redmi-buds-3-lite-brezzicne-slusalke-crne\\\/#primaryimage\",\"url\":\"https:\\\/\\\/www.urbanspot.si\\\/wp-content\\\/uploads\\\/buds234.png\",\"contentUrl\":\"https:\\\/\\\/www.urbanspot.si\\\/wp-content\\\/uploads\\\/buds234.png\",\"width\":1000,\"height\":1000},{\"@type\":\"BreadcrumbList\",\"@id\":\"https:\\\/\\\/www.urbanspot.si\\\/produkt\\\/xiaomi-redmi-buds-3-lite-brezzicne-slusalke-crne\\\/#breadcrumb\",\"itemListElement\":[{\"@type\":\"ListItem\",\"position\":1,\"name\":\"Home\",\"item\":\"https:\\\/\\\/www.urbanspot.si\\\/\"},{\"@type\":\"ListItem\",\"position\":2,\"name\":\"Shop\",\"item\":\"https:\\\/\\\/www.urbanspot.si\\\/shop\\\/\"},{\"@type\":\"ListItem\",\"position\":3,\"name\":\"Xiaomi Redmi Buds 3 Lite, brez\u017ei\u010dne slu\u0161alke, \u010drne\"}]},{\"@type\":\"WebSite\",\"@id\":\"https:\\\/\\\/www.urbanspot.si\\\/#website\",\"url\":\"https:\\\/\\\/www.urbanspot.si\\\/\",\"name\":\"UrbanSpot\",\"description\":\"\",\"publisher\":{\"@id\":\"https:\\\/\\\/www.urbanspot.si\\\/#organization\"},\"potentialAction\":[{\"@type\":\"SearchAction\",\"target\":{\"@type\":\"EntryPoint\",\"urlTemplate\":\"https:\\\/\\\/www.urbanspot.si\\\/?s={search_term_string}\"},\"query-input\":{\"@type\":\"PropertyValueSpecification\",\"valueRequired\":true,\"valueName\":\"search_term_string\"}}],\"inLanguage\":\"hr\"},{\"@type\":\"Organization\",\"@id\":\"https:\\\/\\\/www.urbanspot.si\\\/#organization\",\"name\":\"UrbanSpot\",\"url\":\"https:\\\/\\\/www.urbanspot.si\\\/\",\"logo\":{\"@type\":\"ImageObject\",\"inLanguage\":\"hr\",\"@id\":\"https:\\\/\\\/www.urbanspot.si\\\/#\\\/schema\\\/logo\\\/image\\\/\",\"url\":\"https:\\\/\\\/www.urbanspot.si\\\/wp-content\\\/uploads\\\/urbanspot-logo.svg\",\"contentUrl\":\"https:\\\/\\\/www.urbanspot.si\\\/wp-content\\\/uploads\\\/urbanspot-logo.svg\",\"width\":185,\"height\":40,\"caption\":\"UrbanSpot\"},\"image\":{\"@id\":\"https:\\\/\\\/www.urbanspot.si\\\/#\\\/schema\\\/logo\\\/image\\\/\"},\"sameAs\":[\"https:\\\/\\\/www.facebook.com\\\/urbanspot.si\"]}]}<\/script>\n<!-- \/ Yoast SEO plugin. -->","yoast_head_json":{"title":"Xiaomi Redmi Buds 3 Lite, be\u017ei\u010dne slu\u0161alice, crne -","robots":{"index":"index","follow":"follow","max-snippet":"max-snippet:-1","max-image-preview":"max-image-preview:large","max-video-preview":"max-video-preview:-1"},"canonical":"https:\/\/www.urbanspot.si\/hr\/proizvod-2\/xiaomi-redmi-buds-3-lite-bezicne-slusalice-crne-boje\/","og_locale":"hr_HR","og_type":"article","og_title":"Xiaomi Redmi Buds 3 Lite, brez\u017ei\u010dne slu\u0161alke, \u010drne -","og_description":"Xiaomi Redmi Buds 3 Lite so lahke in moderne bluetooth slu\u0161ualke \u010drne barve, ki zagotavljajo vrhunsko zvo\u010dno kakovost in tehnologijo Noise Cancellation za jasne telefonske pogovore.","og_url":"https:\/\/www.urbanspot.si\/hr\/proizvod-2\/xiaomi-redmi-buds-3-lite-bezicne-slusalice-crne-boje\/","article_publisher":"https:\/\/www.facebook.com\/urbanspot.si","article_modified_time":"2026-03-18T13:50:54+00:00","og_image":[{"width":1000,"height":1000,"url":"https:\/\/www.urbanspot.si\/wp-content\/uploads\/buds234.png","type":"image\/png"}],"twitter_card":"summary_large_image","twitter_misc":{"Procijenjeno vrijeme \u010ditanja":"1 minuta"},"schema":{"@context":"https:\/\/schema.org","@graph":[{"@type":"WebPage","@id":"https:\/\/www.urbanspot.si\/produkt\/xiaomi-redmi-buds-3-lite-brezzicne-slusalke-crne\/","url":"https:\/\/www.urbanspot.si\/produkt\/xiaomi-redmi-buds-3-lite-brezzicne-slusalke-crne\/","name":"Xiaomi Redmi Buds 3 Lite, be\u017ei\u010dne slu\u0161alice, crne -","isPartOf":{"@id":"https:\/\/www.urbanspot.si\/#website"},"primaryImageOfPage":{"@id":"https:\/\/www.urbanspot.si\/produkt\/xiaomi-redmi-buds-3-lite-brezzicne-slusalke-crne\/#primaryimage"},"image":{"@id":"https:\/\/www.urbanspot.si\/produkt\/xiaomi-redmi-buds-3-lite-brezzicne-slusalke-crne\/#primaryimage"},"thumbnailUrl":"https:\/\/www.urbanspot.si\/wp-content\/uploads\/buds234.png","datePublished":"2025-05-29T09:45:21+00:00","dateModified":"2026-03-18T13:50:54+00:00","breadcrumb":{"@id":"https:\/\/www.urbanspot.si\/produkt\/xiaomi-redmi-buds-3-lite-brezzicne-slusalke-crne\/#breadcrumb"},"inLanguage":"hr","potentialAction":[{"@type":"ReadAction","target":["https:\/\/www.urbanspot.si\/produkt\/xiaomi-redmi-buds-3-lite-brezzicne-slusalke-crne\/"]}]},{"@type":"ImageObject","inLanguage":"hr","@id":"https:\/\/www.urbanspot.si\/produkt\/xiaomi-redmi-buds-3-lite-brezzicne-slusalke-crne\/#primaryimage","url":"https:\/\/www.urbanspot.si\/wp-content\/uploads\/buds234.png","contentUrl":"https:\/\/www.urbanspot.si\/wp-content\/uploads\/buds234.png","width":1000,"height":1000},{"@type":"BreadcrumbList","@id":"https:\/\/www.urbanspot.si\/produkt\/xiaomi-redmi-buds-3-lite-brezzicne-slusalke-crne\/#breadcrumb","itemListElement":[{"@type":"ListItem","position":1,"name":"Home","item":"https:\/\/www.urbanspot.si\/"},{"@type":"ListItem","position":2,"name":"Shop","item":"https:\/\/www.urbanspot.si\/shop\/"},{"@type":"ListItem","position":3,"name":"Xiaomi Redmi Buds 3 Lite, brez\u017ei\u010dne slu\u0161alke, \u010drne"}]},{"@type":"WebSite","@id":"https:\/\/www.urbanspot.si\/#website","url":"https:\/\/www.urbanspot.si\/","name":"UrbanSpot","description":"","publisher":{"@id":"https:\/\/www.urbanspot.si\/#organization"},"potentialAction":[{"@type":"SearchAction","target":{"@type":"EntryPoint","urlTemplate":"https:\/\/www.urbanspot.si\/?s={search_term_string}"},"query-input":{"@type":"PropertyValueSpecification","valueRequired":true,"valueName":"search_term_string"}}],"inLanguage":"hr"},{"@type":"Organization","@id":"https:\/\/www.urbanspot.si\/#organization","name":"UrbanSpot","url":"https:\/\/www.urbanspot.si\/","logo":{"@type":"ImageObject","inLanguage":"hr","@id":"https:\/\/www.urbanspot.si\/#\/schema\/logo\/image\/","url":"https:\/\/www.urbanspot.si\/wp-content\/uploads\/urbanspot-logo.svg","contentUrl":"https:\/\/www.urbanspot.si\/wp-content\/uploads\/urbanspot-logo.svg","width":185,"height":40,"caption":"UrbanSpot"},"image":{"@id":"https:\/\/www.urbanspot.si\/#\/schema\/logo\/image\/"},"sameAs":["https:\/\/www.facebook.com\/urbanspot.si"]}]}},"_links":{"self":[{"href":"https:\/\/www.urbanspot.si\/hr\/wp-json\/wp\/v2\/product\/20976","targetHints":{"allow":["GET"]}}],"collection":[{"href":"https:\/\/www.urbanspot.si\/hr\/wp-json\/wp\/v2\/product"}],"about":[{"href":"https:\/\/www.urbanspot.si\/hr\/wp-json\/wp\/v2\/types\/product"}],"replies":[{"embeddable":true,"href":"https:\/\/www.urbanspot.si\/hr\/wp-json\/wp\/v2\/comments?post=20976"}],"version-history":[{"count":2,"href":"https:\/\/www.urbanspot.si\/hr\/wp-json\/wp\/v2\/product\/20976\/revisions"}],"predecessor-version":[{"id":20986,"href":"https:\/\/www.urbanspot.si\/hr\/wp-json\/wp\/v2\/product\/20976\/revisions\/20986"}],"wp:featuredmedia":[{"embeddable":true,"href":"https:\/\/www.urbanspot.si\/hr\/wp-json\/wp\/v2\/media\/20984"}],"wp:attachment":[{"href":"https:\/\/www.urbanspot.si\/hr\/wp-json\/wp\/v2\/media?parent=20976"}],"wp:term":[{"taxonomy":"product_brand","embeddable":true,"href":"https:\/\/www.urbanspot.si\/hr\/wp-json\/wp\/v2\/product_brand?post=20976"},{"taxonomy":"product_cat","embeddable":true,"href":"https:\/\/www.urbanspot.si\/hr\/wp-json\/wp\/v2\/product_cat?post=20976"},{"taxonomy":"product_tag","embeddable":true,"href":"https:\/\/www.urbanspot.si\/hr\/wp-json\/wp\/v2\/product_tag?post=20976"}],"curies":[{"name":"radni list","href":"https:\/\/api.w.org\/{rel}","templated":true}]}}