{"id":21223,"date":"2025-07-07T15:22:16","date_gmt":"2025-07-07T13:22:16","guid":{"rendered":"https:\/\/www.urbanspot.si\/?post_type=product&#038;p=21223"},"modified":"2026-03-19T16:02:50","modified_gmt":"2026-03-19T14:02:50","slug":"urbie-premium-carbon-honor-200-pro-crna-maska","status":"publish","type":"product","link":"https:\/\/www.urbanspot.si\/hr\/produkt\/ovitek-urbie-premium-carbon-honor-200-pro-crn\/","title":{"rendered":"Urbie Premium Carbon maskica, Honor 200 Pro, crna"},"content":{"rendered":"<p>Urbie Premium crna za\u0161titna futrola:<\/p>\n<ul>\n<li>Silikonska futrola izra\u0111ena od visokokvalitetnog materijala s visokom razinom izdr\u017eljivosti<\/li>\n<li>Mekan i ugodan materijal na dodir<\/li>\n<li>Pokriva sve strane i stra\u017enju stranu telefona<\/li>\n<li>Besplatan pristup svim funkcijama telefona<\/li>\n<li>Blago podignuti rub ku\u0107i\u0161ta \u0161titi objektiv kamere od ogrebotina<\/li>\n<li>Instalirajte i uklonite ga za nekoliko sekundi<\/li>\n<li>Ugodan na dodir<\/li>\n<li>Slika mo\u017ee biti simboli\u010dna<\/li>\n<\/ul>","protected":false},"excerpt":{"rendered":"<p>Urbie Premium Carbon maskica ne odlikuje se samo iznimnom kvalitetom, ve\u0107 i dizajnom. Maska \u0107e va\u0161em telefonu pru\u017eiti potpuno prirodan izgled, a istovremeno \u0107e pru\u017eiti izvrsnu za\u0161titu.<\/p>","protected":false},"featured_media":21224,"comment_status":"open","ping_status":"closed","template":"","meta":[],"product_brand":[],"product_cat":[374,581,511,560,91],"product_tag":[],"class_list":{"0":"post-21223","1":"product","2":"type-product","3":"status-publish","4":"has-post-thumbnail","6":"product_cat-honor","7":"product_cat-honor-200-pro","8":"product_cat-ostale-honor-serije","9":"product_cat-ovitki-za-telefone","10":"product_cat-razprodaja","11":"pa_primerno-za-model-honor-200-pro","13":"first","14":"instock","15":"sale","16":"taxable","17":"shipping-taxable","18":"purchasable","19":"product-type-simple"},"yoast_head":"<!-- This site is optimized with the Yoast SEO plugin v27.4 - https:\/\/yoast.com\/product\/yoast-seo-wordpress\/ -->\n<title>Ovitek Urbie Premium Carbon, Honor 200 Pro, \u010drn -<\/title>\n<meta name=\"robots\" content=\"index, follow, max-snippet:-1, max-image-preview:large, max-video-preview:-1\" \/>\n<link rel=\"canonical\" href=\"https:\/\/www.urbanspot.si\/hr\/proizvod-2\/urbie-premium-carbon-honor-200-pro-crna-maska\/\" \/>\n<meta property=\"og:locale\" content=\"hr_HR\" \/>\n<meta property=\"og:type\" content=\"article\" \/>\n<meta property=\"og:title\" content=\"Ovitek Urbie Premium Carbon, Honor 200 Pro, \u010drn -\" \/>\n<meta property=\"og:description\" content=\"Ovitek Urbie Premium Carbon ne odlikuje le izjemna kakovost, temve\u010d tudi dizajn. Ovitek bo poskrbel za popolnoma naraven videz telefona, kljub temu pa bo le ta odli\u010dno za\u0161\u010diten.\" \/>\n<meta property=\"og:url\" content=\"https:\/\/www.urbanspot.si\/hr\/proizvod-2\/urbie-premium-carbon-honor-200-pro-crna-maska\/\" \/>\n<meta property=\"article:publisher\" content=\"https:\/\/www.facebook.com\/urbanspot.si\" \/>\n<meta property=\"article:modified_time\" content=\"2026-03-19T14:02:50+00:00\" \/>\n<meta property=\"og:image\" content=\"https:\/\/www.urbanspot.si\/wp-content\/uploads\/200-pro-carbon.png\" \/>\n\t<meta property=\"og:image:width\" content=\"1080\" \/>\n\t<meta property=\"og:image:height\" content=\"1080\" \/>\n\t<meta property=\"og:image:type\" content=\"image\/png\" \/>\n<meta name=\"twitter:card\" content=\"summary_large_image\" \/>\n<meta name=\"twitter:label1\" content=\"Procijenjeno vrijeme \u010ditanja\" \/>\n\t<meta name=\"twitter:data1\" content=\"1 minuta\" \/>\n<script type=\"application\/ld+json\" class=\"yoast-schema-graph\">{\"@context\":\"https:\\\/\\\/schema.org\",\"@graph\":[{\"@type\":\"WebPage\",\"@id\":\"https:\\\/\\\/www.urbanspot.si\\\/produkt\\\/ovitek-urbie-premium-carbon-honor-200-pro-crn\\\/\",\"url\":\"https:\\\/\\\/www.urbanspot.si\\\/produkt\\\/ovitek-urbie-premium-carbon-honor-200-pro-crn\\\/\",\"name\":\"Ovitek Urbie Premium Carbon, Honor 200 Pro, \u010drn -\",\"isPartOf\":{\"@id\":\"https:\\\/\\\/www.urbanspot.si\\\/#website\"},\"primaryImageOfPage\":{\"@id\":\"https:\\\/\\\/www.urbanspot.si\\\/produkt\\\/ovitek-urbie-premium-carbon-honor-200-pro-crn\\\/#primaryimage\"},\"image\":{\"@id\":\"https:\\\/\\\/www.urbanspot.si\\\/produkt\\\/ovitek-urbie-premium-carbon-honor-200-pro-crn\\\/#primaryimage\"},\"thumbnailUrl\":\"https:\\\/\\\/www.urbanspot.si\\\/wp-content\\\/uploads\\\/200-pro-carbon.png\",\"datePublished\":\"2025-07-07T13:22:16+00:00\",\"dateModified\":\"2026-03-19T14:02:50+00:00\",\"breadcrumb\":{\"@id\":\"https:\\\/\\\/www.urbanspot.si\\\/produkt\\\/ovitek-urbie-premium-carbon-honor-200-pro-crn\\\/#breadcrumb\"},\"inLanguage\":\"hr\",\"potentialAction\":[{\"@type\":\"ReadAction\",\"target\":[\"https:\\\/\\\/www.urbanspot.si\\\/produkt\\\/ovitek-urbie-premium-carbon-honor-200-pro-crn\\\/\"]}]},{\"@type\":\"ImageObject\",\"inLanguage\":\"hr\",\"@id\":\"https:\\\/\\\/www.urbanspot.si\\\/produkt\\\/ovitek-urbie-premium-carbon-honor-200-pro-crn\\\/#primaryimage\",\"url\":\"https:\\\/\\\/www.urbanspot.si\\\/wp-content\\\/uploads\\\/200-pro-carbon.png\",\"contentUrl\":\"https:\\\/\\\/www.urbanspot.si\\\/wp-content\\\/uploads\\\/200-pro-carbon.png\",\"width\":1080,\"height\":1080},{\"@type\":\"BreadcrumbList\",\"@id\":\"https:\\\/\\\/www.urbanspot.si\\\/produkt\\\/ovitek-urbie-premium-carbon-honor-200-pro-crn\\\/#breadcrumb\",\"itemListElement\":[{\"@type\":\"ListItem\",\"position\":1,\"name\":\"Home\",\"item\":\"https:\\\/\\\/www.urbanspot.si\\\/\"},{\"@type\":\"ListItem\",\"position\":2,\"name\":\"Shop\",\"item\":\"https:\\\/\\\/www.urbanspot.si\\\/shop\\\/\"},{\"@type\":\"ListItem\",\"position\":3,\"name\":\"Ovitek Urbie Premium Carbon, Honor 200 Pro, \u010drn\"}]},{\"@type\":\"WebSite\",\"@id\":\"https:\\\/\\\/www.urbanspot.si\\\/#website\",\"url\":\"https:\\\/\\\/www.urbanspot.si\\\/\",\"name\":\"UrbanSpot\",\"description\":\"\",\"publisher\":{\"@id\":\"https:\\\/\\\/www.urbanspot.si\\\/#organization\"},\"potentialAction\":[{\"@type\":\"SearchAction\",\"target\":{\"@type\":\"EntryPoint\",\"urlTemplate\":\"https:\\\/\\\/www.urbanspot.si\\\/?s={search_term_string}\"},\"query-input\":{\"@type\":\"PropertyValueSpecification\",\"valueRequired\":true,\"valueName\":\"search_term_string\"}}],\"inLanguage\":\"hr\"},{\"@type\":\"Organization\",\"@id\":\"https:\\\/\\\/www.urbanspot.si\\\/#organization\",\"name\":\"UrbanSpot\",\"url\":\"https:\\\/\\\/www.urbanspot.si\\\/\",\"logo\":{\"@type\":\"ImageObject\",\"inLanguage\":\"hr\",\"@id\":\"https:\\\/\\\/www.urbanspot.si\\\/#\\\/schema\\\/logo\\\/image\\\/\",\"url\":\"https:\\\/\\\/www.urbanspot.si\\\/wp-content\\\/uploads\\\/urbanspot-logo.svg\",\"contentUrl\":\"https:\\\/\\\/www.urbanspot.si\\\/wp-content\\\/uploads\\\/urbanspot-logo.svg\",\"width\":185,\"height\":40,\"caption\":\"UrbanSpot\"},\"image\":{\"@id\":\"https:\\\/\\\/www.urbanspot.si\\\/#\\\/schema\\\/logo\\\/image\\\/\"},\"sameAs\":[\"https:\\\/\\\/www.facebook.com\\\/urbanspot.si\"]}]}<\/script>\n<!-- \/ Yoast SEO plugin. -->","yoast_head_json":{"title":"Ovitek Urbie Premium Carbon, Honor 200 Pro, \u010drn -","robots":{"index":"index","follow":"follow","max-snippet":"max-snippet:-1","max-image-preview":"max-image-preview:large","max-video-preview":"max-video-preview:-1"},"canonical":"https:\/\/www.urbanspot.si\/hr\/proizvod-2\/urbie-premium-carbon-honor-200-pro-crna-maska\/","og_locale":"hr_HR","og_type":"article","og_title":"Ovitek Urbie Premium Carbon, Honor 200 Pro, \u010drn -","og_description":"Ovitek Urbie Premium Carbon ne odlikuje le izjemna kakovost, temve\u010d tudi dizajn. Ovitek bo poskrbel za popolnoma naraven videz telefona, kljub temu pa bo le ta odli\u010dno za\u0161\u010diten.","og_url":"https:\/\/www.urbanspot.si\/hr\/proizvod-2\/urbie-premium-carbon-honor-200-pro-crna-maska\/","article_publisher":"https:\/\/www.facebook.com\/urbanspot.si","article_modified_time":"2026-03-19T14:02:50+00:00","og_image":[{"width":1080,"height":1080,"url":"https:\/\/www.urbanspot.si\/wp-content\/uploads\/200-pro-carbon.png","type":"image\/png"}],"twitter_card":"summary_large_image","twitter_misc":{"Procijenjeno vrijeme \u010ditanja":"1 minuta"},"schema":{"@context":"https:\/\/schema.org","@graph":[{"@type":"WebPage","@id":"https:\/\/www.urbanspot.si\/produkt\/ovitek-urbie-premium-carbon-honor-200-pro-crn\/","url":"https:\/\/www.urbanspot.si\/produkt\/ovitek-urbie-premium-carbon-honor-200-pro-crn\/","name":"Ovitek Urbie Premium Carbon, Honor 200 Pro, \u010drn -","isPartOf":{"@id":"https:\/\/www.urbanspot.si\/#website"},"primaryImageOfPage":{"@id":"https:\/\/www.urbanspot.si\/produkt\/ovitek-urbie-premium-carbon-honor-200-pro-crn\/#primaryimage"},"image":{"@id":"https:\/\/www.urbanspot.si\/produkt\/ovitek-urbie-premium-carbon-honor-200-pro-crn\/#primaryimage"},"thumbnailUrl":"https:\/\/www.urbanspot.si\/wp-content\/uploads\/200-pro-carbon.png","datePublished":"2025-07-07T13:22:16+00:00","dateModified":"2026-03-19T14:02:50+00:00","breadcrumb":{"@id":"https:\/\/www.urbanspot.si\/produkt\/ovitek-urbie-premium-carbon-honor-200-pro-crn\/#breadcrumb"},"inLanguage":"hr","potentialAction":[{"@type":"ReadAction","target":["https:\/\/www.urbanspot.si\/produkt\/ovitek-urbie-premium-carbon-honor-200-pro-crn\/"]}]},{"@type":"ImageObject","inLanguage":"hr","@id":"https:\/\/www.urbanspot.si\/produkt\/ovitek-urbie-premium-carbon-honor-200-pro-crn\/#primaryimage","url":"https:\/\/www.urbanspot.si\/wp-content\/uploads\/200-pro-carbon.png","contentUrl":"https:\/\/www.urbanspot.si\/wp-content\/uploads\/200-pro-carbon.png","width":1080,"height":1080},{"@type":"BreadcrumbList","@id":"https:\/\/www.urbanspot.si\/produkt\/ovitek-urbie-premium-carbon-honor-200-pro-crn\/#breadcrumb","itemListElement":[{"@type":"ListItem","position":1,"name":"Home","item":"https:\/\/www.urbanspot.si\/"},{"@type":"ListItem","position":2,"name":"Shop","item":"https:\/\/www.urbanspot.si\/shop\/"},{"@type":"ListItem","position":3,"name":"Ovitek Urbie Premium Carbon, Honor 200 Pro, \u010drn"}]},{"@type":"WebSite","@id":"https:\/\/www.urbanspot.si\/#website","url":"https:\/\/www.urbanspot.si\/","name":"UrbanSpot","description":"","publisher":{"@id":"https:\/\/www.urbanspot.si\/#organization"},"potentialAction":[{"@type":"SearchAction","target":{"@type":"EntryPoint","urlTemplate":"https:\/\/www.urbanspot.si\/?s={search_term_string}"},"query-input":{"@type":"PropertyValueSpecification","valueRequired":true,"valueName":"search_term_string"}}],"inLanguage":"hr"},{"@type":"Organization","@id":"https:\/\/www.urbanspot.si\/#organization","name":"UrbanSpot","url":"https:\/\/www.urbanspot.si\/","logo":{"@type":"ImageObject","inLanguage":"hr","@id":"https:\/\/www.urbanspot.si\/#\/schema\/logo\/image\/","url":"https:\/\/www.urbanspot.si\/wp-content\/uploads\/urbanspot-logo.svg","contentUrl":"https:\/\/www.urbanspot.si\/wp-content\/uploads\/urbanspot-logo.svg","width":185,"height":40,"caption":"UrbanSpot"},"image":{"@id":"https:\/\/www.urbanspot.si\/#\/schema\/logo\/image\/"},"sameAs":["https:\/\/www.facebook.com\/urbanspot.si"]}]}},"_links":{"self":[{"href":"https:\/\/www.urbanspot.si\/hr\/wp-json\/wp\/v2\/product\/21223","targetHints":{"allow":["GET"]}}],"collection":[{"href":"https:\/\/www.urbanspot.si\/hr\/wp-json\/wp\/v2\/product"}],"about":[{"href":"https:\/\/www.urbanspot.si\/hr\/wp-json\/wp\/v2\/types\/product"}],"replies":[{"embeddable":true,"href":"https:\/\/www.urbanspot.si\/hr\/wp-json\/wp\/v2\/comments?post=21223"}],"version-history":[{"count":1,"href":"https:\/\/www.urbanspot.si\/hr\/wp-json\/wp\/v2\/product\/21223\/revisions"}],"predecessor-version":[{"id":21225,"href":"https:\/\/www.urbanspot.si\/hr\/wp-json\/wp\/v2\/product\/21223\/revisions\/21225"}],"wp:featuredmedia":[{"embeddable":true,"href":"https:\/\/www.urbanspot.si\/hr\/wp-json\/wp\/v2\/media\/21224"}],"wp:attachment":[{"href":"https:\/\/www.urbanspot.si\/hr\/wp-json\/wp\/v2\/media?parent=21223"}],"wp:term":[{"taxonomy":"product_brand","embeddable":true,"href":"https:\/\/www.urbanspot.si\/hr\/wp-json\/wp\/v2\/product_brand?post=21223"},{"taxonomy":"product_cat","embeddable":true,"href":"https:\/\/www.urbanspot.si\/hr\/wp-json\/wp\/v2\/product_cat?post=21223"},{"taxonomy":"product_tag","embeddable":true,"href":"https:\/\/www.urbanspot.si\/hr\/wp-json\/wp\/v2\/product_tag?post=21223"}],"curies":[{"name":"radni list","href":"https:\/\/api.w.org\/{rel}","templated":true}]}}