{"id":21235,"date":"2025-07-08T09:44:35","date_gmt":"2025-07-08T07:44:35","guid":{"rendered":"https:\/\/www.urbanspot.si\/?post_type=product&#038;p=21235"},"modified":"2026-03-19T16:02:50","modified_gmt":"2026-03-19T14:02:50","slug":"premium-urbie-honor-200-preklopna-maska-crna","status":"publish","type":"product","link":"https:\/\/www.urbanspot.si\/hr\/produkt\/preklopna-torbica-premium-urbie-honor-200-crna\/","title":{"rendered":"Premium Urbie preklopna futrola, Honor 200, crna"},"content":{"rendered":"<p>Horizontalna preklopna maskica za telefon za\u0161titit \u0107e va\u0161 telefon od ogrebotina i udaraca. Prekrasan dizajn maskice osigurat \u0107e da \u0107ete biti moderni sa svojim telefonom svugdje.<\/p>\n<p>Futrola savr\u0161eno pristaje odabranom modelu telefona i ima izreze za kameru i zvu\u010dnike.<\/p>\n<ul>\n<li>Poklopac odr\u017eava elegantne linije ure\u0111aja<\/li>\n<li>Visokokvalitetni i izdr\u017eljivi materijali<\/li>\n<li>Elegantni dizajn i za\u0161tita u isto vrijeme<\/li>\n<li>Pristup svim tipkama<\/li>\n<li>Unutar poklopca nalazi se prostor za sigurno pohranjivanje kartica<\/li>\n<li>Materijal: umjetna ko\u017ea<\/li>\n<li>Slika mo\u017ee biti simboli\u010dna<\/li>\n<\/ul>","protected":false},"excerpt":{"rendered":"<p>Premium Urbie preklopna maskica u crnoj boji odli\u010dna je kombinacija modernog dizajna i visokokvalitetnih materijala, \u0161to je \u010dini odli\u010dnim izborom za va\u0161 mobilni ure\u0111aj.<\/p>","protected":false},"featured_media":21236,"comment_status":"open","ping_status":"closed","template":"","meta":[],"product_brand":[],"product_cat":[374,579,511,560,91],"product_tag":[],"class_list":{"0":"post-21235","1":"product","2":"type-product","3":"status-publish","4":"has-post-thumbnail","6":"product_cat-honor","7":"product_cat-honor-200","8":"product_cat-ostale-honor-serije","9":"product_cat-ovitki-za-telefone","10":"product_cat-razprodaja","11":"pa_primerno-za-model-honor-200","13":"first","14":"instock","15":"sale","16":"taxable","17":"shipping-taxable","18":"purchasable","19":"product-type-simple"},"yoast_head":"<!-- This site is optimized with the Yoast SEO plugin v27.2 - https:\/\/yoast.com\/product\/yoast-seo-wordpress\/ -->\n<title>Preklopna torbica Premium Urbie , Honor 200, \u010drna -<\/title>\n<meta name=\"robots\" content=\"index, follow, max-snippet:-1, max-image-preview:large, max-video-preview:-1\" \/>\n<link rel=\"canonical\" href=\"https:\/\/www.urbanspot.si\/hr\/proizvod-2\/premium-urbie-honor-200-preklopna-maska-crna\/\" \/>\n<meta property=\"og:locale\" content=\"hr_HR\" \/>\n<meta property=\"og:type\" content=\"article\" \/>\n<meta property=\"og:title\" content=\"Preklopna torbica Premium Urbie , Honor 200, \u010drna -\" \/>\n<meta property=\"og:description\" content=\"Preklopna torbica Premium Urbie v \u010drni barvi je odli\u010dna kombinacija modernega dizajna in visokokakovostnih materialov, ki bo odli\u010dna izbira za va\u0161o mobilno napravo.\" \/>\n<meta property=\"og:url\" content=\"https:\/\/www.urbanspot.si\/hr\/proizvod-2\/premium-urbie-honor-200-preklopna-maska-crna\/\" \/>\n<meta property=\"article:publisher\" content=\"https:\/\/www.facebook.com\/urbanspot.si\" \/>\n<meta property=\"article:modified_time\" content=\"2026-03-19T14:02:50+00:00\" \/>\n<meta property=\"og:image\" content=\"https:\/\/www.urbanspot.si\/wp-content\/uploads\/honor-200-crna.png\" \/>\n\t<meta property=\"og:image:width\" content=\"1080\" \/>\n\t<meta property=\"og:image:height\" content=\"1080\" \/>\n\t<meta property=\"og:image:type\" content=\"image\/png\" \/>\n<meta name=\"twitter:card\" content=\"summary_large_image\" \/>\n<meta name=\"twitter:label1\" content=\"Procijenjeno vrijeme \u010ditanja\" \/>\n\t<meta name=\"twitter:data1\" content=\"1 minuta\" \/>\n<script type=\"application\/ld+json\" class=\"yoast-schema-graph\">{\"@context\":\"https:\/\/schema.org\",\"@graph\":[{\"@type\":\"WebPage\",\"@id\":\"https:\/\/www.urbanspot.si\/produkt\/preklopna-torbica-premium-urbie-honor-200-crna\/\",\"url\":\"https:\/\/www.urbanspot.si\/produkt\/preklopna-torbica-premium-urbie-honor-200-crna\/\",\"name\":\"Preklopna torbica Premium Urbie , Honor 200, \u010drna -\",\"isPartOf\":{\"@id\":\"https:\/\/www.urbanspot.si\/#website\"},\"primaryImageOfPage\":{\"@id\":\"https:\/\/www.urbanspot.si\/produkt\/preklopna-torbica-premium-urbie-honor-200-crna\/#primaryimage\"},\"image\":{\"@id\":\"https:\/\/www.urbanspot.si\/produkt\/preklopna-torbica-premium-urbie-honor-200-crna\/#primaryimage\"},\"thumbnailUrl\":\"https:\/\/www.urbanspot.si\/wp-content\/uploads\/honor-200-crna.png\",\"datePublished\":\"2025-07-08T07:44:35+00:00\",\"dateModified\":\"2026-03-19T14:02:50+00:00\",\"breadcrumb\":{\"@id\":\"https:\/\/www.urbanspot.si\/produkt\/preklopna-torbica-premium-urbie-honor-200-crna\/#breadcrumb\"},\"inLanguage\":\"hr\",\"potentialAction\":[{\"@type\":\"ReadAction\",\"target\":[\"https:\/\/www.urbanspot.si\/produkt\/preklopna-torbica-premium-urbie-honor-200-crna\/\"]}]},{\"@type\":\"ImageObject\",\"inLanguage\":\"hr\",\"@id\":\"https:\/\/www.urbanspot.si\/produkt\/preklopna-torbica-premium-urbie-honor-200-crna\/#primaryimage\",\"url\":\"https:\/\/www.urbanspot.si\/wp-content\/uploads\/honor-200-crna.png\",\"contentUrl\":\"https:\/\/www.urbanspot.si\/wp-content\/uploads\/honor-200-crna.png\",\"width\":1080,\"height\":1080},{\"@type\":\"BreadcrumbList\",\"@id\":\"https:\/\/www.urbanspot.si\/produkt\/preklopna-torbica-premium-urbie-honor-200-crna\/#breadcrumb\",\"itemListElement\":[{\"@type\":\"ListItem\",\"position\":1,\"name\":\"Home\",\"item\":\"https:\/\/www.urbanspot.si\/\"},{\"@type\":\"ListItem\",\"position\":2,\"name\":\"Shop\",\"item\":\"https:\/\/www.urbanspot.si\/shop\/\"},{\"@type\":\"ListItem\",\"position\":3,\"name\":\"Preklopna torbica Premium Urbie , Honor 200, \u010drna\"}]},{\"@type\":\"WebSite\",\"@id\":\"https:\/\/www.urbanspot.si\/#website\",\"url\":\"https:\/\/www.urbanspot.si\/\",\"name\":\"UrbanSpot\",\"description\":\"\",\"publisher\":{\"@id\":\"https:\/\/www.urbanspot.si\/#organization\"},\"potentialAction\":[{\"@type\":\"SearchAction\",\"target\":{\"@type\":\"EntryPoint\",\"urlTemplate\":\"https:\/\/www.urbanspot.si\/?s={search_term_string}\"},\"query-input\":{\"@type\":\"PropertyValueSpecification\",\"valueRequired\":true,\"valueName\":\"search_term_string\"}}],\"inLanguage\":\"hr\"},{\"@type\":\"Organization\",\"@id\":\"https:\/\/www.urbanspot.si\/#organization\",\"name\":\"UrbanSpot\",\"url\":\"https:\/\/www.urbanspot.si\/\",\"logo\":{\"@type\":\"ImageObject\",\"inLanguage\":\"hr\",\"@id\":\"https:\/\/www.urbanspot.si\/#\/schema\/logo\/image\/\",\"url\":\"https:\/\/www.urbanspot.si\/wp-content\/uploads\/urbanspot-logo.svg\",\"contentUrl\":\"https:\/\/www.urbanspot.si\/wp-content\/uploads\/urbanspot-logo.svg\",\"width\":185,\"height\":40,\"caption\":\"UrbanSpot\"},\"image\":{\"@id\":\"https:\/\/www.urbanspot.si\/#\/schema\/logo\/image\/\"},\"sameAs\":[\"https:\/\/www.facebook.com\/urbanspot.si\"]}]}<\/script>\n<!-- \/ Yoast SEO plugin. -->","yoast_head_json":{"title":"Premium Urbie pretvoriva\u010dka torba, Honor 200, crna -","robots":{"index":"index","follow":"follow","max-snippet":"max-snippet:-1","max-image-preview":"max-image-preview:large","max-video-preview":"max-video-preview:-1"},"canonical":"https:\/\/www.urbanspot.si\/hr\/proizvod-2\/premium-urbie-honor-200-preklopna-maska-crna\/","og_locale":"hr_HR","og_type":"article","og_title":"Preklopna torbica Premium Urbie , Honor 200, \u010drna -","og_description":"Preklopna torbica Premium Urbie v \u010drni barvi je odli\u010dna kombinacija modernega dizajna in visokokakovostnih materialov, ki bo odli\u010dna izbira za va\u0161o mobilno napravo.","og_url":"https:\/\/www.urbanspot.si\/hr\/proizvod-2\/premium-urbie-honor-200-preklopna-maska-crna\/","article_publisher":"https:\/\/www.facebook.com\/urbanspot.si","article_modified_time":"2026-03-19T14:02:50+00:00","og_image":[{"width":1080,"height":1080,"url":"https:\/\/www.urbanspot.si\/wp-content\/uploads\/honor-200-crna.png","type":"image\/png"}],"twitter_card":"summary_large_image","twitter_misc":{"Procijenjeno vrijeme \u010ditanja":"1 minuta"},"schema":{"@context":"https:\/\/schema.org","@graph":[{"@type":"WebPage","@id":"https:\/\/www.urbanspot.si\/produkt\/preklopna-torbica-premium-urbie-honor-200-crna\/","url":"https:\/\/www.urbanspot.si\/produkt\/preklopna-torbica-premium-urbie-honor-200-crna\/","name":"Premium Urbie pretvoriva\u010dka torba, Honor 200, crna -","isPartOf":{"@id":"https:\/\/www.urbanspot.si\/#website"},"primaryImageOfPage":{"@id":"https:\/\/www.urbanspot.si\/produkt\/preklopna-torbica-premium-urbie-honor-200-crna\/#primaryimage"},"image":{"@id":"https:\/\/www.urbanspot.si\/produkt\/preklopna-torbica-premium-urbie-honor-200-crna\/#primaryimage"},"thumbnailUrl":"https:\/\/www.urbanspot.si\/wp-content\/uploads\/honor-200-crna.png","datePublished":"2025-07-08T07:44:35+00:00","dateModified":"2026-03-19T14:02:50+00:00","breadcrumb":{"@id":"https:\/\/www.urbanspot.si\/produkt\/preklopna-torbica-premium-urbie-honor-200-crna\/#breadcrumb"},"inLanguage":"hr","potentialAction":[{"@type":"ReadAction","target":["https:\/\/www.urbanspot.si\/produkt\/preklopna-torbica-premium-urbie-honor-200-crna\/"]}]},{"@type":"ImageObject","inLanguage":"hr","@id":"https:\/\/www.urbanspot.si\/produkt\/preklopna-torbica-premium-urbie-honor-200-crna\/#primaryimage","url":"https:\/\/www.urbanspot.si\/wp-content\/uploads\/honor-200-crna.png","contentUrl":"https:\/\/www.urbanspot.si\/wp-content\/uploads\/honor-200-crna.png","width":1080,"height":1080},{"@type":"BreadcrumbList","@id":"https:\/\/www.urbanspot.si\/produkt\/preklopna-torbica-premium-urbie-honor-200-crna\/#breadcrumb","itemListElement":[{"@type":"ListItem","position":1,"name":"Home","item":"https:\/\/www.urbanspot.si\/"},{"@type":"ListItem","position":2,"name":"Shop","item":"https:\/\/www.urbanspot.si\/shop\/"},{"@type":"ListItem","position":3,"name":"Preklopna torbica Premium Urbie , Honor 200, \u010drna"}]},{"@type":"WebSite","@id":"https:\/\/www.urbanspot.si\/#website","url":"https:\/\/www.urbanspot.si\/","name":"UrbanSpot","description":"","publisher":{"@id":"https:\/\/www.urbanspot.si\/#organization"},"potentialAction":[{"@type":"SearchAction","target":{"@type":"EntryPoint","urlTemplate":"https:\/\/www.urbanspot.si\/?s={search_term_string}"},"query-input":{"@type":"PropertyValueSpecification","valueRequired":true,"valueName":"search_term_string"}}],"inLanguage":"hr"},{"@type":"Organization","@id":"https:\/\/www.urbanspot.si\/#organization","name":"UrbanSpot","url":"https:\/\/www.urbanspot.si\/","logo":{"@type":"ImageObject","inLanguage":"hr","@id":"https:\/\/www.urbanspot.si\/#\/schema\/logo\/image\/","url":"https:\/\/www.urbanspot.si\/wp-content\/uploads\/urbanspot-logo.svg","contentUrl":"https:\/\/www.urbanspot.si\/wp-content\/uploads\/urbanspot-logo.svg","width":185,"height":40,"caption":"UrbanSpot"},"image":{"@id":"https:\/\/www.urbanspot.si\/#\/schema\/logo\/image\/"},"sameAs":["https:\/\/www.facebook.com\/urbanspot.si"]}]}},"_links":{"self":[{"href":"https:\/\/www.urbanspot.si\/hr\/wp-json\/wp\/v2\/product\/21235","targetHints":{"allow":["GET"]}}],"collection":[{"href":"https:\/\/www.urbanspot.si\/hr\/wp-json\/wp\/v2\/product"}],"about":[{"href":"https:\/\/www.urbanspot.si\/hr\/wp-json\/wp\/v2\/types\/product"}],"replies":[{"embeddable":true,"href":"https:\/\/www.urbanspot.si\/hr\/wp-json\/wp\/v2\/comments?post=21235"}],"version-history":[{"count":1,"href":"https:\/\/www.urbanspot.si\/hr\/wp-json\/wp\/v2\/product\/21235\/revisions"}],"predecessor-version":[{"id":21240,"href":"https:\/\/www.urbanspot.si\/hr\/wp-json\/wp\/v2\/product\/21235\/revisions\/21240"}],"wp:featuredmedia":[{"embeddable":true,"href":"https:\/\/www.urbanspot.si\/hr\/wp-json\/wp\/v2\/media\/21236"}],"wp:attachment":[{"href":"https:\/\/www.urbanspot.si\/hr\/wp-json\/wp\/v2\/media?parent=21235"}],"wp:term":[{"taxonomy":"product_brand","embeddable":true,"href":"https:\/\/www.urbanspot.si\/hr\/wp-json\/wp\/v2\/product_brand?post=21235"},{"taxonomy":"product_cat","embeddable":true,"href":"https:\/\/www.urbanspot.si\/hr\/wp-json\/wp\/v2\/product_cat?post=21235"},{"taxonomy":"product_tag","embeddable":true,"href":"https:\/\/www.urbanspot.si\/hr\/wp-json\/wp\/v2\/product_tag?post=21235"}],"curies":[{"name":"radni list","href":"https:\/\/api.w.org\/{rel}","templated":true}]}}