{"id":21259,"date":"2025-07-08T10:58:20","date_gmt":"2025-07-08T08:58:20","guid":{"rendered":"https:\/\/www.urbanspot.si\/?post_type=product&#038;p=21259"},"modified":"2026-03-19T16:02:48","modified_gmt":"2026-03-19T14:02:48","slug":"urbie-premium-zastitna-futrola-za-iphone-16e-prozirna","status":"publish","type":"product","link":"https:\/\/www.urbanspot.si\/hr\/produkt\/zascitni-ovitek-urbie-premium-iphone-16e-prozoren\/","title":{"rendered":"Urbie Premium za\u0161titna futrola za iPhone 16e, prozirna"},"content":{"rendered":"<p>Urbie maskica izra\u0111ena je od visokokvalitetnih materijala koji \u0161tite va\u0161 telefon od svakodnevne prljav\u0161tine, ogrebotina i udaraca.<\/p>\n<p>Zna\u010dajke:<\/p>\n<ul>\n<li>Silikonska futrola izra\u0111ena od visokokvalitetnog materijala s visokom razinom izdr\u017eljivosti<\/li>\n<li>Savr\u0161eno pristaje telefonu<\/li>\n<li>Tanka i d\u017eepna torbica<\/li>\n<li>Besplatan pristup svim funkcijama telefona<\/li>\n<li>Izvrsna za\u0161tita za va\u0161 telefon od vibracija, udaraca i padova, ogrebotina, prljav\u0161tine i pra\u0161ine<\/li>\n<li>Instalirajte i uklonite ga za nekoliko sekundi<\/li>\n<li>Fotografija mo\u017ee biti simboli\u010dna<\/li>\n<\/ul>","protected":false},"excerpt":{"rendered":"<p>Prozirna silikonska maskica nudi va\u0161em telefonu iznimnu za\u0161titu od ogrebotina i udaraca. Iznimno je tanka i lagana te se savr\u0161eno uklapa i stapa s va\u0161im ure\u0111ajem, daju\u0107i mu vrlo elegantan izgled.<\/p>","protected":false},"featured_media":21261,"comment_status":"open","ping_status":"closed","template":"","meta":[],"product_brand":[],"product_cat":[92,119,623,681,560,91],"product_tag":[],"class_list":{"0":"post-21259","1":"product","2":"type-product","3":"status-publish","4":"has-post-thumbnail","6":"product_cat-apple","7":"product_cat-apple-ovitki-stekla","8":"product_cat-apple-iphone-16-serija","9":"product_cat-iphone-16e","10":"product_cat-ovitki-za-telefone","11":"product_cat-razprodaja","12":"pa_primerno-za-model-iphone-16e","14":"first","15":"instock","16":"sale","17":"taxable","18":"shipping-taxable","19":"purchasable","20":"product-type-simple"},"yoast_head":"<!-- This site is optimized with the Yoast SEO plugin v27.2 - https:\/\/yoast.com\/product\/yoast-seo-wordpress\/ -->\n<title>Za\u0161\u010ditni ovitek Urbie Premium, iPhone 16e , prozoren -<\/title>\n<meta name=\"robots\" content=\"index, follow, max-snippet:-1, max-image-preview:large, max-video-preview:-1\" \/>\n<link rel=\"canonical\" href=\"https:\/\/www.urbanspot.si\/hr\/proizvod-2\/urbie-premium-zastitna-futrola-za-iphone-16e-prozirna\/\" \/>\n<meta property=\"og:locale\" content=\"hr_HR\" \/>\n<meta property=\"og:type\" content=\"article\" \/>\n<meta property=\"og:title\" content=\"Za\u0161\u010ditni ovitek Urbie Premium, iPhone 16e , prozoren -\" \/>\n<meta property=\"og:description\" content=\"Prozoren silikonski ovitek nudi va\u0161emu telefonu izjemno za\u0161\u010dito pred praskami in udarci. Je izjemno tanek in lahek, in se natan\u010dno prilega in zlije z va\u0161im aparatom, kar mu daje zelo eleganten videz.\" \/>\n<meta property=\"og:url\" content=\"https:\/\/www.urbanspot.si\/hr\/proizvod-2\/urbie-premium-zastitna-futrola-za-iphone-16e-prozirna\/\" \/>\n<meta property=\"article:publisher\" content=\"https:\/\/www.facebook.com\/urbanspot.si\" \/>\n<meta property=\"article:modified_time\" content=\"2026-03-19T14:02:48+00:00\" \/>\n<meta property=\"og:image\" content=\"https:\/\/www.urbanspot.si\/wp-content\/uploads\/iphone-16e-prozoren.webp\" \/>\n\t<meta property=\"og:image:width\" content=\"1000\" \/>\n\t<meta property=\"og:image:height\" content=\"1000\" \/>\n\t<meta property=\"og:image:type\" content=\"image\/webp\" \/>\n<meta name=\"twitter:card\" content=\"summary_large_image\" \/>\n<meta name=\"twitter:label1\" content=\"Procijenjeno vrijeme \u010ditanja\" \/>\n\t<meta name=\"twitter:data1\" content=\"1 minuta\" \/>\n<script type=\"application\/ld+json\" class=\"yoast-schema-graph\">{\"@context\":\"https:\/\/schema.org\",\"@graph\":[{\"@type\":\"WebPage\",\"@id\":\"https:\/\/www.urbanspot.si\/produkt\/zascitni-ovitek-urbie-premium-iphone-16e-prozoren\/\",\"url\":\"https:\/\/www.urbanspot.si\/produkt\/zascitni-ovitek-urbie-premium-iphone-16e-prozoren\/\",\"name\":\"Za\u0161\u010ditni ovitek Urbie Premium, iPhone 16e , prozoren -\",\"isPartOf\":{\"@id\":\"https:\/\/www.urbanspot.si\/#website\"},\"primaryImageOfPage\":{\"@id\":\"https:\/\/www.urbanspot.si\/produkt\/zascitni-ovitek-urbie-premium-iphone-16e-prozoren\/#primaryimage\"},\"image\":{\"@id\":\"https:\/\/www.urbanspot.si\/produkt\/zascitni-ovitek-urbie-premium-iphone-16e-prozoren\/#primaryimage\"},\"thumbnailUrl\":\"https:\/\/www.urbanspot.si\/wp-content\/uploads\/iphone-16e-prozoren.webp\",\"datePublished\":\"2025-07-08T08:58:20+00:00\",\"dateModified\":\"2026-03-19T14:02:48+00:00\",\"breadcrumb\":{\"@id\":\"https:\/\/www.urbanspot.si\/produkt\/zascitni-ovitek-urbie-premium-iphone-16e-prozoren\/#breadcrumb\"},\"inLanguage\":\"hr\",\"potentialAction\":[{\"@type\":\"ReadAction\",\"target\":[\"https:\/\/www.urbanspot.si\/produkt\/zascitni-ovitek-urbie-premium-iphone-16e-prozoren\/\"]}]},{\"@type\":\"ImageObject\",\"inLanguage\":\"hr\",\"@id\":\"https:\/\/www.urbanspot.si\/produkt\/zascitni-ovitek-urbie-premium-iphone-16e-prozoren\/#primaryimage\",\"url\":\"https:\/\/www.urbanspot.si\/wp-content\/uploads\/iphone-16e-prozoren.webp\",\"contentUrl\":\"https:\/\/www.urbanspot.si\/wp-content\/uploads\/iphone-16e-prozoren.webp\",\"width\":1000,\"height\":1000},{\"@type\":\"BreadcrumbList\",\"@id\":\"https:\/\/www.urbanspot.si\/produkt\/zascitni-ovitek-urbie-premium-iphone-16e-prozoren\/#breadcrumb\",\"itemListElement\":[{\"@type\":\"ListItem\",\"position\":1,\"name\":\"Home\",\"item\":\"https:\/\/www.urbanspot.si\/\"},{\"@type\":\"ListItem\",\"position\":2,\"name\":\"Shop\",\"item\":\"https:\/\/www.urbanspot.si\/shop\/\"},{\"@type\":\"ListItem\",\"position\":3,\"name\":\"Za\u0161\u010ditni ovitek Urbie Premium, iPhone 16e , prozoren\"}]},{\"@type\":\"WebSite\",\"@id\":\"https:\/\/www.urbanspot.si\/#website\",\"url\":\"https:\/\/www.urbanspot.si\/\",\"name\":\"UrbanSpot\",\"description\":\"\",\"publisher\":{\"@id\":\"https:\/\/www.urbanspot.si\/#organization\"},\"potentialAction\":[{\"@type\":\"SearchAction\",\"target\":{\"@type\":\"EntryPoint\",\"urlTemplate\":\"https:\/\/www.urbanspot.si\/?s={search_term_string}\"},\"query-input\":{\"@type\":\"PropertyValueSpecification\",\"valueRequired\":true,\"valueName\":\"search_term_string\"}}],\"inLanguage\":\"hr\"},{\"@type\":\"Organization\",\"@id\":\"https:\/\/www.urbanspot.si\/#organization\",\"name\":\"UrbanSpot\",\"url\":\"https:\/\/www.urbanspot.si\/\",\"logo\":{\"@type\":\"ImageObject\",\"inLanguage\":\"hr\",\"@id\":\"https:\/\/www.urbanspot.si\/#\/schema\/logo\/image\/\",\"url\":\"https:\/\/www.urbanspot.si\/wp-content\/uploads\/urbanspot-logo.svg\",\"contentUrl\":\"https:\/\/www.urbanspot.si\/wp-content\/uploads\/urbanspot-logo.svg\",\"width\":185,\"height\":40,\"caption\":\"UrbanSpot\"},\"image\":{\"@id\":\"https:\/\/www.urbanspot.si\/#\/schema\/logo\/image\/\"},\"sameAs\":[\"https:\/\/www.facebook.com\/urbanspot.si\"]}]}<\/script>\n<!-- \/ Yoast SEO plugin. -->","yoast_head_json":{"title":"Za\u0161\u010ditni ovitek Urbie Premium, iPhone 16e , prozoren -","robots":{"index":"index","follow":"follow","max-snippet":"max-snippet:-1","max-image-preview":"max-image-preview:large","max-video-preview":"max-video-preview:-1"},"canonical":"https:\/\/www.urbanspot.si\/hr\/proizvod-2\/urbie-premium-zastitna-futrola-za-iphone-16e-prozirna\/","og_locale":"hr_HR","og_type":"article","og_title":"Za\u0161\u010ditni ovitek Urbie Premium, iPhone 16e , prozoren -","og_description":"Prozoren silikonski ovitek nudi va\u0161emu telefonu izjemno za\u0161\u010dito pred praskami in udarci. Je izjemno tanek in lahek, in se natan\u010dno prilega in zlije z va\u0161im aparatom, kar mu daje zelo eleganten videz.","og_url":"https:\/\/www.urbanspot.si\/hr\/proizvod-2\/urbie-premium-zastitna-futrola-za-iphone-16e-prozirna\/","article_publisher":"https:\/\/www.facebook.com\/urbanspot.si","article_modified_time":"2026-03-19T14:02:48+00:00","og_image":[{"width":1000,"height":1000,"url":"https:\/\/www.urbanspot.si\/wp-content\/uploads\/iphone-16e-prozoren.webp","type":"image\/webp"}],"twitter_card":"summary_large_image","twitter_misc":{"Procijenjeno vrijeme \u010ditanja":"1 minuta"},"schema":{"@context":"https:\/\/schema.org","@graph":[{"@type":"WebPage","@id":"https:\/\/www.urbanspot.si\/produkt\/zascitni-ovitek-urbie-premium-iphone-16e-prozoren\/","url":"https:\/\/www.urbanspot.si\/produkt\/zascitni-ovitek-urbie-premium-iphone-16e-prozoren\/","name":"Za\u0161\u010ditni ovitek Urbie Premium, iPhone 16e , prozoren -","isPartOf":{"@id":"https:\/\/www.urbanspot.si\/#website"},"primaryImageOfPage":{"@id":"https:\/\/www.urbanspot.si\/produkt\/zascitni-ovitek-urbie-premium-iphone-16e-prozoren\/#primaryimage"},"image":{"@id":"https:\/\/www.urbanspot.si\/produkt\/zascitni-ovitek-urbie-premium-iphone-16e-prozoren\/#primaryimage"},"thumbnailUrl":"https:\/\/www.urbanspot.si\/wp-content\/uploads\/iphone-16e-prozoren.webp","datePublished":"2025-07-08T08:58:20+00:00","dateModified":"2026-03-19T14:02:48+00:00","breadcrumb":{"@id":"https:\/\/www.urbanspot.si\/produkt\/zascitni-ovitek-urbie-premium-iphone-16e-prozoren\/#breadcrumb"},"inLanguage":"hr","potentialAction":[{"@type":"ReadAction","target":["https:\/\/www.urbanspot.si\/produkt\/zascitni-ovitek-urbie-premium-iphone-16e-prozoren\/"]}]},{"@type":"ImageObject","inLanguage":"hr","@id":"https:\/\/www.urbanspot.si\/produkt\/zascitni-ovitek-urbie-premium-iphone-16e-prozoren\/#primaryimage","url":"https:\/\/www.urbanspot.si\/wp-content\/uploads\/iphone-16e-prozoren.webp","contentUrl":"https:\/\/www.urbanspot.si\/wp-content\/uploads\/iphone-16e-prozoren.webp","width":1000,"height":1000},{"@type":"BreadcrumbList","@id":"https:\/\/www.urbanspot.si\/produkt\/zascitni-ovitek-urbie-premium-iphone-16e-prozoren\/#breadcrumb","itemListElement":[{"@type":"ListItem","position":1,"name":"Home","item":"https:\/\/www.urbanspot.si\/"},{"@type":"ListItem","position":2,"name":"Shop","item":"https:\/\/www.urbanspot.si\/shop\/"},{"@type":"ListItem","position":3,"name":"Za\u0161\u010ditni ovitek Urbie Premium, iPhone 16e , prozoren"}]},{"@type":"WebSite","@id":"https:\/\/www.urbanspot.si\/#website","url":"https:\/\/www.urbanspot.si\/","name":"UrbanSpot","description":"","publisher":{"@id":"https:\/\/www.urbanspot.si\/#organization"},"potentialAction":[{"@type":"SearchAction","target":{"@type":"EntryPoint","urlTemplate":"https:\/\/www.urbanspot.si\/?s={search_term_string}"},"query-input":{"@type":"PropertyValueSpecification","valueRequired":true,"valueName":"search_term_string"}}],"inLanguage":"hr"},{"@type":"Organization","@id":"https:\/\/www.urbanspot.si\/#organization","name":"UrbanSpot","url":"https:\/\/www.urbanspot.si\/","logo":{"@type":"ImageObject","inLanguage":"hr","@id":"https:\/\/www.urbanspot.si\/#\/schema\/logo\/image\/","url":"https:\/\/www.urbanspot.si\/wp-content\/uploads\/urbanspot-logo.svg","contentUrl":"https:\/\/www.urbanspot.si\/wp-content\/uploads\/urbanspot-logo.svg","width":185,"height":40,"caption":"UrbanSpot"},"image":{"@id":"https:\/\/www.urbanspot.si\/#\/schema\/logo\/image\/"},"sameAs":["https:\/\/www.facebook.com\/urbanspot.si"]}]}},"_links":{"self":[{"href":"https:\/\/www.urbanspot.si\/hr\/wp-json\/wp\/v2\/product\/21259","targetHints":{"allow":["GET"]}}],"collection":[{"href":"https:\/\/www.urbanspot.si\/hr\/wp-json\/wp\/v2\/product"}],"about":[{"href":"https:\/\/www.urbanspot.si\/hr\/wp-json\/wp\/v2\/types\/product"}],"replies":[{"embeddable":true,"href":"https:\/\/www.urbanspot.si\/hr\/wp-json\/wp\/v2\/comments?post=21259"}],"version-history":[{"count":1,"href":"https:\/\/www.urbanspot.si\/hr\/wp-json\/wp\/v2\/product\/21259\/revisions"}],"predecessor-version":[{"id":21263,"href":"https:\/\/www.urbanspot.si\/hr\/wp-json\/wp\/v2\/product\/21259\/revisions\/21263"}],"wp:featuredmedia":[{"embeddable":true,"href":"https:\/\/www.urbanspot.si\/hr\/wp-json\/wp\/v2\/media\/21261"}],"wp:attachment":[{"href":"https:\/\/www.urbanspot.si\/hr\/wp-json\/wp\/v2\/media?parent=21259"}],"wp:term":[{"taxonomy":"product_brand","embeddable":true,"href":"https:\/\/www.urbanspot.si\/hr\/wp-json\/wp\/v2\/product_brand?post=21259"},{"taxonomy":"product_cat","embeddable":true,"href":"https:\/\/www.urbanspot.si\/hr\/wp-json\/wp\/v2\/product_cat?post=21259"},{"taxonomy":"product_tag","embeddable":true,"href":"https:\/\/www.urbanspot.si\/hr\/wp-json\/wp\/v2\/product_tag?post=21259"}],"curies":[{"name":"radni list","href":"https:\/\/api.w.org\/{rel}","templated":true}]}}