{"id":21321,"date":"2025-07-16T10:53:51","date_gmt":"2025-07-16T08:53:51","guid":{"rendered":"https:\/\/www.urbanspot.si\/?post_type=product&#038;p=21321"},"modified":"2026-03-18T15:50:32","modified_gmt":"2026-03-18T13:50:32","slug":"punjac-za-djecji-sat-usb-imoo-z7-crn","status":"publish","type":"product","link":"https:\/\/www.urbanspot.si\/hr\/produkt\/polnilec-za-otrosko-uro-usb-imoo-z7-crn\/","title":{"rendered":"USB punja\u010d za dje\u010dji sat Imoo Z7, crni"},"content":{"rendered":"<p>USB punja\u010d za dje\u010dji sat Imoo Z7.<\/p>\n<p>&nbsp;<\/p>\n<p>Punja\u010d je tako\u0111er kompatibilan sa sljede\u0107im modelima IMOO satova:<\/p>\n<ul>\n<li>Z8 \/ Z9 \/ Z10<\/li>\n<li>Duljina: 1 m<\/li>\n<\/ul>","protected":false},"excerpt":{"rendered":"<p>USB punja\u010d za dje\u010dji sat Imoo Z7.<\/p>","protected":false},"featured_media":21322,"comment_status":"open","ping_status":"closed","template":"","meta":[],"product_brand":[],"product_cat":[109,552],"product_tag":[],"class_list":{"0":"post-21321","1":"product","2":"type-product","3":"status-publish","4":"has-post-thumbnail","6":"product_cat-otroska-ura-imoo","7":"product_cat-pametne-ure-in-zapestnice","8":"pa_primerno-za-model-imoo-z7","10":"first","11":"outofstock","12":"taxable","13":"shipping-taxable","14":"purchasable","15":"product-type-simple"},"yoast_head":"<!-- This site is optimized with the Yoast SEO plugin v27.4 - https:\/\/yoast.com\/product\/yoast-seo-wordpress\/ -->\n<title>Polnilec za otro\u0161ko uro USB Imoo Z7, \u010drn -<\/title>\n<meta name=\"robots\" content=\"index, follow, max-snippet:-1, max-image-preview:large, max-video-preview:-1\" \/>\n<link rel=\"canonical\" href=\"https:\/\/www.urbanspot.si\/hr\/proizvod-2\/punjac-za-djecji-sat-usb-imoo-z7-crn\/\" \/>\n<meta property=\"og:locale\" content=\"hr_HR\" \/>\n<meta property=\"og:type\" content=\"article\" \/>\n<meta property=\"og:title\" content=\"Polnilec za otro\u0161ko uro USB Imoo Z7, \u010drn -\" \/>\n<meta property=\"og:description\" content=\"USB polnilec za otro\u0161ko uro Imoo Z7.\" \/>\n<meta property=\"og:url\" content=\"https:\/\/www.urbanspot.si\/hr\/proizvod-2\/punjac-za-djecji-sat-usb-imoo-z7-crn\/\" \/>\n<meta property=\"article:publisher\" content=\"https:\/\/www.facebook.com\/urbanspot.si\" \/>\n<meta property=\"article:modified_time\" content=\"2026-03-18T13:50:32+00:00\" \/>\n<meta property=\"og:image\" content=\"https:\/\/www.urbanspot.si\/wp-content\/uploads\/polnilec-Z7.jpg\" \/>\n\t<meta property=\"og:image:width\" content=\"679\" \/>\n\t<meta property=\"og:image:height\" content=\"737\" \/>\n\t<meta property=\"og:image:type\" content=\"image\/jpeg\" \/>\n<meta name=\"twitter:card\" content=\"summary_large_image\" \/>\n<meta name=\"twitter:label1\" content=\"Procijenjeno vrijeme \u010ditanja\" \/>\n\t<meta name=\"twitter:data1\" content=\"1 minuta\" \/>\n<script type=\"application\/ld+json\" class=\"yoast-schema-graph\">{\"@context\":\"https:\\\/\\\/schema.org\",\"@graph\":[{\"@type\":\"WebPage\",\"@id\":\"https:\\\/\\\/www.urbanspot.si\\\/produkt\\\/polnilec-za-otrosko-uro-usb-imoo-z7-crn\\\/\",\"url\":\"https:\\\/\\\/www.urbanspot.si\\\/produkt\\\/polnilec-za-otrosko-uro-usb-imoo-z7-crn\\\/\",\"name\":\"Polnilec za otro\u0161ko uro USB Imoo Z7, \u010drn -\",\"isPartOf\":{\"@id\":\"https:\\\/\\\/www.urbanspot.si\\\/#website\"},\"primaryImageOfPage\":{\"@id\":\"https:\\\/\\\/www.urbanspot.si\\\/produkt\\\/polnilec-za-otrosko-uro-usb-imoo-z7-crn\\\/#primaryimage\"},\"image\":{\"@id\":\"https:\\\/\\\/www.urbanspot.si\\\/produkt\\\/polnilec-za-otrosko-uro-usb-imoo-z7-crn\\\/#primaryimage\"},\"thumbnailUrl\":\"https:\\\/\\\/www.urbanspot.si\\\/wp-content\\\/uploads\\\/polnilec-Z7.jpg\",\"datePublished\":\"2025-07-16T08:53:51+00:00\",\"dateModified\":\"2026-03-18T13:50:32+00:00\",\"breadcrumb\":{\"@id\":\"https:\\\/\\\/www.urbanspot.si\\\/produkt\\\/polnilec-za-otrosko-uro-usb-imoo-z7-crn\\\/#breadcrumb\"},\"inLanguage\":\"hr\",\"potentialAction\":[{\"@type\":\"ReadAction\",\"target\":[\"https:\\\/\\\/www.urbanspot.si\\\/produkt\\\/polnilec-za-otrosko-uro-usb-imoo-z7-crn\\\/\"]}]},{\"@type\":\"ImageObject\",\"inLanguage\":\"hr\",\"@id\":\"https:\\\/\\\/www.urbanspot.si\\\/produkt\\\/polnilec-za-otrosko-uro-usb-imoo-z7-crn\\\/#primaryimage\",\"url\":\"https:\\\/\\\/www.urbanspot.si\\\/wp-content\\\/uploads\\\/polnilec-Z7.jpg\",\"contentUrl\":\"https:\\\/\\\/www.urbanspot.si\\\/wp-content\\\/uploads\\\/polnilec-Z7.jpg\",\"width\":679,\"height\":737},{\"@type\":\"BreadcrumbList\",\"@id\":\"https:\\\/\\\/www.urbanspot.si\\\/produkt\\\/polnilec-za-otrosko-uro-usb-imoo-z7-crn\\\/#breadcrumb\",\"itemListElement\":[{\"@type\":\"ListItem\",\"position\":1,\"name\":\"Home\",\"item\":\"https:\\\/\\\/www.urbanspot.si\\\/\"},{\"@type\":\"ListItem\",\"position\":2,\"name\":\"Shop\",\"item\":\"https:\\\/\\\/www.urbanspot.si\\\/shop\\\/\"},{\"@type\":\"ListItem\",\"position\":3,\"name\":\"Polnilec za otro\u0161ko uro USB Imoo Z7, \u010drn\"}]},{\"@type\":\"WebSite\",\"@id\":\"https:\\\/\\\/www.urbanspot.si\\\/#website\",\"url\":\"https:\\\/\\\/www.urbanspot.si\\\/\",\"name\":\"UrbanSpot\",\"description\":\"\",\"publisher\":{\"@id\":\"https:\\\/\\\/www.urbanspot.si\\\/#organization\"},\"potentialAction\":[{\"@type\":\"SearchAction\",\"target\":{\"@type\":\"EntryPoint\",\"urlTemplate\":\"https:\\\/\\\/www.urbanspot.si\\\/?s={search_term_string}\"},\"query-input\":{\"@type\":\"PropertyValueSpecification\",\"valueRequired\":true,\"valueName\":\"search_term_string\"}}],\"inLanguage\":\"hr\"},{\"@type\":\"Organization\",\"@id\":\"https:\\\/\\\/www.urbanspot.si\\\/#organization\",\"name\":\"UrbanSpot\",\"url\":\"https:\\\/\\\/www.urbanspot.si\\\/\",\"logo\":{\"@type\":\"ImageObject\",\"inLanguage\":\"hr\",\"@id\":\"https:\\\/\\\/www.urbanspot.si\\\/#\\\/schema\\\/logo\\\/image\\\/\",\"url\":\"https:\\\/\\\/www.urbanspot.si\\\/wp-content\\\/uploads\\\/urbanspot-logo.svg\",\"contentUrl\":\"https:\\\/\\\/www.urbanspot.si\\\/wp-content\\\/uploads\\\/urbanspot-logo.svg\",\"width\":185,\"height\":40,\"caption\":\"UrbanSpot\"},\"image\":{\"@id\":\"https:\\\/\\\/www.urbanspot.si\\\/#\\\/schema\\\/logo\\\/image\\\/\"},\"sameAs\":[\"https:\\\/\\\/www.facebook.com\\\/urbanspot.si\"]}]}<\/script>\n<!-- \/ Yoast SEO plugin. -->","yoast_head_json":{"title":"Punja\u010d za dje\u010dji sat Imoo Z7, crni -","robots":{"index":"index","follow":"follow","max-snippet":"max-snippet:-1","max-image-preview":"max-image-preview:large","max-video-preview":"max-video-preview:-1"},"canonical":"https:\/\/www.urbanspot.si\/hr\/proizvod-2\/punjac-za-djecji-sat-usb-imoo-z7-crn\/","og_locale":"hr_HR","og_type":"article","og_title":"Polnilec za otro\u0161ko uro USB Imoo Z7, \u010drn -","og_description":"USB polnilec za otro\u0161ko uro Imoo Z7.","og_url":"https:\/\/www.urbanspot.si\/hr\/proizvod-2\/punjac-za-djecji-sat-usb-imoo-z7-crn\/","article_publisher":"https:\/\/www.facebook.com\/urbanspot.si","article_modified_time":"2026-03-18T13:50:32+00:00","og_image":[{"width":679,"height":737,"url":"https:\/\/www.urbanspot.si\/wp-content\/uploads\/polnilec-Z7.jpg","type":"image\/jpeg"}],"twitter_card":"summary_large_image","twitter_misc":{"Procijenjeno vrijeme \u010ditanja":"1 minuta"},"schema":{"@context":"https:\/\/schema.org","@graph":[{"@type":"WebPage","@id":"https:\/\/www.urbanspot.si\/produkt\/polnilec-za-otrosko-uro-usb-imoo-z7-crn\/","url":"https:\/\/www.urbanspot.si\/produkt\/polnilec-za-otrosko-uro-usb-imoo-z7-crn\/","name":"Punja\u010d za dje\u010dji sat Imoo Z7, crni -","isPartOf":{"@id":"https:\/\/www.urbanspot.si\/#website"},"primaryImageOfPage":{"@id":"https:\/\/www.urbanspot.si\/produkt\/polnilec-za-otrosko-uro-usb-imoo-z7-crn\/#primaryimage"},"image":{"@id":"https:\/\/www.urbanspot.si\/produkt\/polnilec-za-otrosko-uro-usb-imoo-z7-crn\/#primaryimage"},"thumbnailUrl":"https:\/\/www.urbanspot.si\/wp-content\/uploads\/polnilec-Z7.jpg","datePublished":"2025-07-16T08:53:51+00:00","dateModified":"2026-03-18T13:50:32+00:00","breadcrumb":{"@id":"https:\/\/www.urbanspot.si\/produkt\/polnilec-za-otrosko-uro-usb-imoo-z7-crn\/#breadcrumb"},"inLanguage":"hr","potentialAction":[{"@type":"ReadAction","target":["https:\/\/www.urbanspot.si\/produkt\/polnilec-za-otrosko-uro-usb-imoo-z7-crn\/"]}]},{"@type":"ImageObject","inLanguage":"hr","@id":"https:\/\/www.urbanspot.si\/produkt\/polnilec-za-otrosko-uro-usb-imoo-z7-crn\/#primaryimage","url":"https:\/\/www.urbanspot.si\/wp-content\/uploads\/polnilec-Z7.jpg","contentUrl":"https:\/\/www.urbanspot.si\/wp-content\/uploads\/polnilec-Z7.jpg","width":679,"height":737},{"@type":"BreadcrumbList","@id":"https:\/\/www.urbanspot.si\/produkt\/polnilec-za-otrosko-uro-usb-imoo-z7-crn\/#breadcrumb","itemListElement":[{"@type":"ListItem","position":1,"name":"Home","item":"https:\/\/www.urbanspot.si\/"},{"@type":"ListItem","position":2,"name":"Shop","item":"https:\/\/www.urbanspot.si\/shop\/"},{"@type":"ListItem","position":3,"name":"Polnilec za otro\u0161ko uro USB Imoo Z7, \u010drn"}]},{"@type":"WebSite","@id":"https:\/\/www.urbanspot.si\/#website","url":"https:\/\/www.urbanspot.si\/","name":"UrbanSpot","description":"","publisher":{"@id":"https:\/\/www.urbanspot.si\/#organization"},"potentialAction":[{"@type":"SearchAction","target":{"@type":"EntryPoint","urlTemplate":"https:\/\/www.urbanspot.si\/?s={search_term_string}"},"query-input":{"@type":"PropertyValueSpecification","valueRequired":true,"valueName":"search_term_string"}}],"inLanguage":"hr"},{"@type":"Organization","@id":"https:\/\/www.urbanspot.si\/#organization","name":"UrbanSpot","url":"https:\/\/www.urbanspot.si\/","logo":{"@type":"ImageObject","inLanguage":"hr","@id":"https:\/\/www.urbanspot.si\/#\/schema\/logo\/image\/","url":"https:\/\/www.urbanspot.si\/wp-content\/uploads\/urbanspot-logo.svg","contentUrl":"https:\/\/www.urbanspot.si\/wp-content\/uploads\/urbanspot-logo.svg","width":185,"height":40,"caption":"UrbanSpot"},"image":{"@id":"https:\/\/www.urbanspot.si\/#\/schema\/logo\/image\/"},"sameAs":["https:\/\/www.facebook.com\/urbanspot.si"]}]}},"_links":{"self":[{"href":"https:\/\/www.urbanspot.si\/hr\/wp-json\/wp\/v2\/product\/21321","targetHints":{"allow":["GET"]}}],"collection":[{"href":"https:\/\/www.urbanspot.si\/hr\/wp-json\/wp\/v2\/product"}],"about":[{"href":"https:\/\/www.urbanspot.si\/hr\/wp-json\/wp\/v2\/types\/product"}],"replies":[{"embeddable":true,"href":"https:\/\/www.urbanspot.si\/hr\/wp-json\/wp\/v2\/comments?post=21321"}],"version-history":[{"count":1,"href":"https:\/\/www.urbanspot.si\/hr\/wp-json\/wp\/v2\/product\/21321\/revisions"}],"predecessor-version":[{"id":21323,"href":"https:\/\/www.urbanspot.si\/hr\/wp-json\/wp\/v2\/product\/21321\/revisions\/21323"}],"wp:featuredmedia":[{"embeddable":true,"href":"https:\/\/www.urbanspot.si\/hr\/wp-json\/wp\/v2\/media\/21322"}],"wp:attachment":[{"href":"https:\/\/www.urbanspot.si\/hr\/wp-json\/wp\/v2\/media?parent=21321"}],"wp:term":[{"taxonomy":"product_brand","embeddable":true,"href":"https:\/\/www.urbanspot.si\/hr\/wp-json\/wp\/v2\/product_brand?post=21321"},{"taxonomy":"product_cat","embeddable":true,"href":"https:\/\/www.urbanspot.si\/hr\/wp-json\/wp\/v2\/product_cat?post=21321"},{"taxonomy":"product_tag","embeddable":true,"href":"https:\/\/www.urbanspot.si\/hr\/wp-json\/wp\/v2\/product_tag?post=21321"}],"curies":[{"name":"radni list","href":"https:\/\/api.w.org\/{rel}","templated":true}]}}