{"id":21398,"date":"2025-07-17T12:33:08","date_gmt":"2025-07-17T10:33:08","guid":{"rendered":"https:\/\/www.urbanspot.si\/?post_type=product&#038;p=21398"},"modified":"2026-03-19T16:02:43","modified_gmt":"2026-03-19T14:02:43","slug":"urbie-stativ-sa-svjetlom-za-snimanje-21m","status":"publish","type":"product","link":"https:\/\/www.urbanspot.si\/hr\/produkt\/urbie-stojalo-z-lucko-za-snemanje-21m\/","title":{"rendered":"Urbie stativ sa svjetlom za snimanje, 2,1 m"},"content":{"rendered":"<p><b>Zna\u010dajke:\u00a0<\/b><\/p>\n<ul>\n<li>Stalak je vrlo jednostavan za kori\u0161tenje.<\/li>\n<li>Mo\u017eete ga koristiti pod bilo kojim kutom, od sada \u0107ete mo\u0107i s lako\u0107om snimati video.<\/li>\n<li>Stalak se prote\u017ee do 2,1 m, \u0161to ga \u010dini prikladnim za sve influencere i one koji \u017eele snimati odli\u010dne videozapise. Idealan je za streaming.<\/li>\n<li>Za jednostavno upravljanje svjetlom, ovo je jedini model s daljinskim upravlja\u010dem koji je udaljen do 165 cm od stalka, tako da \u0107e svjetlo uvijek biti savr\u0161eno.<\/li>\n<li>Svjetlo \u0107e osigurati kvalitetne snimke, osiguravaju\u0107i da je osvjetljenje uvijek savr\u0161eno. Mo\u017eete birati izme\u0111u tri razli\u010dita na\u010dina osvjetljenja (normalno, toplo, hladno).<\/li>\n<li>Svjetlo zahtijeva napajanje. Napaja se putem USB priklju\u010dka. Umetnite USB u power bank, prijenosno ra\u010dunalo ili uti\u010dnicu od 220 V (nije uklju\u010deno).<\/li>\n<\/ul>\n<p>&nbsp;<\/p>\n<p><strong>Sadr\u017eaj paketa<\/strong><\/p>\n<p>1x Teleskopska \u0161ipka<\/p>\n<p>1x svjetlo za osvjetljenje<\/p>\n<p>Jamstvo 1 godina<\/p>","protected":false},"excerpt":{"rendered":"<div class=\"shortDetails\">Profesionalni stativ s integriranim video svjetlom koje se prote\u017ee do 2,1 m. Omogu\u0107uje jednostavno snimanje visokokvalitetnih videa s raznim na\u010dinima osvjetljenja. Paket uklju\u010duje teleskopski \u0161tap i svjetlo za osvjetljenje.<\/div>\n<div class=\"product-price-info price_updater\">\n<div class=\"quantityCol\">\n<div class=\"product-stock-2\">\n<div id=\"stock_wrap\" class=\"availability stock-info-green\">\n<div class=\"availability-item yes\"><\/div>\n<\/div>\n<\/div>\n<\/div>\n<\/div>","protected":false},"featured_media":21399,"comment_status":"open","ping_status":"closed","template":"","meta":[],"product_brand":[],"product_cat":[104,105,91],"product_tag":[],"class_list":{"0":"post-21398","1":"product","2":"type-product","3":"status-publish","4":"has-post-thumbnail","6":"product_cat-dodatna-oprema","7":"product_cat-nosilci-in-drzala","8":"product_cat-razprodaja","10":"first","11":"instock","12":"sale","13":"taxable","14":"shipping-taxable","15":"purchasable","16":"product-type-simple"},"yoast_head":"<!-- This site is optimized with the Yoast SEO plugin v27.4 - https:\/\/yoast.com\/product\/yoast-seo-wordpress\/ -->\n<title>Urbie stojalo z lu\u010dko za snemanje, 2,1m -<\/title>\n<meta name=\"robots\" content=\"index, follow, max-snippet:-1, max-image-preview:large, max-video-preview:-1\" \/>\n<link rel=\"canonical\" href=\"https:\/\/www.urbanspot.si\/hr\/proizvod-2\/urbie-stativ-sa-svjetlom-za-snimanje-21m\/\" \/>\n<meta property=\"og:locale\" content=\"hr_HR\" \/>\n<meta property=\"og:type\" content=\"article\" \/>\n<meta property=\"og:title\" content=\"Urbie stojalo z lu\u010dko za snemanje, 2,1m -\" \/>\n<meta property=\"og:description\" content=\"Profesionalno stojalo z integrirano lu\u010djo za snemanje, ki se raztegne do 2,1 m. Omogo\u010da enostavno snemanje kakovostnih video posnetkov z razli\u010dnimi na\u010dini osvetlitve. Paket vklju\u010duje teleskopsko palico in osvetlitveno lu\u010d.\" \/>\n<meta property=\"og:url\" content=\"https:\/\/www.urbanspot.si\/hr\/proizvod-2\/urbie-stativ-sa-svjetlom-za-snimanje-21m\/\" \/>\n<meta property=\"article:publisher\" content=\"https:\/\/www.facebook.com\/urbanspot.si\" \/>\n<meta property=\"article:modified_time\" content=\"2026-03-19T14:02:43+00:00\" \/>\n<meta property=\"og:image\" content=\"https:\/\/www.urbanspot.si\/wp-content\/uploads\/ringlamp1.png\" \/>\n\t<meta property=\"og:image:width\" content=\"650\" \/>\n\t<meta property=\"og:image:height\" content=\"650\" \/>\n\t<meta property=\"og:image:type\" content=\"image\/png\" \/>\n<meta name=\"twitter:card\" content=\"summary_large_image\" \/>\n<meta name=\"twitter:label1\" content=\"Procijenjeno vrijeme \u010ditanja\" \/>\n\t<meta name=\"twitter:data1\" content=\"1 minuta\" \/>\n<script type=\"application\/ld+json\" class=\"yoast-schema-graph\">{\"@context\":\"https:\\\/\\\/schema.org\",\"@graph\":[{\"@type\":\"WebPage\",\"@id\":\"https:\\\/\\\/www.urbanspot.si\\\/produkt\\\/urbie-stojalo-z-lucko-za-snemanje-21m\\\/\",\"url\":\"https:\\\/\\\/www.urbanspot.si\\\/produkt\\\/urbie-stojalo-z-lucko-za-snemanje-21m\\\/\",\"name\":\"Urbie stojalo z lu\u010dko za snemanje, 2,1m -\",\"isPartOf\":{\"@id\":\"https:\\\/\\\/www.urbanspot.si\\\/#website\"},\"primaryImageOfPage\":{\"@id\":\"https:\\\/\\\/www.urbanspot.si\\\/produkt\\\/urbie-stojalo-z-lucko-za-snemanje-21m\\\/#primaryimage\"},\"image\":{\"@id\":\"https:\\\/\\\/www.urbanspot.si\\\/produkt\\\/urbie-stojalo-z-lucko-za-snemanje-21m\\\/#primaryimage\"},\"thumbnailUrl\":\"https:\\\/\\\/www.urbanspot.si\\\/wp-content\\\/uploads\\\/ringlamp1.png\",\"datePublished\":\"2025-07-17T10:33:08+00:00\",\"dateModified\":\"2026-03-19T14:02:43+00:00\",\"breadcrumb\":{\"@id\":\"https:\\\/\\\/www.urbanspot.si\\\/produkt\\\/urbie-stojalo-z-lucko-za-snemanje-21m\\\/#breadcrumb\"},\"inLanguage\":\"hr\",\"potentialAction\":[{\"@type\":\"ReadAction\",\"target\":[\"https:\\\/\\\/www.urbanspot.si\\\/produkt\\\/urbie-stojalo-z-lucko-za-snemanje-21m\\\/\"]}]},{\"@type\":\"ImageObject\",\"inLanguage\":\"hr\",\"@id\":\"https:\\\/\\\/www.urbanspot.si\\\/produkt\\\/urbie-stojalo-z-lucko-za-snemanje-21m\\\/#primaryimage\",\"url\":\"https:\\\/\\\/www.urbanspot.si\\\/wp-content\\\/uploads\\\/ringlamp1.png\",\"contentUrl\":\"https:\\\/\\\/www.urbanspot.si\\\/wp-content\\\/uploads\\\/ringlamp1.png\",\"width\":650,\"height\":650},{\"@type\":\"BreadcrumbList\",\"@id\":\"https:\\\/\\\/www.urbanspot.si\\\/produkt\\\/urbie-stojalo-z-lucko-za-snemanje-21m\\\/#breadcrumb\",\"itemListElement\":[{\"@type\":\"ListItem\",\"position\":1,\"name\":\"Home\",\"item\":\"https:\\\/\\\/www.urbanspot.si\\\/\"},{\"@type\":\"ListItem\",\"position\":2,\"name\":\"Shop\",\"item\":\"https:\\\/\\\/www.urbanspot.si\\\/shop\\\/\"},{\"@type\":\"ListItem\",\"position\":3,\"name\":\"Urbie stojalo z lu\u010dko za snemanje, 2,1m\"}]},{\"@type\":\"WebSite\",\"@id\":\"https:\\\/\\\/www.urbanspot.si\\\/#website\",\"url\":\"https:\\\/\\\/www.urbanspot.si\\\/\",\"name\":\"UrbanSpot\",\"description\":\"\",\"publisher\":{\"@id\":\"https:\\\/\\\/www.urbanspot.si\\\/#organization\"},\"potentialAction\":[{\"@type\":\"SearchAction\",\"target\":{\"@type\":\"EntryPoint\",\"urlTemplate\":\"https:\\\/\\\/www.urbanspot.si\\\/?s={search_term_string}\"},\"query-input\":{\"@type\":\"PropertyValueSpecification\",\"valueRequired\":true,\"valueName\":\"search_term_string\"}}],\"inLanguage\":\"hr\"},{\"@type\":\"Organization\",\"@id\":\"https:\\\/\\\/www.urbanspot.si\\\/#organization\",\"name\":\"UrbanSpot\",\"url\":\"https:\\\/\\\/www.urbanspot.si\\\/\",\"logo\":{\"@type\":\"ImageObject\",\"inLanguage\":\"hr\",\"@id\":\"https:\\\/\\\/www.urbanspot.si\\\/#\\\/schema\\\/logo\\\/image\\\/\",\"url\":\"https:\\\/\\\/www.urbanspot.si\\\/wp-content\\\/uploads\\\/urbanspot-logo.svg\",\"contentUrl\":\"https:\\\/\\\/www.urbanspot.si\\\/wp-content\\\/uploads\\\/urbanspot-logo.svg\",\"width\":185,\"height\":40,\"caption\":\"UrbanSpot\"},\"image\":{\"@id\":\"https:\\\/\\\/www.urbanspot.si\\\/#\\\/schema\\\/logo\\\/image\\\/\"},\"sameAs\":[\"https:\\\/\\\/www.facebook.com\\\/urbanspot.si\"]}]}<\/script>\n<!-- \/ Yoast SEO plugin. -->","yoast_head_json":{"title":"Urbie stojalo z lu\u010dko za snemanje, 2,1m -","robots":{"index":"index","follow":"follow","max-snippet":"max-snippet:-1","max-image-preview":"max-image-preview:large","max-video-preview":"max-video-preview:-1"},"canonical":"https:\/\/www.urbanspot.si\/hr\/proizvod-2\/urbie-stativ-sa-svjetlom-za-snimanje-21m\/","og_locale":"hr_HR","og_type":"article","og_title":"Urbie stojalo z lu\u010dko za snemanje, 2,1m -","og_description":"Profesionalno stojalo z integrirano lu\u010djo za snemanje, ki se raztegne do 2,1 m. Omogo\u010da enostavno snemanje kakovostnih video posnetkov z razli\u010dnimi na\u010dini osvetlitve. Paket vklju\u010duje teleskopsko palico in osvetlitveno lu\u010d.","og_url":"https:\/\/www.urbanspot.si\/hr\/proizvod-2\/urbie-stativ-sa-svjetlom-za-snimanje-21m\/","article_publisher":"https:\/\/www.facebook.com\/urbanspot.si","article_modified_time":"2026-03-19T14:02:43+00:00","og_image":[{"width":650,"height":650,"url":"https:\/\/www.urbanspot.si\/wp-content\/uploads\/ringlamp1.png","type":"image\/png"}],"twitter_card":"summary_large_image","twitter_misc":{"Procijenjeno vrijeme \u010ditanja":"1 minuta"},"schema":{"@context":"https:\/\/schema.org","@graph":[{"@type":"WebPage","@id":"https:\/\/www.urbanspot.si\/produkt\/urbie-stojalo-z-lucko-za-snemanje-21m\/","url":"https:\/\/www.urbanspot.si\/produkt\/urbie-stojalo-z-lucko-za-snemanje-21m\/","name":"Urbie stojalo z lu\u010dko za snemanje, 2,1m -","isPartOf":{"@id":"https:\/\/www.urbanspot.si\/#website"},"primaryImageOfPage":{"@id":"https:\/\/www.urbanspot.si\/produkt\/urbie-stojalo-z-lucko-za-snemanje-21m\/#primaryimage"},"image":{"@id":"https:\/\/www.urbanspot.si\/produkt\/urbie-stojalo-z-lucko-za-snemanje-21m\/#primaryimage"},"thumbnailUrl":"https:\/\/www.urbanspot.si\/wp-content\/uploads\/ringlamp1.png","datePublished":"2025-07-17T10:33:08+00:00","dateModified":"2026-03-19T14:02:43+00:00","breadcrumb":{"@id":"https:\/\/www.urbanspot.si\/produkt\/urbie-stojalo-z-lucko-za-snemanje-21m\/#breadcrumb"},"inLanguage":"hr","potentialAction":[{"@type":"ReadAction","target":["https:\/\/www.urbanspot.si\/produkt\/urbie-stojalo-z-lucko-za-snemanje-21m\/"]}]},{"@type":"ImageObject","inLanguage":"hr","@id":"https:\/\/www.urbanspot.si\/produkt\/urbie-stojalo-z-lucko-za-snemanje-21m\/#primaryimage","url":"https:\/\/www.urbanspot.si\/wp-content\/uploads\/ringlamp1.png","contentUrl":"https:\/\/www.urbanspot.si\/wp-content\/uploads\/ringlamp1.png","width":650,"height":650},{"@type":"BreadcrumbList","@id":"https:\/\/www.urbanspot.si\/produkt\/urbie-stojalo-z-lucko-za-snemanje-21m\/#breadcrumb","itemListElement":[{"@type":"ListItem","position":1,"name":"Home","item":"https:\/\/www.urbanspot.si\/"},{"@type":"ListItem","position":2,"name":"Shop","item":"https:\/\/www.urbanspot.si\/shop\/"},{"@type":"ListItem","position":3,"name":"Urbie stojalo z lu\u010dko za snemanje, 2,1m"}]},{"@type":"WebSite","@id":"https:\/\/www.urbanspot.si\/#website","url":"https:\/\/www.urbanspot.si\/","name":"UrbanSpot","description":"","publisher":{"@id":"https:\/\/www.urbanspot.si\/#organization"},"potentialAction":[{"@type":"SearchAction","target":{"@type":"EntryPoint","urlTemplate":"https:\/\/www.urbanspot.si\/?s={search_term_string}"},"query-input":{"@type":"PropertyValueSpecification","valueRequired":true,"valueName":"search_term_string"}}],"inLanguage":"hr"},{"@type":"Organization","@id":"https:\/\/www.urbanspot.si\/#organization","name":"UrbanSpot","url":"https:\/\/www.urbanspot.si\/","logo":{"@type":"ImageObject","inLanguage":"hr","@id":"https:\/\/www.urbanspot.si\/#\/schema\/logo\/image\/","url":"https:\/\/www.urbanspot.si\/wp-content\/uploads\/urbanspot-logo.svg","contentUrl":"https:\/\/www.urbanspot.si\/wp-content\/uploads\/urbanspot-logo.svg","width":185,"height":40,"caption":"UrbanSpot"},"image":{"@id":"https:\/\/www.urbanspot.si\/#\/schema\/logo\/image\/"},"sameAs":["https:\/\/www.facebook.com\/urbanspot.si"]}]}},"_links":{"self":[{"href":"https:\/\/www.urbanspot.si\/hr\/wp-json\/wp\/v2\/product\/21398","targetHints":{"allow":["GET"]}}],"collection":[{"href":"https:\/\/www.urbanspot.si\/hr\/wp-json\/wp\/v2\/product"}],"about":[{"href":"https:\/\/www.urbanspot.si\/hr\/wp-json\/wp\/v2\/types\/product"}],"replies":[{"embeddable":true,"href":"https:\/\/www.urbanspot.si\/hr\/wp-json\/wp\/v2\/comments?post=21398"}],"version-history":[{"count":1,"href":"https:\/\/www.urbanspot.si\/hr\/wp-json\/wp\/v2\/product\/21398\/revisions"}],"predecessor-version":[{"id":21402,"href":"https:\/\/www.urbanspot.si\/hr\/wp-json\/wp\/v2\/product\/21398\/revisions\/21402"}],"wp:featuredmedia":[{"embeddable":true,"href":"https:\/\/www.urbanspot.si\/hr\/wp-json\/wp\/v2\/media\/21399"}],"wp:attachment":[{"href":"https:\/\/www.urbanspot.si\/hr\/wp-json\/wp\/v2\/media?parent=21398"}],"wp:term":[{"taxonomy":"product_brand","embeddable":true,"href":"https:\/\/www.urbanspot.si\/hr\/wp-json\/wp\/v2\/product_brand?post=21398"},{"taxonomy":"product_cat","embeddable":true,"href":"https:\/\/www.urbanspot.si\/hr\/wp-json\/wp\/v2\/product_cat?post=21398"},{"taxonomy":"product_tag","embeddable":true,"href":"https:\/\/www.urbanspot.si\/hr\/wp-json\/wp\/v2\/product_tag?post=21398"}],"curies":[{"name":"radni list","href":"https:\/\/api.w.org\/{rel}","templated":true}]}}