{"id":24818,"date":"2025-07-01T00:00:00","date_gmt":"2025-06-30T22:00:00","guid":{"rendered":"https:\/\/www.urbanspot.si\/?post_type=product&#038;p=24818"},"modified":"2026-03-19T16:02:59","modified_gmt":"2026-03-19T14:02:59","slug":"slusalice-xiaomi-mi-comfort-bijele","status":"publish","type":"product","link":"https:\/\/www.urbanspot.si\/hr\/produkt\/slusalke-xiaomi-mi-comfort-bele\/","title":{"rendered":"Xiaomi Mi Comfort slu\u0161alice, bijele"},"content":{"rendered":"<p>Zatvorene slu\u0161alice elegantnog, ergonomskog dizajna koji nudi maksimalnu udobnost i prakti\u010dnost. Opremljene su kabelom od 1,4 m s kontrolama i mikrofonom. Njihova prednost je relativno mala te\u017eina, be\u0161avni dizajn s udobnom trakom za glavu i mekim PU jastu\u010di\u0107ima za u\u0161i koji pru\u017eaju dobru zvu\u010dnu izolaciju te izvrstan zvuk s o\u0161trim i jasnim zvu\u010dnim karakteristikama. Nude frekvencijski raspon od 20 Hz - 40 kHz, osjetljivost od 107 dB, impedanciju od 32 Ohma ili snagu od 50 mW. Tako\u0111er su opremljene pozla\u0107enim 3,5 mm jack konektorima. Boja: bijela, te\u017eina: 220 g<\/p>\n<p>&nbsp;<\/p>\n<p>Tehni\u010dki podaci:<\/p>\n<ul>\n<li data-start=\"60\" data-end=\"80\">\n<p data-start=\"62\" data-end=\"80\"><strong data-start=\"62\" data-end=\"75\">Mikrofon:<\/strong> Da<\/p>\n<\/li>\n<li data-start=\"81\" data-end=\"106\">\n<p data-start=\"83\" data-end=\"106\"><strong data-start=\"83\" data-end=\"97\">Impedancija:<\/strong> 32 oma<\/p>\n<\/li>\n<li data-start=\"107\" data-end=\"150\">\n<p data-start=\"109\" data-end=\"150\"><strong data-start=\"109\" data-end=\"119\">Boja:<\/strong> Bijela (prema proizvo\u0111a\u010du)<\/p>\n<\/li>\n<li data-start=\"151\" data-end=\"179\">\n<p data-start=\"153\" data-end=\"179\"><strong data-start=\"153\" data-end=\"170\">Osjetljivost:<\/strong> 107 dB<\/p>\n<\/li>\n<li data-start=\"180\" data-end=\"211\">\n<p data-start=\"182\" data-end=\"211\"><strong data-start=\"182\" data-end=\"200\">Marka:<\/strong>Xiaomi<\/p>\n<\/li>\n<\/ul>\n<p>&nbsp;<\/p>\n<p>Slu\u0161alice su DEMO.<\/p>","protected":false},"excerpt":{"rendered":"<p>Zatvorene slu\u0161alice s elegantnim, ergonomskim dizajnom koje nude maksimalnu udobnost i prakti\u010dno kori\u0161tenje.<\/p>","protected":false},"featured_media":27673,"comment_status":"closed","ping_status":"closed","template":"","meta":[],"product_brand":[],"product_cat":[104,91,306],"product_tag":[],"class_list":{"0":"post-24818","1":"product","2":"type-product","3":"status-publish","4":"has-post-thumbnail","6":"product_cat-dodatna-oprema","7":"product_cat-razprodaja","8":"product_cat-slusalke","10":"first","11":"instock","12":"sale","13":"purchasable","14":"product-type-simple"},"yoast_head":"<!-- This site is optimized with the Yoast SEO plugin v27.4 - https:\/\/yoast.com\/product\/yoast-seo-wordpress\/ -->\n<title>Slu\u0161alke Xiaomi Mi Comfort, bele -<\/title>\n<meta name=\"robots\" content=\"index, follow, max-snippet:-1, max-image-preview:large, max-video-preview:-1\" \/>\n<link rel=\"canonical\" href=\"https:\/\/www.urbanspot.si\/hr\/proizvod-2\/slusalice-xiaomi-mi-comfort-bijele\/\" \/>\n<meta property=\"og:locale\" content=\"hr_HR\" \/>\n<meta property=\"og:type\" content=\"article\" \/>\n<meta property=\"og:title\" content=\"Slu\u0161alke Xiaomi Mi Comfort, bele -\" \/>\n<meta property=\"og:description\" content=\"Zaprte slu\u0161alke z elegantnim, ergonomskim dizajnom, ki nudijo maksimalno udobje in priro\u010dno uporabo.\" \/>\n<meta property=\"og:url\" content=\"https:\/\/www.urbanspot.si\/hr\/proizvod-2\/slusalice-xiaomi-mi-comfort-bijele\/\" \/>\n<meta property=\"article:publisher\" content=\"https:\/\/www.facebook.com\/urbanspot.si\" \/>\n<meta property=\"article:modified_time\" content=\"2026-03-19T14:02:59+00:00\" \/>\n<meta property=\"og:image\" content=\"https:\/\/www.urbanspot.si\/wp-content\/uploads\/slusalke-xiaomi.jpg\" \/>\n\t<meta property=\"og:image:width\" content=\"492\" \/>\n\t<meta property=\"og:image:height\" content=\"579\" \/>\n\t<meta property=\"og:image:type\" content=\"image\/jpeg\" \/>\n<meta name=\"twitter:card\" content=\"summary_large_image\" \/>\n<meta name=\"twitter:label1\" content=\"Procijenjeno vrijeme \u010ditanja\" \/>\n\t<meta name=\"twitter:data1\" content=\"1 minuta\" \/>\n<script type=\"application\/ld+json\" class=\"yoast-schema-graph\">{\"@context\":\"https:\\\/\\\/schema.org\",\"@graph\":[{\"@type\":\"WebPage\",\"@id\":\"https:\\\/\\\/www.urbanspot.si\\\/produkt\\\/slusalke-xiaomi-mi-comfort-bele\\\/\",\"url\":\"https:\\\/\\\/www.urbanspot.si\\\/produkt\\\/slusalke-xiaomi-mi-comfort-bele\\\/\",\"name\":\"Slu\u0161alke Xiaomi Mi Comfort, bele -\",\"isPartOf\":{\"@id\":\"https:\\\/\\\/www.urbanspot.si\\\/#website\"},\"primaryImageOfPage\":{\"@id\":\"https:\\\/\\\/www.urbanspot.si\\\/produkt\\\/slusalke-xiaomi-mi-comfort-bele\\\/#primaryimage\"},\"image\":{\"@id\":\"https:\\\/\\\/www.urbanspot.si\\\/produkt\\\/slusalke-xiaomi-mi-comfort-bele\\\/#primaryimage\"},\"thumbnailUrl\":\"https:\\\/\\\/www.urbanspot.si\\\/wp-content\\\/uploads\\\/slusalke-xiaomi.jpg\",\"datePublished\":\"2025-06-30T22:00:00+00:00\",\"dateModified\":\"2026-03-19T14:02:59+00:00\",\"breadcrumb\":{\"@id\":\"https:\\\/\\\/www.urbanspot.si\\\/produkt\\\/slusalke-xiaomi-mi-comfort-bele\\\/#breadcrumb\"},\"inLanguage\":\"hr\",\"potentialAction\":[{\"@type\":\"ReadAction\",\"target\":[\"https:\\\/\\\/www.urbanspot.si\\\/produkt\\\/slusalke-xiaomi-mi-comfort-bele\\\/\"]}]},{\"@type\":\"ImageObject\",\"inLanguage\":\"hr\",\"@id\":\"https:\\\/\\\/www.urbanspot.si\\\/produkt\\\/slusalke-xiaomi-mi-comfort-bele\\\/#primaryimage\",\"url\":\"https:\\\/\\\/www.urbanspot.si\\\/wp-content\\\/uploads\\\/slusalke-xiaomi.jpg\",\"contentUrl\":\"https:\\\/\\\/www.urbanspot.si\\\/wp-content\\\/uploads\\\/slusalke-xiaomi.jpg\",\"width\":492,\"height\":579},{\"@type\":\"BreadcrumbList\",\"@id\":\"https:\\\/\\\/www.urbanspot.si\\\/produkt\\\/slusalke-xiaomi-mi-comfort-bele\\\/#breadcrumb\",\"itemListElement\":[{\"@type\":\"ListItem\",\"position\":1,\"name\":\"Home\",\"item\":\"https:\\\/\\\/www.urbanspot.si\\\/\"},{\"@type\":\"ListItem\",\"position\":2,\"name\":\"Shop\",\"item\":\"https:\\\/\\\/www.urbanspot.si\\\/shop\\\/\"},{\"@type\":\"ListItem\",\"position\":3,\"name\":\"Slu\u0161alke Xiaomi Mi Comfort, bele\"}]},{\"@type\":\"WebSite\",\"@id\":\"https:\\\/\\\/www.urbanspot.si\\\/#website\",\"url\":\"https:\\\/\\\/www.urbanspot.si\\\/\",\"name\":\"UrbanSpot\",\"description\":\"\",\"publisher\":{\"@id\":\"https:\\\/\\\/www.urbanspot.si\\\/#organization\"},\"potentialAction\":[{\"@type\":\"SearchAction\",\"target\":{\"@type\":\"EntryPoint\",\"urlTemplate\":\"https:\\\/\\\/www.urbanspot.si\\\/?s={search_term_string}\"},\"query-input\":{\"@type\":\"PropertyValueSpecification\",\"valueRequired\":true,\"valueName\":\"search_term_string\"}}],\"inLanguage\":\"hr\"},{\"@type\":\"Organization\",\"@id\":\"https:\\\/\\\/www.urbanspot.si\\\/#organization\",\"name\":\"UrbanSpot\",\"url\":\"https:\\\/\\\/www.urbanspot.si\\\/\",\"logo\":{\"@type\":\"ImageObject\",\"inLanguage\":\"hr\",\"@id\":\"https:\\\/\\\/www.urbanspot.si\\\/#\\\/schema\\\/logo\\\/image\\\/\",\"url\":\"https:\\\/\\\/www.urbanspot.si\\\/wp-content\\\/uploads\\\/urbanspot-logo.svg\",\"contentUrl\":\"https:\\\/\\\/www.urbanspot.si\\\/wp-content\\\/uploads\\\/urbanspot-logo.svg\",\"width\":185,\"height\":40,\"caption\":\"UrbanSpot\"},\"image\":{\"@id\":\"https:\\\/\\\/www.urbanspot.si\\\/#\\\/schema\\\/logo\\\/image\\\/\"},\"sameAs\":[\"https:\\\/\\\/www.facebook.com\\\/urbanspot.si\"]}]}<\/script>\n<!-- \/ Yoast SEO plugin. -->","yoast_head_json":{"title":"Slu\u0161alke Xiaomi Mi Comfort, bele -","robots":{"index":"index","follow":"follow","max-snippet":"max-snippet:-1","max-image-preview":"max-image-preview:large","max-video-preview":"max-video-preview:-1"},"canonical":"https:\/\/www.urbanspot.si\/hr\/proizvod-2\/slusalice-xiaomi-mi-comfort-bijele\/","og_locale":"hr_HR","og_type":"article","og_title":"Slu\u0161alke Xiaomi Mi Comfort, bele -","og_description":"Zaprte slu\u0161alke z elegantnim, ergonomskim dizajnom, ki nudijo maksimalno udobje in priro\u010dno uporabo.","og_url":"https:\/\/www.urbanspot.si\/hr\/proizvod-2\/slusalice-xiaomi-mi-comfort-bijele\/","article_publisher":"https:\/\/www.facebook.com\/urbanspot.si","article_modified_time":"2026-03-19T14:02:59+00:00","og_image":[{"width":492,"height":579,"url":"https:\/\/www.urbanspot.si\/wp-content\/uploads\/slusalke-xiaomi.jpg","type":"image\/jpeg"}],"twitter_card":"summary_large_image","twitter_misc":{"Procijenjeno vrijeme \u010ditanja":"1 minuta"},"schema":{"@context":"https:\/\/schema.org","@graph":[{"@type":"WebPage","@id":"https:\/\/www.urbanspot.si\/produkt\/slusalke-xiaomi-mi-comfort-bele\/","url":"https:\/\/www.urbanspot.si\/produkt\/slusalke-xiaomi-mi-comfort-bele\/","name":"Slu\u0161alke Xiaomi Mi Comfort, bele -","isPartOf":{"@id":"https:\/\/www.urbanspot.si\/#website"},"primaryImageOfPage":{"@id":"https:\/\/www.urbanspot.si\/produkt\/slusalke-xiaomi-mi-comfort-bele\/#primaryimage"},"image":{"@id":"https:\/\/www.urbanspot.si\/produkt\/slusalke-xiaomi-mi-comfort-bele\/#primaryimage"},"thumbnailUrl":"https:\/\/www.urbanspot.si\/wp-content\/uploads\/slusalke-xiaomi.jpg","datePublished":"2025-06-30T22:00:00+00:00","dateModified":"2026-03-19T14:02:59+00:00","breadcrumb":{"@id":"https:\/\/www.urbanspot.si\/produkt\/slusalke-xiaomi-mi-comfort-bele\/#breadcrumb"},"inLanguage":"hr","potentialAction":[{"@type":"ReadAction","target":["https:\/\/www.urbanspot.si\/produkt\/slusalke-xiaomi-mi-comfort-bele\/"]}]},{"@type":"ImageObject","inLanguage":"hr","@id":"https:\/\/www.urbanspot.si\/produkt\/slusalke-xiaomi-mi-comfort-bele\/#primaryimage","url":"https:\/\/www.urbanspot.si\/wp-content\/uploads\/slusalke-xiaomi.jpg","contentUrl":"https:\/\/www.urbanspot.si\/wp-content\/uploads\/slusalke-xiaomi.jpg","width":492,"height":579},{"@type":"BreadcrumbList","@id":"https:\/\/www.urbanspot.si\/produkt\/slusalke-xiaomi-mi-comfort-bele\/#breadcrumb","itemListElement":[{"@type":"ListItem","position":1,"name":"Home","item":"https:\/\/www.urbanspot.si\/"},{"@type":"ListItem","position":2,"name":"Shop","item":"https:\/\/www.urbanspot.si\/shop\/"},{"@type":"ListItem","position":3,"name":"Slu\u0161alke Xiaomi Mi Comfort, bele"}]},{"@type":"WebSite","@id":"https:\/\/www.urbanspot.si\/#website","url":"https:\/\/www.urbanspot.si\/","name":"UrbanSpot","description":"","publisher":{"@id":"https:\/\/www.urbanspot.si\/#organization"},"potentialAction":[{"@type":"SearchAction","target":{"@type":"EntryPoint","urlTemplate":"https:\/\/www.urbanspot.si\/?s={search_term_string}"},"query-input":{"@type":"PropertyValueSpecification","valueRequired":true,"valueName":"search_term_string"}}],"inLanguage":"hr"},{"@type":"Organization","@id":"https:\/\/www.urbanspot.si\/#organization","name":"UrbanSpot","url":"https:\/\/www.urbanspot.si\/","logo":{"@type":"ImageObject","inLanguage":"hr","@id":"https:\/\/www.urbanspot.si\/#\/schema\/logo\/image\/","url":"https:\/\/www.urbanspot.si\/wp-content\/uploads\/urbanspot-logo.svg","contentUrl":"https:\/\/www.urbanspot.si\/wp-content\/uploads\/urbanspot-logo.svg","width":185,"height":40,"caption":"UrbanSpot"},"image":{"@id":"https:\/\/www.urbanspot.si\/#\/schema\/logo\/image\/"},"sameAs":["https:\/\/www.facebook.com\/urbanspot.si"]}]}},"_links":{"self":[{"href":"https:\/\/www.urbanspot.si\/hr\/wp-json\/wp\/v2\/product\/24818","targetHints":{"allow":["GET"]}}],"collection":[{"href":"https:\/\/www.urbanspot.si\/hr\/wp-json\/wp\/v2\/product"}],"about":[{"href":"https:\/\/www.urbanspot.si\/hr\/wp-json\/wp\/v2\/types\/product"}],"replies":[{"embeddable":true,"href":"https:\/\/www.urbanspot.si\/hr\/wp-json\/wp\/v2\/comments?post=24818"}],"version-history":[{"count":3,"href":"https:\/\/www.urbanspot.si\/hr\/wp-json\/wp\/v2\/product\/24818\/revisions"}],"predecessor-version":[{"id":27678,"href":"https:\/\/www.urbanspot.si\/hr\/wp-json\/wp\/v2\/product\/24818\/revisions\/27678"}],"wp:featuredmedia":[{"embeddable":true,"href":"https:\/\/www.urbanspot.si\/hr\/wp-json\/wp\/v2\/media\/27673"}],"wp:attachment":[{"href":"https:\/\/www.urbanspot.si\/hr\/wp-json\/wp\/v2\/media?parent=24818"}],"wp:term":[{"taxonomy":"product_brand","embeddable":true,"href":"https:\/\/www.urbanspot.si\/hr\/wp-json\/wp\/v2\/product_brand?post=24818"},{"taxonomy":"product_cat","embeddable":true,"href":"https:\/\/www.urbanspot.si\/hr\/wp-json\/wp\/v2\/product_cat?post=24818"},{"taxonomy":"product_tag","embeddable":true,"href":"https:\/\/www.urbanspot.si\/hr\/wp-json\/wp\/v2\/product_tag?post=24818"}],"curies":[{"name":"radni list","href":"https:\/\/api.w.org\/{rel}","templated":true}]}}