{"id":24820,"date":"2025-07-01T00:00:00","date_gmt":"2025-06-30T22:00:00","guid":{"rendered":"https:\/\/www.urbanspot.si\/?post_type=product&#038;p=24820"},"modified":"2026-03-19T16:02:58","modified_gmt":"2026-03-19T14:02:58","slug":"xiaomi-nocna-svjetiljka-s-aktivacijom-pokreta","status":"publish","type":"product","link":"https:\/\/www.urbanspot.si\/hr\/produkt\/xiaomi-nocna-lucka-motion-activated-night-light\/","title":{"rendered":"XIAOMI No\u0107no svjetlo aktivirano pokretom"},"content":{"rendered":"<div class=\"mzkr-text-dark\">\n<p>Otkrijte Mi Motion-activated no\u0107no svjetlo, dizajnirano da bude no\u0107no svjetlo va\u0161ih snova. Oslobodite se uti\u010dnica i recite zbogom zamornom postavljanju. \u0160iroki raspon detekcije osvjetljava najmra\u010dnije kutove i pru\u017ea vam 365 no\u0107i energetski u\u010dinkovitog, mekog osvjetljenja. Ne morate re\u0107i ni rije\u010di. \u010cak i u najmra\u010dnijim no\u0107ima, Mi Motion-activated no\u0107no svjetlo razumije. \u0160irok raspon detekcije od 120\u00b0 s rasponom detekcije od 5-7 metara. Koriste\u0107i napredni senzor svjetla + infracrvenu tehnologiju detekcije pokreta, automatski se aktivira no\u0107u, bilje\u017ee\u0107i svaki va\u0161 pokret \u010dak i u mraku. Svjetlo se automatski isklju\u010duje 15 sekundi nakon prestanka kretanja, a dodatna funkcija koja sprje\u010dava infracrvene smetnje zna\u010di da gdje god da idete, svjetlo ostaje s vama. S 3 AA baterije uklju\u010dene u pakiranju, vi\u0161e niste vezani za uti\u010dnicu. Svjetlo koristi sofisticirani, energetski u\u010dinkovit senzor koji u stanju pripravnosti tro\u0161i samo 0,25 mW energije. Ima dvije postavke svjetline. U na\u010dinu rada od 0,7 lumena, svjetlo traje oko 12 mjeseci, a u na\u010dinu rada od 3,8 lumena, traje oko 6 mjeseci. Na stra\u017enjoj strani Mi Motion-activated no\u0107nog svjetla nalazi se prakti\u010dno 3M ljepilo koje vam omogu\u0107uje da ga postavite bilo gdje i osloba\u0111a vas ograni\u010denja uti\u010dnica. Bilo da se radi o ormaru, komodi, vratima ili gara\u017ei, na stubi\u0161tu ili ispod kreveta, mo\u017ee i\u0107i bilo gdje. Inovativni dizajn kuke stvara svjetlo koje mo\u017eete objesiti gdje god vam je potrebno. U mraku no\u0107i, Mi Motion-activated no\u0107no svjetlo poma\u017ee vam da se brinete o onima koje volite. Za djecu koja se boje mraka i starije \u010dlanove obitelji, topli sjaj uvijek \u0107e osvijetliti put.<\/p>\n<p>&nbsp;<\/p>\n<p><strong>Tehni\u010dki podaci:<\/strong><\/p>\n<ul>\n<li>Dimenzije: 84 x 84 x 36 mm;<\/li>\n<li>Neto te\u017eina je pribli\u017eno: 141 g;<\/li>\n<li>Temperatura boje: 2700K;<\/li>\n<li>Svjetlina: niska 0,7 lm, visoka 3,8 lm;<\/li>\n<li>Senzor: Infracrveni senzor za tijelo + senzor svjetla<\/li>\n<li>Nazivna snaga: 0,25 W;<\/li>\n<li>Radna temperatura: -10 \u00b0C \u2013 +40 \u00b0C;<\/li>\n<li>Vrsta baterije: AA (tri);<\/li>\n<li>Za: unutarnju upotrebu (nije vodootporno)<\/li>\n<\/ul>\n<\/div>\n<div class=\"box-brand mzkr-my-10 mzkr-d-flex mzkr-align-items-center mzkr-py-4 mzkr-px-4 mzkr-px-lg-6\">\n<div class=\"mzkr-justify-content-center mzkr-mr-4 mzkr-mr-lg-10\">\n<div class=\"img-contain pl-2\"><\/div>\n<\/div>\n<\/div>","protected":false},"excerpt":{"rendered":"<p>No\u0107na svjetiljka s aktivacijom pokreta, naprednom funkcijom skeniranja, niskom potro\u0161njom energije i ugra\u0111enim senzorom dnevne svjetlosti. Visokokvalitetno osvjetljenje zahtijeva kreativnost i domi\u0161ljatost. Otkrijte Mi no\u0107nu svjetiljku s aktivacijom pokreta, dizajniranu da bude no\u0107na svjetiljka va\u0161ih snova.<\/p>","protected":false},"featured_media":27665,"comment_status":"closed","ping_status":"closed","template":"","meta":[],"product_brand":[],"product_cat":[103,91],"product_tag":[],"class_list":{"0":"post-24820","1":"product","2":"type-product","3":"status-publish","4":"has-post-thumbnail","6":"product_cat-foto","7":"product_cat-razprodaja","9":"first","10":"instock","11":"sale","12":"purchasable","13":"product-type-simple"},"yoast_head":"<!-- This site is optimized with the Yoast SEO plugin v27.2 - https:\/\/yoast.com\/product\/yoast-seo-wordpress\/ -->\n<title>XIAOMI no\u010dna lu\u010dka Motion Activated Night Light -<\/title>\n<meta name=\"robots\" content=\"index, follow, max-snippet:-1, max-image-preview:large, max-video-preview:-1\" \/>\n<link rel=\"canonical\" href=\"https:\/\/www.urbanspot.si\/hr\/proizvod-2\/xiaomi-nocna-svjetiljka-s-aktivacijom-pokreta\/\" \/>\n<meta property=\"og:locale\" content=\"hr_HR\" \/>\n<meta property=\"og:type\" content=\"article\" \/>\n<meta property=\"og:title\" content=\"XIAOMI no\u010dna lu\u010dka Motion Activated Night Light -\" \/>\n<meta property=\"og:description\" content=\"No\u010dna lu\u010d, ki jo aktivira gibanje, z napredno funkcijo skeniranja, nizko porabo energije ali vgrajenim senzorjem dnevne svetlobe. Kakovostna razsvetljava zahteva kreativnost in iznajdljivost. Odkrijte no\u010dno lu\u010dko, ki jo aktivira Mi Motion, zasnovano tako, da je no\u010dna lu\u010d va\u0161ih sanj.\" \/>\n<meta property=\"og:url\" content=\"https:\/\/www.urbanspot.si\/hr\/proizvod-2\/xiaomi-nocna-svjetiljka-s-aktivacijom-pokreta\/\" \/>\n<meta property=\"article:publisher\" content=\"https:\/\/www.facebook.com\/urbanspot.si\" \/>\n<meta property=\"article:modified_time\" content=\"2026-03-19T14:02:58+00:00\" \/>\n<meta property=\"og:image\" content=\"https:\/\/www.urbanspot.si\/wp-content\/uploads\/lucka-xiaomi.jpg\" \/>\n\t<meta property=\"og:image:width\" content=\"571\" \/>\n\t<meta property=\"og:image:height\" content=\"587\" \/>\n\t<meta property=\"og:image:type\" content=\"image\/jpeg\" \/>\n<meta name=\"twitter:card\" content=\"summary_large_image\" \/>\n<meta name=\"twitter:label1\" content=\"Procijenjeno vrijeme \u010ditanja\" \/>\n\t<meta name=\"twitter:data1\" content=\"2 minute\" \/>\n<script type=\"application\/ld+json\" class=\"yoast-schema-graph\">{\"@context\":\"https:\/\/schema.org\",\"@graph\":[{\"@type\":\"WebPage\",\"@id\":\"https:\/\/www.urbanspot.si\/produkt\/xiaomi-nocna-lucka-motion-activated-night-light\/\",\"url\":\"https:\/\/www.urbanspot.si\/produkt\/xiaomi-nocna-lucka-motion-activated-night-light\/\",\"name\":\"XIAOMI no\u010dna lu\u010dka Motion Activated Night Light -\",\"isPartOf\":{\"@id\":\"https:\/\/www.urbanspot.si\/#website\"},\"primaryImageOfPage\":{\"@id\":\"https:\/\/www.urbanspot.si\/produkt\/xiaomi-nocna-lucka-motion-activated-night-light\/#primaryimage\"},\"image\":{\"@id\":\"https:\/\/www.urbanspot.si\/produkt\/xiaomi-nocna-lucka-motion-activated-night-light\/#primaryimage\"},\"thumbnailUrl\":\"https:\/\/www.urbanspot.si\/wp-content\/uploads\/lucka-xiaomi.jpg\",\"datePublished\":\"2025-06-30T22:00:00+00:00\",\"dateModified\":\"2026-03-19T14:02:58+00:00\",\"breadcrumb\":{\"@id\":\"https:\/\/www.urbanspot.si\/produkt\/xiaomi-nocna-lucka-motion-activated-night-light\/#breadcrumb\"},\"inLanguage\":\"hr\",\"potentialAction\":[{\"@type\":\"ReadAction\",\"target\":[\"https:\/\/www.urbanspot.si\/produkt\/xiaomi-nocna-lucka-motion-activated-night-light\/\"]}]},{\"@type\":\"ImageObject\",\"inLanguage\":\"hr\",\"@id\":\"https:\/\/www.urbanspot.si\/produkt\/xiaomi-nocna-lucka-motion-activated-night-light\/#primaryimage\",\"url\":\"https:\/\/www.urbanspot.si\/wp-content\/uploads\/lucka-xiaomi.jpg\",\"contentUrl\":\"https:\/\/www.urbanspot.si\/wp-content\/uploads\/lucka-xiaomi.jpg\",\"width\":571,\"height\":587},{\"@type\":\"BreadcrumbList\",\"@id\":\"https:\/\/www.urbanspot.si\/produkt\/xiaomi-nocna-lucka-motion-activated-night-light\/#breadcrumb\",\"itemListElement\":[{\"@type\":\"ListItem\",\"position\":1,\"name\":\"Home\",\"item\":\"https:\/\/www.urbanspot.si\/\"},{\"@type\":\"ListItem\",\"position\":2,\"name\":\"Shop\",\"item\":\"https:\/\/www.urbanspot.si\/shop\/\"},{\"@type\":\"ListItem\",\"position\":3,\"name\":\"XIAOMI no\u010dna lu\u010dka Motion Activated Night Light\"}]},{\"@type\":\"WebSite\",\"@id\":\"https:\/\/www.urbanspot.si\/#website\",\"url\":\"https:\/\/www.urbanspot.si\/\",\"name\":\"UrbanSpot\",\"description\":\"\",\"publisher\":{\"@id\":\"https:\/\/www.urbanspot.si\/#organization\"},\"potentialAction\":[{\"@type\":\"SearchAction\",\"target\":{\"@type\":\"EntryPoint\",\"urlTemplate\":\"https:\/\/www.urbanspot.si\/?s={search_term_string}\"},\"query-input\":{\"@type\":\"PropertyValueSpecification\",\"valueRequired\":true,\"valueName\":\"search_term_string\"}}],\"inLanguage\":\"hr\"},{\"@type\":\"Organization\",\"@id\":\"https:\/\/www.urbanspot.si\/#organization\",\"name\":\"UrbanSpot\",\"url\":\"https:\/\/www.urbanspot.si\/\",\"logo\":{\"@type\":\"ImageObject\",\"inLanguage\":\"hr\",\"@id\":\"https:\/\/www.urbanspot.si\/#\/schema\/logo\/image\/\",\"url\":\"https:\/\/www.urbanspot.si\/wp-content\/uploads\/urbanspot-logo.svg\",\"contentUrl\":\"https:\/\/www.urbanspot.si\/wp-content\/uploads\/urbanspot-logo.svg\",\"width\":185,\"height\":40,\"caption\":\"UrbanSpot\"},\"image\":{\"@id\":\"https:\/\/www.urbanspot.si\/#\/schema\/logo\/image\/\"},\"sameAs\":[\"https:\/\/www.facebook.com\/urbanspot.si\"]}]}<\/script>\n<!-- \/ Yoast SEO plugin. -->","yoast_head_json":{"title":"XIAOMI no\u010dna lu\u010dka Motion Activated Night Light -","robots":{"index":"index","follow":"follow","max-snippet":"max-snippet:-1","max-image-preview":"max-image-preview:large","max-video-preview":"max-video-preview:-1"},"canonical":"https:\/\/www.urbanspot.si\/hr\/proizvod-2\/xiaomi-nocna-svjetiljka-s-aktivacijom-pokreta\/","og_locale":"hr_HR","og_type":"article","og_title":"XIAOMI no\u010dna lu\u010dka Motion Activated Night Light -","og_description":"No\u010dna lu\u010d, ki jo aktivira gibanje, z napredno funkcijo skeniranja, nizko porabo energije ali vgrajenim senzorjem dnevne svetlobe. Kakovostna razsvetljava zahteva kreativnost in iznajdljivost. Odkrijte no\u010dno lu\u010dko, ki jo aktivira Mi Motion, zasnovano tako, da je no\u010dna lu\u010d va\u0161ih sanj.","og_url":"https:\/\/www.urbanspot.si\/hr\/proizvod-2\/xiaomi-nocna-svjetiljka-s-aktivacijom-pokreta\/","article_publisher":"https:\/\/www.facebook.com\/urbanspot.si","article_modified_time":"2026-03-19T14:02:58+00:00","og_image":[{"width":571,"height":587,"url":"https:\/\/www.urbanspot.si\/wp-content\/uploads\/lucka-xiaomi.jpg","type":"image\/jpeg"}],"twitter_card":"summary_large_image","twitter_misc":{"Procijenjeno vrijeme \u010ditanja":"2 minute"},"schema":{"@context":"https:\/\/schema.org","@graph":[{"@type":"WebPage","@id":"https:\/\/www.urbanspot.si\/produkt\/xiaomi-nocna-lucka-motion-activated-night-light\/","url":"https:\/\/www.urbanspot.si\/produkt\/xiaomi-nocna-lucka-motion-activated-night-light\/","name":"XIAOMI no\u010dna lu\u010dka Motion Activated Night Light -","isPartOf":{"@id":"https:\/\/www.urbanspot.si\/#website"},"primaryImageOfPage":{"@id":"https:\/\/www.urbanspot.si\/produkt\/xiaomi-nocna-lucka-motion-activated-night-light\/#primaryimage"},"image":{"@id":"https:\/\/www.urbanspot.si\/produkt\/xiaomi-nocna-lucka-motion-activated-night-light\/#primaryimage"},"thumbnailUrl":"https:\/\/www.urbanspot.si\/wp-content\/uploads\/lucka-xiaomi.jpg","datePublished":"2025-06-30T22:00:00+00:00","dateModified":"2026-03-19T14:02:58+00:00","breadcrumb":{"@id":"https:\/\/www.urbanspot.si\/produkt\/xiaomi-nocna-lucka-motion-activated-night-light\/#breadcrumb"},"inLanguage":"hr","potentialAction":[{"@type":"ReadAction","target":["https:\/\/www.urbanspot.si\/produkt\/xiaomi-nocna-lucka-motion-activated-night-light\/"]}]},{"@type":"ImageObject","inLanguage":"hr","@id":"https:\/\/www.urbanspot.si\/produkt\/xiaomi-nocna-lucka-motion-activated-night-light\/#primaryimage","url":"https:\/\/www.urbanspot.si\/wp-content\/uploads\/lucka-xiaomi.jpg","contentUrl":"https:\/\/www.urbanspot.si\/wp-content\/uploads\/lucka-xiaomi.jpg","width":571,"height":587},{"@type":"BreadcrumbList","@id":"https:\/\/www.urbanspot.si\/produkt\/xiaomi-nocna-lucka-motion-activated-night-light\/#breadcrumb","itemListElement":[{"@type":"ListItem","position":1,"name":"Home","item":"https:\/\/www.urbanspot.si\/"},{"@type":"ListItem","position":2,"name":"Shop","item":"https:\/\/www.urbanspot.si\/shop\/"},{"@type":"ListItem","position":3,"name":"XIAOMI no\u010dna lu\u010dka Motion Activated Night Light"}]},{"@type":"WebSite","@id":"https:\/\/www.urbanspot.si\/#website","url":"https:\/\/www.urbanspot.si\/","name":"UrbanSpot","description":"","publisher":{"@id":"https:\/\/www.urbanspot.si\/#organization"},"potentialAction":[{"@type":"SearchAction","target":{"@type":"EntryPoint","urlTemplate":"https:\/\/www.urbanspot.si\/?s={search_term_string}"},"query-input":{"@type":"PropertyValueSpecification","valueRequired":true,"valueName":"search_term_string"}}],"inLanguage":"hr"},{"@type":"Organization","@id":"https:\/\/www.urbanspot.si\/#organization","name":"UrbanSpot","url":"https:\/\/www.urbanspot.si\/","logo":{"@type":"ImageObject","inLanguage":"hr","@id":"https:\/\/www.urbanspot.si\/#\/schema\/logo\/image\/","url":"https:\/\/www.urbanspot.si\/wp-content\/uploads\/urbanspot-logo.svg","contentUrl":"https:\/\/www.urbanspot.si\/wp-content\/uploads\/urbanspot-logo.svg","width":185,"height":40,"caption":"UrbanSpot"},"image":{"@id":"https:\/\/www.urbanspot.si\/#\/schema\/logo\/image\/"},"sameAs":["https:\/\/www.facebook.com\/urbanspot.si"]}]}},"_links":{"self":[{"href":"https:\/\/www.urbanspot.si\/hr\/wp-json\/wp\/v2\/product\/24820","targetHints":{"allow":["GET"]}}],"collection":[{"href":"https:\/\/www.urbanspot.si\/hr\/wp-json\/wp\/v2\/product"}],"about":[{"href":"https:\/\/www.urbanspot.si\/hr\/wp-json\/wp\/v2\/types\/product"}],"replies":[{"embeddable":true,"href":"https:\/\/www.urbanspot.si\/hr\/wp-json\/wp\/v2\/comments?post=24820"}],"version-history":[{"count":3,"href":"https:\/\/www.urbanspot.si\/hr\/wp-json\/wp\/v2\/product\/24820\/revisions"}],"predecessor-version":[{"id":27668,"href":"https:\/\/www.urbanspot.si\/hr\/wp-json\/wp\/v2\/product\/24820\/revisions\/27668"}],"wp:featuredmedia":[{"embeddable":true,"href":"https:\/\/www.urbanspot.si\/hr\/wp-json\/wp\/v2\/media\/27665"}],"wp:attachment":[{"href":"https:\/\/www.urbanspot.si\/hr\/wp-json\/wp\/v2\/media?parent=24820"}],"wp:term":[{"taxonomy":"product_brand","embeddable":true,"href":"https:\/\/www.urbanspot.si\/hr\/wp-json\/wp\/v2\/product_brand?post=24820"},{"taxonomy":"product_cat","embeddable":true,"href":"https:\/\/www.urbanspot.si\/hr\/wp-json\/wp\/v2\/product_cat?post=24820"},{"taxonomy":"product_tag","embeddable":true,"href":"https:\/\/www.urbanspot.si\/hr\/wp-json\/wp\/v2\/product_tag?post=24820"}],"curies":[{"name":"radni list","href":"https:\/\/api.w.org\/{rel}","templated":true}]}}