{"id":25224,"date":"2025-07-01T00:00:00","date_gmt":"2025-06-30T22:00:00","guid":{"rendered":"https:\/\/www.urbanspot.si\/?post_type=product&#038;p=25224"},"modified":"2026-04-24T07:34:14","modified_gmt":"2026-04-24T05:34:14","slug":"xiaomi-mi-dron-mini-bijeli","status":"publish","type":"product","link":"https:\/\/www.urbanspot.si\/hr\/produkt\/xiaomi-mi-drone-mini-bel\/","title":{"rendered":"Xiaomi MI DRONE Mini, bijela"},"content":{"rendered":"<h3>Kako izgleda mjesto tvojih snova iz zraka?<\/h3>\n<p>Osjetite slobodu leta i pretvorite svoju okolinu u veliko igrali\u0161te za letenje<\/p>\n<p>Jo\u0161 bolje, s njim mo\u017eete raditi cool stvari, pa \u010dak i boriti se s drugim korisnicima Xiaomi mini dronova.<\/p>\n<p>Xiaomi Mi Drone Mini vam nudi ovo iskustvo<\/p>\n<h3>Slijetanje i polijetanje jednim dodirom<\/h3>\n<p>Domet 50 m<\/p>\n<p>Visina leta 25 m<\/p>\n<h3>Malo tijelo, izvrsna tehnologija<\/h3>\n<p>4-jezgreni procesor, 5 senzora<\/p>\n<p>Glavni kontrolni \u010dip od 1,2 G SOC osigurava brzu obradu podataka ultrazvu\u010dnog senzora, manometra i opti\u010dkog senzora protoka<\/p>\n<p>S amortizerom s automatskim cirkulacijom i preciznim lebdenjem, mo\u017ee dosegnuti odre\u0111enu visinu i to\u010dku, letjeti stabilno i pru\u017eiti potpunu kontrolu.<\/p>\n<p>Baterija od 920 mAh omogu\u0107uje vrijeme leta do 10 minuta<\/p>\n<h3>Odli\u010dan let i mnogo zna\u010dajki<\/h3>\n<p>Let je visok, stabilan i hladan<\/p>\n<p>Mi Drone Mini se mo\u017ee pohvaliti ne samo iznimnim performansama leta, ve\u0107 i raznim na\u010dinima upravljanja i funkcijama.<\/p>\n<p>Pru\u017ea iskustvo izvan ma\u0161te s vama u sredi\u0161tu pozornosti<\/p>\n<h3>Bezglavi na\u010din rada<\/h3>\n<p>Bezglavi na\u010din rada fiksira dron u letu nosom prema naprijed, a taj smjer ostaje nepromijenjen, \u010dak i pri sudaru s preprekom, \u0161to olak\u0161ava upravljanje.<\/p>\n<h3>Na\u010din rada senzora gravitacije<\/h3>\n<p>Uklju\u010dite senzor gravitacije kako biste kontrolirali kretanje drona naginjanjem pametnog telefona<\/p>\n<h3>Let s tvog dlana<\/h3>\n<p>Osim uobi\u010dajenog, stati\u010dkog polijetanja, dron se mo\u017ee poslati u zrak izravno s dlana.<\/p>\n<p>Mali bacanje i dron polije\u0107e u zrak<\/p>\n<h3>\u010cetverosmjerna petlja<\/h3>\n<p>Pomo\u0107u ove zna\u010dajke dron mo\u017eete lansirati u sva \u010detiri smjera \u2013 naprijed, natrag, desno ili lijevo \u2013 pritiskom na gumb.<\/p>\n<h3>Izvanredno iskustvo zra\u010dnih borbi<\/h3>\n<p>Super infracrveni na\u010din borbe omogu\u0107uje vam igranje s drugima<\/p>\n<p>Mo\u017eete imati uzbudljive bitke s vi\u0161e Xiaomi Mi Drone Minija istovremeno<\/p>\n<p>Uz intenzivne zra\u010dne bitke i iznena\u0111uju\u0107e borbene efekte, igra\u010di mogu zaraditi po\u010dasne zna\u010dke<\/p>\n<p>U infracrvenom na\u010dinu borbe, kada je Mi Drone Mini pogo\u0111en sprijeda ili straga, njegovi \u017eivotni bodovi se smanjuju u skladu s tim.<\/p>\n<p>Kada ih ponestane, dron vi\u0161e ne mo\u017ee izvoditi napade. Mo\u017eete odabrati ponovno se pridru\u017eiti bitci ili predati bitku.<\/p>\n<h3>Daljinski upravlja\u010d, HD Wi-Fi video prijenos<\/h3>\n<p>Zabilje\u017eite prekrasne trenutke<\/p>\n<p>Xiaomi Mi Drone Mini ima visokofrekventni Wi-Fi od 5,8 GHz s velikom propusno\u0161\u0107u, niskom latencijom i visokom otporno\u0161\u0107u na smetnje.<\/p>\n<p>Tako\u0111er mo\u017eete prenositi HD kvalitetu videa do 50 m pomo\u0107u daljinskog upravlja\u010da<\/p>\n<p>720p kamera nudi novu perspektivu selfija i 4 GB memorije za fleksibilno snimanje<\/p>\n<p>Malo, lagano tijelo zrakoplova<\/p>\n<p>Prijenosno i prakti\u010dno za igranje<\/p>\n<p>Me\u0111uosovinski razmak je samo 11 cm, a neto te\u017eina samo 88 g.<\/p>\n<p>Xiaomi Mi Drone Mini je jednostavan za transport zahvaljuju\u0107i svom kompaktnom i laganom ku\u0107i\u0161tu.<\/p>\n<h3>Jednostavan izgled, izdr\u017eljiva konstrukcija<\/h3>\n<p>Zahvaljuju\u0107i iznimnom mehani\u010dkom i hardverskom dizajnu, svi dijelovi drona su \u010dvrsto povezani<\/p>\n<p>Uz jedinstveni integrirani dizajn okvira, uzete su u obzir i \u010dvrsto\u0107a i mala te\u017eina karoserije<\/p>\n<p>Tijelo je izra\u0111eno od posebnog kompozitnog materijala niske gusto\u0107e i visoke elasti\u010dnosti, \u0161to ga \u010dini izdr\u017eljivijim i sigurnijim<\/p>\n<p>Propelerima su dodani visokoelasti\u010dni kompozitni materijali, \u0161to ih \u010dini manje krhkim i izdr\u017eljivijim.<\/p>\n<p>Jednostavan izgled i jedinstveni dizajn \u010dine Mi Drone Mini nezaboravnim iskustvom<\/p>\n<p>&nbsp;<\/p>\n<p data-start=\"79\" data-end=\"96\"><strong data-start=\"79\" data-end=\"96\">Tehni\u010dki podaci:<\/strong><\/p>\n<ul>\n<li data-start=\"55\" data-end=\"82\">\n<p data-start=\"57\" data-end=\"82\"><strong data-start=\"57\" data-end=\"67\">Raspon:<\/strong> do 50 metara<\/p>\n<\/li>\n<li data-start=\"83\" data-end=\"111\">\n<p data-start=\"85\" data-end=\"111\"><strong data-start=\"85\" data-end=\"96\">Visina:<\/strong> do 25 metara<\/p>\n<\/li>\n<li data-start=\"112\" data-end=\"154\">\n<p data-start=\"114\" data-end=\"154\"><strong data-start=\"114\" data-end=\"140\">Rezolucija fotografije:<\/strong> 1600x1200<\/p>\n<\/li>\n<li data-start=\"155\" data-end=\"200\">\n<p data-start=\"157\" data-end=\"200\"><strong data-start=\"157\" data-end=\"187\">Razlu\u010divost videa:<\/strong> 1280x720<\/p>\n<\/li>\n<li data-start=\"201\" data-end=\"227\">\n<p data-start=\"203\" data-end=\"227\"><strong data-start=\"203\" data-end=\"220\">Pohrana:<\/strong> 4 GB<\/p>\n<\/li>\n<li data-start=\"228\" data-end=\"265\">\n<p data-start=\"230\" data-end=\"265\"><strong data-start=\"230\" data-end=\"245\">Primjena:<\/strong> Aplikacija Mi Drone Mini<\/p>\n<\/li>\n<li data-start=\"266\" data-end=\"299\">\n<p data-start=\"268\" data-end=\"299\"><strong data-start=\"268\" data-end=\"281\">Link:<\/strong> Wi-Fi \/ BLE 4.2<\/p>\n<\/li>\n<li data-start=\"300\" data-end=\"346\">\n<p data-start=\"302\" data-end=\"346\"><strong data-start=\"302\" data-end=\"328\">Dimenzije (D x \u0160 x V):<\/strong> 91 x 91 x 38 mm<\/p>\n<\/li>\n<li data-start=\"347\" data-end=\"365\">\n<p data-start=\"349\" data-end=\"365\"><strong data-start=\"349\" data-end=\"358\">Te\u017eina:<\/strong> 88 g<\/p>\n<\/li>\n<li data-start=\"366\" data-end=\"391\">\n<p data-start=\"368\" data-end=\"391\"><strong data-start=\"368\" data-end=\"381\">Baterija:<\/strong> 920 mAh<\/p>\n<\/li>\n<li data-start=\"392\" data-end=\"426\">\n<p data-start=\"394\" data-end=\"426\"><strong data-start=\"394\" data-end=\"412\">Vrijeme punjenja:<\/strong> do 60 minuta<\/p>\n<\/li>\n<li data-start=\"427\" data-end=\"470\">\n<p data-start=\"429\" data-end=\"470\"><strong data-start=\"429\" data-end=\"456\">Vrijeme rada baterije:<\/strong> do 10 minuta<\/p>\n<\/li>\n<\/ul>","protected":false},"excerpt":{"rendered":"<p>Mali dron s ugra\u0111enom kamerom. Domet do 50 metara, visina do 25 metara. Vrijeme punjenja 60 minuta, vrijeme leta oko 10 minuta. Upravljanje pametnim telefonom, WiFi veza, prijenos HD videa. Te\u017eina samo 88 g, jednostavan za no\u0161enje i igranje.<\/p>","protected":false},"featured_media":27635,"comment_status":"closed","ping_status":"closed","template":"","meta":[],"product_brand":[],"product_cat":[104,702,103,91],"product_tag":[],"class_list":{"0":"post-25224","1":"product","2":"type-product","3":"status-publish","4":"has-post-thumbnail","6":"product_cat-dodatna-oprema","7":"product_cat-dron","8":"product_cat-foto","9":"product_cat-razprodaja","11":"first","12":"outofstock","13":"sale","14":"purchasable","15":"product-type-simple"},"yoast_head":"<!-- This site is optimized with the Yoast SEO plugin v27.4 - https:\/\/yoast.com\/product\/yoast-seo-wordpress\/ -->\n<title>Xiaomi MI DRONE Mini, bel -<\/title>\n<meta name=\"robots\" content=\"index, follow, max-snippet:-1, max-image-preview:large, max-video-preview:-1\" \/>\n<link rel=\"canonical\" href=\"https:\/\/www.urbanspot.si\/hr\/proizvod-2\/xiaomi-mi-dron-mini-bijeli\/\" \/>\n<meta property=\"og:locale\" content=\"hr_HR\" \/>\n<meta property=\"og:type\" content=\"article\" \/>\n<meta property=\"og:title\" content=\"Xiaomi MI DRONE Mini, bel -\" \/>\n<meta property=\"og:description\" content=\"Majhen dron z vgrajeno kamero. Domet do 50 metrov, vi\u0161ina do 25 metrov. \u010cas polnjenja 60 minut, \u010das letenja pribli\u017eno 10 minut. Upravljanje s pametnim telefonom, WiFi povezava, prenos HD videa. Te\u017ea samo 88 g, enostaven za no\u0161enje in igranje.\" \/>\n<meta property=\"og:url\" content=\"https:\/\/www.urbanspot.si\/hr\/proizvod-2\/xiaomi-mi-dron-mini-bijeli\/\" \/>\n<meta property=\"article:publisher\" content=\"https:\/\/www.facebook.com\/urbanspot.si\" \/>\n<meta property=\"article:modified_time\" content=\"2026-04-24T05:34:14+00:00\" \/>\n<meta property=\"og:image\" content=\"https:\/\/www.urbanspot.si\/wp-content\/uploads\/dron.jpg\" \/>\n\t<meta property=\"og:image:width\" content=\"768\" \/>\n\t<meta property=\"og:image:height\" content=\"441\" \/>\n\t<meta property=\"og:image:type\" content=\"image\/jpeg\" \/>\n<meta name=\"twitter:card\" content=\"summary_large_image\" \/>\n<meta name=\"twitter:label1\" content=\"Procijenjeno vrijeme \u010ditanja\" \/>\n\t<meta name=\"twitter:data1\" content=\"4 minute\" \/>\n<script type=\"application\/ld+json\" class=\"yoast-schema-graph\">{\"@context\":\"https:\\\/\\\/schema.org\",\"@graph\":[{\"@type\":\"WebPage\",\"@id\":\"https:\\\/\\\/www.urbanspot.si\\\/produkt\\\/xiaomi-mi-drone-mini-bel\\\/\",\"url\":\"https:\\\/\\\/www.urbanspot.si\\\/produkt\\\/xiaomi-mi-drone-mini-bel\\\/\",\"name\":\"Xiaomi MI DRONE Mini, bel -\",\"isPartOf\":{\"@id\":\"https:\\\/\\\/www.urbanspot.si\\\/#website\"},\"primaryImageOfPage\":{\"@id\":\"https:\\\/\\\/www.urbanspot.si\\\/produkt\\\/xiaomi-mi-drone-mini-bel\\\/#primaryimage\"},\"image\":{\"@id\":\"https:\\\/\\\/www.urbanspot.si\\\/produkt\\\/xiaomi-mi-drone-mini-bel\\\/#primaryimage\"},\"thumbnailUrl\":\"https:\\\/\\\/www.urbanspot.si\\\/wp-content\\\/uploads\\\/dron.jpg\",\"datePublished\":\"2025-06-30T22:00:00+00:00\",\"dateModified\":\"2026-04-24T05:34:14+00:00\",\"breadcrumb\":{\"@id\":\"https:\\\/\\\/www.urbanspot.si\\\/produkt\\\/xiaomi-mi-drone-mini-bel\\\/#breadcrumb\"},\"inLanguage\":\"hr\",\"potentialAction\":[{\"@type\":\"ReadAction\",\"target\":[\"https:\\\/\\\/www.urbanspot.si\\\/produkt\\\/xiaomi-mi-drone-mini-bel\\\/\"]}]},{\"@type\":\"ImageObject\",\"inLanguage\":\"hr\",\"@id\":\"https:\\\/\\\/www.urbanspot.si\\\/produkt\\\/xiaomi-mi-drone-mini-bel\\\/#primaryimage\",\"url\":\"https:\\\/\\\/www.urbanspot.si\\\/wp-content\\\/uploads\\\/dron.jpg\",\"contentUrl\":\"https:\\\/\\\/www.urbanspot.si\\\/wp-content\\\/uploads\\\/dron.jpg\",\"width\":768,\"height\":441},{\"@type\":\"BreadcrumbList\",\"@id\":\"https:\\\/\\\/www.urbanspot.si\\\/produkt\\\/xiaomi-mi-drone-mini-bel\\\/#breadcrumb\",\"itemListElement\":[{\"@type\":\"ListItem\",\"position\":1,\"name\":\"Home\",\"item\":\"https:\\\/\\\/www.urbanspot.si\\\/\"},{\"@type\":\"ListItem\",\"position\":2,\"name\":\"Shop\",\"item\":\"https:\\\/\\\/www.urbanspot.si\\\/shop\\\/\"},{\"@type\":\"ListItem\",\"position\":3,\"name\":\"Xiaomi MI DRONE Mini, bel\"}]},{\"@type\":\"WebSite\",\"@id\":\"https:\\\/\\\/www.urbanspot.si\\\/#website\",\"url\":\"https:\\\/\\\/www.urbanspot.si\\\/\",\"name\":\"UrbanSpot\",\"description\":\"\",\"publisher\":{\"@id\":\"https:\\\/\\\/www.urbanspot.si\\\/#organization\"},\"potentialAction\":[{\"@type\":\"SearchAction\",\"target\":{\"@type\":\"EntryPoint\",\"urlTemplate\":\"https:\\\/\\\/www.urbanspot.si\\\/?s={search_term_string}\"},\"query-input\":{\"@type\":\"PropertyValueSpecification\",\"valueRequired\":true,\"valueName\":\"search_term_string\"}}],\"inLanguage\":\"hr\"},{\"@type\":\"Organization\",\"@id\":\"https:\\\/\\\/www.urbanspot.si\\\/#organization\",\"name\":\"UrbanSpot\",\"url\":\"https:\\\/\\\/www.urbanspot.si\\\/\",\"logo\":{\"@type\":\"ImageObject\",\"inLanguage\":\"hr\",\"@id\":\"https:\\\/\\\/www.urbanspot.si\\\/#\\\/schema\\\/logo\\\/image\\\/\",\"url\":\"https:\\\/\\\/www.urbanspot.si\\\/wp-content\\\/uploads\\\/urbanspot-logo.svg\",\"contentUrl\":\"https:\\\/\\\/www.urbanspot.si\\\/wp-content\\\/uploads\\\/urbanspot-logo.svg\",\"width\":185,\"height\":40,\"caption\":\"UrbanSpot\"},\"image\":{\"@id\":\"https:\\\/\\\/www.urbanspot.si\\\/#\\\/schema\\\/logo\\\/image\\\/\"},\"sameAs\":[\"https:\\\/\\\/www.facebook.com\\\/urbanspot.si\"]}]}<\/script>\n<!-- \/ Yoast SEO plugin. -->","yoast_head_json":{"title":"Xiaomi MI DRONE Mini, bijeli -","robots":{"index":"index","follow":"follow","max-snippet":"max-snippet:-1","max-image-preview":"max-image-preview:large","max-video-preview":"max-video-preview:-1"},"canonical":"https:\/\/www.urbanspot.si\/hr\/proizvod-2\/xiaomi-mi-dron-mini-bijeli\/","og_locale":"hr_HR","og_type":"article","og_title":"Xiaomi MI DRONE Mini, bel -","og_description":"Majhen dron z vgrajeno kamero. Domet do 50 metrov, vi\u0161ina do 25 metrov. \u010cas polnjenja 60 minut, \u010das letenja pribli\u017eno 10 minut. Upravljanje s pametnim telefonom, WiFi povezava, prenos HD videa. Te\u017ea samo 88 g, enostaven za no\u0161enje in igranje.","og_url":"https:\/\/www.urbanspot.si\/hr\/proizvod-2\/xiaomi-mi-dron-mini-bijeli\/","article_publisher":"https:\/\/www.facebook.com\/urbanspot.si","article_modified_time":"2026-04-24T05:34:14+00:00","og_image":[{"width":768,"height":441,"url":"https:\/\/www.urbanspot.si\/wp-content\/uploads\/dron.jpg","type":"image\/jpeg"}],"twitter_card":"summary_large_image","twitter_misc":{"Procijenjeno vrijeme \u010ditanja":"4 minute"},"schema":{"@context":"https:\/\/schema.org","@graph":[{"@type":"WebPage","@id":"https:\/\/www.urbanspot.si\/produkt\/xiaomi-mi-drone-mini-bel\/","url":"https:\/\/www.urbanspot.si\/produkt\/xiaomi-mi-drone-mini-bel\/","name":"Xiaomi MI DRONE Mini, bijeli -","isPartOf":{"@id":"https:\/\/www.urbanspot.si\/#website"},"primaryImageOfPage":{"@id":"https:\/\/www.urbanspot.si\/produkt\/xiaomi-mi-drone-mini-bel\/#primaryimage"},"image":{"@id":"https:\/\/www.urbanspot.si\/produkt\/xiaomi-mi-drone-mini-bel\/#primaryimage"},"thumbnailUrl":"https:\/\/www.urbanspot.si\/wp-content\/uploads\/dron.jpg","datePublished":"2025-06-30T22:00:00+00:00","dateModified":"2026-04-24T05:34:14+00:00","breadcrumb":{"@id":"https:\/\/www.urbanspot.si\/produkt\/xiaomi-mi-drone-mini-bel\/#breadcrumb"},"inLanguage":"hr","potentialAction":[{"@type":"ReadAction","target":["https:\/\/www.urbanspot.si\/produkt\/xiaomi-mi-drone-mini-bel\/"]}]},{"@type":"ImageObject","inLanguage":"hr","@id":"https:\/\/www.urbanspot.si\/produkt\/xiaomi-mi-drone-mini-bel\/#primaryimage","url":"https:\/\/www.urbanspot.si\/wp-content\/uploads\/dron.jpg","contentUrl":"https:\/\/www.urbanspot.si\/wp-content\/uploads\/dron.jpg","width":768,"height":441},{"@type":"BreadcrumbList","@id":"https:\/\/www.urbanspot.si\/produkt\/xiaomi-mi-drone-mini-bel\/#breadcrumb","itemListElement":[{"@type":"ListItem","position":1,"name":"Home","item":"https:\/\/www.urbanspot.si\/"},{"@type":"ListItem","position":2,"name":"Shop","item":"https:\/\/www.urbanspot.si\/shop\/"},{"@type":"ListItem","position":3,"name":"Xiaomi MI DRONE Mini, bel"}]},{"@type":"WebSite","@id":"https:\/\/www.urbanspot.si\/#website","url":"https:\/\/www.urbanspot.si\/","name":"UrbanSpot","description":"","publisher":{"@id":"https:\/\/www.urbanspot.si\/#organization"},"potentialAction":[{"@type":"SearchAction","target":{"@type":"EntryPoint","urlTemplate":"https:\/\/www.urbanspot.si\/?s={search_term_string}"},"query-input":{"@type":"PropertyValueSpecification","valueRequired":true,"valueName":"search_term_string"}}],"inLanguage":"hr"},{"@type":"Organization","@id":"https:\/\/www.urbanspot.si\/#organization","name":"UrbanSpot","url":"https:\/\/www.urbanspot.si\/","logo":{"@type":"ImageObject","inLanguage":"hr","@id":"https:\/\/www.urbanspot.si\/#\/schema\/logo\/image\/","url":"https:\/\/www.urbanspot.si\/wp-content\/uploads\/urbanspot-logo.svg","contentUrl":"https:\/\/www.urbanspot.si\/wp-content\/uploads\/urbanspot-logo.svg","width":185,"height":40,"caption":"UrbanSpot"},"image":{"@id":"https:\/\/www.urbanspot.si\/#\/schema\/logo\/image\/"},"sameAs":["https:\/\/www.facebook.com\/urbanspot.si"]}]}},"_links":{"self":[{"href":"https:\/\/www.urbanspot.si\/hr\/wp-json\/wp\/v2\/product\/25224","targetHints":{"allow":["GET"]}}],"collection":[{"href":"https:\/\/www.urbanspot.si\/hr\/wp-json\/wp\/v2\/product"}],"about":[{"href":"https:\/\/www.urbanspot.si\/hr\/wp-json\/wp\/v2\/types\/product"}],"replies":[{"embeddable":true,"href":"https:\/\/www.urbanspot.si\/hr\/wp-json\/wp\/v2\/comments?post=25224"}],"version-history":[{"count":6,"href":"https:\/\/www.urbanspot.si\/hr\/wp-json\/wp\/v2\/product\/25224\/revisions"}],"predecessor-version":[{"id":27671,"href":"https:\/\/www.urbanspot.si\/hr\/wp-json\/wp\/v2\/product\/25224\/revisions\/27671"}],"wp:featuredmedia":[{"embeddable":true,"href":"https:\/\/www.urbanspot.si\/hr\/wp-json\/wp\/v2\/media\/27635"}],"wp:attachment":[{"href":"https:\/\/www.urbanspot.si\/hr\/wp-json\/wp\/v2\/media?parent=25224"}],"wp:term":[{"taxonomy":"product_brand","embeddable":true,"href":"https:\/\/www.urbanspot.si\/hr\/wp-json\/wp\/v2\/product_brand?post=25224"},{"taxonomy":"product_cat","embeddable":true,"href":"https:\/\/www.urbanspot.si\/hr\/wp-json\/wp\/v2\/product_cat?post=25224"},{"taxonomy":"product_tag","embeddable":true,"href":"https:\/\/www.urbanspot.si\/hr\/wp-json\/wp\/v2\/product_tag?post=25224"}],"curies":[{"name":"radni list","href":"https:\/\/api.w.org\/{rel}","templated":true}]}}