{"id":25566,"date":"2020-07-01T00:00:00","date_gmt":"2020-06-30T22:00:00","guid":{"rendered":"https:\/\/www.urbanspot.si\/?post_type=product&#038;p=25566"},"modified":"2026-03-19T16:06:34","modified_gmt":"2026-03-19T14:06:34","slug":"briljantna-prozirna-maskica-za-samsung-galaxy-s22-sa-sljokicama","status":"publish","type":"product","link":"https:\/\/www.urbanspot.si\/hr\/produkt\/ovitek-brilliant-samsung-galaxy-s22-prozoren-z-blescicami\/","title":{"rendered":"BRILJANTNA maskica za Samsung Galaxy S22+, prozirna sa \u0161ljokicama"},"content":{"rendered":"<p>Urbie maskica izra\u0111ena je od visokokvalitetnih materijala koji \u0161tite va\u0161 telefon od svakodnevne prljav\u0161tine, ogrebotina i udaraca.<\/p>\n<p>Zna\u010dajke:<\/p>\n<ul>\n<li>Silikonska futrola izra\u0111ena od visokokvalitetnog silikona s visokom razinom izdr\u017eljivosti<\/li>\n<li>Savr\u0161eno pristaje telefonu<\/li>\n<li>Tanka i d\u017eepna torbica<\/li>\n<li>Besplatan pristup svim funkcijama telefona<\/li>\n<li>Izvrsna za\u0161tita za va\u0161 telefon od vibracija, udaraca i padova, ogrebotina, prljav\u0161tine i pra\u0161ine<\/li>\n<li>Instalirajte i uklonite ga za nekoliko sekundi<\/li>\n<li>Boja: prozirna<\/li>\n<\/ul>","protected":false},"excerpt":{"rendered":"<p>Urbie maskica je vrlo izdr\u017eljiva maskica koja mo\u017ee za\u0161tititi va\u0161 telefon od ozbiljnih o\u0161te\u0107enja nakon pada. Prilikom kupnje novog telefona isplati se kupiti kvalitetnu maskicu, posebno ako ste odabrali vrhunski ure\u0111aj. Dovoljan je jedan neoprezan pokret da telefon padne na tlo i o\u0161teti ekran i cijeli telefon.<\/p>","protected":false},"featured_media":12668,"comment_status":"closed","ping_status":"closed","template":"","meta":[],"product_brand":[],"product_cat":[522,560,91,88,89],"product_tag":[],"class_list":{"0":"post-25566","1":"product","2":"type-product","3":"status-publish","4":"has-post-thumbnail","6":"product_cat-galaxy-s22-plus","7":"product_cat-ovitki-za-telefone","8":"product_cat-razprodaja","9":"product_cat-samsung","10":"product_cat-samsung-s-serija","11":"pa_primerno-za-model-samsung-galaxy-s22-plus","13":"first","14":"instock","15":"sale","16":"purchasable","17":"product-type-simple"},"yoast_head":"<!-- This site is optimized with the Yoast SEO plugin v27.2 - https:\/\/yoast.com\/product\/yoast-seo-wordpress\/ -->\n<title>Ovitek BRILLIANT Samsung Galaxy S22+, prozoren z ble\u0161\u010dicami -<\/title>\n<meta name=\"robots\" content=\"index, follow, max-snippet:-1, max-image-preview:large, max-video-preview:-1\" \/>\n<link rel=\"canonical\" href=\"https:\/\/www.urbanspot.si\/hr\/proizvod-2\/briljantna-prozirna-maskica-za-samsung-galaxy-s22-sa-sljokicama\/\" \/>\n<meta property=\"og:locale\" content=\"hr_HR\" \/>\n<meta property=\"og:type\" content=\"article\" \/>\n<meta property=\"og:title\" content=\"Ovitek BRILLIANT Samsung Galaxy S22+, prozoren z ble\u0161\u010dicami -\" \/>\n<meta property=\"og:description\" content=\"Ovitek Urbie je zelo vzdr\u017eljiv ovitek, ki lahko za\u0161\u010diti va\u0161 telefon pred resnimi po\u0161kodbami po padcu na tla. Ob nakupu novega telefona se spla\u010da kupiti kvaliteten ovitek, \u0161e posebej, \u010de ste izbrali aparat vi\u0161jega cenovnega razreda. En nepreviden gib je dovolj, da telefon pade na tla in povzro\u010di po\u0161kodbe zaslona in celotnega telefona.\" \/>\n<meta property=\"og:url\" content=\"https:\/\/www.urbanspot.si\/hr\/proizvod-2\/briljantna-prozirna-maskica-za-samsung-galaxy-s22-sa-sljokicama\/\" \/>\n<meta property=\"article:publisher\" content=\"https:\/\/www.facebook.com\/urbanspot.si\" \/>\n<meta property=\"article:modified_time\" content=\"2026-03-19T14:06:34+00:00\" \/>\n<meta property=\"og:image\" content=\"https:\/\/www.urbanspot.si\/wp-content\/uploads\/ovitek-urbie-brilliant-glitter-xiaomi-redmi-note-11-pro-5g.jpg\" \/>\n\t<meta property=\"og:image:width\" content=\"1000\" \/>\n\t<meta property=\"og:image:height\" content=\"1000\" \/>\n\t<meta property=\"og:image:type\" content=\"image\/jpeg\" \/>\n<meta name=\"twitter:card\" content=\"summary_large_image\" \/>\n<meta name=\"twitter:label1\" content=\"Procijenjeno vrijeme \u010ditanja\" \/>\n\t<meta name=\"twitter:data1\" content=\"1 minuta\" \/>\n<script type=\"application\/ld+json\" class=\"yoast-schema-graph\">{\"@context\":\"https:\/\/schema.org\",\"@graph\":[{\"@type\":\"WebPage\",\"@id\":\"https:\/\/www.urbanspot.si\/produkt\/ovitek-brilliant-samsung-galaxy-s22-prozoren-z-blescicami\/\",\"url\":\"https:\/\/www.urbanspot.si\/produkt\/ovitek-brilliant-samsung-galaxy-s22-prozoren-z-blescicami\/\",\"name\":\"Ovitek BRILLIANT Samsung Galaxy S22+, prozoren z ble\u0161\u010dicami -\",\"isPartOf\":{\"@id\":\"https:\/\/www.urbanspot.si\/#website\"},\"primaryImageOfPage\":{\"@id\":\"https:\/\/www.urbanspot.si\/produkt\/ovitek-brilliant-samsung-galaxy-s22-prozoren-z-blescicami\/#primaryimage\"},\"image\":{\"@id\":\"https:\/\/www.urbanspot.si\/produkt\/ovitek-brilliant-samsung-galaxy-s22-prozoren-z-blescicami\/#primaryimage\"},\"thumbnailUrl\":\"https:\/\/www.urbanspot.si\/wp-content\/uploads\/ovitek-urbie-brilliant-glitter-xiaomi-redmi-note-11-pro-5g.jpg\",\"datePublished\":\"2020-06-30T22:00:00+00:00\",\"dateModified\":\"2026-03-19T14:06:34+00:00\",\"breadcrumb\":{\"@id\":\"https:\/\/www.urbanspot.si\/produkt\/ovitek-brilliant-samsung-galaxy-s22-prozoren-z-blescicami\/#breadcrumb\"},\"inLanguage\":\"hr\",\"potentialAction\":[{\"@type\":\"ReadAction\",\"target\":[\"https:\/\/www.urbanspot.si\/produkt\/ovitek-brilliant-samsung-galaxy-s22-prozoren-z-blescicami\/\"]}]},{\"@type\":\"ImageObject\",\"inLanguage\":\"hr\",\"@id\":\"https:\/\/www.urbanspot.si\/produkt\/ovitek-brilliant-samsung-galaxy-s22-prozoren-z-blescicami\/#primaryimage\",\"url\":\"https:\/\/www.urbanspot.si\/wp-content\/uploads\/ovitek-urbie-brilliant-glitter-xiaomi-redmi-note-11-pro-5g.jpg\",\"contentUrl\":\"https:\/\/www.urbanspot.si\/wp-content\/uploads\/ovitek-urbie-brilliant-glitter-xiaomi-redmi-note-11-pro-5g.jpg\",\"width\":1000,\"height\":1000,\"caption\":\"Ovitek Urbie Brilliant Glitter Xiaomi Redmi Note 11 Pro 5G\"},{\"@type\":\"BreadcrumbList\",\"@id\":\"https:\/\/www.urbanspot.si\/produkt\/ovitek-brilliant-samsung-galaxy-s22-prozoren-z-blescicami\/#breadcrumb\",\"itemListElement\":[{\"@type\":\"ListItem\",\"position\":1,\"name\":\"Home\",\"item\":\"https:\/\/www.urbanspot.si\/\"},{\"@type\":\"ListItem\",\"position\":2,\"name\":\"Shop\",\"item\":\"https:\/\/www.urbanspot.si\/shop\/\"},{\"@type\":\"ListItem\",\"position\":3,\"name\":\"Ovitek BRILLIANT Samsung Galaxy S22+, prozoren z ble\u0161\u010dicami\"}]},{\"@type\":\"WebSite\",\"@id\":\"https:\/\/www.urbanspot.si\/#website\",\"url\":\"https:\/\/www.urbanspot.si\/\",\"name\":\"UrbanSpot\",\"description\":\"\",\"publisher\":{\"@id\":\"https:\/\/www.urbanspot.si\/#organization\"},\"potentialAction\":[{\"@type\":\"SearchAction\",\"target\":{\"@type\":\"EntryPoint\",\"urlTemplate\":\"https:\/\/www.urbanspot.si\/?s={search_term_string}\"},\"query-input\":{\"@type\":\"PropertyValueSpecification\",\"valueRequired\":true,\"valueName\":\"search_term_string\"}}],\"inLanguage\":\"hr\"},{\"@type\":\"Organization\",\"@id\":\"https:\/\/www.urbanspot.si\/#organization\",\"name\":\"UrbanSpot\",\"url\":\"https:\/\/www.urbanspot.si\/\",\"logo\":{\"@type\":\"ImageObject\",\"inLanguage\":\"hr\",\"@id\":\"https:\/\/www.urbanspot.si\/#\/schema\/logo\/image\/\",\"url\":\"https:\/\/www.urbanspot.si\/wp-content\/uploads\/urbanspot-logo.svg\",\"contentUrl\":\"https:\/\/www.urbanspot.si\/wp-content\/uploads\/urbanspot-logo.svg\",\"width\":185,\"height\":40,\"caption\":\"UrbanSpot\"},\"image\":{\"@id\":\"https:\/\/www.urbanspot.si\/#\/schema\/logo\/image\/\"},\"sameAs\":[\"https:\/\/www.facebook.com\/urbanspot.si\"]}]}<\/script>\n<!-- \/ Yoast SEO plugin. -->","yoast_head_json":{"title":"Ovitek BRILLIANT Samsung Galaxy S22+, prozoren z ble\u0161\u010dicami -","robots":{"index":"index","follow":"follow","max-snippet":"max-snippet:-1","max-image-preview":"max-image-preview:large","max-video-preview":"max-video-preview:-1"},"canonical":"https:\/\/www.urbanspot.si\/hr\/proizvod-2\/briljantna-prozirna-maskica-za-samsung-galaxy-s22-sa-sljokicama\/","og_locale":"hr_HR","og_type":"article","og_title":"Ovitek BRILLIANT Samsung Galaxy S22+, prozoren z ble\u0161\u010dicami -","og_description":"Ovitek Urbie je zelo vzdr\u017eljiv ovitek, ki lahko za\u0161\u010diti va\u0161 telefon pred resnimi po\u0161kodbami po padcu na tla. Ob nakupu novega telefona se spla\u010da kupiti kvaliteten ovitek, \u0161e posebej, \u010de ste izbrali aparat vi\u0161jega cenovnega razreda. En nepreviden gib je dovolj, da telefon pade na tla in povzro\u010di po\u0161kodbe zaslona in celotnega telefona.","og_url":"https:\/\/www.urbanspot.si\/hr\/proizvod-2\/briljantna-prozirna-maskica-za-samsung-galaxy-s22-sa-sljokicama\/","article_publisher":"https:\/\/www.facebook.com\/urbanspot.si","article_modified_time":"2026-03-19T14:06:34+00:00","og_image":[{"width":1000,"height":1000,"url":"https:\/\/www.urbanspot.si\/wp-content\/uploads\/ovitek-urbie-brilliant-glitter-xiaomi-redmi-note-11-pro-5g.jpg","type":"image\/jpeg"}],"twitter_card":"summary_large_image","twitter_misc":{"Procijenjeno vrijeme \u010ditanja":"1 minuta"},"schema":{"@context":"https:\/\/schema.org","@graph":[{"@type":"WebPage","@id":"https:\/\/www.urbanspot.si\/produkt\/ovitek-brilliant-samsung-galaxy-s22-prozoren-z-blescicami\/","url":"https:\/\/www.urbanspot.si\/produkt\/ovitek-brilliant-samsung-galaxy-s22-prozoren-z-blescicami\/","name":"Ovitek BRILLIANT Samsung Galaxy S22+, prozoren z ble\u0161\u010dicami -","isPartOf":{"@id":"https:\/\/www.urbanspot.si\/#website"},"primaryImageOfPage":{"@id":"https:\/\/www.urbanspot.si\/produkt\/ovitek-brilliant-samsung-galaxy-s22-prozoren-z-blescicami\/#primaryimage"},"image":{"@id":"https:\/\/www.urbanspot.si\/produkt\/ovitek-brilliant-samsung-galaxy-s22-prozoren-z-blescicami\/#primaryimage"},"thumbnailUrl":"https:\/\/www.urbanspot.si\/wp-content\/uploads\/ovitek-urbie-brilliant-glitter-xiaomi-redmi-note-11-pro-5g.jpg","datePublished":"2020-06-30T22:00:00+00:00","dateModified":"2026-03-19T14:06:34+00:00","breadcrumb":{"@id":"https:\/\/www.urbanspot.si\/produkt\/ovitek-brilliant-samsung-galaxy-s22-prozoren-z-blescicami\/#breadcrumb"},"inLanguage":"hr","potentialAction":[{"@type":"ReadAction","target":["https:\/\/www.urbanspot.si\/produkt\/ovitek-brilliant-samsung-galaxy-s22-prozoren-z-blescicami\/"]}]},{"@type":"ImageObject","inLanguage":"hr","@id":"https:\/\/www.urbanspot.si\/produkt\/ovitek-brilliant-samsung-galaxy-s22-prozoren-z-blescicami\/#primaryimage","url":"https:\/\/www.urbanspot.si\/wp-content\/uploads\/ovitek-urbie-brilliant-glitter-xiaomi-redmi-note-11-pro-5g.jpg","contentUrl":"https:\/\/www.urbanspot.si\/wp-content\/uploads\/ovitek-urbie-brilliant-glitter-xiaomi-redmi-note-11-pro-5g.jpg","width":1000,"height":1000,"caption":"Ovitek Urbie Brilliant Glitter Xiaomi Redmi Note 11 Pro 5G"},{"@type":"BreadcrumbList","@id":"https:\/\/www.urbanspot.si\/produkt\/ovitek-brilliant-samsung-galaxy-s22-prozoren-z-blescicami\/#breadcrumb","itemListElement":[{"@type":"ListItem","position":1,"name":"Home","item":"https:\/\/www.urbanspot.si\/"},{"@type":"ListItem","position":2,"name":"Shop","item":"https:\/\/www.urbanspot.si\/shop\/"},{"@type":"ListItem","position":3,"name":"Ovitek BRILLIANT Samsung Galaxy S22+, prozoren z ble\u0161\u010dicami"}]},{"@type":"WebSite","@id":"https:\/\/www.urbanspot.si\/#website","url":"https:\/\/www.urbanspot.si\/","name":"UrbanSpot","description":"","publisher":{"@id":"https:\/\/www.urbanspot.si\/#organization"},"potentialAction":[{"@type":"SearchAction","target":{"@type":"EntryPoint","urlTemplate":"https:\/\/www.urbanspot.si\/?s={search_term_string}"},"query-input":{"@type":"PropertyValueSpecification","valueRequired":true,"valueName":"search_term_string"}}],"inLanguage":"hr"},{"@type":"Organization","@id":"https:\/\/www.urbanspot.si\/#organization","name":"UrbanSpot","url":"https:\/\/www.urbanspot.si\/","logo":{"@type":"ImageObject","inLanguage":"hr","@id":"https:\/\/www.urbanspot.si\/#\/schema\/logo\/image\/","url":"https:\/\/www.urbanspot.si\/wp-content\/uploads\/urbanspot-logo.svg","contentUrl":"https:\/\/www.urbanspot.si\/wp-content\/uploads\/urbanspot-logo.svg","width":185,"height":40,"caption":"UrbanSpot"},"image":{"@id":"https:\/\/www.urbanspot.si\/#\/schema\/logo\/image\/"},"sameAs":["https:\/\/www.facebook.com\/urbanspot.si"]}]}},"_links":{"self":[{"href":"https:\/\/www.urbanspot.si\/hr\/wp-json\/wp\/v2\/product\/25566","targetHints":{"allow":["GET"]}}],"collection":[{"href":"https:\/\/www.urbanspot.si\/hr\/wp-json\/wp\/v2\/product"}],"about":[{"href":"https:\/\/www.urbanspot.si\/hr\/wp-json\/wp\/v2\/types\/product"}],"replies":[{"embeddable":true,"href":"https:\/\/www.urbanspot.si\/hr\/wp-json\/wp\/v2\/comments?post=25566"}],"version-history":[{"count":3,"href":"https:\/\/www.urbanspot.si\/hr\/wp-json\/wp\/v2\/product\/25566\/revisions"}],"predecessor-version":[{"id":27695,"href":"https:\/\/www.urbanspot.si\/hr\/wp-json\/wp\/v2\/product\/25566\/revisions\/27695"}],"wp:featuredmedia":[{"embeddable":true,"href":"https:\/\/www.urbanspot.si\/hr\/wp-json\/wp\/v2\/media\/12668"}],"wp:attachment":[{"href":"https:\/\/www.urbanspot.si\/hr\/wp-json\/wp\/v2\/media?parent=25566"}],"wp:term":[{"taxonomy":"product_brand","embeddable":true,"href":"https:\/\/www.urbanspot.si\/hr\/wp-json\/wp\/v2\/product_brand?post=25566"},{"taxonomy":"product_cat","embeddable":true,"href":"https:\/\/www.urbanspot.si\/hr\/wp-json\/wp\/v2\/product_cat?post=25566"},{"taxonomy":"product_tag","embeddable":true,"href":"https:\/\/www.urbanspot.si\/hr\/wp-json\/wp\/v2\/product_tag?post=25566"}],"curies":[{"name":"radni list","href":"https:\/\/api.w.org\/{rel}","templated":true}]}}