{"id":25856,"date":"2020-07-01T00:00:00","date_gmt":"2020-06-30T22:00:00","guid":{"rendered":"https:\/\/www.urbanspot.si\/?post_type=product&#038;p=25856"},"modified":"2026-03-19T16:06:22","modified_gmt":"2026-03-19T14:06:22","slug":"zastitno-staklo-urbie-hard-keramika-xiaomi-redmi-9t","status":"publish","type":"product","link":"https:\/\/www.urbanspot.si\/hr\/produkt\/zascitno-steklo-urbie-hard-ceramic-xiaomi-redmi-9t\/","title":{"rendered":"Urbie tvrdo kerami\u010dko za\u0161titno staklo, Xiaomi Redmi 9T"},"content":{"rendered":"","protected":false},"excerpt":{"rendered":"<div id=\"tw-container\" class=\"nev7se\" data-cp=\"1\" data-nnttsvi=\"1\" data-ntl-fpwrite=\"true\" data-sletp=\"false\" data-sm=\"1\" data-ssbp=\"false\" data-sugg-time=\"500\" data-sugg-url=\"https:\/\/clients1.google.com\/complete\/search\" data-uilc=\"en\" data-vil=\",af,af-ZA,am,am-ET,ar-EG,ar-AE,ar-KW,ar-QA,ar,ar-IL,ar-JO,ar-LB,ar-PS,az,az-AZ,bg,bg-BG,bn,bn-BD,bn-IN,ca,ca-es,cs,cs-CZ,de,de-DE,de-CH,de-AT,de-LI,en,en-US,en-CA,en-AU,en-NZ,en-GB,en-IN,en-KE,en-TZ,en-NG,en-GH,en-PH,en-ZA,es,es-ES,es-AR,es-UY,es-419,es-BO,es-CL,es-CR,es-CO,es-DO,es-EC,es-GT,es-HN,es-NI,es-PA,es-PE,es-PR,es-PY,es-SV,es-VE,es-MX,es-US,eu,eu-ES,fi,fi-FI,fr,fr-FR,fr-CH,fr-BE,gl,gl-ES,gu,gu-IN,he,he-IL,iw,iw-IL,hu,hu-HU,hy,hy-AM,id,id-ID,is,is-IS,it,it-IT,it-CH,ja,ja-JP,jv,jv-ID,ka,ka-GE,km,km-KH,kn,kn-IN,ko,ko-KR,la,lo,lo-LA,lv,lv-LV,ml,ml-IN,mr,mr-IN,ms,ms-MY,nl,nl-NL,nb,nb-NO,ne,ne-NP,pl,pl-PL,pt,pt-BR,pt-PT,ro,ro-RO,ru,ru-RU,si-LK,sk,sk-SK,sr,sr-RS,su,su-ID,sv,sv-SE,sw,sw-TZ,sw-KE,ta,ta-IN,ta-SG,ta-LK,ta-MY,te,te-IN,tr,tr-TR,ur,ur-PK,ur-IN,yue,yue-HK,yue-Hant-HK,zh-HK,zh,zh-CN,zh-cmn,zh-cmn-CN,zh-Hans,zh-Hans-CN,zh-cmn-Hans,zh-cmn-Hans-CN,cmn-CN,cmn-Hans,cmn-Hans-CN,zh-TW,zh-Hant-TW,cmn-TW,cmn-Hant-TW,zh-cmn-TW,zh-cmn-Hant-TW,zu,zu-ZA,hi,hi-IN,tl,tl-PH,pa,pa-IN\">\n<div>\n<div>\n<div id=\"tw-ob\" class=\"tw-src-ltr\">\n<div class=\"oSioSc\">\n<div id=\"tw-target\">\n<div id=\"kAz1tf\" class=\"g9WsWb PZPZlf\" data-attrid=\"tw-targetArea\" data-entityname=\"Google Translate\">\n<div id=\"tw-target-text-container\" class=\"tw-ta-container tw-nfl\" tabindex=\"0\" role=\"text\">\n<p id=\"tw-target-text\" class=\"tw-data-text tw-text-large tw-ta\" dir=\"ltr\" data-placeholder=\"Translation\" data-ved=\"2ahUKEwiHiun5p_OOAxWZhv0HHXPGDvIQ3ewLegQICRAV\" aria-label=\"Tvrda keramika je fleksibilan za\u0161titni premaz, idealan za zaslone telefona s zakrivljenim rubovima. Sastoji se od nekoliko slojeva, uklju\u010duju\u0107i hibrid stakla i keramike. Tvrda keramika je vrlo otporna na sve vrste o\u0161te\u0107enja i pru\u017ea u\u010dinkovitu za\u0161titu. Prilikom pada se ne razbija na mnogo o\u0161trih i opasnih komadi\u0107a. Ne mijenja osjetljivost zaslona na dodir, a njegova visoka prozirnost osigurava udobnu upotrebu zaslona. Zahvaljuju\u0107i oleofobnom premazu, iznimno je otporan na masne mrlje i otiske prstiju. Nakon uklanjanja ne ostavlja ostatke i sigurna je za zaslon.\"><span class=\"Y2IQFc\" lang=\"sl\">Tvrda kerami\u010dka za\u0161tita \u2013 je fleksibilni za\u0161titni sloj, idealan za zaslone telefona s zakrivljenim rubovima. Sastoji se od nekoliko slojeva, uklju\u010duju\u0107i hibrid stakla i keramike. Tvrda keramika je vrlo otporna na o\u0161te\u0107enja i pru\u017ea u\u010dinkovitu za\u0161titu. Ako se telefon ispusti, ne razbija se na mnogo o\u0161trih i opasnih komadi\u0107a. Ne mijenja osjetljivost zaslona na dodir, a njegova visoka prozirnost osigurava udobnu upotrebu zaslona. Zahvaljuju\u0107i oleofobnom premazu, iznimno je otporan na masne mrlje i otiske prstiju. Nakon uklanjanja ne ostavlja ostatke i sigurna je za zaslon.<\/span><\/p>\n<\/div>\n<div id=\"tw-target-rmn-container\" class=\"tw-target-rmn tw-ta-container tw-nfl\" tabindex=\"0\" role=\"text\">\n<pre id=\"tw-target-rmn\" class=\"tw-data-placeholder tw-text-small tw-ta\" dir=\"ltr\" data-placeholder=\"\"><\/pre>\n<\/div>\n<div class=\"iYB33c\">\n<div id=\"tw-tmenu\" class=\"tw-menu\"><\/div>\n<\/div>\n<\/div>\n<\/div>\n<\/div>\n<\/div>\n<div id=\"tw-images\"><\/div>\n<div class=\"dURPtb\"><\/div>\n<div>\n<div><\/div>\n<\/div>\n<\/div>\n<\/div>\n<\/div>\n<div class=\"KFFQ0c xKf9F\"><\/div>","protected":false},"featured_media":27187,"comment_status":"closed","ping_status":"closed","template":"","meta":[],"product_brand":[],"product_cat":[91,329,230,232,233,559],"product_tag":[],"class_list":{"0":"post-25856","1":"product","2":"type-product","3":"status-publish","4":"has-post-thumbnail","6":"product_cat-razprodaja","7":"product_cat-redmi-9t","8":"product_cat-xiaomi","9":"product_cat-xiaomi-2","10":"product_cat-xiaomi-redmi-serija","11":"product_cat-zascitna-stekla","13":"first","14":"instock","15":"sale","16":"purchasable","17":"product-type-simple"},"yoast_head":"<!-- This site is optimized with the Yoast SEO plugin v27.4 - https:\/\/yoast.com\/product\/yoast-seo-wordpress\/ -->\n<title>Za\u0161\u010ditno steklo Urbie Hard Ceramic, Xiaomi Redmi 9T -<\/title>\n<meta name=\"robots\" content=\"index, follow, max-snippet:-1, max-image-preview:large, max-video-preview:-1\" \/>\n<link rel=\"canonical\" href=\"https:\/\/www.urbanspot.si\/hr\/proizvod-2\/zastitno-staklo-urbie-hard-keramika-xiaomi-redmi-9t\/\" \/>\n<meta property=\"og:locale\" content=\"hr_HR\" \/>\n<meta property=\"og:type\" content=\"article\" \/>\n<meta property=\"og:title\" content=\"Za\u0161\u010ditno steklo Urbie Hard Ceramic, Xiaomi Redmi 9T -\" \/>\n<meta property=\"og:description\" content=\"Trda kerami\u010dna za\u0161\u010dita - je fleksibilen za\u0161\u010ditni premaz, idealen za zaslon telefona z ukrivljenimi robovi. Sestavljen je iz ve\u010d plasti, vklju\u010dno s hibridom stekla in keramike. Trda keramika je zelo odporna na kakr\u0161ne koli po\u0161kodbe in zagotavlja u\u010dinkovito za\u0161\u010dito. Ob padcu se ne razbije na veliko ostrih in nevarnih ko\u0161\u010dkov. Ne spremeni ob\u010dutljivosti zaslona na dotik, visoka prosojnost pa zagotavlja udobno uporabo zaslona. Zahvaljujo\u010d olefobi\u010dnemu premazu je izjemno odporen na mastne made\u017ee in prstne odtise. Po razstavljanju ne pu\u0161\u010da sledi, je varen za zaslon.\" \/>\n<meta property=\"og:url\" content=\"https:\/\/www.urbanspot.si\/hr\/proizvod-2\/zastitno-staklo-urbie-hard-keramika-xiaomi-redmi-9t\/\" \/>\n<meta property=\"article:publisher\" content=\"https:\/\/www.facebook.com\/urbanspot.si\" \/>\n<meta property=\"article:modified_time\" content=\"2026-03-19T14:06:22+00:00\" \/>\n<meta property=\"og:image\" content=\"https:\/\/www.urbanspot.si\/wp-content\/uploads\/steklo-hard-ceramic.jpg\" \/>\n\t<meta property=\"og:image:width\" content=\"1000\" \/>\n\t<meta property=\"og:image:height\" content=\"1000\" \/>\n\t<meta property=\"og:image:type\" content=\"image\/jpeg\" \/>\n<meta name=\"twitter:card\" content=\"summary_large_image\" \/>\n<meta name=\"twitter:label1\" content=\"Procijenjeno vrijeme \u010ditanja\" \/>\n\t<meta name=\"twitter:data1\" content=\"1 minuta\" \/>\n<script type=\"application\/ld+json\" class=\"yoast-schema-graph\">{\"@context\":\"https:\\\/\\\/schema.org\",\"@graph\":[{\"@type\":\"WebPage\",\"@id\":\"https:\\\/\\\/www.urbanspot.si\\\/produkt\\\/zascitno-steklo-urbie-hard-ceramic-xiaomi-redmi-9t\\\/\",\"url\":\"https:\\\/\\\/www.urbanspot.si\\\/produkt\\\/zascitno-steklo-urbie-hard-ceramic-xiaomi-redmi-9t\\\/\",\"name\":\"Za\u0161\u010ditno steklo Urbie Hard Ceramic, Xiaomi Redmi 9T -\",\"isPartOf\":{\"@id\":\"https:\\\/\\\/www.urbanspot.si\\\/#website\"},\"primaryImageOfPage\":{\"@id\":\"https:\\\/\\\/www.urbanspot.si\\\/produkt\\\/zascitno-steklo-urbie-hard-ceramic-xiaomi-redmi-9t\\\/#primaryimage\"},\"image\":{\"@id\":\"https:\\\/\\\/www.urbanspot.si\\\/produkt\\\/zascitno-steklo-urbie-hard-ceramic-xiaomi-redmi-9t\\\/#primaryimage\"},\"thumbnailUrl\":\"https:\\\/\\\/www.urbanspot.si\\\/wp-content\\\/uploads\\\/steklo-hard-ceramic.jpg\",\"datePublished\":\"2020-06-30T22:00:00+00:00\",\"dateModified\":\"2026-03-19T14:06:22+00:00\",\"breadcrumb\":{\"@id\":\"https:\\\/\\\/www.urbanspot.si\\\/produkt\\\/zascitno-steklo-urbie-hard-ceramic-xiaomi-redmi-9t\\\/#breadcrumb\"},\"inLanguage\":\"hr\",\"potentialAction\":[{\"@type\":\"ReadAction\",\"target\":[\"https:\\\/\\\/www.urbanspot.si\\\/produkt\\\/zascitno-steklo-urbie-hard-ceramic-xiaomi-redmi-9t\\\/\"]}]},{\"@type\":\"ImageObject\",\"inLanguage\":\"hr\",\"@id\":\"https:\\\/\\\/www.urbanspot.si\\\/produkt\\\/zascitno-steklo-urbie-hard-ceramic-xiaomi-redmi-9t\\\/#primaryimage\",\"url\":\"https:\\\/\\\/www.urbanspot.si\\\/wp-content\\\/uploads\\\/steklo-hard-ceramic.jpg\",\"contentUrl\":\"https:\\\/\\\/www.urbanspot.si\\\/wp-content\\\/uploads\\\/steklo-hard-ceramic.jpg\",\"width\":1000,\"height\":1000},{\"@type\":\"BreadcrumbList\",\"@id\":\"https:\\\/\\\/www.urbanspot.si\\\/produkt\\\/zascitno-steklo-urbie-hard-ceramic-xiaomi-redmi-9t\\\/#breadcrumb\",\"itemListElement\":[{\"@type\":\"ListItem\",\"position\":1,\"name\":\"Home\",\"item\":\"https:\\\/\\\/www.urbanspot.si\\\/\"},{\"@type\":\"ListItem\",\"position\":2,\"name\":\"Shop\",\"item\":\"https:\\\/\\\/www.urbanspot.si\\\/shop\\\/\"},{\"@type\":\"ListItem\",\"position\":3,\"name\":\"Za\u0161\u010ditno steklo Urbie Hard Ceramic, Xiaomi Redmi 9T\"}]},{\"@type\":\"WebSite\",\"@id\":\"https:\\\/\\\/www.urbanspot.si\\\/#website\",\"url\":\"https:\\\/\\\/www.urbanspot.si\\\/\",\"name\":\"UrbanSpot\",\"description\":\"\",\"publisher\":{\"@id\":\"https:\\\/\\\/www.urbanspot.si\\\/#organization\"},\"potentialAction\":[{\"@type\":\"SearchAction\",\"target\":{\"@type\":\"EntryPoint\",\"urlTemplate\":\"https:\\\/\\\/www.urbanspot.si\\\/?s={search_term_string}\"},\"query-input\":{\"@type\":\"PropertyValueSpecification\",\"valueRequired\":true,\"valueName\":\"search_term_string\"}}],\"inLanguage\":\"hr\"},{\"@type\":\"Organization\",\"@id\":\"https:\\\/\\\/www.urbanspot.si\\\/#organization\",\"name\":\"UrbanSpot\",\"url\":\"https:\\\/\\\/www.urbanspot.si\\\/\",\"logo\":{\"@type\":\"ImageObject\",\"inLanguage\":\"hr\",\"@id\":\"https:\\\/\\\/www.urbanspot.si\\\/#\\\/schema\\\/logo\\\/image\\\/\",\"url\":\"https:\\\/\\\/www.urbanspot.si\\\/wp-content\\\/uploads\\\/urbanspot-logo.svg\",\"contentUrl\":\"https:\\\/\\\/www.urbanspot.si\\\/wp-content\\\/uploads\\\/urbanspot-logo.svg\",\"width\":185,\"height\":40,\"caption\":\"UrbanSpot\"},\"image\":{\"@id\":\"https:\\\/\\\/www.urbanspot.si\\\/#\\\/schema\\\/logo\\\/image\\\/\"},\"sameAs\":[\"https:\\\/\\\/www.facebook.com\\\/urbanspot.si\"]}]}<\/script>\n<!-- \/ Yoast SEO plugin. -->","yoast_head_json":{"title":"Urbia tvrda kerami\u010dka za\u0161titna folija, Xiaomi Redmi 9T -","robots":{"index":"index","follow":"follow","max-snippet":"max-snippet:-1","max-image-preview":"max-image-preview:large","max-video-preview":"max-video-preview:-1"},"canonical":"https:\/\/www.urbanspot.si\/hr\/proizvod-2\/zastitno-staklo-urbie-hard-keramika-xiaomi-redmi-9t\/","og_locale":"hr_HR","og_type":"article","og_title":"Za\u0161\u010ditno steklo Urbie Hard Ceramic, Xiaomi Redmi 9T -","og_description":"Trda kerami\u010dna za\u0161\u010dita - je fleksibilen za\u0161\u010ditni premaz, idealen za zaslon telefona z ukrivljenimi robovi. Sestavljen je iz ve\u010d plasti, vklju\u010dno s hibridom stekla in keramike. Trda keramika je zelo odporna na kakr\u0161ne koli po\u0161kodbe in zagotavlja u\u010dinkovito za\u0161\u010dito. Ob padcu se ne razbije na veliko ostrih in nevarnih ko\u0161\u010dkov. Ne spremeni ob\u010dutljivosti zaslona na dotik, visoka prosojnost pa zagotavlja udobno uporabo zaslona. Zahvaljujo\u010d olefobi\u010dnemu premazu je izjemno odporen na mastne made\u017ee in prstne odtise. Po razstavljanju ne pu\u0161\u010da sledi, je varen za zaslon.","og_url":"https:\/\/www.urbanspot.si\/hr\/proizvod-2\/zastitno-staklo-urbie-hard-keramika-xiaomi-redmi-9t\/","article_publisher":"https:\/\/www.facebook.com\/urbanspot.si","article_modified_time":"2026-03-19T14:06:22+00:00","og_image":[{"width":1000,"height":1000,"url":"https:\/\/www.urbanspot.si\/wp-content\/uploads\/steklo-hard-ceramic.jpg","type":"image\/jpeg"}],"twitter_card":"summary_large_image","twitter_misc":{"Procijenjeno vrijeme \u010ditanja":"1 minuta"},"schema":{"@context":"https:\/\/schema.org","@graph":[{"@type":"WebPage","@id":"https:\/\/www.urbanspot.si\/produkt\/zascitno-steklo-urbie-hard-ceramic-xiaomi-redmi-9t\/","url":"https:\/\/www.urbanspot.si\/produkt\/zascitno-steklo-urbie-hard-ceramic-xiaomi-redmi-9t\/","name":"Urbia tvrda kerami\u010dka za\u0161titna folija, Xiaomi Redmi 9T -","isPartOf":{"@id":"https:\/\/www.urbanspot.si\/#website"},"primaryImageOfPage":{"@id":"https:\/\/www.urbanspot.si\/produkt\/zascitno-steklo-urbie-hard-ceramic-xiaomi-redmi-9t\/#primaryimage"},"image":{"@id":"https:\/\/www.urbanspot.si\/produkt\/zascitno-steklo-urbie-hard-ceramic-xiaomi-redmi-9t\/#primaryimage"},"thumbnailUrl":"https:\/\/www.urbanspot.si\/wp-content\/uploads\/steklo-hard-ceramic.jpg","datePublished":"2020-06-30T22:00:00+00:00","dateModified":"2026-03-19T14:06:22+00:00","breadcrumb":{"@id":"https:\/\/www.urbanspot.si\/produkt\/zascitno-steklo-urbie-hard-ceramic-xiaomi-redmi-9t\/#breadcrumb"},"inLanguage":"hr","potentialAction":[{"@type":"ReadAction","target":["https:\/\/www.urbanspot.si\/produkt\/zascitno-steklo-urbie-hard-ceramic-xiaomi-redmi-9t\/"]}]},{"@type":"ImageObject","inLanguage":"hr","@id":"https:\/\/www.urbanspot.si\/produkt\/zascitno-steklo-urbie-hard-ceramic-xiaomi-redmi-9t\/#primaryimage","url":"https:\/\/www.urbanspot.si\/wp-content\/uploads\/steklo-hard-ceramic.jpg","contentUrl":"https:\/\/www.urbanspot.si\/wp-content\/uploads\/steklo-hard-ceramic.jpg","width":1000,"height":1000},{"@type":"BreadcrumbList","@id":"https:\/\/www.urbanspot.si\/produkt\/zascitno-steklo-urbie-hard-ceramic-xiaomi-redmi-9t\/#breadcrumb","itemListElement":[{"@type":"ListItem","position":1,"name":"Home","item":"https:\/\/www.urbanspot.si\/"},{"@type":"ListItem","position":2,"name":"Shop","item":"https:\/\/www.urbanspot.si\/shop\/"},{"@type":"ListItem","position":3,"name":"Za\u0161\u010ditno steklo Urbie Hard Ceramic, Xiaomi Redmi 9T"}]},{"@type":"WebSite","@id":"https:\/\/www.urbanspot.si\/#website","url":"https:\/\/www.urbanspot.si\/","name":"UrbanSpot","description":"","publisher":{"@id":"https:\/\/www.urbanspot.si\/#organization"},"potentialAction":[{"@type":"SearchAction","target":{"@type":"EntryPoint","urlTemplate":"https:\/\/www.urbanspot.si\/?s={search_term_string}"},"query-input":{"@type":"PropertyValueSpecification","valueRequired":true,"valueName":"search_term_string"}}],"inLanguage":"hr"},{"@type":"Organization","@id":"https:\/\/www.urbanspot.si\/#organization","name":"UrbanSpot","url":"https:\/\/www.urbanspot.si\/","logo":{"@type":"ImageObject","inLanguage":"hr","@id":"https:\/\/www.urbanspot.si\/#\/schema\/logo\/image\/","url":"https:\/\/www.urbanspot.si\/wp-content\/uploads\/urbanspot-logo.svg","contentUrl":"https:\/\/www.urbanspot.si\/wp-content\/uploads\/urbanspot-logo.svg","width":185,"height":40,"caption":"UrbanSpot"},"image":{"@id":"https:\/\/www.urbanspot.si\/#\/schema\/logo\/image\/"},"sameAs":["https:\/\/www.facebook.com\/urbanspot.si"]}]}},"_links":{"self":[{"href":"https:\/\/www.urbanspot.si\/hr\/wp-json\/wp\/v2\/product\/25856","targetHints":{"allow":["GET"]}}],"collection":[{"href":"https:\/\/www.urbanspot.si\/hr\/wp-json\/wp\/v2\/product"}],"about":[{"href":"https:\/\/www.urbanspot.si\/hr\/wp-json\/wp\/v2\/types\/product"}],"replies":[{"embeddable":true,"href":"https:\/\/www.urbanspot.si\/hr\/wp-json\/wp\/v2\/comments?post=25856"}],"version-history":[{"count":3,"href":"https:\/\/www.urbanspot.si\/hr\/wp-json\/wp\/v2\/product\/25856\/revisions"}],"predecessor-version":[{"id":27188,"href":"https:\/\/www.urbanspot.si\/hr\/wp-json\/wp\/v2\/product\/25856\/revisions\/27188"}],"wp:featuredmedia":[{"embeddable":true,"href":"https:\/\/www.urbanspot.si\/hr\/wp-json\/wp\/v2\/media\/27187"}],"wp:attachment":[{"href":"https:\/\/www.urbanspot.si\/hr\/wp-json\/wp\/v2\/media?parent=25856"}],"wp:term":[{"taxonomy":"product_brand","embeddable":true,"href":"https:\/\/www.urbanspot.si\/hr\/wp-json\/wp\/v2\/product_brand?post=25856"},{"taxonomy":"product_cat","embeddable":true,"href":"https:\/\/www.urbanspot.si\/hr\/wp-json\/wp\/v2\/product_cat?post=25856"},{"taxonomy":"product_tag","embeddable":true,"href":"https:\/\/www.urbanspot.si\/hr\/wp-json\/wp\/v2\/product_tag?post=25856"}],"curies":[{"name":"radni list","href":"https:\/\/api.w.org\/{rel}","templated":true}]}}