{"id":25958,"date":"2025-07-20T10:00:00","date_gmt":"2025-07-20T08:00:00","guid":{"rendered":"https:\/\/www.urbanspot.si\/?post_type=product&#038;p=25958"},"modified":"2026-03-18T15:50:26","modified_gmt":"2026-03-18T13:50:26","slug":"spigen-tekuci-kristalni-glitter-maskica-za-iphone-14-pro","status":"publish","type":"product","link":"https:\/\/www.urbanspot.si\/hr\/produkt\/ovitek-spigen-liquid-crystal-glitter-iphone-14-pro\/","title":{"rendered":"SPIGEN maskica s teku\u0107im kristalima i \u0161ljokicama, za iPhone 14 Pro"},"content":{"rendered":"<p>Spigen maskica izra\u0111ena je od visokokvalitetnih materijala koji \u0161tite telefon od svakodnevne prljav\u0161tine, ogrebotina i udaraca.<\/p>\n<p>Zna\u010dajke:<\/p>\n<ul>\n<li>Transparentan<\/li>\n<li>Savr\u0161eno pristaje telefonu.<\/li>\n<li>Tanka i prikladna futrola za d\u017eep.<\/li>\n<li>Omogu\u0107uje be\u017ei\u010dno punjenje<\/li>\n<li>\u0160titi od udaraca, prljav\u0161tine, padova, ogrebotina i drugih o\u0161te\u0107enja<\/li>\n<li>Moderan izgled<\/li>\n<li>Materijal: Visokokvalitetni silikon<\/li>\n<\/ul>","protected":false},"excerpt":{"rendered":"<p>Spigen Liquid Crystal Glitter maskica ne odlikuje se samo iznimnom kvalitetom, ve\u0107 i dizajnom. Prozirna maskica koja \u0107e osigurati potpuno prirodan izgled va\u0161eg telefona, a istovremeno pru\u017ea izvrsnu za\u0161titu.<\/p>","protected":false},"featured_media":26702,"comment_status":"closed","ping_status":"closed","template":"","meta":[],"product_brand":[],"product_cat":[92,119,251,421,560,91],"product_tag":[],"class_list":{"0":"post-25958","1":"product","2":"type-product","3":"status-publish","4":"has-post-thumbnail","6":"product_cat-apple","7":"product_cat-apple-ovitki-stekla","8":"product_cat-apple-iphone-14-serija","9":"product_cat-iphone-14-pro","10":"product_cat-ovitki-za-telefone","11":"product_cat-razprodaja","12":"pa_primerno-za-model-iphone-14-pro","14":"first","15":"outofstock","16":"sale","17":"purchasable","18":"product-type-simple"},"yoast_head":"<!-- This site is optimized with the Yoast SEO plugin v27.4 - https:\/\/yoast.com\/product\/yoast-seo-wordpress\/ -->\n<title>Ovitek SPIGEN Liquid Crystal Glitter, Iphone 14 Pro -<\/title>\n<meta name=\"robots\" content=\"index, follow, max-snippet:-1, max-image-preview:large, max-video-preview:-1\" \/>\n<link rel=\"canonical\" href=\"https:\/\/www.urbanspot.si\/hr\/proizvod-2\/spigen-tekuci-kristalni-glitter-maskica-za-iphone-14-pro\/\" \/>\n<meta property=\"og:locale\" content=\"hr_HR\" \/>\n<meta property=\"og:type\" content=\"article\" \/>\n<meta property=\"og:title\" content=\"Ovitek SPIGEN Liquid Crystal Glitter, Iphone 14 Pro -\" \/>\n<meta property=\"og:description\" content=\"Ovitka Spigen Liquid Crystal Glitter ne odlikuje le izjemna kakovost, temve\u010d tudi dizajn. Prozoren ovite, ki bo poskrbel za popolnoma naraven videz telefona, kljub temu pa bo le ta ostal odli\u010dno za\u0161\u010diten.\" \/>\n<meta property=\"og:url\" content=\"https:\/\/www.urbanspot.si\/hr\/proizvod-2\/spigen-tekuci-kristalni-glitter-maskica-za-iphone-14-pro\/\" \/>\n<meta property=\"article:publisher\" content=\"https:\/\/www.facebook.com\/urbanspot.si\" \/>\n<meta property=\"article:modified_time\" content=\"2026-03-18T13:50:26+00:00\" \/>\n<meta property=\"og:image\" content=\"https:\/\/www.urbanspot.si\/wp-content\/uploads\/Spigen-Liquid-Crystal-iPhone-12.webp\" \/>\n\t<meta property=\"og:image:width\" content=\"1000\" \/>\n\t<meta property=\"og:image:height\" content=\"1000\" \/>\n\t<meta property=\"og:image:type\" content=\"image\/webp\" \/>\n<meta name=\"twitter:card\" content=\"summary_large_image\" \/>\n<meta name=\"twitter:label1\" content=\"Procijenjeno vrijeme \u010ditanja\" \/>\n\t<meta name=\"twitter:data1\" content=\"1 minuta\" \/>\n<script type=\"application\/ld+json\" class=\"yoast-schema-graph\">{\"@context\":\"https:\\\/\\\/schema.org\",\"@graph\":[{\"@type\":\"WebPage\",\"@id\":\"https:\\\/\\\/www.urbanspot.si\\\/produkt\\\/ovitek-spigen-liquid-crystal-glitter-iphone-14-pro\\\/\",\"url\":\"https:\\\/\\\/www.urbanspot.si\\\/produkt\\\/ovitek-spigen-liquid-crystal-glitter-iphone-14-pro\\\/\",\"name\":\"Ovitek SPIGEN Liquid Crystal Glitter, Iphone 14 Pro -\",\"isPartOf\":{\"@id\":\"https:\\\/\\\/www.urbanspot.si\\\/#website\"},\"primaryImageOfPage\":{\"@id\":\"https:\\\/\\\/www.urbanspot.si\\\/produkt\\\/ovitek-spigen-liquid-crystal-glitter-iphone-14-pro\\\/#primaryimage\"},\"image\":{\"@id\":\"https:\\\/\\\/www.urbanspot.si\\\/produkt\\\/ovitek-spigen-liquid-crystal-glitter-iphone-14-pro\\\/#primaryimage\"},\"thumbnailUrl\":\"https:\\\/\\\/www.urbanspot.si\\\/wp-content\\\/uploads\\\/Spigen-Liquid-Crystal-iPhone-12.webp\",\"datePublished\":\"2025-07-20T08:00:00+00:00\",\"dateModified\":\"2026-03-18T13:50:26+00:00\",\"breadcrumb\":{\"@id\":\"https:\\\/\\\/www.urbanspot.si\\\/produkt\\\/ovitek-spigen-liquid-crystal-glitter-iphone-14-pro\\\/#breadcrumb\"},\"inLanguage\":\"hr\",\"potentialAction\":[{\"@type\":\"ReadAction\",\"target\":[\"https:\\\/\\\/www.urbanspot.si\\\/produkt\\\/ovitek-spigen-liquid-crystal-glitter-iphone-14-pro\\\/\"]}]},{\"@type\":\"ImageObject\",\"inLanguage\":\"hr\",\"@id\":\"https:\\\/\\\/www.urbanspot.si\\\/produkt\\\/ovitek-spigen-liquid-crystal-glitter-iphone-14-pro\\\/#primaryimage\",\"url\":\"https:\\\/\\\/www.urbanspot.si\\\/wp-content\\\/uploads\\\/Spigen-Liquid-Crystal-iPhone-12.webp\",\"contentUrl\":\"https:\\\/\\\/www.urbanspot.si\\\/wp-content\\\/uploads\\\/Spigen-Liquid-Crystal-iPhone-12.webp\",\"width\":1000,\"height\":1000},{\"@type\":\"BreadcrumbList\",\"@id\":\"https:\\\/\\\/www.urbanspot.si\\\/produkt\\\/ovitek-spigen-liquid-crystal-glitter-iphone-14-pro\\\/#breadcrumb\",\"itemListElement\":[{\"@type\":\"ListItem\",\"position\":1,\"name\":\"Home\",\"item\":\"https:\\\/\\\/www.urbanspot.si\\\/\"},{\"@type\":\"ListItem\",\"position\":2,\"name\":\"Shop\",\"item\":\"https:\\\/\\\/www.urbanspot.si\\\/shop\\\/\"},{\"@type\":\"ListItem\",\"position\":3,\"name\":\"Ovitek SPIGEN Liquid Crystal Glitter, Iphone 14 Pro\"}]},{\"@type\":\"WebSite\",\"@id\":\"https:\\\/\\\/www.urbanspot.si\\\/#website\",\"url\":\"https:\\\/\\\/www.urbanspot.si\\\/\",\"name\":\"UrbanSpot\",\"description\":\"\",\"publisher\":{\"@id\":\"https:\\\/\\\/www.urbanspot.si\\\/#organization\"},\"potentialAction\":[{\"@type\":\"SearchAction\",\"target\":{\"@type\":\"EntryPoint\",\"urlTemplate\":\"https:\\\/\\\/www.urbanspot.si\\\/?s={search_term_string}\"},\"query-input\":{\"@type\":\"PropertyValueSpecification\",\"valueRequired\":true,\"valueName\":\"search_term_string\"}}],\"inLanguage\":\"hr\"},{\"@type\":\"Organization\",\"@id\":\"https:\\\/\\\/www.urbanspot.si\\\/#organization\",\"name\":\"UrbanSpot\",\"url\":\"https:\\\/\\\/www.urbanspot.si\\\/\",\"logo\":{\"@type\":\"ImageObject\",\"inLanguage\":\"hr\",\"@id\":\"https:\\\/\\\/www.urbanspot.si\\\/#\\\/schema\\\/logo\\\/image\\\/\",\"url\":\"https:\\\/\\\/www.urbanspot.si\\\/wp-content\\\/uploads\\\/urbanspot-logo.svg\",\"contentUrl\":\"https:\\\/\\\/www.urbanspot.si\\\/wp-content\\\/uploads\\\/urbanspot-logo.svg\",\"width\":185,\"height\":40,\"caption\":\"UrbanSpot\"},\"image\":{\"@id\":\"https:\\\/\\\/www.urbanspot.si\\\/#\\\/schema\\\/logo\\\/image\\\/\"},\"sameAs\":[\"https:\\\/\\\/www.facebook.com\\\/urbanspot.si\"]}]}<\/script>\n<!-- \/ Yoast SEO plugin. -->","yoast_head_json":{"title":"Ovitek SPIGEN Liquid Crystal Glitter, Iphone 14 Pro -","robots":{"index":"index","follow":"follow","max-snippet":"max-snippet:-1","max-image-preview":"max-image-preview:large","max-video-preview":"max-video-preview:-1"},"canonical":"https:\/\/www.urbanspot.si\/hr\/proizvod-2\/spigen-tekuci-kristalni-glitter-maskica-za-iphone-14-pro\/","og_locale":"hr_HR","og_type":"article","og_title":"Ovitek SPIGEN Liquid Crystal Glitter, Iphone 14 Pro -","og_description":"Ovitka Spigen Liquid Crystal Glitter ne odlikuje le izjemna kakovost, temve\u010d tudi dizajn. Prozoren ovite, ki bo poskrbel za popolnoma naraven videz telefona, kljub temu pa bo le ta ostal odli\u010dno za\u0161\u010diten.","og_url":"https:\/\/www.urbanspot.si\/hr\/proizvod-2\/spigen-tekuci-kristalni-glitter-maskica-za-iphone-14-pro\/","article_publisher":"https:\/\/www.facebook.com\/urbanspot.si","article_modified_time":"2026-03-18T13:50:26+00:00","og_image":[{"width":1000,"height":1000,"url":"https:\/\/www.urbanspot.si\/wp-content\/uploads\/Spigen-Liquid-Crystal-iPhone-12.webp","type":"image\/webp"}],"twitter_card":"summary_large_image","twitter_misc":{"Procijenjeno vrijeme \u010ditanja":"1 minuta"},"schema":{"@context":"https:\/\/schema.org","@graph":[{"@type":"WebPage","@id":"https:\/\/www.urbanspot.si\/produkt\/ovitek-spigen-liquid-crystal-glitter-iphone-14-pro\/","url":"https:\/\/www.urbanspot.si\/produkt\/ovitek-spigen-liquid-crystal-glitter-iphone-14-pro\/","name":"Ovitek SPIGEN Liquid Crystal Glitter, Iphone 14 Pro -","isPartOf":{"@id":"https:\/\/www.urbanspot.si\/#website"},"primaryImageOfPage":{"@id":"https:\/\/www.urbanspot.si\/produkt\/ovitek-spigen-liquid-crystal-glitter-iphone-14-pro\/#primaryimage"},"image":{"@id":"https:\/\/www.urbanspot.si\/produkt\/ovitek-spigen-liquid-crystal-glitter-iphone-14-pro\/#primaryimage"},"thumbnailUrl":"https:\/\/www.urbanspot.si\/wp-content\/uploads\/Spigen-Liquid-Crystal-iPhone-12.webp","datePublished":"2025-07-20T08:00:00+00:00","dateModified":"2026-03-18T13:50:26+00:00","breadcrumb":{"@id":"https:\/\/www.urbanspot.si\/produkt\/ovitek-spigen-liquid-crystal-glitter-iphone-14-pro\/#breadcrumb"},"inLanguage":"hr","potentialAction":[{"@type":"ReadAction","target":["https:\/\/www.urbanspot.si\/produkt\/ovitek-spigen-liquid-crystal-glitter-iphone-14-pro\/"]}]},{"@type":"ImageObject","inLanguage":"hr","@id":"https:\/\/www.urbanspot.si\/produkt\/ovitek-spigen-liquid-crystal-glitter-iphone-14-pro\/#primaryimage","url":"https:\/\/www.urbanspot.si\/wp-content\/uploads\/Spigen-Liquid-Crystal-iPhone-12.webp","contentUrl":"https:\/\/www.urbanspot.si\/wp-content\/uploads\/Spigen-Liquid-Crystal-iPhone-12.webp","width":1000,"height":1000},{"@type":"BreadcrumbList","@id":"https:\/\/www.urbanspot.si\/produkt\/ovitek-spigen-liquid-crystal-glitter-iphone-14-pro\/#breadcrumb","itemListElement":[{"@type":"ListItem","position":1,"name":"Home","item":"https:\/\/www.urbanspot.si\/"},{"@type":"ListItem","position":2,"name":"Shop","item":"https:\/\/www.urbanspot.si\/shop\/"},{"@type":"ListItem","position":3,"name":"Ovitek SPIGEN Liquid Crystal Glitter, Iphone 14 Pro"}]},{"@type":"WebSite","@id":"https:\/\/www.urbanspot.si\/#website","url":"https:\/\/www.urbanspot.si\/","name":"UrbanSpot","description":"","publisher":{"@id":"https:\/\/www.urbanspot.si\/#organization"},"potentialAction":[{"@type":"SearchAction","target":{"@type":"EntryPoint","urlTemplate":"https:\/\/www.urbanspot.si\/?s={search_term_string}"},"query-input":{"@type":"PropertyValueSpecification","valueRequired":true,"valueName":"search_term_string"}}],"inLanguage":"hr"},{"@type":"Organization","@id":"https:\/\/www.urbanspot.si\/#organization","name":"UrbanSpot","url":"https:\/\/www.urbanspot.si\/","logo":{"@type":"ImageObject","inLanguage":"hr","@id":"https:\/\/www.urbanspot.si\/#\/schema\/logo\/image\/","url":"https:\/\/www.urbanspot.si\/wp-content\/uploads\/urbanspot-logo.svg","contentUrl":"https:\/\/www.urbanspot.si\/wp-content\/uploads\/urbanspot-logo.svg","width":185,"height":40,"caption":"UrbanSpot"},"image":{"@id":"https:\/\/www.urbanspot.si\/#\/schema\/logo\/image\/"},"sameAs":["https:\/\/www.facebook.com\/urbanspot.si"]}]}},"_links":{"self":[{"href":"https:\/\/www.urbanspot.si\/hr\/wp-json\/wp\/v2\/product\/25958","targetHints":{"allow":["GET"]}}],"collection":[{"href":"https:\/\/www.urbanspot.si\/hr\/wp-json\/wp\/v2\/product"}],"about":[{"href":"https:\/\/www.urbanspot.si\/hr\/wp-json\/wp\/v2\/types\/product"}],"replies":[{"embeddable":true,"href":"https:\/\/www.urbanspot.si\/hr\/wp-json\/wp\/v2\/comments?post=25958"}],"version-history":[{"count":3,"href":"https:\/\/www.urbanspot.si\/hr\/wp-json\/wp\/v2\/product\/25958\/revisions"}],"predecessor-version":[{"id":26709,"href":"https:\/\/www.urbanspot.si\/hr\/wp-json\/wp\/v2\/product\/25958\/revisions\/26709"}],"wp:featuredmedia":[{"embeddable":true,"href":"https:\/\/www.urbanspot.si\/hr\/wp-json\/wp\/v2\/media\/26702"}],"wp:attachment":[{"href":"https:\/\/www.urbanspot.si\/hr\/wp-json\/wp\/v2\/media?parent=25958"}],"wp:term":[{"taxonomy":"product_brand","embeddable":true,"href":"https:\/\/www.urbanspot.si\/hr\/wp-json\/wp\/v2\/product_brand?post=25958"},{"taxonomy":"product_cat","embeddable":true,"href":"https:\/\/www.urbanspot.si\/hr\/wp-json\/wp\/v2\/product_cat?post=25958"},{"taxonomy":"product_tag","embeddable":true,"href":"https:\/\/www.urbanspot.si\/hr\/wp-json\/wp\/v2\/product_tag?post=25958"}],"curies":[{"name":"radni list","href":"https:\/\/api.w.org\/{rel}","templated":true}]}}