{"id":25968,"date":"2020-07-01T00:00:00","date_gmt":"2020-06-30T22:00:00","guid":{"rendered":"https:\/\/www.urbanspot.si\/?post_type=product&#038;p=25968"},"modified":"2026-03-19T16:06:18","modified_gmt":"2026-03-19T14:06:18","slug":"flip-futrola-za-urbie-chameleon-xiaomi-poco-x4-pro-5g-crna","status":"publish","type":"product","link":"https:\/\/www.urbanspot.si\/hr\/produkt\/preklopna-torbica-urbie-chameleon-xiaomi-poco-x4-pro-5g-crna\/","title":{"rendered":"Urbie Chameleon Flip maskica, Xiaomi Poco X4 Pro 5G, crna"},"content":{"rendered":"","protected":false},"excerpt":{"rendered":"<p>Horizontalna preklopna maskica za mobitel Xiaomi X4 Pro 5G za\u0161titit \u0107e va\u0161 mobitel od ogrebotina i udaraca. Prekrasan dizajn maskice osigurat \u0107e da \u0107ete svugdje biti moderni sa svojim mobitelom. Maska savr\u0161eno pristaje odabranom modelu telefona i ima izreze za kameru i zvu\u010dnike.<\/p>","protected":false},"featured_media":26855,"comment_status":"closed","ping_status":"closed","template":"","meta":[],"product_brand":[],"product_cat":[560,690,91,301],"product_tag":[],"class_list":{"0":"post-25968","1":"product","2":"type-product","3":"status-publish","4":"has-post-thumbnail","6":"product_cat-ovitki-za-telefone","7":"product_cat-poco-x4-pro-5g","8":"product_cat-razprodaja","9":"product_cat-xiaomi-poco-serija","10":"pa_primerno-za-model-poco-x4-pro","12":"first","13":"instock","14":"sale","15":"purchasable","16":"product-type-simple"},"yoast_head":"<!-- This site is optimized with the Yoast SEO plugin v27.4 - https:\/\/yoast.com\/product\/yoast-seo-wordpress\/ -->\n<title>Preklopna torbica Urbie Chameleon, Xiaomi Poco X4 Pro 5G, \u010drna -<\/title>\n<meta name=\"robots\" content=\"index, follow, max-snippet:-1, max-image-preview:large, max-video-preview:-1\" \/>\n<link rel=\"canonical\" href=\"https:\/\/www.urbanspot.si\/hr\/proizvod-2\/flip-futrola-za-urbie-chameleon-xiaomi-poco-x4-pro-5g-crna\/\" \/>\n<meta property=\"og:locale\" content=\"hr_HR\" \/>\n<meta property=\"og:type\" content=\"article\" \/>\n<meta property=\"og:title\" content=\"Preklopna torbica Urbie Chameleon, Xiaomi Poco X4 Pro 5G, \u010drna -\" \/>\n<meta property=\"og:description\" content=\"Horizontalna preklopna torbica za mobilni telefon Xiaomi X4 Pro 5G bo va\u0161 mobilnik \u0161\u010ditila pred praskami in udarci. \u010cudovit dizajn torbice pa bo poskrbel, da boste s svojim mobilnikom moderni prav povsod. Torbica se popolnoma prilega izbranemu modelu telefona in ima izrezane odprtine za kamero ter zvo\u010dnike.\" \/>\n<meta property=\"og:url\" content=\"https:\/\/www.urbanspot.si\/hr\/proizvod-2\/flip-futrola-za-urbie-chameleon-xiaomi-poco-x4-pro-5g-crna\/\" \/>\n<meta property=\"article:publisher\" content=\"https:\/\/www.facebook.com\/urbanspot.si\" \/>\n<meta property=\"article:modified_time\" content=\"2026-03-19T14:06:18+00:00\" \/>\n<meta property=\"og:image\" content=\"https:\/\/www.urbanspot.si\/wp-content\/uploads\/poco-x4-pro.png\" \/>\n\t<meta property=\"og:image:width\" content=\"1080\" \/>\n\t<meta property=\"og:image:height\" content=\"1080\" \/>\n\t<meta property=\"og:image:type\" content=\"image\/png\" \/>\n<meta name=\"twitter:card\" content=\"summary_large_image\" \/>\n<meta name=\"twitter:label1\" content=\"Procijenjeno vrijeme \u010ditanja\" \/>\n\t<meta name=\"twitter:data1\" content=\"1 minuta\" \/>\n<script type=\"application\/ld+json\" class=\"yoast-schema-graph\">{\"@context\":\"https:\\\/\\\/schema.org\",\"@graph\":[{\"@type\":\"WebPage\",\"@id\":\"https:\\\/\\\/www.urbanspot.si\\\/produkt\\\/preklopna-torbica-urbie-chameleon-xiaomi-poco-x4-pro-5g-crna\\\/\",\"url\":\"https:\\\/\\\/www.urbanspot.si\\\/produkt\\\/preklopna-torbica-urbie-chameleon-xiaomi-poco-x4-pro-5g-crna\\\/\",\"name\":\"Preklopna torbica Urbie Chameleon, Xiaomi Poco X4 Pro 5G, \u010drna -\",\"isPartOf\":{\"@id\":\"https:\\\/\\\/www.urbanspot.si\\\/#website\"},\"primaryImageOfPage\":{\"@id\":\"https:\\\/\\\/www.urbanspot.si\\\/produkt\\\/preklopna-torbica-urbie-chameleon-xiaomi-poco-x4-pro-5g-crna\\\/#primaryimage\"},\"image\":{\"@id\":\"https:\\\/\\\/www.urbanspot.si\\\/produkt\\\/preklopna-torbica-urbie-chameleon-xiaomi-poco-x4-pro-5g-crna\\\/#primaryimage\"},\"thumbnailUrl\":\"https:\\\/\\\/www.urbanspot.si\\\/wp-content\\\/uploads\\\/poco-x4-pro.png\",\"datePublished\":\"2020-06-30T22:00:00+00:00\",\"dateModified\":\"2026-03-19T14:06:18+00:00\",\"breadcrumb\":{\"@id\":\"https:\\\/\\\/www.urbanspot.si\\\/produkt\\\/preklopna-torbica-urbie-chameleon-xiaomi-poco-x4-pro-5g-crna\\\/#breadcrumb\"},\"inLanguage\":\"hr\",\"potentialAction\":[{\"@type\":\"ReadAction\",\"target\":[\"https:\\\/\\\/www.urbanspot.si\\\/produkt\\\/preklopna-torbica-urbie-chameleon-xiaomi-poco-x4-pro-5g-crna\\\/\"]}]},{\"@type\":\"ImageObject\",\"inLanguage\":\"hr\",\"@id\":\"https:\\\/\\\/www.urbanspot.si\\\/produkt\\\/preklopna-torbica-urbie-chameleon-xiaomi-poco-x4-pro-5g-crna\\\/#primaryimage\",\"url\":\"https:\\\/\\\/www.urbanspot.si\\\/wp-content\\\/uploads\\\/poco-x4-pro.png\",\"contentUrl\":\"https:\\\/\\\/www.urbanspot.si\\\/wp-content\\\/uploads\\\/poco-x4-pro.png\",\"width\":1080,\"height\":1080},{\"@type\":\"BreadcrumbList\",\"@id\":\"https:\\\/\\\/www.urbanspot.si\\\/produkt\\\/preklopna-torbica-urbie-chameleon-xiaomi-poco-x4-pro-5g-crna\\\/#breadcrumb\",\"itemListElement\":[{\"@type\":\"ListItem\",\"position\":1,\"name\":\"Home\",\"item\":\"https:\\\/\\\/www.urbanspot.si\\\/\"},{\"@type\":\"ListItem\",\"position\":2,\"name\":\"Shop\",\"item\":\"https:\\\/\\\/www.urbanspot.si\\\/shop\\\/\"},{\"@type\":\"ListItem\",\"position\":3,\"name\":\"Preklopna torbica Urbie Chameleon, Xiaomi Poco X4 Pro 5G, \u010drna\"}]},{\"@type\":\"WebSite\",\"@id\":\"https:\\\/\\\/www.urbanspot.si\\\/#website\",\"url\":\"https:\\\/\\\/www.urbanspot.si\\\/\",\"name\":\"UrbanSpot\",\"description\":\"\",\"publisher\":{\"@id\":\"https:\\\/\\\/www.urbanspot.si\\\/#organization\"},\"potentialAction\":[{\"@type\":\"SearchAction\",\"target\":{\"@type\":\"EntryPoint\",\"urlTemplate\":\"https:\\\/\\\/www.urbanspot.si\\\/?s={search_term_string}\"},\"query-input\":{\"@type\":\"PropertyValueSpecification\",\"valueRequired\":true,\"valueName\":\"search_term_string\"}}],\"inLanguage\":\"hr\"},{\"@type\":\"Organization\",\"@id\":\"https:\\\/\\\/www.urbanspot.si\\\/#organization\",\"name\":\"UrbanSpot\",\"url\":\"https:\\\/\\\/www.urbanspot.si\\\/\",\"logo\":{\"@type\":\"ImageObject\",\"inLanguage\":\"hr\",\"@id\":\"https:\\\/\\\/www.urbanspot.si\\\/#\\\/schema\\\/logo\\\/image\\\/\",\"url\":\"https:\\\/\\\/www.urbanspot.si\\\/wp-content\\\/uploads\\\/urbanspot-logo.svg\",\"contentUrl\":\"https:\\\/\\\/www.urbanspot.si\\\/wp-content\\\/uploads\\\/urbanspot-logo.svg\",\"width\":185,\"height\":40,\"caption\":\"UrbanSpot\"},\"image\":{\"@id\":\"https:\\\/\\\/www.urbanspot.si\\\/#\\\/schema\\\/logo\\\/image\\\/\"},\"sameAs\":[\"https:\\\/\\\/www.facebook.com\\\/urbanspot.si\"]}]}<\/script>\n<!-- \/ Yoast SEO plugin. -->","yoast_head_json":{"title":"Preklopna torbica Urbie Chameleon, Xiaomi Poco X4 Pro 5G, \u010drna -","robots":{"index":"index","follow":"follow","max-snippet":"max-snippet:-1","max-image-preview":"max-image-preview:large","max-video-preview":"max-video-preview:-1"},"canonical":"https:\/\/www.urbanspot.si\/hr\/proizvod-2\/flip-futrola-za-urbie-chameleon-xiaomi-poco-x4-pro-5g-crna\/","og_locale":"hr_HR","og_type":"article","og_title":"Preklopna torbica Urbie Chameleon, Xiaomi Poco X4 Pro 5G, \u010drna -","og_description":"Horizontalna preklopna torbica za mobilni telefon Xiaomi X4 Pro 5G bo va\u0161 mobilnik \u0161\u010ditila pred praskami in udarci. \u010cudovit dizajn torbice pa bo poskrbel, da boste s svojim mobilnikom moderni prav povsod. Torbica se popolnoma prilega izbranemu modelu telefona in ima izrezane odprtine za kamero ter zvo\u010dnike.","og_url":"https:\/\/www.urbanspot.si\/hr\/proizvod-2\/flip-futrola-za-urbie-chameleon-xiaomi-poco-x4-pro-5g-crna\/","article_publisher":"https:\/\/www.facebook.com\/urbanspot.si","article_modified_time":"2026-03-19T14:06:18+00:00","og_image":[{"width":1080,"height":1080,"url":"https:\/\/www.urbanspot.si\/wp-content\/uploads\/poco-x4-pro.png","type":"image\/png"}],"twitter_card":"summary_large_image","twitter_misc":{"Procijenjeno vrijeme \u010ditanja":"1 minuta"},"schema":{"@context":"https:\/\/schema.org","@graph":[{"@type":"WebPage","@id":"https:\/\/www.urbanspot.si\/produkt\/preklopna-torbica-urbie-chameleon-xiaomi-poco-x4-pro-5g-crna\/","url":"https:\/\/www.urbanspot.si\/produkt\/preklopna-torbica-urbie-chameleon-xiaomi-poco-x4-pro-5g-crna\/","name":"Preklopna torbica Urbie Chameleon, Xiaomi Poco X4 Pro 5G, \u010drna -","isPartOf":{"@id":"https:\/\/www.urbanspot.si\/#website"},"primaryImageOfPage":{"@id":"https:\/\/www.urbanspot.si\/produkt\/preklopna-torbica-urbie-chameleon-xiaomi-poco-x4-pro-5g-crna\/#primaryimage"},"image":{"@id":"https:\/\/www.urbanspot.si\/produkt\/preklopna-torbica-urbie-chameleon-xiaomi-poco-x4-pro-5g-crna\/#primaryimage"},"thumbnailUrl":"https:\/\/www.urbanspot.si\/wp-content\/uploads\/poco-x4-pro.png","datePublished":"2020-06-30T22:00:00+00:00","dateModified":"2026-03-19T14:06:18+00:00","breadcrumb":{"@id":"https:\/\/www.urbanspot.si\/produkt\/preklopna-torbica-urbie-chameleon-xiaomi-poco-x4-pro-5g-crna\/#breadcrumb"},"inLanguage":"hr","potentialAction":[{"@type":"ReadAction","target":["https:\/\/www.urbanspot.si\/produkt\/preklopna-torbica-urbie-chameleon-xiaomi-poco-x4-pro-5g-crna\/"]}]},{"@type":"ImageObject","inLanguage":"hr","@id":"https:\/\/www.urbanspot.si\/produkt\/preklopna-torbica-urbie-chameleon-xiaomi-poco-x4-pro-5g-crna\/#primaryimage","url":"https:\/\/www.urbanspot.si\/wp-content\/uploads\/poco-x4-pro.png","contentUrl":"https:\/\/www.urbanspot.si\/wp-content\/uploads\/poco-x4-pro.png","width":1080,"height":1080},{"@type":"BreadcrumbList","@id":"https:\/\/www.urbanspot.si\/produkt\/preklopna-torbica-urbie-chameleon-xiaomi-poco-x4-pro-5g-crna\/#breadcrumb","itemListElement":[{"@type":"ListItem","position":1,"name":"Home","item":"https:\/\/www.urbanspot.si\/"},{"@type":"ListItem","position":2,"name":"Shop","item":"https:\/\/www.urbanspot.si\/shop\/"},{"@type":"ListItem","position":3,"name":"Preklopna torbica Urbie Chameleon, Xiaomi Poco X4 Pro 5G, \u010drna"}]},{"@type":"WebSite","@id":"https:\/\/www.urbanspot.si\/#website","url":"https:\/\/www.urbanspot.si\/","name":"UrbanSpot","description":"","publisher":{"@id":"https:\/\/www.urbanspot.si\/#organization"},"potentialAction":[{"@type":"SearchAction","target":{"@type":"EntryPoint","urlTemplate":"https:\/\/www.urbanspot.si\/?s={search_term_string}"},"query-input":{"@type":"PropertyValueSpecification","valueRequired":true,"valueName":"search_term_string"}}],"inLanguage":"hr"},{"@type":"Organization","@id":"https:\/\/www.urbanspot.si\/#organization","name":"UrbanSpot","url":"https:\/\/www.urbanspot.si\/","logo":{"@type":"ImageObject","inLanguage":"hr","@id":"https:\/\/www.urbanspot.si\/#\/schema\/logo\/image\/","url":"https:\/\/www.urbanspot.si\/wp-content\/uploads\/urbanspot-logo.svg","contentUrl":"https:\/\/www.urbanspot.si\/wp-content\/uploads\/urbanspot-logo.svg","width":185,"height":40,"caption":"UrbanSpot"},"image":{"@id":"https:\/\/www.urbanspot.si\/#\/schema\/logo\/image\/"},"sameAs":["https:\/\/www.facebook.com\/urbanspot.si"]}]}},"_links":{"self":[{"href":"https:\/\/www.urbanspot.si\/hr\/wp-json\/wp\/v2\/product\/25968","targetHints":{"allow":["GET"]}}],"collection":[{"href":"https:\/\/www.urbanspot.si\/hr\/wp-json\/wp\/v2\/product"}],"about":[{"href":"https:\/\/www.urbanspot.si\/hr\/wp-json\/wp\/v2\/types\/product"}],"replies":[{"embeddable":true,"href":"https:\/\/www.urbanspot.si\/hr\/wp-json\/wp\/v2\/comments?post=25968"}],"version-history":[{"count":3,"href":"https:\/\/www.urbanspot.si\/hr\/wp-json\/wp\/v2\/product\/25968\/revisions"}],"predecessor-version":[{"id":26860,"href":"https:\/\/www.urbanspot.si\/hr\/wp-json\/wp\/v2\/product\/25968\/revisions\/26860"}],"wp:featuredmedia":[{"embeddable":true,"href":"https:\/\/www.urbanspot.si\/hr\/wp-json\/wp\/v2\/media\/26855"}],"wp:attachment":[{"href":"https:\/\/www.urbanspot.si\/hr\/wp-json\/wp\/v2\/media?parent=25968"}],"wp:term":[{"taxonomy":"product_brand","embeddable":true,"href":"https:\/\/www.urbanspot.si\/hr\/wp-json\/wp\/v2\/product_brand?post=25968"},{"taxonomy":"product_cat","embeddable":true,"href":"https:\/\/www.urbanspot.si\/hr\/wp-json\/wp\/v2\/product_cat?post=25968"},{"taxonomy":"product_tag","embeddable":true,"href":"https:\/\/www.urbanspot.si\/hr\/wp-json\/wp\/v2\/product_tag?post=25968"}],"curies":[{"name":"radni list","href":"https:\/\/api.w.org\/{rel}","templated":true}]}}