{"id":26052,"date":"2020-07-01T00:00:00","date_gmt":"2020-06-30T22:00:00","guid":{"rendered":"https:\/\/www.urbanspot.si\/?post_type=product&#038;p=26052"},"modified":"2026-03-19T16:06:16","modified_gmt":"2026-03-19T14:06:16","slug":"kameleon-zastitno-staklo-za-huawei-watch-gt-3-46-mm","status":"publish","type":"product","link":"https:\/\/www.urbanspot.si\/hr\/produkt\/zascitno-steklo-chameleon-za-uro-huawei-watch-gt-3-46mm\/","title":{"rendered":"CHAMELEON za\u0161titno staklo za sat, Huawei Watch GT 3, 46 mm"},"content":{"rendered":"<ul>\n<li>Hibridno za\u0161titno staklo sastoji se od vi\u0161e slojeva, \u0161to zna\u010di najbolje od oba svijeta - \u010dvrsto\u0107u stakla i fleksibilnost folije.<\/li>\n<li>Premaz protiv masno\u0107e \u2013 manje otisaka prstiju i drugih mrlja.<\/li>\n<li>Hibridni stakleni sloj s povr\u0161inskom tvrdo\u0107om 9H i dodatnim slojem za apsorpciju udaraca i vibracija.<\/li>\n<li>Napredno ljepilo protiv mjehuri\u0107a.<\/li>\n<\/ul>\n<p>&nbsp;<\/p>\n<p>Sadr\u017eaj paketa<\/p>\n<ul>\n<li>Hibridno za\u0161titno staklo za pametni sat,<\/li>\n<li>Hidratantna maramica,<\/li>\n<li>Antistati\u010dka tkanina,<\/li>\n<li>Naljepnica za uklanjanje pra\u0161ine<\/li>\n<\/ul>","protected":false},"excerpt":{"rendered":"<p>Hibridno za\u0161titno staklo dizajnirano za pametni sat Huawei Watch GT3 (46 mm) nudi pouzdanu za\u0161titu od udaraca i ogrebotina unato\u010d svojoj tankosti. Budu\u0107i da se pametni sat stalno kre\u0107e s nama, vjerojatnost nezgode je ve\u0107a nego kod pametnog telefona. Za\u0161titite svoj prije nego \u0161to bude prekasno.<\/p>","protected":false},"featured_media":26850,"comment_status":"closed","ping_status":"closed","template":"","meta":[],"product_brand":[],"product_cat":[481,689],"product_tag":[],"class_list":{"0":"post-26052","1":"product","2":"type-product","3":"status-publish","4":"has-post-thumbnail","6":"product_cat-huawei-pametne-ure","7":"product_cat-watch-gt-3-46mm","8":"pa_primerno-za-model-huawei-watch-gt-3-46mm","9":"pa_primerno-za-proizvajalca-huawei","11":"first","12":"instock","13":"sale","14":"purchasable","15":"product-type-simple"},"yoast_head":"<!-- This site is optimized with the Yoast SEO plugin v27.4 - https:\/\/yoast.com\/product\/yoast-seo-wordpress\/ -->\n<title>Za\u0161\u010ditno steklo CHAMELEON za uro, Huawei Watch GT 3, 46mm -<\/title>\n<meta name=\"robots\" content=\"index, follow, max-snippet:-1, max-image-preview:large, max-video-preview:-1\" \/>\n<link rel=\"canonical\" href=\"https:\/\/www.urbanspot.si\/hr\/proizvod-2\/kameleon-zastitno-staklo-za-huawei-watch-gt-3-46-mm\/\" \/>\n<meta property=\"og:locale\" content=\"hr_HR\" \/>\n<meta property=\"og:type\" content=\"article\" \/>\n<meta property=\"og:title\" content=\"Za\u0161\u010ditno steklo CHAMELEON za uro, Huawei Watch GT 3, 46mm -\" \/>\n<meta property=\"og:description\" content=\"Hibridno za\u0161\u010ditno steklo, ki je namenjeno za pametno uro Huawei Watch GT3 (46mm), kljub svoji tankosti ponuja zanesljivo za\u0161\u010dito pred udarci in praskami. Ker je pametna ura v konstantnem gibanju skupaj z nami, je verjetnost nesre\u010de ve\u010dja kot pri pametnem telefonu. Za\u0161\u010diti svojo, preden bo prepozno.\" \/>\n<meta property=\"og:url\" content=\"https:\/\/www.urbanspot.si\/hr\/proizvod-2\/kameleon-zastitno-staklo-za-huawei-watch-gt-3-46-mm\/\" \/>\n<meta property=\"article:publisher\" content=\"https:\/\/www.facebook.com\/urbanspot.si\" \/>\n<meta property=\"article:modified_time\" content=\"2026-03-19T14:06:16+00:00\" \/>\n<meta property=\"og:image\" content=\"https:\/\/www.urbanspot.si\/wp-content\/uploads\/gt3-46mm.png\" \/>\n\t<meta property=\"og:image:width\" content=\"1080\" \/>\n\t<meta property=\"og:image:height\" content=\"1080\" \/>\n\t<meta property=\"og:image:type\" content=\"image\/png\" \/>\n<meta name=\"twitter:card\" content=\"summary_large_image\" \/>\n<meta name=\"twitter:label1\" content=\"Procijenjeno vrijeme \u010ditanja\" \/>\n\t<meta name=\"twitter:data1\" content=\"1 minuta\" \/>\n<script type=\"application\/ld+json\" class=\"yoast-schema-graph\">{\"@context\":\"https:\\\/\\\/schema.org\",\"@graph\":[{\"@type\":\"WebPage\",\"@id\":\"https:\\\/\\\/www.urbanspot.si\\\/produkt\\\/zascitno-steklo-chameleon-za-uro-huawei-watch-gt-3-46mm\\\/\",\"url\":\"https:\\\/\\\/www.urbanspot.si\\\/produkt\\\/zascitno-steklo-chameleon-za-uro-huawei-watch-gt-3-46mm\\\/\",\"name\":\"Za\u0161\u010ditno steklo CHAMELEON za uro, Huawei Watch GT 3, 46mm -\",\"isPartOf\":{\"@id\":\"https:\\\/\\\/www.urbanspot.si\\\/#website\"},\"primaryImageOfPage\":{\"@id\":\"https:\\\/\\\/www.urbanspot.si\\\/produkt\\\/zascitno-steklo-chameleon-za-uro-huawei-watch-gt-3-46mm\\\/#primaryimage\"},\"image\":{\"@id\":\"https:\\\/\\\/www.urbanspot.si\\\/produkt\\\/zascitno-steklo-chameleon-za-uro-huawei-watch-gt-3-46mm\\\/#primaryimage\"},\"thumbnailUrl\":\"https:\\\/\\\/www.urbanspot.si\\\/wp-content\\\/uploads\\\/gt3-46mm.png\",\"datePublished\":\"2020-06-30T22:00:00+00:00\",\"dateModified\":\"2026-03-19T14:06:16+00:00\",\"breadcrumb\":{\"@id\":\"https:\\\/\\\/www.urbanspot.si\\\/produkt\\\/zascitno-steklo-chameleon-za-uro-huawei-watch-gt-3-46mm\\\/#breadcrumb\"},\"inLanguage\":\"hr\",\"potentialAction\":[{\"@type\":\"ReadAction\",\"target\":[\"https:\\\/\\\/www.urbanspot.si\\\/produkt\\\/zascitno-steklo-chameleon-za-uro-huawei-watch-gt-3-46mm\\\/\"]}]},{\"@type\":\"ImageObject\",\"inLanguage\":\"hr\",\"@id\":\"https:\\\/\\\/www.urbanspot.si\\\/produkt\\\/zascitno-steklo-chameleon-za-uro-huawei-watch-gt-3-46mm\\\/#primaryimage\",\"url\":\"https:\\\/\\\/www.urbanspot.si\\\/wp-content\\\/uploads\\\/gt3-46mm.png\",\"contentUrl\":\"https:\\\/\\\/www.urbanspot.si\\\/wp-content\\\/uploads\\\/gt3-46mm.png\",\"width\":1080,\"height\":1080},{\"@type\":\"BreadcrumbList\",\"@id\":\"https:\\\/\\\/www.urbanspot.si\\\/produkt\\\/zascitno-steklo-chameleon-za-uro-huawei-watch-gt-3-46mm\\\/#breadcrumb\",\"itemListElement\":[{\"@type\":\"ListItem\",\"position\":1,\"name\":\"Home\",\"item\":\"https:\\\/\\\/www.urbanspot.si\\\/\"},{\"@type\":\"ListItem\",\"position\":2,\"name\":\"Shop\",\"item\":\"https:\\\/\\\/www.urbanspot.si\\\/shop\\\/\"},{\"@type\":\"ListItem\",\"position\":3,\"name\":\"Za\u0161\u010ditno steklo CHAMELEON za uro, Huawei Watch GT 3, 46mm\"}]},{\"@type\":\"WebSite\",\"@id\":\"https:\\\/\\\/www.urbanspot.si\\\/#website\",\"url\":\"https:\\\/\\\/www.urbanspot.si\\\/\",\"name\":\"UrbanSpot\",\"description\":\"\",\"publisher\":{\"@id\":\"https:\\\/\\\/www.urbanspot.si\\\/#organization\"},\"potentialAction\":[{\"@type\":\"SearchAction\",\"target\":{\"@type\":\"EntryPoint\",\"urlTemplate\":\"https:\\\/\\\/www.urbanspot.si\\\/?s={search_term_string}\"},\"query-input\":{\"@type\":\"PropertyValueSpecification\",\"valueRequired\":true,\"valueName\":\"search_term_string\"}}],\"inLanguage\":\"hr\"},{\"@type\":\"Organization\",\"@id\":\"https:\\\/\\\/www.urbanspot.si\\\/#organization\",\"name\":\"UrbanSpot\",\"url\":\"https:\\\/\\\/www.urbanspot.si\\\/\",\"logo\":{\"@type\":\"ImageObject\",\"inLanguage\":\"hr\",\"@id\":\"https:\\\/\\\/www.urbanspot.si\\\/#\\\/schema\\\/logo\\\/image\\\/\",\"url\":\"https:\\\/\\\/www.urbanspot.si\\\/wp-content\\\/uploads\\\/urbanspot-logo.svg\",\"contentUrl\":\"https:\\\/\\\/www.urbanspot.si\\\/wp-content\\\/uploads\\\/urbanspot-logo.svg\",\"width\":185,\"height\":40,\"caption\":\"UrbanSpot\"},\"image\":{\"@id\":\"https:\\\/\\\/www.urbanspot.si\\\/#\\\/schema\\\/logo\\\/image\\\/\"},\"sameAs\":[\"https:\\\/\\\/www.facebook.com\\\/urbanspot.si\"]}]}<\/script>\n<!-- \/ Yoast SEO plugin. -->","yoast_head_json":{"title":"Za\u0161\u010ditno steklo CHAMELEON za uro, Huawei Watch GT 3, 46mm -","robots":{"index":"index","follow":"follow","max-snippet":"max-snippet:-1","max-image-preview":"max-image-preview:large","max-video-preview":"max-video-preview:-1"},"canonical":"https:\/\/www.urbanspot.si\/hr\/proizvod-2\/kameleon-zastitno-staklo-za-huawei-watch-gt-3-46-mm\/","og_locale":"hr_HR","og_type":"article","og_title":"Za\u0161\u010ditno steklo CHAMELEON za uro, Huawei Watch GT 3, 46mm -","og_description":"Hibridno za\u0161\u010ditno steklo, ki je namenjeno za pametno uro Huawei Watch GT3 (46mm), kljub svoji tankosti ponuja zanesljivo za\u0161\u010dito pred udarci in praskami. Ker je pametna ura v konstantnem gibanju skupaj z nami, je verjetnost nesre\u010de ve\u010dja kot pri pametnem telefonu. Za\u0161\u010diti svojo, preden bo prepozno.","og_url":"https:\/\/www.urbanspot.si\/hr\/proizvod-2\/kameleon-zastitno-staklo-za-huawei-watch-gt-3-46-mm\/","article_publisher":"https:\/\/www.facebook.com\/urbanspot.si","article_modified_time":"2026-03-19T14:06:16+00:00","og_image":[{"width":1080,"height":1080,"url":"https:\/\/www.urbanspot.si\/wp-content\/uploads\/gt3-46mm.png","type":"image\/png"}],"twitter_card":"summary_large_image","twitter_misc":{"Procijenjeno vrijeme \u010ditanja":"1 minuta"},"schema":{"@context":"https:\/\/schema.org","@graph":[{"@type":"WebPage","@id":"https:\/\/www.urbanspot.si\/produkt\/zascitno-steklo-chameleon-za-uro-huawei-watch-gt-3-46mm\/","url":"https:\/\/www.urbanspot.si\/produkt\/zascitno-steklo-chameleon-za-uro-huawei-watch-gt-3-46mm\/","name":"Za\u0161\u010ditno steklo CHAMELEON za uro, Huawei Watch GT 3, 46mm -","isPartOf":{"@id":"https:\/\/www.urbanspot.si\/#website"},"primaryImageOfPage":{"@id":"https:\/\/www.urbanspot.si\/produkt\/zascitno-steklo-chameleon-za-uro-huawei-watch-gt-3-46mm\/#primaryimage"},"image":{"@id":"https:\/\/www.urbanspot.si\/produkt\/zascitno-steklo-chameleon-za-uro-huawei-watch-gt-3-46mm\/#primaryimage"},"thumbnailUrl":"https:\/\/www.urbanspot.si\/wp-content\/uploads\/gt3-46mm.png","datePublished":"2020-06-30T22:00:00+00:00","dateModified":"2026-03-19T14:06:16+00:00","breadcrumb":{"@id":"https:\/\/www.urbanspot.si\/produkt\/zascitno-steklo-chameleon-za-uro-huawei-watch-gt-3-46mm\/#breadcrumb"},"inLanguage":"hr","potentialAction":[{"@type":"ReadAction","target":["https:\/\/www.urbanspot.si\/produkt\/zascitno-steklo-chameleon-za-uro-huawei-watch-gt-3-46mm\/"]}]},{"@type":"ImageObject","inLanguage":"hr","@id":"https:\/\/www.urbanspot.si\/produkt\/zascitno-steklo-chameleon-za-uro-huawei-watch-gt-3-46mm\/#primaryimage","url":"https:\/\/www.urbanspot.si\/wp-content\/uploads\/gt3-46mm.png","contentUrl":"https:\/\/www.urbanspot.si\/wp-content\/uploads\/gt3-46mm.png","width":1080,"height":1080},{"@type":"BreadcrumbList","@id":"https:\/\/www.urbanspot.si\/produkt\/zascitno-steklo-chameleon-za-uro-huawei-watch-gt-3-46mm\/#breadcrumb","itemListElement":[{"@type":"ListItem","position":1,"name":"Home","item":"https:\/\/www.urbanspot.si\/"},{"@type":"ListItem","position":2,"name":"Shop","item":"https:\/\/www.urbanspot.si\/shop\/"},{"@type":"ListItem","position":3,"name":"Za\u0161\u010ditno steklo CHAMELEON za uro, Huawei Watch GT 3, 46mm"}]},{"@type":"WebSite","@id":"https:\/\/www.urbanspot.si\/#website","url":"https:\/\/www.urbanspot.si\/","name":"UrbanSpot","description":"","publisher":{"@id":"https:\/\/www.urbanspot.si\/#organization"},"potentialAction":[{"@type":"SearchAction","target":{"@type":"EntryPoint","urlTemplate":"https:\/\/www.urbanspot.si\/?s={search_term_string}"},"query-input":{"@type":"PropertyValueSpecification","valueRequired":true,"valueName":"search_term_string"}}],"inLanguage":"hr"},{"@type":"Organization","@id":"https:\/\/www.urbanspot.si\/#organization","name":"UrbanSpot","url":"https:\/\/www.urbanspot.si\/","logo":{"@type":"ImageObject","inLanguage":"hr","@id":"https:\/\/www.urbanspot.si\/#\/schema\/logo\/image\/","url":"https:\/\/www.urbanspot.si\/wp-content\/uploads\/urbanspot-logo.svg","contentUrl":"https:\/\/www.urbanspot.si\/wp-content\/uploads\/urbanspot-logo.svg","width":185,"height":40,"caption":"UrbanSpot"},"image":{"@id":"https:\/\/www.urbanspot.si\/#\/schema\/logo\/image\/"},"sameAs":["https:\/\/www.facebook.com\/urbanspot.si"]}]}},"_links":{"self":[{"href":"https:\/\/www.urbanspot.si\/hr\/wp-json\/wp\/v2\/product\/26052","targetHints":{"allow":["GET"]}}],"collection":[{"href":"https:\/\/www.urbanspot.si\/hr\/wp-json\/wp\/v2\/product"}],"about":[{"href":"https:\/\/www.urbanspot.si\/hr\/wp-json\/wp\/v2\/types\/product"}],"replies":[{"embeddable":true,"href":"https:\/\/www.urbanspot.si\/hr\/wp-json\/wp\/v2\/comments?post=26052"}],"version-history":[{"count":3,"href":"https:\/\/www.urbanspot.si\/hr\/wp-json\/wp\/v2\/product\/26052\/revisions"}],"predecessor-version":[{"id":26853,"href":"https:\/\/www.urbanspot.si\/hr\/wp-json\/wp\/v2\/product\/26052\/revisions\/26853"}],"wp:featuredmedia":[{"embeddable":true,"href":"https:\/\/www.urbanspot.si\/hr\/wp-json\/wp\/v2\/media\/26850"}],"wp:attachment":[{"href":"https:\/\/www.urbanspot.si\/hr\/wp-json\/wp\/v2\/media?parent=26052"}],"wp:term":[{"taxonomy":"product_brand","embeddable":true,"href":"https:\/\/www.urbanspot.si\/hr\/wp-json\/wp\/v2\/product_brand?post=26052"},{"taxonomy":"product_cat","embeddable":true,"href":"https:\/\/www.urbanspot.si\/hr\/wp-json\/wp\/v2\/product_cat?post=26052"},{"taxonomy":"product_tag","embeddable":true,"href":"https:\/\/www.urbanspot.si\/hr\/wp-json\/wp\/v2\/product_tag?post=26052"}],"curies":[{"name":"radni list","href":"https:\/\/api.w.org\/{rel}","templated":true}]}}