{"id":26276,"date":"2025-07-01T00:00:00","date_gmt":"2025-06-30T22:00:00","guid":{"rendered":"https:\/\/www.urbanspot.si\/?post_type=product&#038;p=26276"},"modified":"2026-03-19T16:02:55","modified_gmt":"2026-03-19T14:02:55","slug":"urbia-crystal-glitter-maska-za-samsung-galaxy-s21-fe","status":"publish","type":"product","link":"https:\/\/www.urbanspot.si\/hr\/produkt\/ovitek-urbie-cyrstal-glitter-samsung-galaxy-s21-fe\/","title":{"rendered":"Urbie kristalna maskica s glitterom za Samsung Galaxy S21 FE"},"content":{"rendered":"","protected":false},"excerpt":{"rendered":"<div class=\"elementor-element elementor-element-0c75b50 wd-single-short-desc text-left elementor-widget elementor-widget-wd_single_product_short_description\" data-id=\"0c75b50\" data-element_type=\"widget\" data-widget_type=\"wd_single_product_short_description.default\">\n<div class=\"elementor-widget-container\">\n<div class=\"woocommerce-product-details__short-description\">\n<p>Futrola, koja \u0161titi stra\u017enju stranu i bo\u010dne strane ure\u0111aja, izra\u0111ena je od materijala koji brinu o telefonu u slu\u010daju udaraca i \u0161tite ga od ogrebotina i o\u0161te\u0107enja.<\/p>\n<\/div>\n<\/div>\n<\/div>\n<div class=\"wd-negative-gap elementor-element elementor-element-f5c1552 e-flex e-con-boxed e-con e-child\" data-id=\"f5c1552\" data-element_type=\"container\">\n<div class=\"e-con-inner\">\n<div class=\"elementor-element elementor-element-eea8442 wd-single-price text-left elementor-widget elementor-widget-wd_single_product_price\" data-id=\"eea8442\" data-element_type=\"widget\" data-widget_type=\"wd_single_product_price.default\">\n<div class=\"elementor-widget-container\"><\/div>\n<\/div>\n<\/div>\n<\/div>","protected":false},"featured_media":14440,"comment_status":"closed","ping_status":"closed","template":"","meta":[],"product_brand":[],"product_cat":[360,560,91,88,89],"product_tag":[],"class_list":{"0":"post-26276","1":"product","2":"type-product","3":"status-publish","4":"has-post-thumbnail","6":"product_cat-galaxy-s21-fe","7":"product_cat-ovitki-za-telefone","8":"product_cat-razprodaja","9":"product_cat-samsung","10":"product_cat-samsung-s-serija","11":"pa_primerno-za-model-samsung-galaxy-s21-fe","13":"first","14":"instock","15":"sale","16":"purchasable","17":"product-type-simple"},"yoast_head":"<!-- This site is optimized with the Yoast SEO plugin v27.4 - https:\/\/yoast.com\/product\/yoast-seo-wordpress\/ -->\n<title>Ovitek Urbie Cyrstal Glitter, Samsung Galaxy S21 FE -<\/title>\n<meta name=\"robots\" content=\"index, follow, max-snippet:-1, max-image-preview:large, max-video-preview:-1\" \/>\n<link rel=\"canonical\" href=\"https:\/\/www.urbanspot.si\/hr\/proizvod-2\/urbia-crystal-glitter-maska-za-samsung-galaxy-s21-fe\/\" \/>\n<meta property=\"og:locale\" content=\"hr_HR\" \/>\n<meta property=\"og:type\" content=\"article\" \/>\n<meta property=\"og:title\" content=\"Ovitek Urbie Cyrstal Glitter, Samsung Galaxy S21 FE -\" \/>\n<meta property=\"og:description\" content=\"Ovitek, ki \u0161\u010diti hrbet in stranice naprave, je izdelan iz materialov, ki v primeru udarcev poskrbijo za telefon in ga zavarujejo pred praskami in po\u0161kodbami.\" \/>\n<meta property=\"og:url\" content=\"https:\/\/www.urbanspot.si\/hr\/proizvod-2\/urbia-crystal-glitter-maska-za-samsung-galaxy-s21-fe\/\" \/>\n<meta property=\"article:publisher\" content=\"https:\/\/www.facebook.com\/urbanspot.si\" \/>\n<meta property=\"article:modified_time\" content=\"2026-03-19T14:02:55+00:00\" \/>\n<meta property=\"og:image\" content=\"https:\/\/www.urbanspot.si\/wp-content\/uploads\/ovitek-urbie-crystal-glitter-samsung-galaxy-a14-5g.jpg\" \/>\n\t<meta property=\"og:image:width\" content=\"800\" \/>\n\t<meta property=\"og:image:height\" content=\"800\" \/>\n\t<meta property=\"og:image:type\" content=\"image\/jpeg\" \/>\n<meta name=\"twitter:card\" content=\"summary_large_image\" \/>\n<meta name=\"twitter:label1\" content=\"Procijenjeno vrijeme \u010ditanja\" \/>\n\t<meta name=\"twitter:data1\" content=\"1 minuta\" \/>\n<script type=\"application\/ld+json\" class=\"yoast-schema-graph\">{\"@context\":\"https:\\\/\\\/schema.org\",\"@graph\":[{\"@type\":\"WebPage\",\"@id\":\"https:\\\/\\\/www.urbanspot.si\\\/produkt\\\/ovitek-urbie-cyrstal-glitter-samsung-galaxy-s21-fe\\\/\",\"url\":\"https:\\\/\\\/www.urbanspot.si\\\/produkt\\\/ovitek-urbie-cyrstal-glitter-samsung-galaxy-s21-fe\\\/\",\"name\":\"Ovitek Urbie Cyrstal Glitter, Samsung Galaxy S21 FE -\",\"isPartOf\":{\"@id\":\"https:\\\/\\\/www.urbanspot.si\\\/#website\"},\"primaryImageOfPage\":{\"@id\":\"https:\\\/\\\/www.urbanspot.si\\\/produkt\\\/ovitek-urbie-cyrstal-glitter-samsung-galaxy-s21-fe\\\/#primaryimage\"},\"image\":{\"@id\":\"https:\\\/\\\/www.urbanspot.si\\\/produkt\\\/ovitek-urbie-cyrstal-glitter-samsung-galaxy-s21-fe\\\/#primaryimage\"},\"thumbnailUrl\":\"https:\\\/\\\/www.urbanspot.si\\\/wp-content\\\/uploads\\\/ovitek-urbie-crystal-glitter-samsung-galaxy-a14-5g.jpg\",\"datePublished\":\"2025-06-30T22:00:00+00:00\",\"dateModified\":\"2026-03-19T14:02:55+00:00\",\"breadcrumb\":{\"@id\":\"https:\\\/\\\/www.urbanspot.si\\\/produkt\\\/ovitek-urbie-cyrstal-glitter-samsung-galaxy-s21-fe\\\/#breadcrumb\"},\"inLanguage\":\"hr\",\"potentialAction\":[{\"@type\":\"ReadAction\",\"target\":[\"https:\\\/\\\/www.urbanspot.si\\\/produkt\\\/ovitek-urbie-cyrstal-glitter-samsung-galaxy-s21-fe\\\/\"]}]},{\"@type\":\"ImageObject\",\"inLanguage\":\"hr\",\"@id\":\"https:\\\/\\\/www.urbanspot.si\\\/produkt\\\/ovitek-urbie-cyrstal-glitter-samsung-galaxy-s21-fe\\\/#primaryimage\",\"url\":\"https:\\\/\\\/www.urbanspot.si\\\/wp-content\\\/uploads\\\/ovitek-urbie-crystal-glitter-samsung-galaxy-a14-5g.jpg\",\"contentUrl\":\"https:\\\/\\\/www.urbanspot.si\\\/wp-content\\\/uploads\\\/ovitek-urbie-crystal-glitter-samsung-galaxy-a14-5g.jpg\",\"width\":800,\"height\":800,\"caption\":\"Ovitek Urbie Crystal Glitter\"},{\"@type\":\"BreadcrumbList\",\"@id\":\"https:\\\/\\\/www.urbanspot.si\\\/produkt\\\/ovitek-urbie-cyrstal-glitter-samsung-galaxy-s21-fe\\\/#breadcrumb\",\"itemListElement\":[{\"@type\":\"ListItem\",\"position\":1,\"name\":\"Home\",\"item\":\"https:\\\/\\\/www.urbanspot.si\\\/\"},{\"@type\":\"ListItem\",\"position\":2,\"name\":\"Shop\",\"item\":\"https:\\\/\\\/www.urbanspot.si\\\/shop\\\/\"},{\"@type\":\"ListItem\",\"position\":3,\"name\":\"Ovitek Urbie Cyrstal Glitter, Samsung Galaxy S21 FE\"}]},{\"@type\":\"WebSite\",\"@id\":\"https:\\\/\\\/www.urbanspot.si\\\/#website\",\"url\":\"https:\\\/\\\/www.urbanspot.si\\\/\",\"name\":\"UrbanSpot\",\"description\":\"\",\"publisher\":{\"@id\":\"https:\\\/\\\/www.urbanspot.si\\\/#organization\"},\"potentialAction\":[{\"@type\":\"SearchAction\",\"target\":{\"@type\":\"EntryPoint\",\"urlTemplate\":\"https:\\\/\\\/www.urbanspot.si\\\/?s={search_term_string}\"},\"query-input\":{\"@type\":\"PropertyValueSpecification\",\"valueRequired\":true,\"valueName\":\"search_term_string\"}}],\"inLanguage\":\"hr\"},{\"@type\":\"Organization\",\"@id\":\"https:\\\/\\\/www.urbanspot.si\\\/#organization\",\"name\":\"UrbanSpot\",\"url\":\"https:\\\/\\\/www.urbanspot.si\\\/\",\"logo\":{\"@type\":\"ImageObject\",\"inLanguage\":\"hr\",\"@id\":\"https:\\\/\\\/www.urbanspot.si\\\/#\\\/schema\\\/logo\\\/image\\\/\",\"url\":\"https:\\\/\\\/www.urbanspot.si\\\/wp-content\\\/uploads\\\/urbanspot-logo.svg\",\"contentUrl\":\"https:\\\/\\\/www.urbanspot.si\\\/wp-content\\\/uploads\\\/urbanspot-logo.svg\",\"width\":185,\"height\":40,\"caption\":\"UrbanSpot\"},\"image\":{\"@id\":\"https:\\\/\\\/www.urbanspot.si\\\/#\\\/schema\\\/logo\\\/image\\\/\"},\"sameAs\":[\"https:\\\/\\\/www.facebook.com\\\/urbanspot.si\"]}]}<\/script>\n<!-- \/ Yoast SEO plugin. -->","yoast_head_json":{"title":"Ovitek Urbie Cyrstal Glitter, Samsung Galaxy S21 FE -","robots":{"index":"index","follow":"follow","max-snippet":"max-snippet:-1","max-image-preview":"max-image-preview:large","max-video-preview":"max-video-preview:-1"},"canonical":"https:\/\/www.urbanspot.si\/hr\/proizvod-2\/urbia-crystal-glitter-maska-za-samsung-galaxy-s21-fe\/","og_locale":"hr_HR","og_type":"article","og_title":"Ovitek Urbie Cyrstal Glitter, Samsung Galaxy S21 FE -","og_description":"Ovitek, ki \u0161\u010diti hrbet in stranice naprave, je izdelan iz materialov, ki v primeru udarcev poskrbijo za telefon in ga zavarujejo pred praskami in po\u0161kodbami.","og_url":"https:\/\/www.urbanspot.si\/hr\/proizvod-2\/urbia-crystal-glitter-maska-za-samsung-galaxy-s21-fe\/","article_publisher":"https:\/\/www.facebook.com\/urbanspot.si","article_modified_time":"2026-03-19T14:02:55+00:00","og_image":[{"width":800,"height":800,"url":"https:\/\/www.urbanspot.si\/wp-content\/uploads\/ovitek-urbie-crystal-glitter-samsung-galaxy-a14-5g.jpg","type":"image\/jpeg"}],"twitter_card":"summary_large_image","twitter_misc":{"Procijenjeno vrijeme \u010ditanja":"1 minuta"},"schema":{"@context":"https:\/\/schema.org","@graph":[{"@type":"WebPage","@id":"https:\/\/www.urbanspot.si\/produkt\/ovitek-urbie-cyrstal-glitter-samsung-galaxy-s21-fe\/","url":"https:\/\/www.urbanspot.si\/produkt\/ovitek-urbie-cyrstal-glitter-samsung-galaxy-s21-fe\/","name":"Ovitek Urbie Cyrstal Glitter, Samsung Galaxy S21 FE -","isPartOf":{"@id":"https:\/\/www.urbanspot.si\/#website"},"primaryImageOfPage":{"@id":"https:\/\/www.urbanspot.si\/produkt\/ovitek-urbie-cyrstal-glitter-samsung-galaxy-s21-fe\/#primaryimage"},"image":{"@id":"https:\/\/www.urbanspot.si\/produkt\/ovitek-urbie-cyrstal-glitter-samsung-galaxy-s21-fe\/#primaryimage"},"thumbnailUrl":"https:\/\/www.urbanspot.si\/wp-content\/uploads\/ovitek-urbie-crystal-glitter-samsung-galaxy-a14-5g.jpg","datePublished":"2025-06-30T22:00:00+00:00","dateModified":"2026-03-19T14:02:55+00:00","breadcrumb":{"@id":"https:\/\/www.urbanspot.si\/produkt\/ovitek-urbie-cyrstal-glitter-samsung-galaxy-s21-fe\/#breadcrumb"},"inLanguage":"hr","potentialAction":[{"@type":"ReadAction","target":["https:\/\/www.urbanspot.si\/produkt\/ovitek-urbie-cyrstal-glitter-samsung-galaxy-s21-fe\/"]}]},{"@type":"ImageObject","inLanguage":"hr","@id":"https:\/\/www.urbanspot.si\/produkt\/ovitek-urbie-cyrstal-glitter-samsung-galaxy-s21-fe\/#primaryimage","url":"https:\/\/www.urbanspot.si\/wp-content\/uploads\/ovitek-urbie-crystal-glitter-samsung-galaxy-a14-5g.jpg","contentUrl":"https:\/\/www.urbanspot.si\/wp-content\/uploads\/ovitek-urbie-crystal-glitter-samsung-galaxy-a14-5g.jpg","width":800,"height":800,"caption":"Ovitek Urbie Crystal Glitter"},{"@type":"BreadcrumbList","@id":"https:\/\/www.urbanspot.si\/produkt\/ovitek-urbie-cyrstal-glitter-samsung-galaxy-s21-fe\/#breadcrumb","itemListElement":[{"@type":"ListItem","position":1,"name":"Home","item":"https:\/\/www.urbanspot.si\/"},{"@type":"ListItem","position":2,"name":"Shop","item":"https:\/\/www.urbanspot.si\/shop\/"},{"@type":"ListItem","position":3,"name":"Ovitek Urbie Cyrstal Glitter, Samsung Galaxy S21 FE"}]},{"@type":"WebSite","@id":"https:\/\/www.urbanspot.si\/#website","url":"https:\/\/www.urbanspot.si\/","name":"UrbanSpot","description":"","publisher":{"@id":"https:\/\/www.urbanspot.si\/#organization"},"potentialAction":[{"@type":"SearchAction","target":{"@type":"EntryPoint","urlTemplate":"https:\/\/www.urbanspot.si\/?s={search_term_string}"},"query-input":{"@type":"PropertyValueSpecification","valueRequired":true,"valueName":"search_term_string"}}],"inLanguage":"hr"},{"@type":"Organization","@id":"https:\/\/www.urbanspot.si\/#organization","name":"UrbanSpot","url":"https:\/\/www.urbanspot.si\/","logo":{"@type":"ImageObject","inLanguage":"hr","@id":"https:\/\/www.urbanspot.si\/#\/schema\/logo\/image\/","url":"https:\/\/www.urbanspot.si\/wp-content\/uploads\/urbanspot-logo.svg","contentUrl":"https:\/\/www.urbanspot.si\/wp-content\/uploads\/urbanspot-logo.svg","width":185,"height":40,"caption":"UrbanSpot"},"image":{"@id":"https:\/\/www.urbanspot.si\/#\/schema\/logo\/image\/"},"sameAs":["https:\/\/www.facebook.com\/urbanspot.si"]}]}},"_links":{"self":[{"href":"https:\/\/www.urbanspot.si\/hr\/wp-json\/wp\/v2\/product\/26276","targetHints":{"allow":["GET"]}}],"collection":[{"href":"https:\/\/www.urbanspot.si\/hr\/wp-json\/wp\/v2\/product"}],"about":[{"href":"https:\/\/www.urbanspot.si\/hr\/wp-json\/wp\/v2\/types\/product"}],"replies":[{"embeddable":true,"href":"https:\/\/www.urbanspot.si\/hr\/wp-json\/wp\/v2\/comments?post=26276"}],"version-history":[{"count":3,"href":"https:\/\/www.urbanspot.si\/hr\/wp-json\/wp\/v2\/product\/26276\/revisions"}],"predecessor-version":[{"id":26986,"href":"https:\/\/www.urbanspot.si\/hr\/wp-json\/wp\/v2\/product\/26276\/revisions\/26986"}],"wp:featuredmedia":[{"embeddable":true,"href":"https:\/\/www.urbanspot.si\/hr\/wp-json\/wp\/v2\/media\/14440"}],"wp:attachment":[{"href":"https:\/\/www.urbanspot.si\/hr\/wp-json\/wp\/v2\/media?parent=26276"}],"wp:term":[{"taxonomy":"product_brand","embeddable":true,"href":"https:\/\/www.urbanspot.si\/hr\/wp-json\/wp\/v2\/product_brand?post=26276"},{"taxonomy":"product_cat","embeddable":true,"href":"https:\/\/www.urbanspot.si\/hr\/wp-json\/wp\/v2\/product_cat?post=26276"},{"taxonomy":"product_tag","embeddable":true,"href":"https:\/\/www.urbanspot.si\/hr\/wp-json\/wp\/v2\/product_tag?post=26276"}],"curies":[{"name":"radni list","href":"https:\/\/api.w.org\/{rel}","templated":true}]}}