{"id":26368,"date":"2025-07-01T00:00:00","date_gmt":"2025-06-30T22:00:00","guid":{"rendered":"https:\/\/www.urbanspot.si\/?post_type=product&#038;p=26368"},"modified":"2026-03-19T16:02:54","modified_gmt":"2026-03-19T14:02:54","slug":"urbia-nilkin-carbon-crni-futrol-za-iphone-13-pro","status":"publish","type":"product","link":"https:\/\/www.urbanspot.si\/hr\/produkt\/ovitek-urbie-nilkin-carbon-iphone-13-pro-crn\/","title":{"rendered":"Urbie NILKIN maskica, karbonska, za iPhone 13 Pro, crna"},"content":{"rendered":"","protected":false},"excerpt":{"rendered":"<p>Futrola iz serije Nillkin iznimno je izdr\u017eljiva i mo\u017ee za\u0161tititi va\u0161 telefon od ozbiljnih o\u0161te\u0107enja nakon pada na tlo. Kada kupujete novi telefon, vrijedi kupiti kvalitetnu masku, osobito ako ste odabrali skuplji model. Jedan nepa\u017eljiv pokret dovoljan je da telefon padne na pod i o\u0161teti zaslon i cijeli ure\u0111aj.<\/p>","protected":false},"featured_media":27099,"comment_status":"closed","ping_status":"closed","template":"","meta":[],"product_brand":[],"product_cat":[119,92,250,335,560,91],"product_tag":[],"class_list":{"0":"post-26368","1":"product","2":"type-product","3":"status-publish","4":"has-post-thumbnail","6":"product_cat-apple-ovitki-stekla","7":"product_cat-apple","8":"product_cat-apple-iphone-13-serija","9":"product_cat-iphone-13-pro-apple-iphone-13-serija","10":"product_cat-ovitki-za-telefone","11":"product_cat-razprodaja","12":"pa_primerno-za-model-iphone-13-pro","14":"first","15":"instock","16":"sale","17":"purchasable","18":"product-type-simple"},"yoast_head":"<!-- This site is optimized with the Yoast SEO plugin v27.4 - https:\/\/yoast.com\/product\/yoast-seo-wordpress\/ -->\n<title>Ovitek Urbie NILKIN, Carbon, Iphone 13 Pro, \u010drn -<\/title>\n<meta name=\"robots\" content=\"index, follow, max-snippet:-1, max-image-preview:large, max-video-preview:-1\" \/>\n<link rel=\"canonical\" href=\"https:\/\/www.urbanspot.si\/hr\/proizvod-2\/urbia-nilkin-carbon-crni-futrol-za-iphone-13-pro\/\" \/>\n<meta property=\"og:locale\" content=\"hr_HR\" \/>\n<meta property=\"og:type\" content=\"article\" \/>\n<meta property=\"og:title\" content=\"Ovitek Urbie NILKIN, Carbon, Iphone 13 Pro, \u010drn -\" \/>\n<meta property=\"og:description\" content=\"Ovitek\u00a0 iz serije Nillkin je zelo vzdr\u017eljiv ovitek, ki lahko za\u0161\u010diti va\u0161 telefon pred resnimi po\u0161kodbami po padcu na tla. Ob nakupu novega telefona se spla\u010da kupiti kvaliteten ovitek, \u0161e posebej, \u010de ste izbrali aparat vi\u0161jega cenovnega razreda. En nepreviden gib je dovolj, da telefon pade na tla in povzro\u010di po\u0161kodbe zaslona in celotnega telefona.\" \/>\n<meta property=\"og:url\" content=\"https:\/\/www.urbanspot.si\/hr\/proizvod-2\/urbia-nilkin-carbon-crni-futrol-za-iphone-13-pro\/\" \/>\n<meta property=\"article:publisher\" content=\"https:\/\/www.facebook.com\/urbanspot.si\" \/>\n<meta property=\"article:modified_time\" content=\"2026-03-19T14:02:54+00:00\" \/>\n<meta property=\"og:image\" content=\"https:\/\/www.urbanspot.si\/wp-content\/uploads\/nilkni-fiber.jpg\" \/>\n\t<meta property=\"og:image:width\" content=\"756\" \/>\n\t<meta property=\"og:image:height\" content=\"777\" \/>\n\t<meta property=\"og:image:type\" content=\"image\/jpeg\" \/>\n<meta name=\"twitter:card\" content=\"summary_large_image\" \/>\n<meta name=\"twitter:label1\" content=\"Procijenjeno vrijeme \u010ditanja\" \/>\n\t<meta name=\"twitter:data1\" content=\"1 minuta\" \/>\n<script type=\"application\/ld+json\" class=\"yoast-schema-graph\">{\"@context\":\"https:\\\/\\\/schema.org\",\"@graph\":[{\"@type\":\"WebPage\",\"@id\":\"https:\\\/\\\/www.urbanspot.si\\\/produkt\\\/ovitek-urbie-nilkin-carbon-iphone-13-pro-crn\\\/\",\"url\":\"https:\\\/\\\/www.urbanspot.si\\\/produkt\\\/ovitek-urbie-nilkin-carbon-iphone-13-pro-crn\\\/\",\"name\":\"Ovitek Urbie NILKIN, Carbon, Iphone 13 Pro, \u010drn -\",\"isPartOf\":{\"@id\":\"https:\\\/\\\/www.urbanspot.si\\\/#website\"},\"primaryImageOfPage\":{\"@id\":\"https:\\\/\\\/www.urbanspot.si\\\/produkt\\\/ovitek-urbie-nilkin-carbon-iphone-13-pro-crn\\\/#primaryimage\"},\"image\":{\"@id\":\"https:\\\/\\\/www.urbanspot.si\\\/produkt\\\/ovitek-urbie-nilkin-carbon-iphone-13-pro-crn\\\/#primaryimage\"},\"thumbnailUrl\":\"https:\\\/\\\/www.urbanspot.si\\\/wp-content\\\/uploads\\\/nilkni-fiber.jpg\",\"datePublished\":\"2025-06-30T22:00:00+00:00\",\"dateModified\":\"2026-03-19T14:02:54+00:00\",\"breadcrumb\":{\"@id\":\"https:\\\/\\\/www.urbanspot.si\\\/produkt\\\/ovitek-urbie-nilkin-carbon-iphone-13-pro-crn\\\/#breadcrumb\"},\"inLanguage\":\"hr\",\"potentialAction\":[{\"@type\":\"ReadAction\",\"target\":[\"https:\\\/\\\/www.urbanspot.si\\\/produkt\\\/ovitek-urbie-nilkin-carbon-iphone-13-pro-crn\\\/\"]}]},{\"@type\":\"ImageObject\",\"inLanguage\":\"hr\",\"@id\":\"https:\\\/\\\/www.urbanspot.si\\\/produkt\\\/ovitek-urbie-nilkin-carbon-iphone-13-pro-crn\\\/#primaryimage\",\"url\":\"https:\\\/\\\/www.urbanspot.si\\\/wp-content\\\/uploads\\\/nilkni-fiber.jpg\",\"contentUrl\":\"https:\\\/\\\/www.urbanspot.si\\\/wp-content\\\/uploads\\\/nilkni-fiber.jpg\",\"width\":756,\"height\":777},{\"@type\":\"BreadcrumbList\",\"@id\":\"https:\\\/\\\/www.urbanspot.si\\\/produkt\\\/ovitek-urbie-nilkin-carbon-iphone-13-pro-crn\\\/#breadcrumb\",\"itemListElement\":[{\"@type\":\"ListItem\",\"position\":1,\"name\":\"Home\",\"item\":\"https:\\\/\\\/www.urbanspot.si\\\/\"},{\"@type\":\"ListItem\",\"position\":2,\"name\":\"Shop\",\"item\":\"https:\\\/\\\/www.urbanspot.si\\\/shop\\\/\"},{\"@type\":\"ListItem\",\"position\":3,\"name\":\"Ovitek Urbie NILKIN, Carbon, Iphone 13 Pro, \u010drn\"}]},{\"@type\":\"WebSite\",\"@id\":\"https:\\\/\\\/www.urbanspot.si\\\/#website\",\"url\":\"https:\\\/\\\/www.urbanspot.si\\\/\",\"name\":\"UrbanSpot\",\"description\":\"\",\"publisher\":{\"@id\":\"https:\\\/\\\/www.urbanspot.si\\\/#organization\"},\"potentialAction\":[{\"@type\":\"SearchAction\",\"target\":{\"@type\":\"EntryPoint\",\"urlTemplate\":\"https:\\\/\\\/www.urbanspot.si\\\/?s={search_term_string}\"},\"query-input\":{\"@type\":\"PropertyValueSpecification\",\"valueRequired\":true,\"valueName\":\"search_term_string\"}}],\"inLanguage\":\"hr\"},{\"@type\":\"Organization\",\"@id\":\"https:\\\/\\\/www.urbanspot.si\\\/#organization\",\"name\":\"UrbanSpot\",\"url\":\"https:\\\/\\\/www.urbanspot.si\\\/\",\"logo\":{\"@type\":\"ImageObject\",\"inLanguage\":\"hr\",\"@id\":\"https:\\\/\\\/www.urbanspot.si\\\/#\\\/schema\\\/logo\\\/image\\\/\",\"url\":\"https:\\\/\\\/www.urbanspot.si\\\/wp-content\\\/uploads\\\/urbanspot-logo.svg\",\"contentUrl\":\"https:\\\/\\\/www.urbanspot.si\\\/wp-content\\\/uploads\\\/urbanspot-logo.svg\",\"width\":185,\"height\":40,\"caption\":\"UrbanSpot\"},\"image\":{\"@id\":\"https:\\\/\\\/www.urbanspot.si\\\/#\\\/schema\\\/logo\\\/image\\\/\"},\"sameAs\":[\"https:\\\/\\\/www.facebook.com\\\/urbanspot.si\"]}]}<\/script>\n<!-- \/ Yoast SEO plugin. -->","yoast_head_json":{"title":"Urbia NILKIN futrola, karbon, iPhone 13 Pro, crna -","robots":{"index":"index","follow":"follow","max-snippet":"max-snippet:-1","max-image-preview":"max-image-preview:large","max-video-preview":"max-video-preview:-1"},"canonical":"https:\/\/www.urbanspot.si\/hr\/proizvod-2\/urbia-nilkin-carbon-crni-futrol-za-iphone-13-pro\/","og_locale":"hr_HR","og_type":"article","og_title":"Ovitek Urbie NILKIN, Carbon, Iphone 13 Pro, \u010drn -","og_description":"Ovitek\u00a0 iz serije Nillkin je zelo vzdr\u017eljiv ovitek, ki lahko za\u0161\u010diti va\u0161 telefon pred resnimi po\u0161kodbami po padcu na tla. Ob nakupu novega telefona se spla\u010da kupiti kvaliteten ovitek, \u0161e posebej, \u010de ste izbrali aparat vi\u0161jega cenovnega razreda. En nepreviden gib je dovolj, da telefon pade na tla in povzro\u010di po\u0161kodbe zaslona in celotnega telefona.","og_url":"https:\/\/www.urbanspot.si\/hr\/proizvod-2\/urbia-nilkin-carbon-crni-futrol-za-iphone-13-pro\/","article_publisher":"https:\/\/www.facebook.com\/urbanspot.si","article_modified_time":"2026-03-19T14:02:54+00:00","og_image":[{"width":756,"height":777,"url":"https:\/\/www.urbanspot.si\/wp-content\/uploads\/nilkni-fiber.jpg","type":"image\/jpeg"}],"twitter_card":"summary_large_image","twitter_misc":{"Procijenjeno vrijeme \u010ditanja":"1 minuta"},"schema":{"@context":"https:\/\/schema.org","@graph":[{"@type":"WebPage","@id":"https:\/\/www.urbanspot.si\/produkt\/ovitek-urbie-nilkin-carbon-iphone-13-pro-crn\/","url":"https:\/\/www.urbanspot.si\/produkt\/ovitek-urbie-nilkin-carbon-iphone-13-pro-crn\/","name":"Urbia NILKIN futrola, karbon, iPhone 13 Pro, crna -","isPartOf":{"@id":"https:\/\/www.urbanspot.si\/#website"},"primaryImageOfPage":{"@id":"https:\/\/www.urbanspot.si\/produkt\/ovitek-urbie-nilkin-carbon-iphone-13-pro-crn\/#primaryimage"},"image":{"@id":"https:\/\/www.urbanspot.si\/produkt\/ovitek-urbie-nilkin-carbon-iphone-13-pro-crn\/#primaryimage"},"thumbnailUrl":"https:\/\/www.urbanspot.si\/wp-content\/uploads\/nilkni-fiber.jpg","datePublished":"2025-06-30T22:00:00+00:00","dateModified":"2026-03-19T14:02:54+00:00","breadcrumb":{"@id":"https:\/\/www.urbanspot.si\/produkt\/ovitek-urbie-nilkin-carbon-iphone-13-pro-crn\/#breadcrumb"},"inLanguage":"hr","potentialAction":[{"@type":"ReadAction","target":["https:\/\/www.urbanspot.si\/produkt\/ovitek-urbie-nilkin-carbon-iphone-13-pro-crn\/"]}]},{"@type":"ImageObject","inLanguage":"hr","@id":"https:\/\/www.urbanspot.si\/produkt\/ovitek-urbie-nilkin-carbon-iphone-13-pro-crn\/#primaryimage","url":"https:\/\/www.urbanspot.si\/wp-content\/uploads\/nilkni-fiber.jpg","contentUrl":"https:\/\/www.urbanspot.si\/wp-content\/uploads\/nilkni-fiber.jpg","width":756,"height":777},{"@type":"BreadcrumbList","@id":"https:\/\/www.urbanspot.si\/produkt\/ovitek-urbie-nilkin-carbon-iphone-13-pro-crn\/#breadcrumb","itemListElement":[{"@type":"ListItem","position":1,"name":"Home","item":"https:\/\/www.urbanspot.si\/"},{"@type":"ListItem","position":2,"name":"Shop","item":"https:\/\/www.urbanspot.si\/shop\/"},{"@type":"ListItem","position":3,"name":"Ovitek Urbie NILKIN, Carbon, Iphone 13 Pro, \u010drn"}]},{"@type":"WebSite","@id":"https:\/\/www.urbanspot.si\/#website","url":"https:\/\/www.urbanspot.si\/","name":"UrbanSpot","description":"","publisher":{"@id":"https:\/\/www.urbanspot.si\/#organization"},"potentialAction":[{"@type":"SearchAction","target":{"@type":"EntryPoint","urlTemplate":"https:\/\/www.urbanspot.si\/?s={search_term_string}"},"query-input":{"@type":"PropertyValueSpecification","valueRequired":true,"valueName":"search_term_string"}}],"inLanguage":"hr"},{"@type":"Organization","@id":"https:\/\/www.urbanspot.si\/#organization","name":"UrbanSpot","url":"https:\/\/www.urbanspot.si\/","logo":{"@type":"ImageObject","inLanguage":"hr","@id":"https:\/\/www.urbanspot.si\/#\/schema\/logo\/image\/","url":"https:\/\/www.urbanspot.si\/wp-content\/uploads\/urbanspot-logo.svg","contentUrl":"https:\/\/www.urbanspot.si\/wp-content\/uploads\/urbanspot-logo.svg","width":185,"height":40,"caption":"UrbanSpot"},"image":{"@id":"https:\/\/www.urbanspot.si\/#\/schema\/logo\/image\/"},"sameAs":["https:\/\/www.facebook.com\/urbanspot.si"]}]}},"_links":{"self":[{"href":"https:\/\/www.urbanspot.si\/hr\/wp-json\/wp\/v2\/product\/26368","targetHints":{"allow":["GET"]}}],"collection":[{"href":"https:\/\/www.urbanspot.si\/hr\/wp-json\/wp\/v2\/product"}],"about":[{"href":"https:\/\/www.urbanspot.si\/hr\/wp-json\/wp\/v2\/types\/product"}],"replies":[{"embeddable":true,"href":"https:\/\/www.urbanspot.si\/hr\/wp-json\/wp\/v2\/comments?post=26368"}],"version-history":[{"count":3,"href":"https:\/\/www.urbanspot.si\/hr\/wp-json\/wp\/v2\/product\/26368\/revisions"}],"predecessor-version":[{"id":27102,"href":"https:\/\/www.urbanspot.si\/hr\/wp-json\/wp\/v2\/product\/26368\/revisions\/27102"}],"wp:featuredmedia":[{"embeddable":true,"href":"https:\/\/www.urbanspot.si\/hr\/wp-json\/wp\/v2\/media\/27099"}],"wp:attachment":[{"href":"https:\/\/www.urbanspot.si\/hr\/wp-json\/wp\/v2\/media?parent=26368"}],"wp:term":[{"taxonomy":"product_brand","embeddable":true,"href":"https:\/\/www.urbanspot.si\/hr\/wp-json\/wp\/v2\/product_brand?post=26368"},{"taxonomy":"product_cat","embeddable":true,"href":"https:\/\/www.urbanspot.si\/hr\/wp-json\/wp\/v2\/product_cat?post=26368"},{"taxonomy":"product_tag","embeddable":true,"href":"https:\/\/www.urbanspot.si\/hr\/wp-json\/wp\/v2\/product_tag?post=26368"}],"curies":[{"name":"radni list","href":"https:\/\/api.w.org\/{rel}","templated":true}]}}