{"id":26394,"date":"2020-07-01T00:00:00","date_gmt":"2020-06-30T22:00:00","guid":{"rendered":"https:\/\/www.urbanspot.si\/?post_type=product&#038;p=26394"},"modified":"2026-03-19T16:06:06","modified_gmt":"2026-03-19T14:06:06","slug":"crna-maska-za-samsung-galaxy-s24-urbie-nilkin","status":"publish","type":"product","link":"https:\/\/www.urbanspot.si\/hr\/produkt\/ovitek-urbie-nilkin-samsung-galaxy-s24-crn\/","title":{"rendered":"Urbie Nilkin maskica, Samsung Galaxy S24+, crna"},"content":{"rendered":"<p>Urbie Nilkin za\u0161titna maskica za Samsung Galaxy S24+:<\/p>\n<ul>\n<li>\u00a0ku\u0107i\u0161te izra\u0111eno od visokokvalitetnog fleksibilnog TPU okvira s visokom razinom izdr\u017eljivosti<\/li>\n<li>Mekan i ugodan materijal na dodir<\/li>\n<li>Vodootporni materijal koji se lako \u010disti<\/li>\n<li>Pokriva sve strane i stra\u017enju stranu telefona<\/li>\n<li>Besplatan pristup svim funkcijama telefona<\/li>\n<li>Prekrasan elegantan dizajn. Izvrsna za\u0161tita va\u0161eg telefona od vibracija, udaraca i padova, ogrebotina, prljav\u0161tine i pra\u0161ine.<\/li>\n<li>\u00a0Blago podignuti rub ku\u0107i\u0161ta \u0161titi objektiv kamere od ogrebotina<\/li>\n<li>\u00a0Materijal protiv klizanja<\/li>\n<li>Instalirajte i uklonite ga za nekoliko sekundi<\/li>\n<\/ul>","protected":false},"excerpt":{"rendered":"<p>Maska Super Frosted Shield Pro iz Nillkin serije je vrlo izdr\u017eljiva maskica koja mo\u017ee za\u0161tititi va\u0161 telefon od ozbiljnih o\u0161te\u0107enja nakon pada na tlo. Prilikom kupnje novog telefona isplati se kupiti kvalitetnu maskicu, posebno ako ste odabrali vrhunski ure\u0111aj. Dovoljan je jedan neoprezan pokret da telefon padne na tlo i o\u0161teti ekran i cijeli telefon.<\/p>","protected":false},"featured_media":26803,"comment_status":"closed","ping_status":"closed","template":"","meta":[],"product_brand":[],"product_cat":[90,560,91,88,89],"product_tag":[],"class_list":{"0":"post-26394","1":"product","2":"type-product","3":"status-publish","4":"has-post-thumbnail","6":"product_cat-galaxy-s24-plus","7":"product_cat-ovitki-za-telefone","8":"product_cat-razprodaja","9":"product_cat-samsung","10":"product_cat-samsung-s-serija","11":"pa_primerno-za-model-samsung-galaxy-s24-plus","13":"first","14":"instock","15":"sale","16":"purchasable","17":"product-type-simple"},"yoast_head":"<!-- This site is optimized with the Yoast SEO plugin v27.4 - https:\/\/yoast.com\/product\/yoast-seo-wordpress\/ -->\n<title>Ovitek Urbie Nilkin, Samsung Galaxy S24+, \u010drn -<\/title>\n<meta name=\"robots\" content=\"index, follow, max-snippet:-1, max-image-preview:large, max-video-preview:-1\" \/>\n<link rel=\"canonical\" href=\"https:\/\/www.urbanspot.si\/hr\/proizvod-2\/crna-maska-za-samsung-galaxy-s24-urbie-nilkin\/\" \/>\n<meta property=\"og:locale\" content=\"hr_HR\" \/>\n<meta property=\"og:type\" content=\"article\" \/>\n<meta property=\"og:title\" content=\"Ovitek Urbie Nilkin, Samsung Galaxy S24+, \u010drn -\" \/>\n<meta property=\"og:description\" content=\"Ovitek Super Frosted Shield Pro iz serije Nillkin je zelo vzdr\u017eljiv ovitek, ki lahko za\u0161\u010diti va\u0161 telefon pred resnimi po\u0161kodbami po padcu na tla. Ob nakupu novega telefona se spla\u010da kupiti kvaliteten ovitek, \u0161e posebej, \u010de ste izbrali aparat vi\u0161jega cenovnega razreda. En nepreviden gib je dovolj, da telefon pade na tla in povzro\u010di po\u0161kodbe zaslona in celotnega telefona.\" \/>\n<meta property=\"og:url\" content=\"https:\/\/www.urbanspot.si\/hr\/proizvod-2\/crna-maska-za-samsung-galaxy-s24-urbie-nilkin\/\" \/>\n<meta property=\"article:publisher\" content=\"https:\/\/www.facebook.com\/urbanspot.si\" \/>\n<meta property=\"article:modified_time\" content=\"2026-03-19T14:06:06+00:00\" \/>\n<meta property=\"og:image\" content=\"https:\/\/www.urbanspot.si\/wp-content\/uploads\/nilki-n-black.webp\" \/>\n\t<meta property=\"og:image:width\" content=\"1300\" \/>\n\t<meta property=\"og:image:height\" content=\"1300\" \/>\n\t<meta property=\"og:image:type\" content=\"image\/webp\" \/>\n<meta name=\"twitter:card\" content=\"summary_large_image\" \/>\n<meta name=\"twitter:label1\" content=\"Procijenjeno vrijeme \u010ditanja\" \/>\n\t<meta name=\"twitter:data1\" content=\"1 minuta\" \/>\n<script type=\"application\/ld+json\" class=\"yoast-schema-graph\">{\"@context\":\"https:\\\/\\\/schema.org\",\"@graph\":[{\"@type\":\"WebPage\",\"@id\":\"https:\\\/\\\/www.urbanspot.si\\\/produkt\\\/ovitek-urbie-nilkin-samsung-galaxy-s24-crn\\\/\",\"url\":\"https:\\\/\\\/www.urbanspot.si\\\/produkt\\\/ovitek-urbie-nilkin-samsung-galaxy-s24-crn\\\/\",\"name\":\"Ovitek Urbie Nilkin, Samsung Galaxy S24+, \u010drn -\",\"isPartOf\":{\"@id\":\"https:\\\/\\\/www.urbanspot.si\\\/#website\"},\"primaryImageOfPage\":{\"@id\":\"https:\\\/\\\/www.urbanspot.si\\\/produkt\\\/ovitek-urbie-nilkin-samsung-galaxy-s24-crn\\\/#primaryimage\"},\"image\":{\"@id\":\"https:\\\/\\\/www.urbanspot.si\\\/produkt\\\/ovitek-urbie-nilkin-samsung-galaxy-s24-crn\\\/#primaryimage\"},\"thumbnailUrl\":\"https:\\\/\\\/www.urbanspot.si\\\/wp-content\\\/uploads\\\/nilki-n-black.webp\",\"datePublished\":\"2020-06-30T22:00:00+00:00\",\"dateModified\":\"2026-03-19T14:06:06+00:00\",\"breadcrumb\":{\"@id\":\"https:\\\/\\\/www.urbanspot.si\\\/produkt\\\/ovitek-urbie-nilkin-samsung-galaxy-s24-crn\\\/#breadcrumb\"},\"inLanguage\":\"hr\",\"potentialAction\":[{\"@type\":\"ReadAction\",\"target\":[\"https:\\\/\\\/www.urbanspot.si\\\/produkt\\\/ovitek-urbie-nilkin-samsung-galaxy-s24-crn\\\/\"]}]},{\"@type\":\"ImageObject\",\"inLanguage\":\"hr\",\"@id\":\"https:\\\/\\\/www.urbanspot.si\\\/produkt\\\/ovitek-urbie-nilkin-samsung-galaxy-s24-crn\\\/#primaryimage\",\"url\":\"https:\\\/\\\/www.urbanspot.si\\\/wp-content\\\/uploads\\\/nilki-n-black.webp\",\"contentUrl\":\"https:\\\/\\\/www.urbanspot.si\\\/wp-content\\\/uploads\\\/nilki-n-black.webp\",\"width\":1300,\"height\":1300},{\"@type\":\"BreadcrumbList\",\"@id\":\"https:\\\/\\\/www.urbanspot.si\\\/produkt\\\/ovitek-urbie-nilkin-samsung-galaxy-s24-crn\\\/#breadcrumb\",\"itemListElement\":[{\"@type\":\"ListItem\",\"position\":1,\"name\":\"Home\",\"item\":\"https:\\\/\\\/www.urbanspot.si\\\/\"},{\"@type\":\"ListItem\",\"position\":2,\"name\":\"Shop\",\"item\":\"https:\\\/\\\/www.urbanspot.si\\\/shop\\\/\"},{\"@type\":\"ListItem\",\"position\":3,\"name\":\"Ovitek Urbie Nilkin, Samsung Galaxy S24+, \u010drn\"}]},{\"@type\":\"WebSite\",\"@id\":\"https:\\\/\\\/www.urbanspot.si\\\/#website\",\"url\":\"https:\\\/\\\/www.urbanspot.si\\\/\",\"name\":\"UrbanSpot\",\"description\":\"\",\"publisher\":{\"@id\":\"https:\\\/\\\/www.urbanspot.si\\\/#organization\"},\"potentialAction\":[{\"@type\":\"SearchAction\",\"target\":{\"@type\":\"EntryPoint\",\"urlTemplate\":\"https:\\\/\\\/www.urbanspot.si\\\/?s={search_term_string}\"},\"query-input\":{\"@type\":\"PropertyValueSpecification\",\"valueRequired\":true,\"valueName\":\"search_term_string\"}}],\"inLanguage\":\"hr\"},{\"@type\":\"Organization\",\"@id\":\"https:\\\/\\\/www.urbanspot.si\\\/#organization\",\"name\":\"UrbanSpot\",\"url\":\"https:\\\/\\\/www.urbanspot.si\\\/\",\"logo\":{\"@type\":\"ImageObject\",\"inLanguage\":\"hr\",\"@id\":\"https:\\\/\\\/www.urbanspot.si\\\/#\\\/schema\\\/logo\\\/image\\\/\",\"url\":\"https:\\\/\\\/www.urbanspot.si\\\/wp-content\\\/uploads\\\/urbanspot-logo.svg\",\"contentUrl\":\"https:\\\/\\\/www.urbanspot.si\\\/wp-content\\\/uploads\\\/urbanspot-logo.svg\",\"width\":185,\"height\":40,\"caption\":\"UrbanSpot\"},\"image\":{\"@id\":\"https:\\\/\\\/www.urbanspot.si\\\/#\\\/schema\\\/logo\\\/image\\\/\"},\"sameAs\":[\"https:\\\/\\\/www.facebook.com\\\/urbanspot.si\"]}]}<\/script>\n<!-- \/ Yoast SEO plugin. -->","yoast_head_json":{"title":"Ovitek Urbie Nilkin, Samsung Galaxy S24+, \u010drn -","robots":{"index":"index","follow":"follow","max-snippet":"max-snippet:-1","max-image-preview":"max-image-preview:large","max-video-preview":"max-video-preview:-1"},"canonical":"https:\/\/www.urbanspot.si\/hr\/proizvod-2\/crna-maska-za-samsung-galaxy-s24-urbie-nilkin\/","og_locale":"hr_HR","og_type":"article","og_title":"Ovitek Urbie Nilkin, Samsung Galaxy S24+, \u010drn -","og_description":"Ovitek Super Frosted Shield Pro iz serije Nillkin je zelo vzdr\u017eljiv ovitek, ki lahko za\u0161\u010diti va\u0161 telefon pred resnimi po\u0161kodbami po padcu na tla. Ob nakupu novega telefona se spla\u010da kupiti kvaliteten ovitek, \u0161e posebej, \u010de ste izbrali aparat vi\u0161jega cenovnega razreda. En nepreviden gib je dovolj, da telefon pade na tla in povzro\u010di po\u0161kodbe zaslona in celotnega telefona.","og_url":"https:\/\/www.urbanspot.si\/hr\/proizvod-2\/crna-maska-za-samsung-galaxy-s24-urbie-nilkin\/","article_publisher":"https:\/\/www.facebook.com\/urbanspot.si","article_modified_time":"2026-03-19T14:06:06+00:00","og_image":[{"width":1300,"height":1300,"url":"https:\/\/www.urbanspot.si\/wp-content\/uploads\/nilki-n-black.webp","type":"image\/webp"}],"twitter_card":"summary_large_image","twitter_misc":{"Procijenjeno vrijeme \u010ditanja":"1 minuta"},"schema":{"@context":"https:\/\/schema.org","@graph":[{"@type":"WebPage","@id":"https:\/\/www.urbanspot.si\/produkt\/ovitek-urbie-nilkin-samsung-galaxy-s24-crn\/","url":"https:\/\/www.urbanspot.si\/produkt\/ovitek-urbie-nilkin-samsung-galaxy-s24-crn\/","name":"Ovitek Urbie Nilkin, Samsung Galaxy S24+, \u010drn -","isPartOf":{"@id":"https:\/\/www.urbanspot.si\/#website"},"primaryImageOfPage":{"@id":"https:\/\/www.urbanspot.si\/produkt\/ovitek-urbie-nilkin-samsung-galaxy-s24-crn\/#primaryimage"},"image":{"@id":"https:\/\/www.urbanspot.si\/produkt\/ovitek-urbie-nilkin-samsung-galaxy-s24-crn\/#primaryimage"},"thumbnailUrl":"https:\/\/www.urbanspot.si\/wp-content\/uploads\/nilki-n-black.webp","datePublished":"2020-06-30T22:00:00+00:00","dateModified":"2026-03-19T14:06:06+00:00","breadcrumb":{"@id":"https:\/\/www.urbanspot.si\/produkt\/ovitek-urbie-nilkin-samsung-galaxy-s24-crn\/#breadcrumb"},"inLanguage":"hr","potentialAction":[{"@type":"ReadAction","target":["https:\/\/www.urbanspot.si\/produkt\/ovitek-urbie-nilkin-samsung-galaxy-s24-crn\/"]}]},{"@type":"ImageObject","inLanguage":"hr","@id":"https:\/\/www.urbanspot.si\/produkt\/ovitek-urbie-nilkin-samsung-galaxy-s24-crn\/#primaryimage","url":"https:\/\/www.urbanspot.si\/wp-content\/uploads\/nilki-n-black.webp","contentUrl":"https:\/\/www.urbanspot.si\/wp-content\/uploads\/nilki-n-black.webp","width":1300,"height":1300},{"@type":"BreadcrumbList","@id":"https:\/\/www.urbanspot.si\/produkt\/ovitek-urbie-nilkin-samsung-galaxy-s24-crn\/#breadcrumb","itemListElement":[{"@type":"ListItem","position":1,"name":"Home","item":"https:\/\/www.urbanspot.si\/"},{"@type":"ListItem","position":2,"name":"Shop","item":"https:\/\/www.urbanspot.si\/shop\/"},{"@type":"ListItem","position":3,"name":"Ovitek Urbie Nilkin, Samsung Galaxy S24+, \u010drn"}]},{"@type":"WebSite","@id":"https:\/\/www.urbanspot.si\/#website","url":"https:\/\/www.urbanspot.si\/","name":"UrbanSpot","description":"","publisher":{"@id":"https:\/\/www.urbanspot.si\/#organization"},"potentialAction":[{"@type":"SearchAction","target":{"@type":"EntryPoint","urlTemplate":"https:\/\/www.urbanspot.si\/?s={search_term_string}"},"query-input":{"@type":"PropertyValueSpecification","valueRequired":true,"valueName":"search_term_string"}}],"inLanguage":"hr"},{"@type":"Organization","@id":"https:\/\/www.urbanspot.si\/#organization","name":"UrbanSpot","url":"https:\/\/www.urbanspot.si\/","logo":{"@type":"ImageObject","inLanguage":"hr","@id":"https:\/\/www.urbanspot.si\/#\/schema\/logo\/image\/","url":"https:\/\/www.urbanspot.si\/wp-content\/uploads\/urbanspot-logo.svg","contentUrl":"https:\/\/www.urbanspot.si\/wp-content\/uploads\/urbanspot-logo.svg","width":185,"height":40,"caption":"UrbanSpot"},"image":{"@id":"https:\/\/www.urbanspot.si\/#\/schema\/logo\/image\/"},"sameAs":["https:\/\/www.facebook.com\/urbanspot.si"]}]}},"_links":{"self":[{"href":"https:\/\/www.urbanspot.si\/hr\/wp-json\/wp\/v2\/product\/26394","targetHints":{"allow":["GET"]}}],"collection":[{"href":"https:\/\/www.urbanspot.si\/hr\/wp-json\/wp\/v2\/product"}],"about":[{"href":"https:\/\/www.urbanspot.si\/hr\/wp-json\/wp\/v2\/types\/product"}],"replies":[{"embeddable":true,"href":"https:\/\/www.urbanspot.si\/hr\/wp-json\/wp\/v2\/comments?post=26394"}],"version-history":[{"count":4,"href":"https:\/\/www.urbanspot.si\/hr\/wp-json\/wp\/v2\/product\/26394\/revisions"}],"predecessor-version":[{"id":26809,"href":"https:\/\/www.urbanspot.si\/hr\/wp-json\/wp\/v2\/product\/26394\/revisions\/26809"}],"wp:featuredmedia":[{"embeddable":true,"href":"https:\/\/www.urbanspot.si\/hr\/wp-json\/wp\/v2\/media\/26803"}],"wp:attachment":[{"href":"https:\/\/www.urbanspot.si\/hr\/wp-json\/wp\/v2\/media?parent=26394"}],"wp:term":[{"taxonomy":"product_brand","embeddable":true,"href":"https:\/\/www.urbanspot.si\/hr\/wp-json\/wp\/v2\/product_brand?post=26394"},{"taxonomy":"product_cat","embeddable":true,"href":"https:\/\/www.urbanspot.si\/hr\/wp-json\/wp\/v2\/product_cat?post=26394"},{"taxonomy":"product_tag","embeddable":true,"href":"https:\/\/www.urbanspot.si\/hr\/wp-json\/wp\/v2\/product_tag?post=26394"}],"curies":[{"name":"radni list","href":"https:\/\/api.w.org\/{rel}","templated":true}]}}