{"id":26568,"date":"2025-07-17T00:00:00","date_gmt":"2025-07-16T22:00:00","guid":{"rendered":"https:\/\/www.urbanspot.si\/?post_type=product&#038;p=26568"},"modified":"2026-03-19T16:02:45","modified_gmt":"2026-03-19T14:02:45","slug":"joyroom-urbie-set-punjaca-type-c-na-lightning-20w-crni","status":"publish","type":"product","link":"https:\/\/www.urbanspot.si\/hr\/produkt\/komplet-polnilec-joyroom-urbie-type-c-na-lightning-20w-crn\/","title":{"rendered":"JOYROOM Urbie punja\u010d, tip C na Lightning, 20W, crni"},"content":{"rendered":"<p><strong>Tehni\u010dki podaci:\u00a0<\/strong><\/p>\n<ul>\n<li dir=\"ltr\" data-placeholder=\"Translation\" data-ved=\"2ahUKEwi97YTY8cOOAxVVh_0HHTxRCzEQ3ewLegQICRAV\" aria-label=\"Prevedeni tekst: Specifikacije: Marka: Joyroom Model: JR-TCF06 Izlazna struja: USB C: 5V\/3A, 9V\/2.22A, 12V\/1.67A Maksimalna snaga: do 20W Podr\u0161ka za protokole brzog punjenja: Power Delivery, Quick Charge, Samsung AFC, Huawei FCP Dimenzije: 26,5 x 40 x 62 mm Materijal: vatrootporno PC ku\u0107i\u0161te Crne boje Set uklju\u010duje: kabel s USB C - Lightning konektorima, duljine 1 m\"><span class=\"Y2IQFc\" lang=\"sl\">\u00a0Izlazna struja: USB C: 5V\/3A, 9V\/2.22A, 12V\/1.67A <\/span><\/li>\n<li dir=\"ltr\" data-placeholder=\"Translation\" data-ved=\"2ahUKEwi97YTY8cOOAxVVh_0HHTxRCzEQ3ewLegQICRAV\" aria-label=\"Prevedeni tekst: Specifikacije: Marka: Joyroom Model: JR-TCF06 Izlazna struja: USB C: 5V\/3A, 9V\/2.22A, 12V\/1.67A Maksimalna snaga: do 20W Podr\u0161ka za protokole brzog punjenja: Power Delivery, Quick Charge, Samsung AFC, Huawei FCP Dimenzije: 26,5 x 40 x 62 mm Materijal: vatrootporno PC ku\u0107i\u0161te Crne boje Set uklju\u010duje: kabel s USB C - Lightning konektorima, duljine 1 m\"><span class=\"Y2IQFc\" lang=\"sl\">Maksimalna snaga: do 20 W <\/span><\/li>\n<li dir=\"ltr\" data-placeholder=\"Translation\" data-ved=\"2ahUKEwi97YTY8cOOAxVVh_0HHTxRCzEQ3ewLegQICRAV\" aria-label=\"Prevedeni tekst: Specifikacije: Marka: Joyroom Model: JR-TCF06 Izlazna struja: USB C: 5V\/3A, 9V\/2.22A, 12V\/1.67A Maksimalna snaga: do 20W Podr\u0161ka za protokole brzog punjenja: Power Delivery, Quick Charge, Samsung AFC, Huawei FCP Dimenzije: 26,5 x 40 x 62 mm Materijal: vatrootporno PC ku\u0107i\u0161te Crne boje Set uklju\u010duje: kabel s USB C - Lightning konektorima, duljine 1 m\"><span class=\"Y2IQFc\" lang=\"sl\">Podr\u0161ka za protokole brzog punjenja: Power Delivery, Quick Charge, Samsung AFC, Huawei FCP<\/span><\/li>\n<li dir=\"ltr\" data-placeholder=\"Translation\" data-ved=\"2ahUKEwi97YTY8cOOAxVVh_0HHTxRCzEQ3ewLegQICRAV\" aria-label=\"Prevedeni tekst: Specifikacije: Marka: Joyroom Model: JR-TCF06 Izlazna struja: USB C: 5V\/3A, 9V\/2.22A, 12V\/1.67A Maksimalna snaga: do 20W Podr\u0161ka za protokole brzog punjenja: Power Delivery, Quick Charge, Samsung AFC, Huawei FCP Dimenzije: 26,5 x 40 x 62 mm Materijal: vatrootporno PC ku\u0107i\u0161te Crne boje Set uklju\u010duje: kabel s USB C - Lightning konektorima, duljine 1 m\"><span class=\"Y2IQFc\" lang=\"sl\">Dimenzije: 26,5 x 40 x 62 mm <\/span><\/li>\n<li dir=\"ltr\" data-placeholder=\"Translation\" data-ved=\"2ahUKEwi97YTY8cOOAxVVh_0HHTxRCzEQ3ewLegQICRAV\" aria-label=\"Prevedeni tekst: Specifikacije: Marka: Joyroom Model: JR-TCF06 Izlazna struja: USB C: 5V\/3A, 9V\/2.22A, 12V\/1.67A Maksimalna snaga: do 20W Podr\u0161ka za protokole brzog punjenja: Power Delivery, Quick Charge, Samsung AFC, Huawei FCP Dimenzije: 26,5 x 40 x 62 mm Materijal: vatrootporno PC ku\u0107i\u0161te Crne boje Set uklju\u010duje: kabel s USB C - Lightning konektorima, duljine 1 m\"><span class=\"Y2IQFc\" lang=\"sl\">Materijal: vatrootporno PC ku\u0107i\u0161te u crnoj boji<\/span><\/li>\n<li dir=\"ltr\" data-placeholder=\"Translation\" data-ved=\"2ahUKEwi97YTY8cOOAxVVh_0HHTxRCzEQ3ewLegQICRAV\" aria-label=\"Prevedeni tekst: Specifikacije: Marka: Joyroom Model: JR-TCF06 Izlazna struja: USB C: 5V\/3A, 9V\/2.22A, 12V\/1.67A Maksimalna snaga: do 20W Podr\u0161ka za protokole brzog punjenja: Power Delivery, Quick Charge, Samsung AFC, Huawei FCP Dimenzije: 26,5 x 40 x 62 mm Materijal: vatrootporno PC ku\u0107i\u0161te Crne boje Set uklju\u010duje: kabel s USB C - Lightning konektorima, duljine 1 m\"><span class=\"Y2IQFc\" lang=\"sl\">Set uklju\u010duje: kabel s USB-C i Lightning priklju\u010dcima, duljine 1 m.<\/span><\/li>\n<\/ul>","protected":false},"excerpt":{"rendered":"<p id=\"tw-target-text\" class=\"tw-data-text tw-text-large tw-ta\" dir=\"ltr\" data-placeholder=\"Translation\" data-ved=\"2ahUKEwi97YTY8cOOAxVVh_0HHTxRCzEQ3ewLegQICRAV\" aria-label=\"Joyroom JR-TCF06 je svestran, siguran, pouzdan i iznimno brz za punjenje. Unato\u010d svojoj kompaktnoj veli\u010dini, ima snagu izlaza do 20 W, \u0161to zna\u010di da mo\u017eete puniti svoj tablet, pametni telefon najnovije generacije ili \u010dak Bluetooth zvu\u010dnik za zabave. Va\u0161i ure\u0111aji bit \u0107e sigurni tijekom punjenja jer punja\u010d Joyroom JR-TCF06 USB C 20W nadzire sve parametre procesa, uklju\u010duju\u0107i temperaturu. Inteligentni \u010dip kojim je opremljen pru\u017ea za\u0161titu od prekomjernog punjenja i kratkog spoja.\"><span class=\"Y2IQFc\" lang=\"sl\">Joyroom Urbie punja\u010d je svestran, siguran, pouzdan i izuzetno brz pri punjenju. Unato\u010d svojoj kompaktnoj veli\u010dini, ima snagu izlaza do 20 W, \u0161to zna\u010di da mo\u017eete puniti svoj tablet, pametni telefon najnovije generacije ili \u010dak Bluetooth zvu\u010dnik za zabave. Va\u0161i ure\u0111aji bit \u0107e sigurni tijekom punjenja jer punja\u010d Joyroom USB-C 20W nadzire sve parametre procesa, uklju\u010duju\u0107i temperaturu. Inteligentni \u010dip kojim je opremljen pru\u017ea za\u0161titu od prekomjernog punjenja i kratkog spoja.<\/span><\/p>","protected":false},"featured_media":26642,"comment_status":"closed","ping_status":"closed","template":"","meta":[],"product_brand":[],"product_cat":[104,249,91],"product_tag":[],"class_list":{"0":"post-26568","1":"product","2":"type-product","3":"status-publish","4":"has-post-thumbnail","6":"product_cat-dodatna-oprema","7":"product_cat-kabli-in-polnilci","8":"product_cat-razprodaja","9":"pa_primerno-za-proizvajalca-apple","11":"first","12":"instock","13":"sale","14":"purchasable","15":"product-type-simple"},"yoast_head":"<!-- This site is optimized with the Yoast SEO plugin v27.2 - https:\/\/yoast.com\/product\/yoast-seo-wordpress\/ -->\n<title>Komplet polnilec JOYROOM Urbie, Type C na Lightning, 20W, \u010drn -<\/title>\n<meta name=\"robots\" content=\"index, follow, max-snippet:-1, max-image-preview:large, max-video-preview:-1\" \/>\n<link rel=\"canonical\" href=\"https:\/\/www.urbanspot.si\/hr\/proizvod-2\/joyroom-urbie-set-punjaca-type-c-na-lightning-20w-crni\/\" \/>\n<meta property=\"og:locale\" content=\"hr_HR\" \/>\n<meta property=\"og:type\" content=\"article\" \/>\n<meta property=\"og:title\" content=\"Komplet polnilec JOYROOM Urbie, Type C na Lightning, 20W, \u010drn -\" \/>\n<meta property=\"og:description\" content=\"Polnilec Joyroom Urbie je vsestranski, varen, zanesljiv in izjemno hiter za polnjenje. Kljub kompaktni velikosti ima mo\u010d do 20 W, kar pomeni, da lahko polnite tablico, pametni telefon najnovej\u0161e generacije ali celo bluetooth zvo\u010dnik za zabave. Va\u0161e naprave bodo med polnjenjem varne, saj polnilnik Joyroom USB C 20W nadzoruje vse procesne parametre, vklju\u010dno s temperaturo. Inteligentni \u010dip, s katerim je opremljen, zagotavlja za\u0161\u010dito pred prekomernim polnjenjem ali kratkim stikom.\" \/>\n<meta property=\"og:url\" content=\"https:\/\/www.urbanspot.si\/hr\/proizvod-2\/joyroom-urbie-set-punjaca-type-c-na-lightning-20w-crni\/\" \/>\n<meta property=\"article:publisher\" content=\"https:\/\/www.facebook.com\/urbanspot.si\" \/>\n<meta property=\"article:modified_time\" content=\"2026-03-19T14:02:45+00:00\" \/>\n<meta property=\"og:image\" content=\"https:\/\/www.urbanspot.si\/wp-content\/uploads\/Joyroom-J-polnilec-20w.webp\" \/>\n\t<meta property=\"og:image:width\" content=\"1000\" \/>\n\t<meta property=\"og:image:height\" content=\"1000\" \/>\n\t<meta property=\"og:image:type\" content=\"image\/webp\" \/>\n<meta name=\"twitter:card\" content=\"summary_large_image\" \/>\n<meta name=\"twitter:label1\" content=\"Procijenjeno vrijeme \u010ditanja\" \/>\n\t<meta name=\"twitter:data1\" content=\"1 minuta\" \/>\n<script type=\"application\/ld+json\" class=\"yoast-schema-graph\">{\"@context\":\"https:\/\/schema.org\",\"@graph\":[{\"@type\":\"WebPage\",\"@id\":\"https:\/\/www.urbanspot.si\/produkt\/komplet-polnilec-joyroom-urbie-type-c-na-lightning-20w-crn\/\",\"url\":\"https:\/\/www.urbanspot.si\/produkt\/komplet-polnilec-joyroom-urbie-type-c-na-lightning-20w-crn\/\",\"name\":\"Komplet polnilec JOYROOM Urbie, Type C na Lightning, 20W, \u010drn -\",\"isPartOf\":{\"@id\":\"https:\/\/www.urbanspot.si\/#website\"},\"primaryImageOfPage\":{\"@id\":\"https:\/\/www.urbanspot.si\/produkt\/komplet-polnilec-joyroom-urbie-type-c-na-lightning-20w-crn\/#primaryimage\"},\"image\":{\"@id\":\"https:\/\/www.urbanspot.si\/produkt\/komplet-polnilec-joyroom-urbie-type-c-na-lightning-20w-crn\/#primaryimage\"},\"thumbnailUrl\":\"https:\/\/www.urbanspot.si\/wp-content\/uploads\/Joyroom-J-polnilec-20w.webp\",\"datePublished\":\"2025-07-16T22:00:00+00:00\",\"dateModified\":\"2026-03-19T14:02:45+00:00\",\"breadcrumb\":{\"@id\":\"https:\/\/www.urbanspot.si\/produkt\/komplet-polnilec-joyroom-urbie-type-c-na-lightning-20w-crn\/#breadcrumb\"},\"inLanguage\":\"hr\",\"potentialAction\":[{\"@type\":\"ReadAction\",\"target\":[\"https:\/\/www.urbanspot.si\/produkt\/komplet-polnilec-joyroom-urbie-type-c-na-lightning-20w-crn\/\"]}]},{\"@type\":\"ImageObject\",\"inLanguage\":\"hr\",\"@id\":\"https:\/\/www.urbanspot.si\/produkt\/komplet-polnilec-joyroom-urbie-type-c-na-lightning-20w-crn\/#primaryimage\",\"url\":\"https:\/\/www.urbanspot.si\/wp-content\/uploads\/Joyroom-J-polnilec-20w.webp\",\"contentUrl\":\"https:\/\/www.urbanspot.si\/wp-content\/uploads\/Joyroom-J-polnilec-20w.webp\",\"width\":1000,\"height\":1000},{\"@type\":\"BreadcrumbList\",\"@id\":\"https:\/\/www.urbanspot.si\/produkt\/komplet-polnilec-joyroom-urbie-type-c-na-lightning-20w-crn\/#breadcrumb\",\"itemListElement\":[{\"@type\":\"ListItem\",\"position\":1,\"name\":\"Home\",\"item\":\"https:\/\/www.urbanspot.si\/\"},{\"@type\":\"ListItem\",\"position\":2,\"name\":\"Shop\",\"item\":\"https:\/\/www.urbanspot.si\/shop\/\"},{\"@type\":\"ListItem\",\"position\":3,\"name\":\"Komplet polnilec JOYROOM Urbie, Type C na Lightning, 20W, \u010drn\"}]},{\"@type\":\"WebSite\",\"@id\":\"https:\/\/www.urbanspot.si\/#website\",\"url\":\"https:\/\/www.urbanspot.si\/\",\"name\":\"UrbanSpot\",\"description\":\"\",\"publisher\":{\"@id\":\"https:\/\/www.urbanspot.si\/#organization\"},\"potentialAction\":[{\"@type\":\"SearchAction\",\"target\":{\"@type\":\"EntryPoint\",\"urlTemplate\":\"https:\/\/www.urbanspot.si\/?s={search_term_string}\"},\"query-input\":{\"@type\":\"PropertyValueSpecification\",\"valueRequired\":true,\"valueName\":\"search_term_string\"}}],\"inLanguage\":\"hr\"},{\"@type\":\"Organization\",\"@id\":\"https:\/\/www.urbanspot.si\/#organization\",\"name\":\"UrbanSpot\",\"url\":\"https:\/\/www.urbanspot.si\/\",\"logo\":{\"@type\":\"ImageObject\",\"inLanguage\":\"hr\",\"@id\":\"https:\/\/www.urbanspot.si\/#\/schema\/logo\/image\/\",\"url\":\"https:\/\/www.urbanspot.si\/wp-content\/uploads\/urbanspot-logo.svg\",\"contentUrl\":\"https:\/\/www.urbanspot.si\/wp-content\/uploads\/urbanspot-logo.svg\",\"width\":185,\"height\":40,\"caption\":\"UrbanSpot\"},\"image\":{\"@id\":\"https:\/\/www.urbanspot.si\/#\/schema\/logo\/image\/\"},\"sameAs\":[\"https:\/\/www.facebook.com\/urbanspot.si\"]}]}<\/script>\n<!-- \/ Yoast SEO plugin. -->","yoast_head_json":{"title":"Komplet polnilec JOYROOM Urbie, Type C na Lightning, 20W, \u010drn -","robots":{"index":"index","follow":"follow","max-snippet":"max-snippet:-1","max-image-preview":"max-image-preview:large","max-video-preview":"max-video-preview:-1"},"canonical":"https:\/\/www.urbanspot.si\/hr\/proizvod-2\/joyroom-urbie-set-punjaca-type-c-na-lightning-20w-crni\/","og_locale":"hr_HR","og_type":"article","og_title":"Komplet polnilec JOYROOM Urbie, Type C na Lightning, 20W, \u010drn -","og_description":"Polnilec Joyroom Urbie je vsestranski, varen, zanesljiv in izjemno hiter za polnjenje. Kljub kompaktni velikosti ima mo\u010d do 20 W, kar pomeni, da lahko polnite tablico, pametni telefon najnovej\u0161e generacije ali celo bluetooth zvo\u010dnik za zabave. Va\u0161e naprave bodo med polnjenjem varne, saj polnilnik Joyroom USB C 20W nadzoruje vse procesne parametre, vklju\u010dno s temperaturo. Inteligentni \u010dip, s katerim je opremljen, zagotavlja za\u0161\u010dito pred prekomernim polnjenjem ali kratkim stikom.","og_url":"https:\/\/www.urbanspot.si\/hr\/proizvod-2\/joyroom-urbie-set-punjaca-type-c-na-lightning-20w-crni\/","article_publisher":"https:\/\/www.facebook.com\/urbanspot.si","article_modified_time":"2026-03-19T14:02:45+00:00","og_image":[{"width":1000,"height":1000,"url":"https:\/\/www.urbanspot.si\/wp-content\/uploads\/Joyroom-J-polnilec-20w.webp","type":"image\/webp"}],"twitter_card":"summary_large_image","twitter_misc":{"Procijenjeno vrijeme \u010ditanja":"1 minuta"},"schema":{"@context":"https:\/\/schema.org","@graph":[{"@type":"WebPage","@id":"https:\/\/www.urbanspot.si\/produkt\/komplet-polnilec-joyroom-urbie-type-c-na-lightning-20w-crn\/","url":"https:\/\/www.urbanspot.si\/produkt\/komplet-polnilec-joyroom-urbie-type-c-na-lightning-20w-crn\/","name":"Komplet polnilec JOYROOM Urbie, Type C na Lightning, 20W, \u010drn -","isPartOf":{"@id":"https:\/\/www.urbanspot.si\/#website"},"primaryImageOfPage":{"@id":"https:\/\/www.urbanspot.si\/produkt\/komplet-polnilec-joyroom-urbie-type-c-na-lightning-20w-crn\/#primaryimage"},"image":{"@id":"https:\/\/www.urbanspot.si\/produkt\/komplet-polnilec-joyroom-urbie-type-c-na-lightning-20w-crn\/#primaryimage"},"thumbnailUrl":"https:\/\/www.urbanspot.si\/wp-content\/uploads\/Joyroom-J-polnilec-20w.webp","datePublished":"2025-07-16T22:00:00+00:00","dateModified":"2026-03-19T14:02:45+00:00","breadcrumb":{"@id":"https:\/\/www.urbanspot.si\/produkt\/komplet-polnilec-joyroom-urbie-type-c-na-lightning-20w-crn\/#breadcrumb"},"inLanguage":"hr","potentialAction":[{"@type":"ReadAction","target":["https:\/\/www.urbanspot.si\/produkt\/komplet-polnilec-joyroom-urbie-type-c-na-lightning-20w-crn\/"]}]},{"@type":"ImageObject","inLanguage":"hr","@id":"https:\/\/www.urbanspot.si\/produkt\/komplet-polnilec-joyroom-urbie-type-c-na-lightning-20w-crn\/#primaryimage","url":"https:\/\/www.urbanspot.si\/wp-content\/uploads\/Joyroom-J-polnilec-20w.webp","contentUrl":"https:\/\/www.urbanspot.si\/wp-content\/uploads\/Joyroom-J-polnilec-20w.webp","width":1000,"height":1000},{"@type":"BreadcrumbList","@id":"https:\/\/www.urbanspot.si\/produkt\/komplet-polnilec-joyroom-urbie-type-c-na-lightning-20w-crn\/#breadcrumb","itemListElement":[{"@type":"ListItem","position":1,"name":"Home","item":"https:\/\/www.urbanspot.si\/"},{"@type":"ListItem","position":2,"name":"Shop","item":"https:\/\/www.urbanspot.si\/shop\/"},{"@type":"ListItem","position":3,"name":"Komplet polnilec JOYROOM Urbie, Type C na Lightning, 20W, \u010drn"}]},{"@type":"WebSite","@id":"https:\/\/www.urbanspot.si\/#website","url":"https:\/\/www.urbanspot.si\/","name":"UrbanSpot","description":"","publisher":{"@id":"https:\/\/www.urbanspot.si\/#organization"},"potentialAction":[{"@type":"SearchAction","target":{"@type":"EntryPoint","urlTemplate":"https:\/\/www.urbanspot.si\/?s={search_term_string}"},"query-input":{"@type":"PropertyValueSpecification","valueRequired":true,"valueName":"search_term_string"}}],"inLanguage":"hr"},{"@type":"Organization","@id":"https:\/\/www.urbanspot.si\/#organization","name":"UrbanSpot","url":"https:\/\/www.urbanspot.si\/","logo":{"@type":"ImageObject","inLanguage":"hr","@id":"https:\/\/www.urbanspot.si\/#\/schema\/logo\/image\/","url":"https:\/\/www.urbanspot.si\/wp-content\/uploads\/urbanspot-logo.svg","contentUrl":"https:\/\/www.urbanspot.si\/wp-content\/uploads\/urbanspot-logo.svg","width":185,"height":40,"caption":"UrbanSpot"},"image":{"@id":"https:\/\/www.urbanspot.si\/#\/schema\/logo\/image\/"},"sameAs":["https:\/\/www.facebook.com\/urbanspot.si"]}]}},"_links":{"self":[{"href":"https:\/\/www.urbanspot.si\/hr\/wp-json\/wp\/v2\/product\/26568","targetHints":{"allow":["GET"]}}],"collection":[{"href":"https:\/\/www.urbanspot.si\/hr\/wp-json\/wp\/v2\/product"}],"about":[{"href":"https:\/\/www.urbanspot.si\/hr\/wp-json\/wp\/v2\/types\/product"}],"replies":[{"embeddable":true,"href":"https:\/\/www.urbanspot.si\/hr\/wp-json\/wp\/v2\/comments?post=26568"}],"version-history":[{"count":4,"href":"https:\/\/www.urbanspot.si\/hr\/wp-json\/wp\/v2\/product\/26568\/revisions"}],"predecessor-version":[{"id":26648,"href":"https:\/\/www.urbanspot.si\/hr\/wp-json\/wp\/v2\/product\/26568\/revisions\/26648"}],"wp:featuredmedia":[{"embeddable":true,"href":"https:\/\/www.urbanspot.si\/hr\/wp-json\/wp\/v2\/media\/26642"}],"wp:attachment":[{"href":"https:\/\/www.urbanspot.si\/hr\/wp-json\/wp\/v2\/media?parent=26568"}],"wp:term":[{"taxonomy":"product_brand","embeddable":true,"href":"https:\/\/www.urbanspot.si\/hr\/wp-json\/wp\/v2\/product_brand?post=26568"},{"taxonomy":"product_cat","embeddable":true,"href":"https:\/\/www.urbanspot.si\/hr\/wp-json\/wp\/v2\/product_cat?post=26568"},{"taxonomy":"product_tag","embeddable":true,"href":"https:\/\/www.urbanspot.si\/hr\/wp-json\/wp\/v2\/product_tag?post=26568"}],"curies":[{"name":"radni list","href":"https:\/\/api.w.org\/{rel}","templated":true}]}}