{"id":26627,"date":"2025-07-17T14:30:27","date_gmt":"2025-07-17T12:30:27","guid":{"rendered":"https:\/\/www.urbanspot.si\/?post_type=product&#038;p=26627"},"modified":"2026-03-19T16:02:43","modified_gmt":"2026-03-19T14:02:43","slug":"baterija-maximcell-cr2025-3v","status":"publish","type":"product","link":"https:\/\/www.urbanspot.si\/hr\/produkt\/baterija-maximcell-cr2025-3v\/","title":{"rendered":"Baterija MAXIMCELL CR2025\/3V"},"content":{"rendered":"<p id=\"tw-target-text\" class=\"tw-data-text tw-text-large tw-ta\" dir=\"ltr\" data-placeholder=\"Translation\" data-ved=\"2ahUKEwi97YTY8cOOAxVVh_0HHTxRCzEQ3ewLegQICRAV\" aria-label=\"Prevedeni tekst: Litijeva baterija CR2025 ima napon od 3 V i uobi\u010dajena je vrsta baterije koja se koristi u raznim elektroni\u010dkim ure\u0111ajima. Ima cilindri\u010dni oblik promjera oko 20 mm i debljine oko 2,5 mm.\"><span class=\"Y2IQFc\" lang=\"sl\">Litijeva baterija CR2025 ima napon od 3 V i uobi\u010dajena je vrsta baterije koja se koristi u raznim elektroni\u010dkim ure\u0111ajima. Ima cilindri\u010dni oblik promjera oko 20 mm i debljine oko 2,5 mm.<\/span><\/p>","protected":false},"excerpt":{"rendered":"<p id=\"tw-target-text\" class=\"tw-data-text tw-text-large tw-ta\" dir=\"ltr\" data-placeholder=\"Translation\" data-ved=\"2ahUKEwi97YTY8cOOAxVVh_0HHTxRCzEQ3ewLegQICRAV\" aria-label=\"Prevedeni tekst: Baterija CR2025 se \u0161iroko koristi u satovima, kalkulatorima, elektroni\u010dkim klju\u010devima za automobile, daljinskim upravlja\u010dima, termometrima, elektroni\u010dkim karta\u0161kim igrama i drugim sli\u010dnim ure\u0111ajima. Njen visoki napon od 3 V i dobra izdr\u017eljivost \u010dine je popularnim izborom za male, prijenosne elektroni\u010dke ure\u0111aje.\"><span class=\"Y2IQFc\" lang=\"sl\">Baterija CR2025 se \u0161iroko koristi u satovima, kalkulatorima, elektroni\u010dkim klju\u010devima za automobile, daljinskim upravlja\u010dima, termometrima, elektroni\u010dkim karta\u0161kim igrama i drugim sli\u010dnim ure\u0111ajima. Njen visoki napon od 3 V i dobra izdr\u017eljivost \u010dine je popularnim izborom za male, prijenosne elektroni\u010dke ure\u0111aje.<\/span><\/p>","protected":false},"featured_media":26629,"comment_status":"open","ping_status":"closed","template":"","meta":[],"product_brand":[],"product_cat":[685,104,91],"product_tag":[],"class_list":{"0":"post-26627","1":"product","2":"type-product","3":"status-publish","4":"has-post-thumbnail","6":"product_cat-baterije","7":"product_cat-dodatna-oprema","8":"product_cat-razprodaja","10":"first","11":"instock","12":"sale","13":"taxable","14":"shipping-taxable","15":"purchasable","16":"product-type-simple"},"yoast_head":"<!-- This site is optimized with the Yoast SEO plugin v27.4 - https:\/\/yoast.com\/product\/yoast-seo-wordpress\/ -->\n<title>Baterija MAXIMCELL CR2025\/3V -<\/title>\n<meta name=\"robots\" content=\"index, follow, max-snippet:-1, max-image-preview:large, max-video-preview:-1\" \/>\n<link rel=\"canonical\" href=\"https:\/\/www.urbanspot.si\/hr\/proizvod-2\/baterija-maximcell-cr2025-3v\/\" \/>\n<meta property=\"og:locale\" content=\"hr_HR\" \/>\n<meta property=\"og:type\" content=\"article\" \/>\n<meta property=\"og:title\" content=\"Baterija MAXIMCELL CR2025\/3V -\" \/>\n<meta property=\"og:description\" content=\"Baterija CR2025 se pogosto uporablja v urah, kalkulatorjih, elektronskih avtomobilskih klju\u010dih, daljinskih upravljalnikih, termometrih, elektronskih karta\u0161kih igrah in drugih podobnih napravah. Zaradi visoke napetosti 3 V in dobre vzdr\u017eljivosti je priljubljena izbira za majhne, prenosne elektronske naprave.\" \/>\n<meta property=\"og:url\" content=\"https:\/\/www.urbanspot.si\/hr\/proizvod-2\/baterija-maximcell-cr2025-3v\/\" \/>\n<meta property=\"article:publisher\" content=\"https:\/\/www.facebook.com\/urbanspot.si\" \/>\n<meta property=\"article:modified_time\" content=\"2026-03-19T14:02:43+00:00\" \/>\n<meta property=\"og:image\" content=\"https:\/\/www.urbanspot.si\/wp-content\/uploads\/CR2025.jpg\" \/>\n\t<meta property=\"og:image:width\" content=\"462\" \/>\n\t<meta property=\"og:image:height\" content=\"351\" \/>\n\t<meta property=\"og:image:type\" content=\"image\/jpeg\" \/>\n<meta name=\"twitter:card\" content=\"summary_large_image\" \/>\n<meta name=\"twitter:label1\" content=\"Procijenjeno vrijeme \u010ditanja\" \/>\n\t<meta name=\"twitter:data1\" content=\"1 minuta\" \/>\n<script type=\"application\/ld+json\" class=\"yoast-schema-graph\">{\"@context\":\"https:\\\/\\\/schema.org\",\"@graph\":[{\"@type\":\"WebPage\",\"@id\":\"https:\\\/\\\/www.urbanspot.si\\\/produkt\\\/baterija-maximcell-cr2025-3v\\\/\",\"url\":\"https:\\\/\\\/www.urbanspot.si\\\/produkt\\\/baterija-maximcell-cr2025-3v\\\/\",\"name\":\"Baterija MAXIMCELL CR2025\\\/3V -\",\"isPartOf\":{\"@id\":\"https:\\\/\\\/www.urbanspot.si\\\/#website\"},\"primaryImageOfPage\":{\"@id\":\"https:\\\/\\\/www.urbanspot.si\\\/produkt\\\/baterija-maximcell-cr2025-3v\\\/#primaryimage\"},\"image\":{\"@id\":\"https:\\\/\\\/www.urbanspot.si\\\/produkt\\\/baterija-maximcell-cr2025-3v\\\/#primaryimage\"},\"thumbnailUrl\":\"https:\\\/\\\/www.urbanspot.si\\\/wp-content\\\/uploads\\\/CR2025.jpg\",\"datePublished\":\"2025-07-17T12:30:27+00:00\",\"dateModified\":\"2026-03-19T14:02:43+00:00\",\"breadcrumb\":{\"@id\":\"https:\\\/\\\/www.urbanspot.si\\\/produkt\\\/baterija-maximcell-cr2025-3v\\\/#breadcrumb\"},\"inLanguage\":\"hr\",\"potentialAction\":[{\"@type\":\"ReadAction\",\"target\":[\"https:\\\/\\\/www.urbanspot.si\\\/produkt\\\/baterija-maximcell-cr2025-3v\\\/\"]}]},{\"@type\":\"ImageObject\",\"inLanguage\":\"hr\",\"@id\":\"https:\\\/\\\/www.urbanspot.si\\\/produkt\\\/baterija-maximcell-cr2025-3v\\\/#primaryimage\",\"url\":\"https:\\\/\\\/www.urbanspot.si\\\/wp-content\\\/uploads\\\/CR2025.jpg\",\"contentUrl\":\"https:\\\/\\\/www.urbanspot.si\\\/wp-content\\\/uploads\\\/CR2025.jpg\",\"width\":462,\"height\":351},{\"@type\":\"BreadcrumbList\",\"@id\":\"https:\\\/\\\/www.urbanspot.si\\\/produkt\\\/baterija-maximcell-cr2025-3v\\\/#breadcrumb\",\"itemListElement\":[{\"@type\":\"ListItem\",\"position\":1,\"name\":\"Home\",\"item\":\"https:\\\/\\\/www.urbanspot.si\\\/\"},{\"@type\":\"ListItem\",\"position\":2,\"name\":\"Shop\",\"item\":\"https:\\\/\\\/www.urbanspot.si\\\/shop\\\/\"},{\"@type\":\"ListItem\",\"position\":3,\"name\":\"Baterija MAXIMCELL CR2025\\\/3V\"}]},{\"@type\":\"WebSite\",\"@id\":\"https:\\\/\\\/www.urbanspot.si\\\/#website\",\"url\":\"https:\\\/\\\/www.urbanspot.si\\\/\",\"name\":\"UrbanSpot\",\"description\":\"\",\"publisher\":{\"@id\":\"https:\\\/\\\/www.urbanspot.si\\\/#organization\"},\"potentialAction\":[{\"@type\":\"SearchAction\",\"target\":{\"@type\":\"EntryPoint\",\"urlTemplate\":\"https:\\\/\\\/www.urbanspot.si\\\/?s={search_term_string}\"},\"query-input\":{\"@type\":\"PropertyValueSpecification\",\"valueRequired\":true,\"valueName\":\"search_term_string\"}}],\"inLanguage\":\"hr\"},{\"@type\":\"Organization\",\"@id\":\"https:\\\/\\\/www.urbanspot.si\\\/#organization\",\"name\":\"UrbanSpot\",\"url\":\"https:\\\/\\\/www.urbanspot.si\\\/\",\"logo\":{\"@type\":\"ImageObject\",\"inLanguage\":\"hr\",\"@id\":\"https:\\\/\\\/www.urbanspot.si\\\/#\\\/schema\\\/logo\\\/image\\\/\",\"url\":\"https:\\\/\\\/www.urbanspot.si\\\/wp-content\\\/uploads\\\/urbanspot-logo.svg\",\"contentUrl\":\"https:\\\/\\\/www.urbanspot.si\\\/wp-content\\\/uploads\\\/urbanspot-logo.svg\",\"width\":185,\"height\":40,\"caption\":\"UrbanSpot\"},\"image\":{\"@id\":\"https:\\\/\\\/www.urbanspot.si\\\/#\\\/schema\\\/logo\\\/image\\\/\"},\"sameAs\":[\"https:\\\/\\\/www.facebook.com\\\/urbanspot.si\"]}]}<\/script>\n<!-- \/ Yoast SEO plugin. -->","yoast_head_json":{"title":"MAXIMCELL CR2025\/3V baterija -","robots":{"index":"index","follow":"follow","max-snippet":"max-snippet:-1","max-image-preview":"max-image-preview:large","max-video-preview":"max-video-preview:-1"},"canonical":"https:\/\/www.urbanspot.si\/hr\/proizvod-2\/baterija-maximcell-cr2025-3v\/","og_locale":"hr_HR","og_type":"article","og_title":"Baterija MAXIMCELL CR2025\/3V -","og_description":"Baterija CR2025 se pogosto uporablja v urah, kalkulatorjih, elektronskih avtomobilskih klju\u010dih, daljinskih upravljalnikih, termometrih, elektronskih karta\u0161kih igrah in drugih podobnih napravah. Zaradi visoke napetosti 3 V in dobre vzdr\u017eljivosti je priljubljena izbira za majhne, prenosne elektronske naprave.","og_url":"https:\/\/www.urbanspot.si\/hr\/proizvod-2\/baterija-maximcell-cr2025-3v\/","article_publisher":"https:\/\/www.facebook.com\/urbanspot.si","article_modified_time":"2026-03-19T14:02:43+00:00","og_image":[{"width":462,"height":351,"url":"https:\/\/www.urbanspot.si\/wp-content\/uploads\/CR2025.jpg","type":"image\/jpeg"}],"twitter_card":"summary_large_image","twitter_misc":{"Procijenjeno vrijeme \u010ditanja":"1 minuta"},"schema":{"@context":"https:\/\/schema.org","@graph":[{"@type":"WebPage","@id":"https:\/\/www.urbanspot.si\/produkt\/baterija-maximcell-cr2025-3v\/","url":"https:\/\/www.urbanspot.si\/produkt\/baterija-maximcell-cr2025-3v\/","name":"MAXIMCELL CR2025\/3V baterija -","isPartOf":{"@id":"https:\/\/www.urbanspot.si\/#website"},"primaryImageOfPage":{"@id":"https:\/\/www.urbanspot.si\/produkt\/baterija-maximcell-cr2025-3v\/#primaryimage"},"image":{"@id":"https:\/\/www.urbanspot.si\/produkt\/baterija-maximcell-cr2025-3v\/#primaryimage"},"thumbnailUrl":"https:\/\/www.urbanspot.si\/wp-content\/uploads\/CR2025.jpg","datePublished":"2025-07-17T12:30:27+00:00","dateModified":"2026-03-19T14:02:43+00:00","breadcrumb":{"@id":"https:\/\/www.urbanspot.si\/produkt\/baterija-maximcell-cr2025-3v\/#breadcrumb"},"inLanguage":"hr","potentialAction":[{"@type":"ReadAction","target":["https:\/\/www.urbanspot.si\/produkt\/baterija-maximcell-cr2025-3v\/"]}]},{"@type":"ImageObject","inLanguage":"hr","@id":"https:\/\/www.urbanspot.si\/produkt\/baterija-maximcell-cr2025-3v\/#primaryimage","url":"https:\/\/www.urbanspot.si\/wp-content\/uploads\/CR2025.jpg","contentUrl":"https:\/\/www.urbanspot.si\/wp-content\/uploads\/CR2025.jpg","width":462,"height":351},{"@type":"BreadcrumbList","@id":"https:\/\/www.urbanspot.si\/produkt\/baterija-maximcell-cr2025-3v\/#breadcrumb","itemListElement":[{"@type":"ListItem","position":1,"name":"Home","item":"https:\/\/www.urbanspot.si\/"},{"@type":"ListItem","position":2,"name":"Shop","item":"https:\/\/www.urbanspot.si\/shop\/"},{"@type":"ListItem","position":3,"name":"Baterija MAXIMCELL CR2025\/3V"}]},{"@type":"WebSite","@id":"https:\/\/www.urbanspot.si\/#website","url":"https:\/\/www.urbanspot.si\/","name":"UrbanSpot","description":"","publisher":{"@id":"https:\/\/www.urbanspot.si\/#organization"},"potentialAction":[{"@type":"SearchAction","target":{"@type":"EntryPoint","urlTemplate":"https:\/\/www.urbanspot.si\/?s={search_term_string}"},"query-input":{"@type":"PropertyValueSpecification","valueRequired":true,"valueName":"search_term_string"}}],"inLanguage":"hr"},{"@type":"Organization","@id":"https:\/\/www.urbanspot.si\/#organization","name":"UrbanSpot","url":"https:\/\/www.urbanspot.si\/","logo":{"@type":"ImageObject","inLanguage":"hr","@id":"https:\/\/www.urbanspot.si\/#\/schema\/logo\/image\/","url":"https:\/\/www.urbanspot.si\/wp-content\/uploads\/urbanspot-logo.svg","contentUrl":"https:\/\/www.urbanspot.si\/wp-content\/uploads\/urbanspot-logo.svg","width":185,"height":40,"caption":"UrbanSpot"},"image":{"@id":"https:\/\/www.urbanspot.si\/#\/schema\/logo\/image\/"},"sameAs":["https:\/\/www.facebook.com\/urbanspot.si"]}]}},"_links":{"self":[{"href":"https:\/\/www.urbanspot.si\/hr\/wp-json\/wp\/v2\/product\/26627","targetHints":{"allow":["GET"]}}],"collection":[{"href":"https:\/\/www.urbanspot.si\/hr\/wp-json\/wp\/v2\/product"}],"about":[{"href":"https:\/\/www.urbanspot.si\/hr\/wp-json\/wp\/v2\/types\/product"}],"replies":[{"embeddable":true,"href":"https:\/\/www.urbanspot.si\/hr\/wp-json\/wp\/v2\/comments?post=26627"}],"version-history":[{"count":1,"href":"https:\/\/www.urbanspot.si\/hr\/wp-json\/wp\/v2\/product\/26627\/revisions"}],"predecessor-version":[{"id":26631,"href":"https:\/\/www.urbanspot.si\/hr\/wp-json\/wp\/v2\/product\/26627\/revisions\/26631"}],"wp:featuredmedia":[{"embeddable":true,"href":"https:\/\/www.urbanspot.si\/hr\/wp-json\/wp\/v2\/media\/26629"}],"wp:attachment":[{"href":"https:\/\/www.urbanspot.si\/hr\/wp-json\/wp\/v2\/media?parent=26627"}],"wp:term":[{"taxonomy":"product_brand","embeddable":true,"href":"https:\/\/www.urbanspot.si\/hr\/wp-json\/wp\/v2\/product_brand?post=26627"},{"taxonomy":"product_cat","embeddable":true,"href":"https:\/\/www.urbanspot.si\/hr\/wp-json\/wp\/v2\/product_cat?post=26627"},{"taxonomy":"product_tag","embeddable":true,"href":"https:\/\/www.urbanspot.si\/hr\/wp-json\/wp\/v2\/product_tag?post=26627"}],"curies":[{"name":"radni list","href":"https:\/\/api.w.org\/{rel}","templated":true}]}}