{"id":26731,"date":"2025-07-22T13:39:15","date_gmt":"2025-07-22T11:39:15","guid":{"rendered":"https:\/\/www.urbanspot.si\/?post_type=product&#038;p=26731"},"modified":"2026-03-19T16:02:39","modified_gmt":"2026-03-19T14:02:39","slug":"baseus-gimbal-stabilizator-za-pametne-telefone-crne-boje","status":"publish","type":"product","link":"https:\/\/www.urbanspot.si\/hr\/produkt\/stabilizator-gimbal-baseus-za-pametne-telefone-crn\/","title":{"rendered":"Baseus Gimbal stabilizator za pametne telefone, crni"},"content":{"rendered":"<p>Tehni\u010dki podaci:<\/p>\n<ul>\n<li><strong>3-osni stabilizator<\/strong>\u00a0dizajniran je za mobilne telefone \u0161irine do 92 mm<\/li>\n<li>Ugra\u0111ena baterija traje\u00a0<strong>do 12 sati<\/strong>\u00a0s jednim punjenjem<\/li>\n<li>Inteligentni automatski\u00a0<strong>pra\u0107enje pokreta<\/strong>\u00a0i\u00a0<strong>stabilizacija slike<\/strong><\/li>\n<li><strong>Funkcija protiv podrhtavanja<\/strong>\u00a0za bolje videozapise<\/li>\n<li>Lako\u00a0<strong>upravljanje putem mobilne aplikacije<\/strong><\/li>\n<li>\n<p id=\"tw-target-text\" class=\"tw-data-text tw-text-large tw-ta\" dir=\"ltr\" data-placeholder=\"Translation\" data-ved=\"2ahUKEwj-_P6PsNCOAxUdS_EDHWFbGzUQ3ewLegQICRAV\" aria-label=\"Prevedeni tekst: Baseus Control Handheld Gimbal Stabilizer je ru\u010dni stabilizator koji svaku snimku \u010dini stabilnom zahvaljuju\u0107i svojoj tehnologiji stabilizacije s 3 osi i laganom i okretnom tijelu. Idealan je za ljude koji \u017eele nevjerojatne kinematografske snimke sa svojim telefonom. Ima 3 na\u010dina stabilizacije: Pan &amp; Tilt (stabilizacija pra\u0107enjem pokreta kamere), Pan (stabilizacija pra\u0107enjem pokreta zape\u0161\u0107a), Lock (stabilizacija). Podr\u0161ka se preporu\u010duje za ve\u0107inu iOS (verzija 10 ili novija) i Android (verzija 6 ili novija) mobilnih telefona \u0161irine izme\u0111u 58 i 90 mm i maksimalne debljine 11,5 mm. Telefon se povezuje sa stabilizatorom putem Bluetootha i bit \u0107e postavljen u nosa\u010d. Gumb PhoneGo omogu\u0107uje vam jednostavno prebacivanje kako biste brzo snimili sve klju\u010dne trenutke.\"><span class=\"Y2IQFc\" lang=\"sl\">Gumb PhoneGo omogu\u0107uje vam jednostavan prijelaz za brzo snimanje svih klju\u010dnih trenutaka<\/span><\/p>\n<\/li>\n<li>\n<p id=\"tw-target-text\" class=\"tw-data-text tw-text-large tw-ta\" dir=\"ltr\" data-placeholder=\"Translation\" data-ved=\"2ahUKEwj-_P6PsNCOAxUdS_EDHWFbGzUQ3ewLegQICRAV\" aria-label=\"Prevedeni tekst: Baseus Control Handheld Gimbal Stabilizer je ru\u010dni stabilizator koji svaku snimku \u010dini stabilnom zahvaljuju\u0107i svojoj tehnologiji stabilizacije s 3 osi i laganom i okretnom tijelu. Idealan je za ljude koji \u017eele nevjerojatne kinematografske snimke sa svojim telefonom. Ima 3 na\u010dina stabilizacije: Pan &amp; Tilt (stabilizacija pra\u0107enjem pokreta kamere), Pan (stabilizacija pra\u0107enjem pokreta zape\u0161\u0107a), Lock (stabilizacija). Podr\u0161ka se preporu\u010duje za ve\u0107inu iOS (verzija 10 ili novija) i Android (verzija 6 ili novija) mobilnih telefona \u0161irine izme\u0111u 58 i 90 mm i maksimalne debljine 11,5 mm. Telefon se povezuje sa stabilizatorom putem Bluetootha i bit \u0107e postavljen u nosa\u010d. Gumb PhoneGo omogu\u0107uje vam jednostavno prebacivanje kako biste brzo snimili sve klju\u010dne trenutke.\"><span class=\"Y2IQFc\" lang=\"sl\">Preporu\u010duje se podr\u0161ka za ve\u0107inu iOS (verzija 10 ili novija) i Android (verzija 6 ili novija) mobilnih telefona \u0161irine izme\u0111u 58 i 90 mm i maksimalne debljine 11,5 mm.<\/span><\/p>\n<\/li>\n<li>Automatska kalibracija omogu\u0107uje portretno i pejza\u017eno snimanje. Automatsko otkrivanje temeljeno na kriterijima ravnote\u017ee i podr\u0161ka za snimanje iz vi\u0161e kutova.<\/li>\n<\/ul>\n<p>&nbsp;<\/p>\n<p><strong>Tehni\u010dke zna\u010dajke:<\/strong><\/p>\n<ul>\n<li>Maksimalna \u0161irina telefona: 92 mm<\/li>\n<li>Maksimalna te\u017eina telefona: 250 g<\/li>\n<li>Kapacitet baterije: 2200mAh<\/li>\n<li>Vrijeme rada s jednim punjenjem: 12 sati<\/li>\n<li>Te\u017eina: 500 g<\/li>\n<li>Materijal: ABS, PC<\/li>\n<li>Paket uklju\u010duje: 1x stabilizator, 1x USB kabel<\/li>\n<\/ul>","protected":false},"excerpt":{"rendered":"<p>Troosni stabilizator omogu\u0107uje vam snimanje mobilnih videa u zapanjuju\u0107oj kvaliteti. Baseus stabilizator za telefon\u00a0<strong>\u0161titi od udaraca<\/strong>\u00a0i ima funkciju\u00a0<strong>automatske kalibracije<\/strong>. Traje s jednim punjenjem\u00a0<strong>do 12 sati<\/strong>. Upravlja se\u00a0<strong>jednostavno i prakti\u010dno<\/strong>\u00a0putem mobilne aplikacije.<\/p>","protected":false},"featured_media":26733,"comment_status":"open","ping_status":"closed","template":"","meta":[],"product_brand":[],"product_cat":[104,105,91],"product_tag":[],"class_list":{"0":"post-26731","1":"product","2":"type-product","3":"status-publish","4":"has-post-thumbnail","6":"product_cat-dodatna-oprema","7":"product_cat-nosilci-in-drzala","8":"product_cat-razprodaja","10":"first","11":"instock","12":"sale","13":"taxable","14":"shipping-taxable","15":"purchasable","16":"product-type-simple"},"yoast_head":"<!-- This site is optimized with the Yoast SEO plugin v27.2 - https:\/\/yoast.com\/product\/yoast-seo-wordpress\/ -->\n<title>Stabilizator Gimbal Baseus za pametne telefone, \u010drn -<\/title>\n<meta name=\"robots\" content=\"index, follow, max-snippet:-1, max-image-preview:large, max-video-preview:-1\" \/>\n<link rel=\"canonical\" href=\"https:\/\/www.urbanspot.si\/hr\/proizvod-2\/baseus-gimbal-stabilizator-za-pametne-telefone-crne-boje\/\" \/>\n<meta property=\"og:locale\" content=\"hr_HR\" \/>\n<meta property=\"og:type\" content=\"article\" \/>\n<meta property=\"og:title\" content=\"Stabilizator Gimbal Baseus za pametne telefone, \u010drn -\" \/>\n<meta property=\"og:description\" content=\"3\u00a0osni stabilizator vam omogo\u010da snemanje mobilnih videoposnetkov v\u00a0osupljivi kakovosti. Baseus stabilizator za telefon\u00a0\u0161\u010diti pred udarci\u00a0in ima funkcijo\u00a0samodejne kalibracije. Z\u00a0enim polnjenjem zdr\u017ei\u00a0do 12\u00a0ur. Upravlja pa se\u00a0enostavno in priro\u010dno\u00a0prek mobilne aplikacije.\" \/>\n<meta property=\"og:url\" content=\"https:\/\/www.urbanspot.si\/hr\/proizvod-2\/baseus-gimbal-stabilizator-za-pametne-telefone-crne-boje\/\" \/>\n<meta property=\"article:publisher\" content=\"https:\/\/www.facebook.com\/urbanspot.si\" \/>\n<meta property=\"article:modified_time\" content=\"2026-03-19T14:02:39+00:00\" \/>\n<meta property=\"og:image\" content=\"https:\/\/www.urbanspot.si\/wp-content\/uploads\/BASEUS2.webp\" \/>\n\t<meta property=\"og:image:width\" content=\"800\" \/>\n\t<meta property=\"og:image:height\" content=\"800\" \/>\n\t<meta property=\"og:image:type\" content=\"image\/webp\" \/>\n<meta name=\"twitter:card\" content=\"summary_large_image\" \/>\n<meta name=\"twitter:label1\" content=\"Procijenjeno vrijeme \u010ditanja\" \/>\n\t<meta name=\"twitter:data1\" content=\"1 minuta\" \/>\n<script type=\"application\/ld+json\" class=\"yoast-schema-graph\">{\"@context\":\"https:\/\/schema.org\",\"@graph\":[{\"@type\":\"WebPage\",\"@id\":\"https:\/\/www.urbanspot.si\/produkt\/stabilizator-gimbal-baseus-za-pametne-telefone-crn\/\",\"url\":\"https:\/\/www.urbanspot.si\/produkt\/stabilizator-gimbal-baseus-za-pametne-telefone-crn\/\",\"name\":\"Stabilizator Gimbal Baseus za pametne telefone, \u010drn -\",\"isPartOf\":{\"@id\":\"https:\/\/www.urbanspot.si\/#website\"},\"primaryImageOfPage\":{\"@id\":\"https:\/\/www.urbanspot.si\/produkt\/stabilizator-gimbal-baseus-za-pametne-telefone-crn\/#primaryimage\"},\"image\":{\"@id\":\"https:\/\/www.urbanspot.si\/produkt\/stabilizator-gimbal-baseus-za-pametne-telefone-crn\/#primaryimage\"},\"thumbnailUrl\":\"https:\/\/www.urbanspot.si\/wp-content\/uploads\/BASEUS2.webp\",\"datePublished\":\"2025-07-22T11:39:15+00:00\",\"dateModified\":\"2026-03-19T14:02:39+00:00\",\"breadcrumb\":{\"@id\":\"https:\/\/www.urbanspot.si\/produkt\/stabilizator-gimbal-baseus-za-pametne-telefone-crn\/#breadcrumb\"},\"inLanguage\":\"hr\",\"potentialAction\":[{\"@type\":\"ReadAction\",\"target\":[\"https:\/\/www.urbanspot.si\/produkt\/stabilizator-gimbal-baseus-za-pametne-telefone-crn\/\"]}]},{\"@type\":\"ImageObject\",\"inLanguage\":\"hr\",\"@id\":\"https:\/\/www.urbanspot.si\/produkt\/stabilizator-gimbal-baseus-za-pametne-telefone-crn\/#primaryimage\",\"url\":\"https:\/\/www.urbanspot.si\/wp-content\/uploads\/BASEUS2.webp\",\"contentUrl\":\"https:\/\/www.urbanspot.si\/wp-content\/uploads\/BASEUS2.webp\",\"width\":800,\"height\":800},{\"@type\":\"BreadcrumbList\",\"@id\":\"https:\/\/www.urbanspot.si\/produkt\/stabilizator-gimbal-baseus-za-pametne-telefone-crn\/#breadcrumb\",\"itemListElement\":[{\"@type\":\"ListItem\",\"position\":1,\"name\":\"Home\",\"item\":\"https:\/\/www.urbanspot.si\/\"},{\"@type\":\"ListItem\",\"position\":2,\"name\":\"Shop\",\"item\":\"https:\/\/www.urbanspot.si\/shop\/\"},{\"@type\":\"ListItem\",\"position\":3,\"name\":\"Stabilizator Gimbal Baseus za pametne telefone, \u010drn\"}]},{\"@type\":\"WebSite\",\"@id\":\"https:\/\/www.urbanspot.si\/#website\",\"url\":\"https:\/\/www.urbanspot.si\/\",\"name\":\"UrbanSpot\",\"description\":\"\",\"publisher\":{\"@id\":\"https:\/\/www.urbanspot.si\/#organization\"},\"potentialAction\":[{\"@type\":\"SearchAction\",\"target\":{\"@type\":\"EntryPoint\",\"urlTemplate\":\"https:\/\/www.urbanspot.si\/?s={search_term_string}\"},\"query-input\":{\"@type\":\"PropertyValueSpecification\",\"valueRequired\":true,\"valueName\":\"search_term_string\"}}],\"inLanguage\":\"hr\"},{\"@type\":\"Organization\",\"@id\":\"https:\/\/www.urbanspot.si\/#organization\",\"name\":\"UrbanSpot\",\"url\":\"https:\/\/www.urbanspot.si\/\",\"logo\":{\"@type\":\"ImageObject\",\"inLanguage\":\"hr\",\"@id\":\"https:\/\/www.urbanspot.si\/#\/schema\/logo\/image\/\",\"url\":\"https:\/\/www.urbanspot.si\/wp-content\/uploads\/urbanspot-logo.svg\",\"contentUrl\":\"https:\/\/www.urbanspot.si\/wp-content\/uploads\/urbanspot-logo.svg\",\"width\":185,\"height\":40,\"caption\":\"UrbanSpot\"},\"image\":{\"@id\":\"https:\/\/www.urbanspot.si\/#\/schema\/logo\/image\/\"},\"sameAs\":[\"https:\/\/www.facebook.com\/urbanspot.si\"]}]}<\/script>\n<!-- \/ Yoast SEO plugin. -->","yoast_head_json":{"title":"Stabilizator Gimbal Baseus za pametne telefone, \u010drn -","robots":{"index":"index","follow":"follow","max-snippet":"max-snippet:-1","max-image-preview":"max-image-preview:large","max-video-preview":"max-video-preview:-1"},"canonical":"https:\/\/www.urbanspot.si\/hr\/proizvod-2\/baseus-gimbal-stabilizator-za-pametne-telefone-crne-boje\/","og_locale":"hr_HR","og_type":"article","og_title":"Stabilizator Gimbal Baseus za pametne telefone, \u010drn -","og_description":"3\u00a0osni stabilizator vam omogo\u010da snemanje mobilnih videoposnetkov v\u00a0osupljivi kakovosti. Baseus stabilizator za telefon\u00a0\u0161\u010diti pred udarci\u00a0in ima funkcijo\u00a0samodejne kalibracije. Z\u00a0enim polnjenjem zdr\u017ei\u00a0do 12\u00a0ur. Upravlja pa se\u00a0enostavno in priro\u010dno\u00a0prek mobilne aplikacije.","og_url":"https:\/\/www.urbanspot.si\/hr\/proizvod-2\/baseus-gimbal-stabilizator-za-pametne-telefone-crne-boje\/","article_publisher":"https:\/\/www.facebook.com\/urbanspot.si","article_modified_time":"2026-03-19T14:02:39+00:00","og_image":[{"width":800,"height":800,"url":"https:\/\/www.urbanspot.si\/wp-content\/uploads\/BASEUS2.webp","type":"image\/webp"}],"twitter_card":"summary_large_image","twitter_misc":{"Procijenjeno vrijeme \u010ditanja":"1 minuta"},"schema":{"@context":"https:\/\/schema.org","@graph":[{"@type":"WebPage","@id":"https:\/\/www.urbanspot.si\/produkt\/stabilizator-gimbal-baseus-za-pametne-telefone-crn\/","url":"https:\/\/www.urbanspot.si\/produkt\/stabilizator-gimbal-baseus-za-pametne-telefone-crn\/","name":"Stabilizator Gimbal Baseus za pametne telefone, \u010drn -","isPartOf":{"@id":"https:\/\/www.urbanspot.si\/#website"},"primaryImageOfPage":{"@id":"https:\/\/www.urbanspot.si\/produkt\/stabilizator-gimbal-baseus-za-pametne-telefone-crn\/#primaryimage"},"image":{"@id":"https:\/\/www.urbanspot.si\/produkt\/stabilizator-gimbal-baseus-za-pametne-telefone-crn\/#primaryimage"},"thumbnailUrl":"https:\/\/www.urbanspot.si\/wp-content\/uploads\/BASEUS2.webp","datePublished":"2025-07-22T11:39:15+00:00","dateModified":"2026-03-19T14:02:39+00:00","breadcrumb":{"@id":"https:\/\/www.urbanspot.si\/produkt\/stabilizator-gimbal-baseus-za-pametne-telefone-crn\/#breadcrumb"},"inLanguage":"hr","potentialAction":[{"@type":"ReadAction","target":["https:\/\/www.urbanspot.si\/produkt\/stabilizator-gimbal-baseus-za-pametne-telefone-crn\/"]}]},{"@type":"ImageObject","inLanguage":"hr","@id":"https:\/\/www.urbanspot.si\/produkt\/stabilizator-gimbal-baseus-za-pametne-telefone-crn\/#primaryimage","url":"https:\/\/www.urbanspot.si\/wp-content\/uploads\/BASEUS2.webp","contentUrl":"https:\/\/www.urbanspot.si\/wp-content\/uploads\/BASEUS2.webp","width":800,"height":800},{"@type":"BreadcrumbList","@id":"https:\/\/www.urbanspot.si\/produkt\/stabilizator-gimbal-baseus-za-pametne-telefone-crn\/#breadcrumb","itemListElement":[{"@type":"ListItem","position":1,"name":"Home","item":"https:\/\/www.urbanspot.si\/"},{"@type":"ListItem","position":2,"name":"Shop","item":"https:\/\/www.urbanspot.si\/shop\/"},{"@type":"ListItem","position":3,"name":"Stabilizator Gimbal Baseus za pametne telefone, \u010drn"}]},{"@type":"WebSite","@id":"https:\/\/www.urbanspot.si\/#website","url":"https:\/\/www.urbanspot.si\/","name":"UrbanSpot","description":"","publisher":{"@id":"https:\/\/www.urbanspot.si\/#organization"},"potentialAction":[{"@type":"SearchAction","target":{"@type":"EntryPoint","urlTemplate":"https:\/\/www.urbanspot.si\/?s={search_term_string}"},"query-input":{"@type":"PropertyValueSpecification","valueRequired":true,"valueName":"search_term_string"}}],"inLanguage":"hr"},{"@type":"Organization","@id":"https:\/\/www.urbanspot.si\/#organization","name":"UrbanSpot","url":"https:\/\/www.urbanspot.si\/","logo":{"@type":"ImageObject","inLanguage":"hr","@id":"https:\/\/www.urbanspot.si\/#\/schema\/logo\/image\/","url":"https:\/\/www.urbanspot.si\/wp-content\/uploads\/urbanspot-logo.svg","contentUrl":"https:\/\/www.urbanspot.si\/wp-content\/uploads\/urbanspot-logo.svg","width":185,"height":40,"caption":"UrbanSpot"},"image":{"@id":"https:\/\/www.urbanspot.si\/#\/schema\/logo\/image\/"},"sameAs":["https:\/\/www.facebook.com\/urbanspot.si"]}]}},"_links":{"self":[{"href":"https:\/\/www.urbanspot.si\/hr\/wp-json\/wp\/v2\/product\/26731","targetHints":{"allow":["GET"]}}],"collection":[{"href":"https:\/\/www.urbanspot.si\/hr\/wp-json\/wp\/v2\/product"}],"about":[{"href":"https:\/\/www.urbanspot.si\/hr\/wp-json\/wp\/v2\/types\/product"}],"replies":[{"embeddable":true,"href":"https:\/\/www.urbanspot.si\/hr\/wp-json\/wp\/v2\/comments?post=26731"}],"version-history":[{"count":2,"href":"https:\/\/www.urbanspot.si\/hr\/wp-json\/wp\/v2\/product\/26731\/revisions"}],"predecessor-version":[{"id":26738,"href":"https:\/\/www.urbanspot.si\/hr\/wp-json\/wp\/v2\/product\/26731\/revisions\/26738"}],"wp:featuredmedia":[{"embeddable":true,"href":"https:\/\/www.urbanspot.si\/hr\/wp-json\/wp\/v2\/media\/26733"}],"wp:attachment":[{"href":"https:\/\/www.urbanspot.si\/hr\/wp-json\/wp\/v2\/media?parent=26731"}],"wp:term":[{"taxonomy":"product_brand","embeddable":true,"href":"https:\/\/www.urbanspot.si\/hr\/wp-json\/wp\/v2\/product_brand?post=26731"},{"taxonomy":"product_cat","embeddable":true,"href":"https:\/\/www.urbanspot.si\/hr\/wp-json\/wp\/v2\/product_cat?post=26731"},{"taxonomy":"product_tag","embeddable":true,"href":"https:\/\/www.urbanspot.si\/hr\/wp-json\/wp\/v2\/product_tag?post=26731"}],"curies":[{"name":"radni list","href":"https:\/\/api.w.org\/{rel}","templated":true}]}}