{"id":27213,"date":"2025-08-06T13:41:59","date_gmt":"2025-08-06T11:41:59","guid":{"rendered":"https:\/\/www.urbanspot.si\/?post_type=product&#038;p=27213"},"modified":"2026-03-18T15:50:21","modified_gmt":"2026-03-18T13:50:21","slug":"guess-4g-prosivena-smeda-torba-za-laptop-do-16","status":"publish","type":"product","link":"https:\/\/www.urbanspot.si\/hr\/produkt\/torba-za-prenosnike-guess-4g-quilted-brown-do-16\/","title":{"rendered":"Guess 4G pro\u0161ivena sme\u0111a torba za laptop, do 16\u2033"},"content":{"rendered":"<p>S Guess torbom mo\u017eete ponijeti svoje prijenosno ra\u010dunalo bilo gdje. Va\u0161e \u0107e prijenosno ra\u010dunalo biti za\u0161ti\u0107eno od ogrebotina, udaraca i prljav\u0161tine. Savr\u0161ena kombinacija izvrsnih materijala, elegantnog izgleda i najvi\u0161ih za\u0161titnih zna\u010dajki za va\u0161e prijenosno ra\u010dunalo.<\/p>\n<p>Torba ima ru\u010dku za no\u0161enje u ruci i podesivi remen tako da je mo\u017eete nositi i preko ramena. Torba ima glavni pretinac koji se zatvara patentnim zatvara\u010dem i dva unutarnja d\u017eepa, gdje mo\u017eete pohraniti sav pribor koji vam je potreban za svakodnevni rad. Dodatni vanjski d\u017eep predvi\u0111en je za sitnice ili dodatne dokumente.<\/p>\n<ul>\n<li>Materijal: Visokokvalitetna umjetna ko\u017ea<\/li>\n<li>Iznimno izdr\u017eljiv materijal otporan na o\u0161te\u0107enja i deformacije<\/li>\n<li>Boja: Crna sa zlatnim detaljima<\/li>\n<li>Dimenzije: 31x41x6cm<\/li>\n<li>Duljina remena: od 60 cm do 130 cm<\/li>\n<li>Dodatni remen za pri\u010dvr\u0161\u0107ivanje na ru\u010dku kofera<\/li>\n<li>Broj ladica: 2 male i 2 velike<\/li>\n<li>Pogodno za: sva prijenosna ra\u010dunala do 16&quot;<\/li>\n<\/ul>","protected":false},"excerpt":{"rendered":"<p>Ekskluzivna i iznimno elegantna torba za prijenosno ra\u010dunalo iz kolekcije Quilted 4G najnoviji je prijedlog za\u0161titne opreme za prijenosna ra\u010dunala, koju potpisuje poznata modna ku\u0107a Guess. Kolekcija Quilted 4G postavlja nove standarde jedinstvenog stila i nudi atraktivan dizajn, a istovremeno pru\u017ea najvi\u0161u razinu za\u0161tite za va\u0161 ure\u0111aj. Torba je namijenjena prijenosnim ra\u010dunalima s dijagonalom zaslona do 16&quot;.<\/p>","protected":false},"featured_media":27214,"comment_status":"open","ping_status":"closed","template":"","meta":[],"product_brand":[],"product_cat":[91,140,549],"product_tag":[],"class_list":{"0":"post-27213","1":"product","2":"type-product","3":"status-publish","4":"has-post-thumbnail","6":"product_cat-razprodaja","7":"product_cat-torbe","8":"product_cat-torbe-za-prenosnike","10":"first","11":"outofstock","12":"sale","13":"taxable","14":"shipping-taxable","15":"purchasable","16":"product-type-simple"},"yoast_head":"<!-- This site is optimized with the Yoast SEO plugin v27.2 - https:\/\/yoast.com\/product\/yoast-seo-wordpress\/ -->\n<title>Torba za prenosnike Guess 4G Quilted Brown, do 16&quot; -<\/title>\n<meta name=\"robots\" content=\"index, follow, max-snippet:-1, max-image-preview:large, max-video-preview:-1\" \/>\n<link rel=\"canonical\" href=\"https:\/\/www.urbanspot.si\/hr\/proizvod-2\/guess-4g-prosivena-smeda-torba-za-laptop-do-16\/\" \/>\n<meta property=\"og:locale\" content=\"hr_HR\" \/>\n<meta property=\"og:type\" content=\"article\" \/>\n<meta property=\"og:title\" content=\"Torba za prenosnike Guess 4G Quilted Brown, do 16&quot; -\" \/>\n<meta property=\"og:description\" content=\"Ekskluzivna in izjemno elegantna torba za prenosnik iz kolekcije Quilted 4G je najnovej\u0161i predlog za\u0161\u010ditnih dodatkov za prenosne ra\u010dunalnike, pod katerega se podpisuje slovita modna hi\u0161a Guess. Kolekcija Quilted 4G postavlja nove standarde edinstvenega sloga in ponuja privla\u010den dizajn, hkrati pa zagotavlja najvi\u0161jo raven za\u0161\u010dite za va\u0161o napravo. Torba je namenjena prenosnikom z diagonalo zaslona do 16&quot;.\" \/>\n<meta property=\"og:url\" content=\"https:\/\/www.urbanspot.si\/hr\/proizvod-2\/guess-4g-prosivena-smeda-torba-za-laptop-do-16\/\" \/>\n<meta property=\"article:publisher\" content=\"https:\/\/www.facebook.com\/urbanspot.si\" \/>\n<meta property=\"article:modified_time\" content=\"2026-03-18T13:50:21+00:00\" \/>\n<meta property=\"og:image\" content=\"https:\/\/www.urbanspot.si\/wp-content\/uploads\/torba-za-prenosnik-guess-brown.webp\" \/>\n\t<meta property=\"og:image:width\" content=\"600\" \/>\n\t<meta property=\"og:image:height\" content=\"600\" \/>\n\t<meta property=\"og:image:type\" content=\"image\/webp\" \/>\n<meta name=\"twitter:card\" content=\"summary_large_image\" \/>\n<meta name=\"twitter:label1\" content=\"Procijenjeno vrijeme \u010ditanja\" \/>\n\t<meta name=\"twitter:data1\" content=\"1 minuta\" \/>\n<script type=\"application\/ld+json\" class=\"yoast-schema-graph\">{\"@context\":\"https:\/\/schema.org\",\"@graph\":[{\"@type\":\"WebPage\",\"@id\":\"https:\/\/www.urbanspot.si\/produkt\/torba-za-prenosnike-guess-4g-quilted-brown-do-16\/\",\"url\":\"https:\/\/www.urbanspot.si\/produkt\/torba-za-prenosnike-guess-4g-quilted-brown-do-16\/\",\"name\":\"Torba za prenosnike Guess 4G Quilted Brown, do 16\\\" -\",\"isPartOf\":{\"@id\":\"https:\/\/www.urbanspot.si\/#website\"},\"primaryImageOfPage\":{\"@id\":\"https:\/\/www.urbanspot.si\/produkt\/torba-za-prenosnike-guess-4g-quilted-brown-do-16\/#primaryimage\"},\"image\":{\"@id\":\"https:\/\/www.urbanspot.si\/produkt\/torba-za-prenosnike-guess-4g-quilted-brown-do-16\/#primaryimage\"},\"thumbnailUrl\":\"https:\/\/www.urbanspot.si\/wp-content\/uploads\/torba-za-prenosnik-guess-brown.webp\",\"datePublished\":\"2025-08-06T11:41:59+00:00\",\"dateModified\":\"2026-03-18T13:50:21+00:00\",\"breadcrumb\":{\"@id\":\"https:\/\/www.urbanspot.si\/produkt\/torba-za-prenosnike-guess-4g-quilted-brown-do-16\/#breadcrumb\"},\"inLanguage\":\"hr\",\"potentialAction\":[{\"@type\":\"ReadAction\",\"target\":[\"https:\/\/www.urbanspot.si\/produkt\/torba-za-prenosnike-guess-4g-quilted-brown-do-16\/\"]}]},{\"@type\":\"ImageObject\",\"inLanguage\":\"hr\",\"@id\":\"https:\/\/www.urbanspot.si\/produkt\/torba-za-prenosnike-guess-4g-quilted-brown-do-16\/#primaryimage\",\"url\":\"https:\/\/www.urbanspot.si\/wp-content\/uploads\/torba-za-prenosnik-guess-brown.webp\",\"contentUrl\":\"https:\/\/www.urbanspot.si\/wp-content\/uploads\/torba-za-prenosnik-guess-brown.webp\",\"width\":600,\"height\":600},{\"@type\":\"BreadcrumbList\",\"@id\":\"https:\/\/www.urbanspot.si\/produkt\/torba-za-prenosnike-guess-4g-quilted-brown-do-16\/#breadcrumb\",\"itemListElement\":[{\"@type\":\"ListItem\",\"position\":1,\"name\":\"Home\",\"item\":\"https:\/\/www.urbanspot.si\/\"},{\"@type\":\"ListItem\",\"position\":2,\"name\":\"Shop\",\"item\":\"https:\/\/www.urbanspot.si\/shop\/\"},{\"@type\":\"ListItem\",\"position\":3,\"name\":\"Torba za prenosnike Guess 4G Quilted Brown, do 16&#8243;\"}]},{\"@type\":\"WebSite\",\"@id\":\"https:\/\/www.urbanspot.si\/#website\",\"url\":\"https:\/\/www.urbanspot.si\/\",\"name\":\"UrbanSpot\",\"description\":\"\",\"publisher\":{\"@id\":\"https:\/\/www.urbanspot.si\/#organization\"},\"potentialAction\":[{\"@type\":\"SearchAction\",\"target\":{\"@type\":\"EntryPoint\",\"urlTemplate\":\"https:\/\/www.urbanspot.si\/?s={search_term_string}\"},\"query-input\":{\"@type\":\"PropertyValueSpecification\",\"valueRequired\":true,\"valueName\":\"search_term_string\"}}],\"inLanguage\":\"hr\"},{\"@type\":\"Organization\",\"@id\":\"https:\/\/www.urbanspot.si\/#organization\",\"name\":\"UrbanSpot\",\"url\":\"https:\/\/www.urbanspot.si\/\",\"logo\":{\"@type\":\"ImageObject\",\"inLanguage\":\"hr\",\"@id\":\"https:\/\/www.urbanspot.si\/#\/schema\/logo\/image\/\",\"url\":\"https:\/\/www.urbanspot.si\/wp-content\/uploads\/urbanspot-logo.svg\",\"contentUrl\":\"https:\/\/www.urbanspot.si\/wp-content\/uploads\/urbanspot-logo.svg\",\"width\":185,\"height\":40,\"caption\":\"UrbanSpot\"},\"image\":{\"@id\":\"https:\/\/www.urbanspot.si\/#\/schema\/logo\/image\/\"},\"sameAs\":[\"https:\/\/www.facebook.com\/urbanspot.si\"]}]}<\/script>\n<!-- \/ Yoast SEO plugin. -->","yoast_head_json":{"title":"Guess 4G pro\u0161ivena sme\u0111a torbica za laptop, do 16\" -","robots":{"index":"index","follow":"follow","max-snippet":"max-snippet:-1","max-image-preview":"max-image-preview:large","max-video-preview":"max-video-preview:-1"},"canonical":"https:\/\/www.urbanspot.si\/hr\/proizvod-2\/guess-4g-prosivena-smeda-torba-za-laptop-do-16\/","og_locale":"hr_HR","og_type":"article","og_title":"Torba za prenosnike Guess 4G Quilted Brown, do 16\" -","og_description":"Ekskluzivna in izjemno elegantna torba za prenosnik iz kolekcije Quilted 4G je najnovej\u0161i predlog za\u0161\u010ditnih dodatkov za prenosne ra\u010dunalnike, pod katerega se podpisuje slovita modna hi\u0161a Guess. Kolekcija Quilted 4G postavlja nove standarde edinstvenega sloga in ponuja privla\u010den dizajn, hkrati pa zagotavlja najvi\u0161jo raven za\u0161\u010dite za va\u0161o napravo. Torba je namenjena prenosnikom z diagonalo zaslona do 16\".","og_url":"https:\/\/www.urbanspot.si\/hr\/proizvod-2\/guess-4g-prosivena-smeda-torba-za-laptop-do-16\/","article_publisher":"https:\/\/www.facebook.com\/urbanspot.si","article_modified_time":"2026-03-18T13:50:21+00:00","og_image":[{"width":600,"height":600,"url":"https:\/\/www.urbanspot.si\/wp-content\/uploads\/torba-za-prenosnik-guess-brown.webp","type":"image\/webp"}],"twitter_card":"summary_large_image","twitter_misc":{"Procijenjeno vrijeme \u010ditanja":"1 minuta"},"schema":{"@context":"https:\/\/schema.org","@graph":[{"@type":"WebPage","@id":"https:\/\/www.urbanspot.si\/produkt\/torba-za-prenosnike-guess-4g-quilted-brown-do-16\/","url":"https:\/\/www.urbanspot.si\/produkt\/torba-za-prenosnike-guess-4g-quilted-brown-do-16\/","name":"Guess 4G pro\u0161ivena sme\u0111a torbica za laptop, do 16\" -","isPartOf":{"@id":"https:\/\/www.urbanspot.si\/#website"},"primaryImageOfPage":{"@id":"https:\/\/www.urbanspot.si\/produkt\/torba-za-prenosnike-guess-4g-quilted-brown-do-16\/#primaryimage"},"image":{"@id":"https:\/\/www.urbanspot.si\/produkt\/torba-za-prenosnike-guess-4g-quilted-brown-do-16\/#primaryimage"},"thumbnailUrl":"https:\/\/www.urbanspot.si\/wp-content\/uploads\/torba-za-prenosnik-guess-brown.webp","datePublished":"2025-08-06T11:41:59+00:00","dateModified":"2026-03-18T13:50:21+00:00","breadcrumb":{"@id":"https:\/\/www.urbanspot.si\/produkt\/torba-za-prenosnike-guess-4g-quilted-brown-do-16\/#breadcrumb"},"inLanguage":"hr","potentialAction":[{"@type":"ReadAction","target":["https:\/\/www.urbanspot.si\/produkt\/torba-za-prenosnike-guess-4g-quilted-brown-do-16\/"]}]},{"@type":"ImageObject","inLanguage":"hr","@id":"https:\/\/www.urbanspot.si\/produkt\/torba-za-prenosnike-guess-4g-quilted-brown-do-16\/#primaryimage","url":"https:\/\/www.urbanspot.si\/wp-content\/uploads\/torba-za-prenosnik-guess-brown.webp","contentUrl":"https:\/\/www.urbanspot.si\/wp-content\/uploads\/torba-za-prenosnik-guess-brown.webp","width":600,"height":600},{"@type":"BreadcrumbList","@id":"https:\/\/www.urbanspot.si\/produkt\/torba-za-prenosnike-guess-4g-quilted-brown-do-16\/#breadcrumb","itemListElement":[{"@type":"ListItem","position":1,"name":"Home","item":"https:\/\/www.urbanspot.si\/"},{"@type":"ListItem","position":2,"name":"Shop","item":"https:\/\/www.urbanspot.si\/shop\/"},{"@type":"ListItem","position":3,"name":"Torba za prenosnike Guess 4G Quilted Brown, do 16&#8243;"}]},{"@type":"WebSite","@id":"https:\/\/www.urbanspot.si\/#website","url":"https:\/\/www.urbanspot.si\/","name":"UrbanSpot","description":"","publisher":{"@id":"https:\/\/www.urbanspot.si\/#organization"},"potentialAction":[{"@type":"SearchAction","target":{"@type":"EntryPoint","urlTemplate":"https:\/\/www.urbanspot.si\/?s={search_term_string}"},"query-input":{"@type":"PropertyValueSpecification","valueRequired":true,"valueName":"search_term_string"}}],"inLanguage":"hr"},{"@type":"Organization","@id":"https:\/\/www.urbanspot.si\/#organization","name":"UrbanSpot","url":"https:\/\/www.urbanspot.si\/","logo":{"@type":"ImageObject","inLanguage":"hr","@id":"https:\/\/www.urbanspot.si\/#\/schema\/logo\/image\/","url":"https:\/\/www.urbanspot.si\/wp-content\/uploads\/urbanspot-logo.svg","contentUrl":"https:\/\/www.urbanspot.si\/wp-content\/uploads\/urbanspot-logo.svg","width":185,"height":40,"caption":"UrbanSpot"},"image":{"@id":"https:\/\/www.urbanspot.si\/#\/schema\/logo\/image\/"},"sameAs":["https:\/\/www.facebook.com\/urbanspot.si"]}]}},"_links":{"self":[{"href":"https:\/\/www.urbanspot.si\/hr\/wp-json\/wp\/v2\/product\/27213","targetHints":{"allow":["GET"]}}],"collection":[{"href":"https:\/\/www.urbanspot.si\/hr\/wp-json\/wp\/v2\/product"}],"about":[{"href":"https:\/\/www.urbanspot.si\/hr\/wp-json\/wp\/v2\/types\/product"}],"replies":[{"embeddable":true,"href":"https:\/\/www.urbanspot.si\/hr\/wp-json\/wp\/v2\/comments?post=27213"}],"version-history":[{"count":1,"href":"https:\/\/www.urbanspot.si\/hr\/wp-json\/wp\/v2\/product\/27213\/revisions"}],"predecessor-version":[{"id":27217,"href":"https:\/\/www.urbanspot.si\/hr\/wp-json\/wp\/v2\/product\/27213\/revisions\/27217"}],"wp:featuredmedia":[{"embeddable":true,"href":"https:\/\/www.urbanspot.si\/hr\/wp-json\/wp\/v2\/media\/27214"}],"wp:attachment":[{"href":"https:\/\/www.urbanspot.si\/hr\/wp-json\/wp\/v2\/media?parent=27213"}],"wp:term":[{"taxonomy":"product_brand","embeddable":true,"href":"https:\/\/www.urbanspot.si\/hr\/wp-json\/wp\/v2\/product_brand?post=27213"},{"taxonomy":"product_cat","embeddable":true,"href":"https:\/\/www.urbanspot.si\/hr\/wp-json\/wp\/v2\/product_cat?post=27213"},{"taxonomy":"product_tag","embeddable":true,"href":"https:\/\/www.urbanspot.si\/hr\/wp-json\/wp\/v2\/product_tag?post=27213"}],"curies":[{"name":"radni list","href":"https:\/\/api.w.org\/{rel}","templated":true}]}}