{"id":27218,"date":"2025-08-06T13:50:41","date_gmt":"2025-08-06T11:50:41","guid":{"rendered":"https:\/\/www.urbanspot.si\/?post_type=product&#038;p=27218"},"modified":"2026-03-18T15:50:21","modified_gmt":"2026-03-18T13:50:21","slug":"pretpostavljam-4g-trokutasti-logo-torba-za-laptop-do-15-ruzicasta","status":"publish","type":"product","link":"https:\/\/www.urbanspot.si\/hr\/produkt\/torba-za-prenosnike-guess-4g-triangle-logo-do-15-roza\/","title":{"rendered":"Guess 4G torba za laptop s trokutastim logom, do 15\u2033, ru\u017ei\u010dasta"},"content":{"rendered":"<p>S Guess torbom mo\u017eete ponijeti svoje prijenosno ra\u010dunalo bilo gdje. Va\u0161e \u0107e prijenosno ra\u010dunalo biti za\u0161ti\u0107eno od ogrebotina, udaraca i prljav\u0161tine. Savr\u0161ena kombinacija izvrsnih materijala, elegantnog izgleda i najvi\u0161ih za\u0161titnih zna\u010dajki za va\u0161e prijenosno ra\u010dunalo.<\/p>\n<p>Torba ima ru\u010dku za no\u0161enje u ruci i podesivi remen tako da je mo\u017eete nositi i preko ramena. Torba ima glavni pretinac koji se zatvara patentnim zatvara\u010dem i dva unutarnja d\u017eepa, gdje mo\u017eete pohraniti sav pribor koji vam je potreban za svakodnevni rad. Dodatni vanjski d\u017eep predvi\u0111en je za sitnice ili dodatne dokumente.<\/p>\n<ul>\n<li>Materijal: Visokokvalitetna umjetna ko\u017ea<\/li>\n<li>Iznimno izdr\u017eljiv materijal otporan na o\u0161te\u0107enja i deformacije<\/li>\n<li>Boja: Roza s uzorcima<\/li>\n<li>Dimenzije: 42,5 x 27,5 x 4 cm<\/li>\n<li>Dodatni remen za pri\u010dvr\u0161\u0107ivanje na ru\u010dku kofera<\/li>\n<li>Broj ladica: 2 velike i 2 male<\/li>\n<li>Pogodno za: sve prijenosna ra\u010dunala do 15\u2033<\/li>\n<\/ul>","protected":false},"excerpt":{"rendered":"<p id=\"tw-target-text\" class=\"tw-data-text tw-text-large tw-ta\" dir=\"ltr\" data-placeholder=\"Translation\" data-ved=\"2ahUKEwja9qrKjvaOAxWw_7sIHaMmNPYQ3ewLegQICRAV\" aria-label=\"Ova ekskluzivna torba renomirane marke Guess kombinacija je elegancije i stila na najvi\u0161oj razini. Torba je izra\u0111ena od visokokvalitetne ekoko\u017ee s legendarnim 4G uzorkom otisnutim na njoj. Logo Guess u sredi\u0161tu suptilno nagla\u0161ava presti\u017e ove torbe. To je savr\u0161ena kombinacija funkcionalnosti i elegantnog dizajna. Torba je dizajnirana za prijenosna ra\u010dunala s maksimalnom veli\u010dinom zaslona od 15 in\u010da.\"><span class=\"Y2IQFc\" lang=\"sl\">Ova ekskluzivna torba renomiranog brenda Guess kombinacija je elegancije i stila na najvi\u0161oj razini. Torba je izra\u0111ena od visokokvalitetne ekoko\u017ee s legendarnim 4G uzorkom otisnutim na njoj. Logo Guess u sredi\u0161tu suptilno nagla\u0161ava presti\u017e ove torbe. To je savr\u0161ena kombinacija funkcionalnosti i elegantnog dizajna. Torba je dizajnirana za prijenosnike s maksimalnom veli\u010dinom zaslona od 15\".<\/span><\/p>","protected":false},"featured_media":27219,"comment_status":"open","ping_status":"closed","template":"","meta":[],"product_brand":[],"product_cat":[91,140,549],"product_tag":[],"class_list":{"0":"post-27218","1":"product","2":"type-product","3":"status-publish","4":"has-post-thumbnail","6":"product_cat-razprodaja","7":"product_cat-torbe","8":"product_cat-torbe-za-prenosnike","10":"first","11":"outofstock","12":"sale","13":"taxable","14":"shipping-taxable","15":"purchasable","16":"product-type-simple"},"yoast_head":"<!-- This site is optimized with the Yoast SEO plugin v27.4 - https:\/\/yoast.com\/product\/yoast-seo-wordpress\/ -->\n<title>Torba za prenosnike Guess 4G Triangle Logo, do 15&quot;, roza -<\/title>\n<meta name=\"robots\" content=\"index, follow, max-snippet:-1, max-image-preview:large, max-video-preview:-1\" \/>\n<link rel=\"canonical\" href=\"https:\/\/www.urbanspot.si\/hr\/proizvod-2\/pretpostavljam-4g-trokutasti-logo-torba-za-laptop-do-15-ruzicasta\/\" \/>\n<meta property=\"og:locale\" content=\"hr_HR\" \/>\n<meta property=\"og:type\" content=\"article\" \/>\n<meta property=\"og:title\" content=\"Torba za prenosnike Guess 4G Triangle Logo, do 15&quot;, roza -\" \/>\n<meta property=\"og:description\" content=\"Ekskluzivna torba priznane blagovne znamke Guess je kombinacija elegance in stila na najvi\u0161ji ravni. Torba je izdelana iz visokokakovostnega ekolo\u0161kega usnja z natisnjenim legendarnim vzorcem 4G. Na sredini je logotip Guess, ki subtilno poudarja presti\u017e te torbe. Je popolna kombinacija funkcionalnosti in elegantnega dizajna. Torba je zasnovana tako, da ustreza prenosnikom z najve\u010djo velikostjo zaslona 15&quot;.\" \/>\n<meta property=\"og:url\" content=\"https:\/\/www.urbanspot.si\/hr\/proizvod-2\/pretpostavljam-4g-trokutasti-logo-torba-za-laptop-do-15-ruzicasta\/\" \/>\n<meta property=\"article:publisher\" content=\"https:\/\/www.facebook.com\/urbanspot.si\" \/>\n<meta property=\"article:modified_time\" content=\"2026-03-18T13:50:21+00:00\" \/>\n<meta property=\"og:image\" content=\"https:\/\/www.urbanspot.si\/wp-content\/uploads\/3666339310394-pink.webp\" \/>\n\t<meta property=\"og:image:width\" content=\"1000\" \/>\n\t<meta property=\"og:image:height\" content=\"1000\" \/>\n\t<meta property=\"og:image:type\" content=\"image\/webp\" \/>\n<meta name=\"twitter:card\" content=\"summary_large_image\" \/>\n<meta name=\"twitter:label1\" content=\"Procijenjeno vrijeme \u010ditanja\" \/>\n\t<meta name=\"twitter:data1\" content=\"1 minuta\" \/>\n<script type=\"application\/ld+json\" class=\"yoast-schema-graph\">{\"@context\":\"https:\\\/\\\/schema.org\",\"@graph\":[{\"@type\":\"WebPage\",\"@id\":\"https:\\\/\\\/www.urbanspot.si\\\/produkt\\\/torba-za-prenosnike-guess-4g-triangle-logo-do-15-roza\\\/\",\"url\":\"https:\\\/\\\/www.urbanspot.si\\\/produkt\\\/torba-za-prenosnike-guess-4g-triangle-logo-do-15-roza\\\/\",\"name\":\"Torba za prenosnike Guess 4G Triangle Logo, do 15\\\", roza -\",\"isPartOf\":{\"@id\":\"https:\\\/\\\/www.urbanspot.si\\\/#website\"},\"primaryImageOfPage\":{\"@id\":\"https:\\\/\\\/www.urbanspot.si\\\/produkt\\\/torba-za-prenosnike-guess-4g-triangle-logo-do-15-roza\\\/#primaryimage\"},\"image\":{\"@id\":\"https:\\\/\\\/www.urbanspot.si\\\/produkt\\\/torba-za-prenosnike-guess-4g-triangle-logo-do-15-roza\\\/#primaryimage\"},\"thumbnailUrl\":\"https:\\\/\\\/www.urbanspot.si\\\/wp-content\\\/uploads\\\/3666339310394-pink.webp\",\"datePublished\":\"2025-08-06T11:50:41+00:00\",\"dateModified\":\"2026-03-18T13:50:21+00:00\",\"breadcrumb\":{\"@id\":\"https:\\\/\\\/www.urbanspot.si\\\/produkt\\\/torba-za-prenosnike-guess-4g-triangle-logo-do-15-roza\\\/#breadcrumb\"},\"inLanguage\":\"hr\",\"potentialAction\":[{\"@type\":\"ReadAction\",\"target\":[\"https:\\\/\\\/www.urbanspot.si\\\/produkt\\\/torba-za-prenosnike-guess-4g-triangle-logo-do-15-roza\\\/\"]}]},{\"@type\":\"ImageObject\",\"inLanguage\":\"hr\",\"@id\":\"https:\\\/\\\/www.urbanspot.si\\\/produkt\\\/torba-za-prenosnike-guess-4g-triangle-logo-do-15-roza\\\/#primaryimage\",\"url\":\"https:\\\/\\\/www.urbanspot.si\\\/wp-content\\\/uploads\\\/3666339310394-pink.webp\",\"contentUrl\":\"https:\\\/\\\/www.urbanspot.si\\\/wp-content\\\/uploads\\\/3666339310394-pink.webp\",\"width\":1000,\"height\":1000},{\"@type\":\"BreadcrumbList\",\"@id\":\"https:\\\/\\\/www.urbanspot.si\\\/produkt\\\/torba-za-prenosnike-guess-4g-triangle-logo-do-15-roza\\\/#breadcrumb\",\"itemListElement\":[{\"@type\":\"ListItem\",\"position\":1,\"name\":\"Home\",\"item\":\"https:\\\/\\\/www.urbanspot.si\\\/\"},{\"@type\":\"ListItem\",\"position\":2,\"name\":\"Shop\",\"item\":\"https:\\\/\\\/www.urbanspot.si\\\/shop\\\/\"},{\"@type\":\"ListItem\",\"position\":3,\"name\":\"Torba za prenosnike Guess 4G Triangle Logo, do 15&#8243;, roza\"}]},{\"@type\":\"WebSite\",\"@id\":\"https:\\\/\\\/www.urbanspot.si\\\/#website\",\"url\":\"https:\\\/\\\/www.urbanspot.si\\\/\",\"name\":\"UrbanSpot\",\"description\":\"\",\"publisher\":{\"@id\":\"https:\\\/\\\/www.urbanspot.si\\\/#organization\"},\"potentialAction\":[{\"@type\":\"SearchAction\",\"target\":{\"@type\":\"EntryPoint\",\"urlTemplate\":\"https:\\\/\\\/www.urbanspot.si\\\/?s={search_term_string}\"},\"query-input\":{\"@type\":\"PropertyValueSpecification\",\"valueRequired\":true,\"valueName\":\"search_term_string\"}}],\"inLanguage\":\"hr\"},{\"@type\":\"Organization\",\"@id\":\"https:\\\/\\\/www.urbanspot.si\\\/#organization\",\"name\":\"UrbanSpot\",\"url\":\"https:\\\/\\\/www.urbanspot.si\\\/\",\"logo\":{\"@type\":\"ImageObject\",\"inLanguage\":\"hr\",\"@id\":\"https:\\\/\\\/www.urbanspot.si\\\/#\\\/schema\\\/logo\\\/image\\\/\",\"url\":\"https:\\\/\\\/www.urbanspot.si\\\/wp-content\\\/uploads\\\/urbanspot-logo.svg\",\"contentUrl\":\"https:\\\/\\\/www.urbanspot.si\\\/wp-content\\\/uploads\\\/urbanspot-logo.svg\",\"width\":185,\"height\":40,\"caption\":\"UrbanSpot\"},\"image\":{\"@id\":\"https:\\\/\\\/www.urbanspot.si\\\/#\\\/schema\\\/logo\\\/image\\\/\"},\"sameAs\":[\"https:\\\/\\\/www.facebook.com\\\/urbanspot.si\"]}]}<\/script>\n<!-- \/ Yoast SEO plugin. -->","yoast_head_json":{"title":"Torba za prijenosnike Guess 4G Triangle Logo, do 15\", roza","robots":{"index":"index","follow":"follow","max-snippet":"max-snippet:-1","max-image-preview":"max-image-preview:large","max-video-preview":"max-video-preview:-1"},"canonical":"https:\/\/www.urbanspot.si\/hr\/proizvod-2\/pretpostavljam-4g-trokutasti-logo-torba-za-laptop-do-15-ruzicasta\/","og_locale":"hr_HR","og_type":"article","og_title":"Torba za prenosnike Guess 4G Triangle Logo, do 15\", roza -","og_description":"Ekskluzivna torba priznane blagovne znamke Guess je kombinacija elegance in stila na najvi\u0161ji ravni. Torba je izdelana iz visokokakovostnega ekolo\u0161kega usnja z natisnjenim legendarnim vzorcem 4G. Na sredini je logotip Guess, ki subtilno poudarja presti\u017e te torbe. Je popolna kombinacija funkcionalnosti in elegantnega dizajna. Torba je zasnovana tako, da ustreza prenosnikom z najve\u010djo velikostjo zaslona 15\".","og_url":"https:\/\/www.urbanspot.si\/hr\/proizvod-2\/pretpostavljam-4g-trokutasti-logo-torba-za-laptop-do-15-ruzicasta\/","article_publisher":"https:\/\/www.facebook.com\/urbanspot.si","article_modified_time":"2026-03-18T13:50:21+00:00","og_image":[{"width":1000,"height":1000,"url":"https:\/\/www.urbanspot.si\/wp-content\/uploads\/3666339310394-pink.webp","type":"image\/webp"}],"twitter_card":"summary_large_image","twitter_misc":{"Procijenjeno vrijeme \u010ditanja":"1 minuta"},"schema":{"@context":"https:\/\/schema.org","@graph":[{"@type":"WebPage","@id":"https:\/\/www.urbanspot.si\/produkt\/torba-za-prenosnike-guess-4g-triangle-logo-do-15-roza\/","url":"https:\/\/www.urbanspot.si\/produkt\/torba-za-prenosnike-guess-4g-triangle-logo-do-15-roza\/","name":"Torba za prijenosnike Guess 4G Triangle Logo, do 15\", roza","isPartOf":{"@id":"https:\/\/www.urbanspot.si\/#website"},"primaryImageOfPage":{"@id":"https:\/\/www.urbanspot.si\/produkt\/torba-za-prenosnike-guess-4g-triangle-logo-do-15-roza\/#primaryimage"},"image":{"@id":"https:\/\/www.urbanspot.si\/produkt\/torba-za-prenosnike-guess-4g-triangle-logo-do-15-roza\/#primaryimage"},"thumbnailUrl":"https:\/\/www.urbanspot.si\/wp-content\/uploads\/3666339310394-pink.webp","datePublished":"2025-08-06T11:50:41+00:00","dateModified":"2026-03-18T13:50:21+00:00","breadcrumb":{"@id":"https:\/\/www.urbanspot.si\/produkt\/torba-za-prenosnike-guess-4g-triangle-logo-do-15-roza\/#breadcrumb"},"inLanguage":"hr","potentialAction":[{"@type":"ReadAction","target":["https:\/\/www.urbanspot.si\/produkt\/torba-za-prenosnike-guess-4g-triangle-logo-do-15-roza\/"]}]},{"@type":"ImageObject","inLanguage":"hr","@id":"https:\/\/www.urbanspot.si\/produkt\/torba-za-prenosnike-guess-4g-triangle-logo-do-15-roza\/#primaryimage","url":"https:\/\/www.urbanspot.si\/wp-content\/uploads\/3666339310394-pink.webp","contentUrl":"https:\/\/www.urbanspot.si\/wp-content\/uploads\/3666339310394-pink.webp","width":1000,"height":1000},{"@type":"BreadcrumbList","@id":"https:\/\/www.urbanspot.si\/produkt\/torba-za-prenosnike-guess-4g-triangle-logo-do-15-roza\/#breadcrumb","itemListElement":[{"@type":"ListItem","position":1,"name":"Home","item":"https:\/\/www.urbanspot.si\/"},{"@type":"ListItem","position":2,"name":"Shop","item":"https:\/\/www.urbanspot.si\/shop\/"},{"@type":"ListItem","position":3,"name":"Torba za prenosnike Guess 4G Triangle Logo, do 15&#8243;, roza"}]},{"@type":"WebSite","@id":"https:\/\/www.urbanspot.si\/#website","url":"https:\/\/www.urbanspot.si\/","name":"UrbanSpot","description":"","publisher":{"@id":"https:\/\/www.urbanspot.si\/#organization"},"potentialAction":[{"@type":"SearchAction","target":{"@type":"EntryPoint","urlTemplate":"https:\/\/www.urbanspot.si\/?s={search_term_string}"},"query-input":{"@type":"PropertyValueSpecification","valueRequired":true,"valueName":"search_term_string"}}],"inLanguage":"hr"},{"@type":"Organization","@id":"https:\/\/www.urbanspot.si\/#organization","name":"UrbanSpot","url":"https:\/\/www.urbanspot.si\/","logo":{"@type":"ImageObject","inLanguage":"hr","@id":"https:\/\/www.urbanspot.si\/#\/schema\/logo\/image\/","url":"https:\/\/www.urbanspot.si\/wp-content\/uploads\/urbanspot-logo.svg","contentUrl":"https:\/\/www.urbanspot.si\/wp-content\/uploads\/urbanspot-logo.svg","width":185,"height":40,"caption":"UrbanSpot"},"image":{"@id":"https:\/\/www.urbanspot.si\/#\/schema\/logo\/image\/"},"sameAs":["https:\/\/www.facebook.com\/urbanspot.si"]}]}},"_links":{"self":[{"href":"https:\/\/www.urbanspot.si\/hr\/wp-json\/wp\/v2\/product\/27218","targetHints":{"allow":["GET"]}}],"collection":[{"href":"https:\/\/www.urbanspot.si\/hr\/wp-json\/wp\/v2\/product"}],"about":[{"href":"https:\/\/www.urbanspot.si\/hr\/wp-json\/wp\/v2\/types\/product"}],"replies":[{"embeddable":true,"href":"https:\/\/www.urbanspot.si\/hr\/wp-json\/wp\/v2\/comments?post=27218"}],"version-history":[{"count":1,"href":"https:\/\/www.urbanspot.si\/hr\/wp-json\/wp\/v2\/product\/27218\/revisions"}],"predecessor-version":[{"id":27222,"href":"https:\/\/www.urbanspot.si\/hr\/wp-json\/wp\/v2\/product\/27218\/revisions\/27222"}],"wp:featuredmedia":[{"embeddable":true,"href":"https:\/\/www.urbanspot.si\/hr\/wp-json\/wp\/v2\/media\/27219"}],"wp:attachment":[{"href":"https:\/\/www.urbanspot.si\/hr\/wp-json\/wp\/v2\/media?parent=27218"}],"wp:term":[{"taxonomy":"product_brand","embeddable":true,"href":"https:\/\/www.urbanspot.si\/hr\/wp-json\/wp\/v2\/product_brand?post=27218"},{"taxonomy":"product_cat","embeddable":true,"href":"https:\/\/www.urbanspot.si\/hr\/wp-json\/wp\/v2\/product_cat?post=27218"},{"taxonomy":"product_tag","embeddable":true,"href":"https:\/\/www.urbanspot.si\/hr\/wp-json\/wp\/v2\/product_tag?post=27218"}],"curies":[{"name":"radni list","href":"https:\/\/api.w.org\/{rel}","templated":true}]}}