{"id":9932,"date":"2024-05-22T14:28:01","date_gmt":"2024-05-22T13:28:01","guid":{"rendered":"https:\/\/www.urbanspot.si\/product\/guess-zascitni-ovitek-leather-hard-case-samsung-s9\/"},"modified":"2026-03-19T16:05:57","modified_gmt":"2026-03-19T14:05:57","slug":"guess-zastitna-kozna-futrola-za-samsung-s9","status":"publish","type":"product","link":"https:\/\/www.urbanspot.si\/hr\/produkt\/guess-zascitni-ovitek-leather-hard-case-samsung-s9\/","title":{"rendered":"Guess za\u0161titna ko\u017ena futrola, tvrda, za Samsung S9"},"content":{"rendered":"<p>Maska marke Guess pretvorit \u0107e va\u0161 mobilni ure\u0111aj u pravi modni dodatak. Osim \u0161to izgleda sjajno, pru\u017eit \u0107e va\u0161em telefonu izvrsnu za\u0161titu i prianjanje. Na stra\u017enjoj strani ima logotip tvrtke koji stvara 3D efekt.<\/p>\n<p>\u00a0<\/p>\n<ul>\n<li>Poklopac odr\u017eava elegantne linije ure\u0111aja<\/li>\n<li>Visokokvalitetni i izdr\u017eljivi materijali<\/li>\n<li>Elegantni dizajn i za\u0161tita u isto vrijeme<\/li>\n<li>Pristup svim tipkama<\/li>\n<li>Robusno ku\u0107i\u0161te<\/li>\n<li>Zlatni 3D logotip<\/li>\n<\/ul>","protected":false},"excerpt":{"rendered":"<p>Guess ko\u017ena tvrda futrola pru\u017eit \u0107e izvrsnu za\u0161titu i premium izgled va\u0161em telefonu. Zbog svog tvr\u0111eg oblika i fleksibilnosti, futrola se lako postavlja i skida. \u0160titi va\u0161 telefon od ogrebotina, prljav\u0161tine, pra\u0161ine, o\u0161te\u0107enja i habanja.<\/p>","protected":false},"featured_media":9934,"comment_status":"closed","ping_status":"open","template":"","meta":[],"product_brand":[],"product_cat":[116,560,91,88,89],"product_tag":[],"class_list":{"0":"post-9932","1":"product","2":"type-product","3":"status-publish","4":"has-post-thumbnail","6":"product_cat-galaxy-s9","7":"product_cat-ovitki-za-telefone","8":"product_cat-razprodaja","9":"product_cat-samsung","10":"product_cat-samsung-s-serija","11":"pa_primerno-za-proizvajalca-samsung","13":"first","14":"instock","15":"sale","16":"taxable","17":"shipping-taxable","18":"purchasable","19":"product-type-simple"},"yoast_head":"<!-- This site is optimized with the Yoast SEO plugin v27.4 - https:\/\/yoast.com\/product\/yoast-seo-wordpress\/ -->\n<title>Guess za\u0161\u010ditni ovitek Leather Hard Case, Samsung S9 -<\/title>\n<meta name=\"robots\" content=\"index, follow, max-snippet:-1, max-image-preview:large, max-video-preview:-1\" \/>\n<link rel=\"canonical\" href=\"https:\/\/www.urbanspot.si\/hr\/proizvod-2\/guess-zastitna-kozna-futrola-za-samsung-s9\/\" \/>\n<meta property=\"og:locale\" content=\"hr_HR\" \/>\n<meta property=\"og:type\" content=\"article\" \/>\n<meta property=\"og:title\" content=\"Guess za\u0161\u010ditni ovitek Leather Hard Case, Samsung S9 -\" \/>\n<meta property=\"og:description\" content=\"Guess za\u0161\u010ditni ovitek Leather Hard Case bo poskrbel za odli\u010dno za\u0161\u010dito\u00a0in vrhunski izgled va\u0161ega telefona. Zaradi svoje tr\u0161e oblike in fleksibilnosti je ovitek enostavno pritrdljiv in snemljiv. \u0160\u010diti pred praskami, umazanijo, prahom, po\u0161kodbami in obrabo\u00a0telefona.\" \/>\n<meta property=\"og:url\" content=\"https:\/\/www.urbanspot.si\/hr\/proizvod-2\/guess-zastitna-kozna-futrola-za-samsung-s9\/\" \/>\n<meta property=\"article:publisher\" content=\"https:\/\/www.facebook.com\/urbanspot.si\" \/>\n<meta property=\"article:modified_time\" content=\"2026-03-19T14:05:57+00:00\" \/>\n<meta property=\"og:image\" content=\"https:\/\/www.urbanspot.si\/wp-content\/uploads\/guess-zascitni-ovitek-leather-hard-case-samsung-s9.jpg\" \/>\n\t<meta property=\"og:image:width\" content=\"1000\" \/>\n\t<meta property=\"og:image:height\" content=\"1000\" \/>\n\t<meta property=\"og:image:type\" content=\"image\/jpeg\" \/>\n<meta name=\"twitter:card\" content=\"summary_large_image\" \/>\n<script type=\"application\/ld+json\" class=\"yoast-schema-graph\">{\"@context\":\"https:\\\/\\\/schema.org\",\"@graph\":[{\"@type\":\"WebPage\",\"@id\":\"https:\\\/\\\/www.urbanspot.si\\\/produkt\\\/guess-zascitni-ovitek-leather-hard-case-samsung-s9\\\/\",\"url\":\"https:\\\/\\\/www.urbanspot.si\\\/produkt\\\/guess-zascitni-ovitek-leather-hard-case-samsung-s9\\\/\",\"name\":\"Guess za\u0161\u010ditni ovitek Leather Hard Case, Samsung S9 -\",\"isPartOf\":{\"@id\":\"https:\\\/\\\/www.urbanspot.si\\\/#website\"},\"primaryImageOfPage\":{\"@id\":\"https:\\\/\\\/www.urbanspot.si\\\/produkt\\\/guess-zascitni-ovitek-leather-hard-case-samsung-s9\\\/#primaryimage\"},\"image\":{\"@id\":\"https:\\\/\\\/www.urbanspot.si\\\/produkt\\\/guess-zascitni-ovitek-leather-hard-case-samsung-s9\\\/#primaryimage\"},\"thumbnailUrl\":\"https:\\\/\\\/www.urbanspot.si\\\/wp-content\\\/uploads\\\/guess-zascitni-ovitek-leather-hard-case-samsung-s9.jpg\",\"datePublished\":\"2024-05-22T13:28:01+00:00\",\"dateModified\":\"2026-03-19T14:05:57+00:00\",\"breadcrumb\":{\"@id\":\"https:\\\/\\\/www.urbanspot.si\\\/produkt\\\/guess-zascitni-ovitek-leather-hard-case-samsung-s9\\\/#breadcrumb\"},\"inLanguage\":\"hr\",\"potentialAction\":[{\"@type\":\"ReadAction\",\"target\":[\"https:\\\/\\\/www.urbanspot.si\\\/produkt\\\/guess-zascitni-ovitek-leather-hard-case-samsung-s9\\\/\"]}]},{\"@type\":\"ImageObject\",\"inLanguage\":\"hr\",\"@id\":\"https:\\\/\\\/www.urbanspot.si\\\/produkt\\\/guess-zascitni-ovitek-leather-hard-case-samsung-s9\\\/#primaryimage\",\"url\":\"https:\\\/\\\/www.urbanspot.si\\\/wp-content\\\/uploads\\\/guess-zascitni-ovitek-leather-hard-case-samsung-s9.jpg\",\"contentUrl\":\"https:\\\/\\\/www.urbanspot.si\\\/wp-content\\\/uploads\\\/guess-zascitni-ovitek-leather-hard-case-samsung-s9.jpg\",\"width\":1000,\"height\":1000,\"caption\":\"Guess za\u0161\u010ditni ovitek Leather Hard Case\"},{\"@type\":\"BreadcrumbList\",\"@id\":\"https:\\\/\\\/www.urbanspot.si\\\/produkt\\\/guess-zascitni-ovitek-leather-hard-case-samsung-s9\\\/#breadcrumb\",\"itemListElement\":[{\"@type\":\"ListItem\",\"position\":1,\"name\":\"Home\",\"item\":\"https:\\\/\\\/www.urbanspot.si\\\/\"},{\"@type\":\"ListItem\",\"position\":2,\"name\":\"Shop\",\"item\":\"https:\\\/\\\/www.urbanspot.si\\\/shop\\\/\"},{\"@type\":\"ListItem\",\"position\":3,\"name\":\"Guess za\u0161\u010ditni ovitek Leather Hard Case, Samsung S9\"}]},{\"@type\":\"WebSite\",\"@id\":\"https:\\\/\\\/www.urbanspot.si\\\/#website\",\"url\":\"https:\\\/\\\/www.urbanspot.si\\\/\",\"name\":\"UrbanSpot\",\"description\":\"\",\"publisher\":{\"@id\":\"https:\\\/\\\/www.urbanspot.si\\\/#organization\"},\"potentialAction\":[{\"@type\":\"SearchAction\",\"target\":{\"@type\":\"EntryPoint\",\"urlTemplate\":\"https:\\\/\\\/www.urbanspot.si\\\/?s={search_term_string}\"},\"query-input\":{\"@type\":\"PropertyValueSpecification\",\"valueRequired\":true,\"valueName\":\"search_term_string\"}}],\"inLanguage\":\"hr\"},{\"@type\":\"Organization\",\"@id\":\"https:\\\/\\\/www.urbanspot.si\\\/#organization\",\"name\":\"UrbanSpot\",\"url\":\"https:\\\/\\\/www.urbanspot.si\\\/\",\"logo\":{\"@type\":\"ImageObject\",\"inLanguage\":\"hr\",\"@id\":\"https:\\\/\\\/www.urbanspot.si\\\/#\\\/schema\\\/logo\\\/image\\\/\",\"url\":\"https:\\\/\\\/www.urbanspot.si\\\/wp-content\\\/uploads\\\/urbanspot-logo.svg\",\"contentUrl\":\"https:\\\/\\\/www.urbanspot.si\\\/wp-content\\\/uploads\\\/urbanspot-logo.svg\",\"width\":185,\"height\":40,\"caption\":\"UrbanSpot\"},\"image\":{\"@id\":\"https:\\\/\\\/www.urbanspot.si\\\/#\\\/schema\\\/logo\\\/image\\\/\"},\"sameAs\":[\"https:\\\/\\\/www.facebook.com\\\/urbanspot.si\"]}]}<\/script>\n<!-- \/ Yoast SEO plugin. -->","yoast_head_json":{"title":"Guess ko\u017eni tvrdi za\u0161titni futrol, Samsung S9 -","robots":{"index":"index","follow":"follow","max-snippet":"max-snippet:-1","max-image-preview":"max-image-preview:large","max-video-preview":"max-video-preview:-1"},"canonical":"https:\/\/www.urbanspot.si\/hr\/proizvod-2\/guess-zastitna-kozna-futrola-za-samsung-s9\/","og_locale":"hr_HR","og_type":"article","og_title":"Guess za\u0161\u010ditni ovitek Leather Hard Case, Samsung S9 -","og_description":"Guess za\u0161\u010ditni ovitek Leather Hard Case bo poskrbel za odli\u010dno za\u0161\u010dito\u00a0in vrhunski izgled va\u0161ega telefona. Zaradi svoje tr\u0161e oblike in fleksibilnosti je ovitek enostavno pritrdljiv in snemljiv. \u0160\u010diti pred praskami, umazanijo, prahom, po\u0161kodbami in obrabo\u00a0telefona.","og_url":"https:\/\/www.urbanspot.si\/hr\/proizvod-2\/guess-zastitna-kozna-futrola-za-samsung-s9\/","article_publisher":"https:\/\/www.facebook.com\/urbanspot.si","article_modified_time":"2026-03-19T14:05:57+00:00","og_image":[{"width":1000,"height":1000,"url":"https:\/\/www.urbanspot.si\/wp-content\/uploads\/guess-zascitni-ovitek-leather-hard-case-samsung-s9.jpg","type":"image\/jpeg"}],"twitter_card":"summary_large_image","schema":{"@context":"https:\/\/schema.org","@graph":[{"@type":"WebPage","@id":"https:\/\/www.urbanspot.si\/produkt\/guess-zascitni-ovitek-leather-hard-case-samsung-s9\/","url":"https:\/\/www.urbanspot.si\/produkt\/guess-zascitni-ovitek-leather-hard-case-samsung-s9\/","name":"Guess ko\u017eni tvrdi za\u0161titni futrol, Samsung S9 -","isPartOf":{"@id":"https:\/\/www.urbanspot.si\/#website"},"primaryImageOfPage":{"@id":"https:\/\/www.urbanspot.si\/produkt\/guess-zascitni-ovitek-leather-hard-case-samsung-s9\/#primaryimage"},"image":{"@id":"https:\/\/www.urbanspot.si\/produkt\/guess-zascitni-ovitek-leather-hard-case-samsung-s9\/#primaryimage"},"thumbnailUrl":"https:\/\/www.urbanspot.si\/wp-content\/uploads\/guess-zascitni-ovitek-leather-hard-case-samsung-s9.jpg","datePublished":"2024-05-22T13:28:01+00:00","dateModified":"2026-03-19T14:05:57+00:00","breadcrumb":{"@id":"https:\/\/www.urbanspot.si\/produkt\/guess-zascitni-ovitek-leather-hard-case-samsung-s9\/#breadcrumb"},"inLanguage":"hr","potentialAction":[{"@type":"ReadAction","target":["https:\/\/www.urbanspot.si\/produkt\/guess-zascitni-ovitek-leather-hard-case-samsung-s9\/"]}]},{"@type":"ImageObject","inLanguage":"hr","@id":"https:\/\/www.urbanspot.si\/produkt\/guess-zascitni-ovitek-leather-hard-case-samsung-s9\/#primaryimage","url":"https:\/\/www.urbanspot.si\/wp-content\/uploads\/guess-zascitni-ovitek-leather-hard-case-samsung-s9.jpg","contentUrl":"https:\/\/www.urbanspot.si\/wp-content\/uploads\/guess-zascitni-ovitek-leather-hard-case-samsung-s9.jpg","width":1000,"height":1000,"caption":"Guess za\u0161\u010ditni ovitek Leather Hard Case"},{"@type":"BreadcrumbList","@id":"https:\/\/www.urbanspot.si\/produkt\/guess-zascitni-ovitek-leather-hard-case-samsung-s9\/#breadcrumb","itemListElement":[{"@type":"ListItem","position":1,"name":"Home","item":"https:\/\/www.urbanspot.si\/"},{"@type":"ListItem","position":2,"name":"Shop","item":"https:\/\/www.urbanspot.si\/shop\/"},{"@type":"ListItem","position":3,"name":"Guess za\u0161\u010ditni ovitek Leather Hard Case, Samsung S9"}]},{"@type":"WebSite","@id":"https:\/\/www.urbanspot.si\/#website","url":"https:\/\/www.urbanspot.si\/","name":"UrbanSpot","description":"","publisher":{"@id":"https:\/\/www.urbanspot.si\/#organization"},"potentialAction":[{"@type":"SearchAction","target":{"@type":"EntryPoint","urlTemplate":"https:\/\/www.urbanspot.si\/?s={search_term_string}"},"query-input":{"@type":"PropertyValueSpecification","valueRequired":true,"valueName":"search_term_string"}}],"inLanguage":"hr"},{"@type":"Organization","@id":"https:\/\/www.urbanspot.si\/#organization","name":"UrbanSpot","url":"https:\/\/www.urbanspot.si\/","logo":{"@type":"ImageObject","inLanguage":"hr","@id":"https:\/\/www.urbanspot.si\/#\/schema\/logo\/image\/","url":"https:\/\/www.urbanspot.si\/wp-content\/uploads\/urbanspot-logo.svg","contentUrl":"https:\/\/www.urbanspot.si\/wp-content\/uploads\/urbanspot-logo.svg","width":185,"height":40,"caption":"UrbanSpot"},"image":{"@id":"https:\/\/www.urbanspot.si\/#\/schema\/logo\/image\/"},"sameAs":["https:\/\/www.facebook.com\/urbanspot.si"]}]}},"_links":{"self":[{"href":"https:\/\/www.urbanspot.si\/hr\/wp-json\/wp\/v2\/product\/9932","targetHints":{"allow":["GET"]}}],"collection":[{"href":"https:\/\/www.urbanspot.si\/hr\/wp-json\/wp\/v2\/product"}],"about":[{"href":"https:\/\/www.urbanspot.si\/hr\/wp-json\/wp\/v2\/types\/product"}],"replies":[{"embeddable":true,"href":"https:\/\/www.urbanspot.si\/hr\/wp-json\/wp\/v2\/comments?post=9932"}],"version-history":[{"count":1,"href":"https:\/\/www.urbanspot.si\/hr\/wp-json\/wp\/v2\/product\/9932\/revisions"}],"predecessor-version":[{"id":9933,"href":"https:\/\/www.urbanspot.si\/hr\/wp-json\/wp\/v2\/product\/9932\/revisions\/9933"}],"wp:featuredmedia":[{"embeddable":true,"href":"https:\/\/www.urbanspot.si\/hr\/wp-json\/wp\/v2\/media\/9934"}],"wp:attachment":[{"href":"https:\/\/www.urbanspot.si\/hr\/wp-json\/wp\/v2\/media?parent=9932"}],"wp:term":[{"taxonomy":"product_brand","embeddable":true,"href":"https:\/\/www.urbanspot.si\/hr\/wp-json\/wp\/v2\/product_brand?post=9932"},{"taxonomy":"product_cat","embeddable":true,"href":"https:\/\/www.urbanspot.si\/hr\/wp-json\/wp\/v2\/product_cat?post=9932"},{"taxonomy":"product_tag","embeddable":true,"href":"https:\/\/www.urbanspot.si\/hr\/wp-json\/wp\/v2\/product_tag?post=9932"}],"curies":[{"name":"radni list","href":"https:\/\/api.w.org\/{rel}","templated":true}]}}