{"id":9969,"date":"2024-05-22T14:28:01","date_gmt":"2024-05-22T13:28:01","guid":{"rendered":"https:\/\/www.urbanspot.si\/product\/gues-torba-za-13-do-15-prenosnike-rjava\/"},"modified":"2026-03-18T15:58:25","modified_gmt":"2026-03-18T13:58:25","slug":"gues-torba-za-13-do-15-laptopa-smeda","status":"publish","type":"product","link":"https:\/\/www.urbanspot.si\/hr\/produkt\/gues-torba-za-13-do-15-prenosnike-rjava\/","title":{"rendered":"Guess torba za laptope od 13\u2033 do 16\u2033 \u2013 sme\u0111a"},"content":{"rendered":"<p>S Guess torbom mo\u017eete ponijeti svoj laptop bilo gdje. Bit \u0107e za\u0161ti\u0107en od ogrebotina, udaraca i prljav\u0161tine.<\/p>\n<p>Torba ima ru\u010dku za no\u0161enje u ruci i podesivi remen od 60 cm do 130 cm, tako da je mo\u017eete nositi i preko ramena. Glavni odjeljak ima podstavljeni d\u017eep za laptop i dva odvojena d\u017eepa za pribor. Torba, koja se zatvara dvostrukim patentnim zatvara\u010dem, ima i jedan vanjski d\u017eep koji se zatvara ugra\u0111enim magnetima.<\/p>\n<p><strong>Zna\u010dajke:<\/strong><\/p>\n<ul>\n<li>Materijal: Ko\u017ea<\/li>\n<li>Boja: Sme\u0111a s uzorkom<\/li>\n<li>Dimenzije: 40 cm x 30 cm<\/li>\n<li>Pogodno za: laptope do 16&quot;<\/li>\n<\/ul>","protected":false},"excerpt":{"rendered":"<p>Moderna i elegantna torba pru\u017eit \u0107e potpunu za\u0161titu va\u0161em prijenosnom ra\u010dunalu od ogrebotina, udaraca i prljav\u0161tine. Pogodna je za sva prijenosna ra\u010dunala od 13\u2033 i 16\u2033. Torba ima ru\u010dku za no\u0161enje u ruci i podesivi remen od 60 cm do 130 cm, tako da je mo\u017eete nositi i preko ramena. Glavni odjeljak ima podstavljeni d\u017eep za prijenosno ra\u010dunalo i dva odvojena d\u017eepa za pribor. Torba, koja se zatvara dvostrukim patentnim zatvara\u010dem, tako\u0111er ima jedan vanjski d\u017eep koji se zatvara ugra\u0111enim magnetima.<\/p>","protected":false},"featured_media":9971,"comment_status":"closed","ping_status":"closed","template":"","meta":[],"product_brand":[],"product_cat":[104,91,140,139,549],"product_tag":[],"class_list":{"0":"post-9969","1":"product","2":"type-product","3":"status-publish","4":"has-post-thumbnail","6":"product_cat-dodatna-oprema","7":"product_cat-razprodaja","8":"product_cat-torbe","9":"product_cat-torbe-in-nahrbtniki-za-prenosnike","10":"product_cat-torbe-za-prenosnike","12":"first","13":"outofstock","14":"sale","15":"taxable","16":"shipping-taxable","17":"purchasable","18":"product-type-simple"},"yoast_head":"<!-- This site is optimized with the Yoast SEO plugin v27.4 - https:\/\/yoast.com\/product\/yoast-seo-wordpress\/ -->\n<title>Guess torba za 13&quot; do 16&quot; prenosnike - rjava -<\/title>\n<meta name=\"robots\" content=\"index, follow, max-snippet:-1, max-image-preview:large, max-video-preview:-1\" \/>\n<link rel=\"canonical\" href=\"https:\/\/www.urbanspot.si\/hr\/proizvod-2\/gues-torba-za-13-do-15-laptopa-smeda\/\" \/>\n<meta property=\"og:locale\" content=\"hr_HR\" \/>\n<meta property=\"og:type\" content=\"article\" \/>\n<meta property=\"og:title\" content=\"Guess torba za 13&quot; do 16&quot; prenosnike - rjava -\" \/>\n<meta property=\"og:description\" content=\"Modna in elegantna torba bo poskrbela za popolno za\u0161\u010ditno va\u0161ega prenosnika pred praskami, udarci in umazanijo. Primerna je za vse 13&quot; in 16&quot; prenosnike. Torba ima ro\u010daj za ro\u010dno no\u0161enje ter prilo\u017een prilagodljiv pas od 60 cm to 130 cm, da jo lahko nosite tudi preko rame. Glavni predal ima oblazinjen \u017eep za prenosni ra\u010dunalnik ter dva lo\u010dena \u017eepa za dodatke. Torba, ki se zapira z dvojno zadrgo ima tudi en zunanji \u017eep, ki se zapre z vgrajenimi magneti.\" \/>\n<meta property=\"og:url\" content=\"https:\/\/www.urbanspot.si\/hr\/proizvod-2\/gues-torba-za-13-do-15-laptopa-smeda\/\" \/>\n<meta property=\"article:publisher\" content=\"https:\/\/www.facebook.com\/urbanspot.si\" \/>\n<meta property=\"article:modified_time\" content=\"2026-03-18T13:58:25+00:00\" \/>\n<meta property=\"og:image\" content=\"https:\/\/www.urbanspot.si\/wp-content\/uploads\/gues-torba-za-13-do-15-prenosnike-rjava.jpg\" \/>\n\t<meta property=\"og:image:width\" content=\"1000\" \/>\n\t<meta property=\"og:image:height\" content=\"1000\" \/>\n\t<meta property=\"og:image:type\" content=\"image\/jpeg\" \/>\n<meta name=\"twitter:card\" content=\"summary_large_image\" \/>\n<script type=\"application\/ld+json\" class=\"yoast-schema-graph\">{\"@context\":\"https:\\\/\\\/schema.org\",\"@graph\":[{\"@type\":\"WebPage\",\"@id\":\"https:\\\/\\\/www.urbanspot.si\\\/produkt\\\/gues-torba-za-13-do-15-prenosnike-rjava\\\/\",\"url\":\"https:\\\/\\\/www.urbanspot.si\\\/produkt\\\/gues-torba-za-13-do-15-prenosnike-rjava\\\/\",\"name\":\"Guess torba za 13\\\" do 16\\\" prenosnike - rjava -\",\"isPartOf\":{\"@id\":\"https:\\\/\\\/www.urbanspot.si\\\/#website\"},\"primaryImageOfPage\":{\"@id\":\"https:\\\/\\\/www.urbanspot.si\\\/produkt\\\/gues-torba-za-13-do-15-prenosnike-rjava\\\/#primaryimage\"},\"image\":{\"@id\":\"https:\\\/\\\/www.urbanspot.si\\\/produkt\\\/gues-torba-za-13-do-15-prenosnike-rjava\\\/#primaryimage\"},\"thumbnailUrl\":\"https:\\\/\\\/www.urbanspot.si\\\/wp-content\\\/uploads\\\/gues-torba-za-13-do-15-prenosnike-rjava.jpg\",\"datePublished\":\"2024-05-22T13:28:01+00:00\",\"dateModified\":\"2026-03-18T13:58:25+00:00\",\"breadcrumb\":{\"@id\":\"https:\\\/\\\/www.urbanspot.si\\\/produkt\\\/gues-torba-za-13-do-15-prenosnike-rjava\\\/#breadcrumb\"},\"inLanguage\":\"hr\",\"potentialAction\":[{\"@type\":\"ReadAction\",\"target\":[\"https:\\\/\\\/www.urbanspot.si\\\/produkt\\\/gues-torba-za-13-do-15-prenosnike-rjava\\\/\"]}]},{\"@type\":\"ImageObject\",\"inLanguage\":\"hr\",\"@id\":\"https:\\\/\\\/www.urbanspot.si\\\/produkt\\\/gues-torba-za-13-do-15-prenosnike-rjava\\\/#primaryimage\",\"url\":\"https:\\\/\\\/www.urbanspot.si\\\/wp-content\\\/uploads\\\/gues-torba-za-13-do-15-prenosnike-rjava.jpg\",\"contentUrl\":\"https:\\\/\\\/www.urbanspot.si\\\/wp-content\\\/uploads\\\/gues-torba-za-13-do-15-prenosnike-rjava.jpg\",\"width\":1000,\"height\":1000,\"caption\":\"Guess torba za 13\\\" do 15\\\" prenosnike - rjava\"},{\"@type\":\"BreadcrumbList\",\"@id\":\"https:\\\/\\\/www.urbanspot.si\\\/produkt\\\/gues-torba-za-13-do-15-prenosnike-rjava\\\/#breadcrumb\",\"itemListElement\":[{\"@type\":\"ListItem\",\"position\":1,\"name\":\"Home\",\"item\":\"https:\\\/\\\/www.urbanspot.si\\\/\"},{\"@type\":\"ListItem\",\"position\":2,\"name\":\"Shop\",\"item\":\"https:\\\/\\\/www.urbanspot.si\\\/shop\\\/\"},{\"@type\":\"ListItem\",\"position\":3,\"name\":\"Guess torba za 13&#8243; do 16&#8243; prenosnike &#8211; rjava\"}]},{\"@type\":\"WebSite\",\"@id\":\"https:\\\/\\\/www.urbanspot.si\\\/#website\",\"url\":\"https:\\\/\\\/www.urbanspot.si\\\/\",\"name\":\"UrbanSpot\",\"description\":\"\",\"publisher\":{\"@id\":\"https:\\\/\\\/www.urbanspot.si\\\/#organization\"},\"potentialAction\":[{\"@type\":\"SearchAction\",\"target\":{\"@type\":\"EntryPoint\",\"urlTemplate\":\"https:\\\/\\\/www.urbanspot.si\\\/?s={search_term_string}\"},\"query-input\":{\"@type\":\"PropertyValueSpecification\",\"valueRequired\":true,\"valueName\":\"search_term_string\"}}],\"inLanguage\":\"hr\"},{\"@type\":\"Organization\",\"@id\":\"https:\\\/\\\/www.urbanspot.si\\\/#organization\",\"name\":\"UrbanSpot\",\"url\":\"https:\\\/\\\/www.urbanspot.si\\\/\",\"logo\":{\"@type\":\"ImageObject\",\"inLanguage\":\"hr\",\"@id\":\"https:\\\/\\\/www.urbanspot.si\\\/#\\\/schema\\\/logo\\\/image\\\/\",\"url\":\"https:\\\/\\\/www.urbanspot.si\\\/wp-content\\\/uploads\\\/urbanspot-logo.svg\",\"contentUrl\":\"https:\\\/\\\/www.urbanspot.si\\\/wp-content\\\/uploads\\\/urbanspot-logo.svg\",\"width\":185,\"height\":40,\"caption\":\"UrbanSpot\"},\"image\":{\"@id\":\"https:\\\/\\\/www.urbanspot.si\\\/#\\\/schema\\\/logo\\\/image\\\/\"},\"sameAs\":[\"https:\\\/\\\/www.facebook.com\\\/urbanspot.si\"]}]}<\/script>\n<!-- \/ Yoast SEO plugin. -->","yoast_head_json":{"title":"Torba za no\u0161enje za prijenosna ra\u010dunala od 13\" do 16\" - sme\u0111a -","robots":{"index":"index","follow":"follow","max-snippet":"max-snippet:-1","max-image-preview":"max-image-preview:large","max-video-preview":"max-video-preview:-1"},"canonical":"https:\/\/www.urbanspot.si\/hr\/proizvod-2\/gues-torba-za-13-do-15-laptopa-smeda\/","og_locale":"hr_HR","og_type":"article","og_title":"Guess torba za 13\" do 16\" prenosnike - rjava -","og_description":"Modna in elegantna torba bo poskrbela za popolno za\u0161\u010ditno va\u0161ega prenosnika pred praskami, udarci in umazanijo. Primerna je za vse 13\" in 16\" prenosnike. Torba ima ro\u010daj za ro\u010dno no\u0161enje ter prilo\u017een prilagodljiv pas od 60 cm to 130 cm, da jo lahko nosite tudi preko rame. Glavni predal ima oblazinjen \u017eep za prenosni ra\u010dunalnik ter dva lo\u010dena \u017eepa za dodatke. Torba, ki se zapira z dvojno zadrgo ima tudi en zunanji \u017eep, ki se zapre z vgrajenimi magneti.","og_url":"https:\/\/www.urbanspot.si\/hr\/proizvod-2\/gues-torba-za-13-do-15-laptopa-smeda\/","article_publisher":"https:\/\/www.facebook.com\/urbanspot.si","article_modified_time":"2026-03-18T13:58:25+00:00","og_image":[{"width":1000,"height":1000,"url":"https:\/\/www.urbanspot.si\/wp-content\/uploads\/gues-torba-za-13-do-15-prenosnike-rjava.jpg","type":"image\/jpeg"}],"twitter_card":"summary_large_image","schema":{"@context":"https:\/\/schema.org","@graph":[{"@type":"WebPage","@id":"https:\/\/www.urbanspot.si\/produkt\/gues-torba-za-13-do-15-prenosnike-rjava\/","url":"https:\/\/www.urbanspot.si\/produkt\/gues-torba-za-13-do-15-prenosnike-rjava\/","name":"Torba za no\u0161enje za prijenosna ra\u010dunala od 13\" do 16\" - sme\u0111a -","isPartOf":{"@id":"https:\/\/www.urbanspot.si\/#website"},"primaryImageOfPage":{"@id":"https:\/\/www.urbanspot.si\/produkt\/gues-torba-za-13-do-15-prenosnike-rjava\/#primaryimage"},"image":{"@id":"https:\/\/www.urbanspot.si\/produkt\/gues-torba-za-13-do-15-prenosnike-rjava\/#primaryimage"},"thumbnailUrl":"https:\/\/www.urbanspot.si\/wp-content\/uploads\/gues-torba-za-13-do-15-prenosnike-rjava.jpg","datePublished":"2024-05-22T13:28:01+00:00","dateModified":"2026-03-18T13:58:25+00:00","breadcrumb":{"@id":"https:\/\/www.urbanspot.si\/produkt\/gues-torba-za-13-do-15-prenosnike-rjava\/#breadcrumb"},"inLanguage":"hr","potentialAction":[{"@type":"ReadAction","target":["https:\/\/www.urbanspot.si\/produkt\/gues-torba-za-13-do-15-prenosnike-rjava\/"]}]},{"@type":"ImageObject","inLanguage":"hr","@id":"https:\/\/www.urbanspot.si\/produkt\/gues-torba-za-13-do-15-prenosnike-rjava\/#primaryimage","url":"https:\/\/www.urbanspot.si\/wp-content\/uploads\/gues-torba-za-13-do-15-prenosnike-rjava.jpg","contentUrl":"https:\/\/www.urbanspot.si\/wp-content\/uploads\/gues-torba-za-13-do-15-prenosnike-rjava.jpg","width":1000,"height":1000,"caption":"Guess torba za 13\" do 15\" prenosnike - rjava"},{"@type":"BreadcrumbList","@id":"https:\/\/www.urbanspot.si\/produkt\/gues-torba-za-13-do-15-prenosnike-rjava\/#breadcrumb","itemListElement":[{"@type":"ListItem","position":1,"name":"Home","item":"https:\/\/www.urbanspot.si\/"},{"@type":"ListItem","position":2,"name":"Shop","item":"https:\/\/www.urbanspot.si\/shop\/"},{"@type":"ListItem","position":3,"name":"Guess torba za 13&#8243; do 16&#8243; prenosnike &#8211; rjava"}]},{"@type":"WebSite","@id":"https:\/\/www.urbanspot.si\/#website","url":"https:\/\/www.urbanspot.si\/","name":"UrbanSpot","description":"","publisher":{"@id":"https:\/\/www.urbanspot.si\/#organization"},"potentialAction":[{"@type":"SearchAction","target":{"@type":"EntryPoint","urlTemplate":"https:\/\/www.urbanspot.si\/?s={search_term_string}"},"query-input":{"@type":"PropertyValueSpecification","valueRequired":true,"valueName":"search_term_string"}}],"inLanguage":"hr"},{"@type":"Organization","@id":"https:\/\/www.urbanspot.si\/#organization","name":"UrbanSpot","url":"https:\/\/www.urbanspot.si\/","logo":{"@type":"ImageObject","inLanguage":"hr","@id":"https:\/\/www.urbanspot.si\/#\/schema\/logo\/image\/","url":"https:\/\/www.urbanspot.si\/wp-content\/uploads\/urbanspot-logo.svg","contentUrl":"https:\/\/www.urbanspot.si\/wp-content\/uploads\/urbanspot-logo.svg","width":185,"height":40,"caption":"UrbanSpot"},"image":{"@id":"https:\/\/www.urbanspot.si\/#\/schema\/logo\/image\/"},"sameAs":["https:\/\/www.facebook.com\/urbanspot.si"]}]}},"_links":{"self":[{"href":"https:\/\/www.urbanspot.si\/hr\/wp-json\/wp\/v2\/product\/9969","targetHints":{"allow":["GET"]}}],"collection":[{"href":"https:\/\/www.urbanspot.si\/hr\/wp-json\/wp\/v2\/product"}],"about":[{"href":"https:\/\/www.urbanspot.si\/hr\/wp-json\/wp\/v2\/types\/product"}],"replies":[{"embeddable":true,"href":"https:\/\/www.urbanspot.si\/hr\/wp-json\/wp\/v2\/comments?post=9969"}],"version-history":[{"count":2,"href":"https:\/\/www.urbanspot.si\/hr\/wp-json\/wp\/v2\/product\/9969\/revisions"}],"predecessor-version":[{"id":18745,"href":"https:\/\/www.urbanspot.si\/hr\/wp-json\/wp\/v2\/product\/9969\/revisions\/18745"}],"wp:featuredmedia":[{"embeddable":true,"href":"https:\/\/www.urbanspot.si\/hr\/wp-json\/wp\/v2\/media\/9971"}],"wp:attachment":[{"href":"https:\/\/www.urbanspot.si\/hr\/wp-json\/wp\/v2\/media?parent=9969"}],"wp:term":[{"taxonomy":"product_brand","embeddable":true,"href":"https:\/\/www.urbanspot.si\/hr\/wp-json\/wp\/v2\/product_brand?post=9969"},{"taxonomy":"product_cat","embeddable":true,"href":"https:\/\/www.urbanspot.si\/hr\/wp-json\/wp\/v2\/product_cat?post=9969"},{"taxonomy":"product_tag","embeddable":true,"href":"https:\/\/www.urbanspot.si\/hr\/wp-json\/wp\/v2\/product_tag?post=9969"}],"curies":[{"name":"radni list","href":"https:\/\/api.w.org\/{rel}","templated":true}]}}